{"id":123645,"date":"2024-08-29T20:33:44","date_gmt":"2024-08-29T20:33:44","guid":{"rendered":"https:\/\/yubabikes.eu\/politica-di-rimborso-e-restituzione\/"},"modified":"2026-01-16T10:26:22","modified_gmt":"2026-01-16T10:26:22","slug":"politica-di-rimborso-e-restituzione","status":"publish","type":"page","link":"https:\/\/yubabikes.eu\/it\/politica-di-rimborso-e-restituzione\/","title":{"rendered":"Politica di rimborso e restituzione"},"content":{"rendered":"&#13;\n<p><b>Questa \u00e8 una pagina di esempio.<\/b><\/p>&#13;\n&#13;\n<h2 class=\"wp-block-heading\">Panoramica<\/h2>&#13;\n&#13;\n<p>La nostra politica di rimborso e restituzione ha una durata di 30 giorni. Se sono trascorsi 30 giorni dall&#8217;acquisto, non possiamo offrirti un rimborso completo o una sostituzione. <\/p>&#13;\n&#13;\n<p>Per poter beneficiare di una restituzione, l&#8217;articolo deve essere inutilizzato e nelle stesse condizioni in cui lo hai ricevuto. Deve anche essere nella confezione originale. <\/p>&#13;\n&#13;\n<p>Diversi tipi di merce sono esenti dalla restituzione. Non \u00e8 possibile restituire beni deperibili come alimenti, fiori, giornali o riviste. Inoltre, non accettiamo prodotti intimi o sanitari, materiali pericolosi o liquidi o gas infiammabili.  <\/p>&#13;\n&#13;\n<p>Articoli aggiuntivi non restituibili:<\/p>&#13;\n&#13;\n<ul class=\"wp-block-list\">&#13;\n<li>Buoni regalo<\/li>&#13;\n<li>Prodotti software scaricabili<\/li>&#13;\n<li>Alcuni articoli per la salute e la cura personale<\/li>&#13;\n<\/ul>&#13;\n&#13;\n<p>Per completare la restituzione, \u00e8 necessario uno scontrino o una prova d&#8217;acquisto.<\/p>&#13;\n&#13;\n<p>Si prega di non rispedire l&#8217;acquisto al produttore.<\/p>&#13;\n&#13;\n<p>Ci sono alcune situazioni in cui vengono concessi solo rimborsi parziali:<\/p>&#13;\n&#13;\n<ul class=\"wp-block-list\">&#13;\n<li>Libro con evidenti segni di utilizzo<\/li>&#13;\n<li>CD, DVD, nastro VHS, software, videogioco, audiocassetta o disco in vinile che \u00e8 stato aperto.<\/li>&#13;\n<li>Qualsiasi articolo non nelle sue condizioni originali, danneggiato o con parti mancanti per motivi non dovuti a un nostro errore.<\/li>&#13;\n<li>Qualsiasi articolo restituito pi\u00f9 di 30 giorni dopo la consegna<\/li>&#13;\n<\/ul>&#13;\n&#13;\n<h2>Rimborsi<\/h2>&#13;\n&#13;\n<p>Una volta ricevuta e ispezionata la restituzione, ti invieremo un&#8217;e-mail per informarti che abbiamo ricevuto l&#8217;articolo restituito. Ti informeremo anche dell&#8217;approvazione o del rifiuto del tuo rimborso. <\/p>&#13;\n&#13;\n<p>Se viene approvato, il rimborso verr\u00e0 elaborato e un accredito verr\u00e0 automaticamente applicato alla tua carta di credito o al metodo di pagamento originale, entro un determinato numero di giorni.<\/p>&#13;\n&#13;\n<h3 class=\"wp-block-heading\">Rimborsi in ritardo o mancanti<\/h3>&#13;\n&#13;\n<p>Se non hai ancora ricevuto un rimborso, controlla di nuovo il tuo conto bancario.<\/p>&#13;\n&#13;\n<p>Quindi contatta la societ\u00e0 della tua carta di credito, potrebbe volerci del tempo prima che il rimborso venga ufficialmente pubblicato.<\/p>&#13;\n&#13;\n<p>Quindi contatta la tua banca. Spesso \u00e8 necessario del tempo di elaborazione prima che venga pubblicato un rimborso. <\/p>&#13;\n&#13;\n<p>Se hai fatto tutto questo e non hai ancora ricevuto il rimborso, contattaci all&#8217;indirizzo e-mail {email address}.<\/p>&#13;\n&#13;\n<h3 class=\"wp-block-heading\">Articoli in saldo<\/h3>&#13;\n&#13;\n<p>Solo gli articoli a prezzo normale possono essere rimborsati. Gli articoli in saldo non possono essere rimborsati. <\/p>&#13;\n&#13;\n<h2>Sostituzioni<\/h2>&#13;\n&#13;\n<p>Sostituiamo gli articoli solo se sono difettosi o danneggiati. Se hai bisogno di sostituirlo con lo stesso articolo, inviaci un&#8217;e-mail all&#8217;indirizzo {email address} e invia il tuo articolo a: {physical address}. <\/p>&#13;\n&#13;\n<h2>Regali<\/h2>&#13;\n&#13;\n<p>Se l&#8217;articolo \u00e8 stato contrassegnato come regalo al momento dell&#8217;acquisto e spedito direttamente a te, riceverai un buono regalo per il valore della tua restituzione. Una volta ricevuto l&#8217;articolo restituito, ti verr\u00e0 spedito un buono regalo. <\/p>&#13;\n&#13;\n<p>Se l&#8217;articolo non \u00e8 stato contrassegnato come regalo al momento dell&#8217;acquisto, o se chi ha fatto il regalo si \u00e8 fatto spedire l&#8217;ordine per dartelo in un secondo momento, invieremo un rimborso a chi ha fatto il regalo e verr\u00e0 a conoscenza della tua restituzione.<\/p>&#13;\n&#13;\n<h2>Spedizione delle restituzioni<\/h2>&#13;\n&#13;\n<p>Per restituire il tuo prodotto, devi spedire il tuo prodotto a: {physical address}.<\/p>&#13;\n&#13;\n<p>Sarai responsabile del pagamento delle spese di spedizione per la restituzione del tuo articolo. Le spese di spedizione non sono rimborsabili. Se ricevi un rimborso, il costo della spedizione di ritorno verr\u00e0 detratto dal tuo rimborso.  <\/p>&#13;\n&#13;\n<p>A seconda di dove vivi, il tempo necessario affinch\u00e9 il prodotto sostituito ti raggiunga pu\u00f2 variare.<\/p>&#13;\n&#13;\n<p>Se stai restituendo articoli pi\u00f9 costosi, potresti prendere in considerazione l&#8217;utilizzo di un servizio di spedizione tracciabile o l&#8217;acquisto di un&#8217;assicurazione sulla spedizione. Non garantiamo che riceveremo l&#8217;articolo restituito. <\/p>&#13;\n&#13;\n<h2>Hai bisogno di aiuto?<\/h2>&#13;\n&#13;\n<p>Contattaci all&#8217;indirizzo {email} per domande relative a rimborsi e restituzioni.<\/p>&#13;\n","protected":false},"excerpt":{"rendered":"<p>&#13; Questa \u00e8 una pagina di esempio. &#13; &#13; Panoramica &#13; &#13; La nostra politica di rimborso e restituzione ha una durata di 30 giorni. Se sono trascorsi 30 giorni dall&#8217;acquisto, non possiamo offrirti un rimborso completo o una sostituzione. &#13; &#13; Per poter beneficiare di una restituzione, l&#8217;articolo deve essere inutilizzato e nelle stesse [&hellip;]<\/p>\n","protected":false},"author":1,"featured_media":0,"parent":0,"menu_order":0,"comment_status":"closed","ping_status":"closed","template":"","meta":{"_acf_changed":false,"om_disable_all_campaigns":false,"inline_featured_image":false,"footnotes":""},"class_list":["post-123645","page","type-page","status-publish","hentry"],"acf":[],"yoast_head":"<!-- This site is optimized with the Yoast SEO plugin v26.6 - https:\/\/yoast.com\/wordpress\/plugins\/seo\/ -->\n<title>Politica di rimborso e restituzione - Yuba Cargo Bikes<\/title>\n<meta name=\"description\" content=\"Scopri la politica di rimborso e restituzione di Yuba. Scopri i passaggi per restituire un prodotto o richiedere un rimborso in modo facile e veloce.\" \/>\n<meta name=\"robots\" content=\"index, follow, max-snippet:-1, max-image-preview:large, max-video-preview:-1\" \/>\n<link rel=\"canonical\" href=\"https:\/\/yubabikes.eu\/it\/politica-di-rimborso-e-restituzione\/\" \/>\n<meta property=\"og:locale\" content=\"it_IT\" \/>\n<meta property=\"og:type\" content=\"article\" \/>\n<meta property=\"og:title\" content=\"Politica di rimborso e restituzione - Yuba Cargo Bikes\" \/>\n<meta property=\"og:description\" content=\"Scopri la politica di rimborso e restituzione di Yuba. Scopri i passaggi per restituire un prodotto o richiedere un rimborso in modo facile e veloce.\" \/>\n<meta property=\"og:url\" content=\"https:\/\/yubabikes.eu\/it\/politica-di-rimborso-e-restituzione\/\" \/>\n<meta property=\"og:site_name\" content=\"Yubabikes\" \/>\n<meta property=\"article:modified_time\" content=\"2026-01-16T10:26:22+00:00\" \/>\n<meta property=\"og:image\" content=\"https:\/\/yubabikes.eu\/wp-content\/uploads\/2025\/01\/social-graph-1200-x-675px-1.png\" \/>\n\t<meta property=\"og:image:width\" content=\"1200\" \/>\n\t<meta property=\"og:image:height\" content=\"675\" \/>\n\t<meta property=\"og:image:type\" content=\"image\/png\" \/>\n<meta name=\"twitter:card\" content=\"summary_large_image\" \/>\n<meta name=\"twitter:label1\" content=\"Tempo di lettura stimato\" \/>\n\t<meta name=\"twitter:data1\" content=\"3 minuto\" \/>\n<script type=\"application\/ld+json\" class=\"yoast-schema-graph\">{\"@context\":\"https:\/\/schema.org\",\"@graph\":[{\"@type\":\"WebPage\",\"@id\":\"https:\/\/yubabikes.eu\/it\/politica-di-rimborso-e-restituzione\/\",\"url\":\"https:\/\/yubabikes.eu\/it\/politica-di-rimborso-e-restituzione\/\",\"name\":\"Politica di rimborso e restituzione - Yuba Cargo Bikes\",\"isPartOf\":{\"@id\":\"https:\/\/yubabikes.eu\/it\/#website\"},\"datePublished\":\"2024-08-29T20:33:44+00:00\",\"dateModified\":\"2026-01-16T10:26:22+00:00\",\"description\":\"Scopri la politica di rimborso e restituzione di Yuba. Scopri i passaggi per restituire un prodotto o richiedere un rimborso in modo facile e veloce.\",\"breadcrumb\":{\"@id\":\"https:\/\/yubabikes.eu\/it\/politica-di-rimborso-e-restituzione\/#breadcrumb\"},\"inLanguage\":\"it-IT\",\"potentialAction\":[{\"@type\":\"ReadAction\",\"target\":[\"https:\/\/yubabikes.eu\/it\/politica-di-rimborso-e-restituzione\/\"]}]},{\"@type\":\"BreadcrumbList\",\"@id\":\"https:\/\/yubabikes.eu\/it\/politica-di-rimborso-e-restituzione\/#breadcrumb\",\"itemListElement\":[{\"@type\":\"ListItem\",\"position\":1,\"name\":\"Home\",\"item\":\"https:\/\/yubabikes.eu\/it\/\"},{\"@type\":\"ListItem\",\"position\":2,\"name\":\"Politica di rimborso e restituzione\"}]},{\"@type\":\"WebSite\",\"@id\":\"https:\/\/yubabikes.eu\/it\/#website\",\"url\":\"https:\/\/yubabikes.eu\/it\/\",\"name\":\"Yuba Cargo Bikes\",\"description\":\"Yuba - Cargo Bicycles For Families and Businesses\",\"alternateName\":\"Yuba Bikes\",\"potentialAction\":[{\"@type\":\"SearchAction\",\"target\":{\"@type\":\"EntryPoint\",\"urlTemplate\":\"https:\/\/yubabikes.eu\/it\/?s={search_term_string}\"},\"query-input\":{\"@type\":\"PropertyValueSpecification\",\"valueRequired\":true,\"valueName\":\"search_term_string\"}}],\"inLanguage\":\"it-IT\"}]}<\/script>\n<!-- \/ Yoast SEO plugin. -->","yoast_head_json":{"title":"Politica di rimborso e restituzione - Yuba Cargo Bikes","description":"Scopri la politica di rimborso e restituzione di Yuba. Scopri i passaggi per restituire un prodotto o richiedere un rimborso in modo facile e veloce.","robots":{"index":"index","follow":"follow","max-snippet":"max-snippet:-1","max-image-preview":"max-image-preview:large","max-video-preview":"max-video-preview:-1"},"canonical":"https:\/\/yubabikes.eu\/it\/politica-di-rimborso-e-restituzione\/","og_locale":"it_IT","og_type":"article","og_title":"Politica di rimborso e restituzione - Yuba Cargo Bikes","og_description":"Scopri la politica di rimborso e restituzione di Yuba. Scopri i passaggi per restituire un prodotto o richiedere un rimborso in modo facile e veloce.","og_url":"https:\/\/yubabikes.eu\/it\/politica-di-rimborso-e-restituzione\/","og_site_name":"Yubabikes","article_modified_time":"2026-01-16T10:26:22+00:00","og_image":[{"width":1200,"height":675,"url":"https:\/\/yubabikes.eu\/wp-content\/uploads\/2025\/01\/social-graph-1200-x-675px-1.png","type":"image\/png"}],"twitter_card":"summary_large_image","twitter_misc":{"Tempo di lettura stimato":"3 minuto"},"schema":{"@context":"https:\/\/schema.org","@graph":[{"@type":"WebPage","@id":"https:\/\/yubabikes.eu\/it\/politica-di-rimborso-e-restituzione\/","url":"https:\/\/yubabikes.eu\/it\/politica-di-rimborso-e-restituzione\/","name":"Politica di rimborso e restituzione - Yuba Cargo Bikes","isPartOf":{"@id":"https:\/\/yubabikes.eu\/it\/#website"},"datePublished":"2024-08-29T20:33:44+00:00","dateModified":"2026-01-16T10:26:22+00:00","description":"Scopri la politica di rimborso e restituzione di Yuba. Scopri i passaggi per restituire un prodotto o richiedere un rimborso in modo facile e veloce.","breadcrumb":{"@id":"https:\/\/yubabikes.eu\/it\/politica-di-rimborso-e-restituzione\/#breadcrumb"},"inLanguage":"it-IT","potentialAction":[{"@type":"ReadAction","target":["https:\/\/yubabikes.eu\/it\/politica-di-rimborso-e-restituzione\/"]}]},{"@type":"BreadcrumbList","@id":"https:\/\/yubabikes.eu\/it\/politica-di-rimborso-e-restituzione\/#breadcrumb","itemListElement":[{"@type":"ListItem","position":1,"name":"Home","item":"https:\/\/yubabikes.eu\/it\/"},{"@type":"ListItem","position":2,"name":"Politica di rimborso e restituzione"}]},{"@type":"WebSite","@id":"https:\/\/yubabikes.eu\/it\/#website","url":"https:\/\/yubabikes.eu\/it\/","name":"Yuba Cargo Bikes","description":"Yuba - Cargo Bicycles For Families and Businesses","alternateName":"Yuba Bikes","potentialAction":[{"@type":"SearchAction","target":{"@type":"EntryPoint","urlTemplate":"https:\/\/yubabikes.eu\/it\/?s={search_term_string}"},"query-input":{"@type":"PropertyValueSpecification","valueRequired":true,"valueName":"search_term_string"}}],"inLanguage":"it-IT"}]}},"_links":{"self":[{"href":"https:\/\/yubabikes.eu\/it\/wp-json\/wp\/v2\/pages\/123645","targetHints":{"allow":["GET"]}}],"collection":[{"href":"https:\/\/yubabikes.eu\/it\/wp-json\/wp\/v2\/pages"}],"about":[{"href":"https:\/\/yubabikes.eu\/it\/wp-json\/wp\/v2\/types\/page"}],"author":[{"embeddable":true,"href":"https:\/\/yubabikes.eu\/it\/wp-json\/wp\/v2\/users\/1"}],"replies":[{"embeddable":true,"href":"https:\/\/yubabikes.eu\/it\/wp-json\/wp\/v2\/comments?post=123645"}],"version-history":[{"count":1,"href":"https:\/\/yubabikes.eu\/it\/wp-json\/wp\/v2\/pages\/123645\/revisions"}],"predecessor-version":[{"id":123646,"href":"https:\/\/yubabikes.eu\/it\/wp-json\/wp\/v2\/pages\/123645\/revisions\/123646"}],"wp:attachment":[{"href":"https:\/\/yubabikes.eu\/it\/wp-json\/wp\/v2\/media?parent=123645"}],"curies":[{"name":"wp","href":"https:\/\/api.w.org\/{rel}","templated":true}]}}