{"id":3412,"date":"2024-10-14T14:33:09","date_gmt":"2024-10-14T14:33:09","guid":{"rendered":"https:\/\/yubabikes.eu\/product\/boda-boda\/"},"modified":"2026-03-26T11:27:05","modified_gmt":"2026-03-26T11:27:05","slug":"boda-boda","status":"publish","type":"product","link":"https:\/\/yubabikes.eu\/fr\/produit\/boda-boda\/","title":{"rendered":"Boda Boda"},"content":{"rendered":"<p>\u00c0 la crois\u00e9e des chemins entre v\u00e9lo urbain et v\u00e9lo cargo, il simplifie le quotidien avec style.<\/p>\n","protected":false},"excerpt":{"rendered":"<p>Quand la praticit\u00e9 du cargo rencontre le plaisir de pilotage.<\/p>\n","protected":false},"featured_media":1835,"template":"","meta":{"_acf_changed":false,"om_disable_all_campaigns":false,"inline_featured_image":false},"product_brand":[],"product_cat":[190,191],"product_tag":[],"class_list":{"0":"post-3412","1":"product","2":"type-product","3":"status-publish","4":"has-post-thumbnail","6":"product_cat-velos","7":"product_cat-compact-fr","8":"product_shipping_class-shipping-class-premium","10":"first","11":"instock","12":"taxable","13":"shipping-taxable","14":"purchasable","15":"product-type-variable","16":"has-default-attributes"},"acf":[],"yoast_head":"<!-- This site is optimized with the Yoast SEO plugin v26.6 - https:\/\/yoast.com\/wordpress\/plugins\/seo\/ -->\n<title>Boda Boda - V\u00e9lo cargo Yuba<\/title>\n<meta name=\"description\" content=\"Yuba&#039;s Boda Boda, powered by Bosch, combines a 200kg capacity with smooth city navigation, making it ideal for passengers, cargo, and urban adventures.\" \/>\n<meta name=\"robots\" content=\"index, follow, max-snippet:-1, max-image-preview:large, max-video-preview:-1\" \/>\n<link rel=\"canonical\" href=\"https:\/\/yubabikes.eu\/fr\/produit\/boda-boda\/\" \/>\n<meta property=\"og:locale\" content=\"fr_FR\" \/>\n<meta property=\"og:type\" content=\"article\" \/>\n<meta property=\"og:title\" content=\"Boda Boda - V\u00e9lo cargo Yuba\" \/>\n<meta property=\"og:description\" content=\"Yuba&#039;s Boda Boda, powered by Bosch, combines a 200kg capacity with smooth city navigation, making it ideal for passengers, cargo, and urban adventures.\" \/>\n<meta property=\"og:url\" content=\"https:\/\/yubabikes.eu\/fr\/produit\/boda-boda\/\" \/>\n<meta property=\"og:site_name\" content=\"Yubabikes\" \/>\n<meta property=\"article:modified_time\" content=\"2026-03-26T11:27:05+00:00\" \/>\n<meta property=\"og:image\" content=\"https:\/\/yubabikes.eu\/wp-content\/uploads\/2024\/10\/Boda-Boda-No-BG.png\" \/>\n\t<meta property=\"og:image:width\" content=\"960\" \/>\n\t<meta property=\"og:image:height\" content=\"960\" \/>\n\t<meta property=\"og:image:type\" content=\"image\/png\" \/>\n<meta name=\"twitter:card\" content=\"summary_large_image\" \/>\n<meta name=\"twitter:label1\" content=\"Dur\u00e9e de lecture estim\u00e9e\" \/>\n\t<meta name=\"twitter:data1\" content=\"1 minute\" \/>\n<script type=\"application\/ld+json\" class=\"yoast-schema-graph\">{\"@context\":\"https:\/\/schema.org\",\"@graph\":[{\"@type\":\"WebPage\",\"@id\":\"https:\/\/yubabikes.eu\/fr\/produit\/boda-boda\/\",\"url\":\"https:\/\/yubabikes.eu\/fr\/produit\/boda-boda\/\",\"name\":\"Boda Boda - V\u00e9lo cargo Yuba\",\"isPartOf\":{\"@id\":\"https:\/\/yubabikes.eu\/fr\/#website\"},\"primaryImageOfPage\":{\"@id\":\"https:\/\/yubabikes.eu\/fr\/produit\/boda-boda\/#primaryimage\"},\"image\":{\"@id\":\"https:\/\/yubabikes.eu\/fr\/produit\/boda-boda\/#primaryimage\"},\"thumbnailUrl\":\"https:\/\/yubabikes.eu\/wp-content\/uploads\/2024\/10\/Boda-Boda-No-BG.png\",\"datePublished\":\"2024-10-14T14:33:09+00:00\",\"dateModified\":\"2026-03-26T11:27:05+00:00\",\"description\":\"Yuba's Boda Boda, powered by Bosch, combines a 200kg capacity with smooth city navigation, making it ideal for passengers, cargo, and urban adventures.\",\"breadcrumb\":{\"@id\":\"https:\/\/yubabikes.eu\/fr\/produit\/boda-boda\/#breadcrumb\"},\"inLanguage\":\"fr-FR\",\"potentialAction\":[{\"@type\":\"ReadAction\",\"target\":[\"https:\/\/yubabikes.eu\/fr\/produit\/boda-boda\/\"]}]},{\"@type\":\"ImageObject\",\"inLanguage\":\"fr-FR\",\"@id\":\"https:\/\/yubabikes.eu\/fr\/produit\/boda-boda\/#primaryimage\",\"url\":\"https:\/\/yubabikes.eu\/wp-content\/uploads\/2024\/10\/Boda-Boda-No-BG.png\",\"contentUrl\":\"https:\/\/yubabikes.eu\/wp-content\/uploads\/2024\/10\/Boda-Boda-No-BG.png\",\"width\":960,\"height\":960},{\"@type\":\"BreadcrumbList\",\"@id\":\"https:\/\/yubabikes.eu\/fr\/produit\/boda-boda\/#breadcrumb\",\"itemListElement\":[{\"@type\":\"ListItem\",\"position\":1,\"name\":\"Home\",\"item\":\"https:\/\/yubabikes.eu\/fr\/\"},{\"@type\":\"ListItem\",\"position\":2,\"name\":\"Boutique\",\"item\":\"https:\/\/yubabikes.eu\/fr\/boutique\/\"},{\"@type\":\"ListItem\",\"position\":3,\"name\":\"Boda Boda\"}]},{\"@type\":\"WebSite\",\"@id\":\"https:\/\/yubabikes.eu\/fr\/#website\",\"url\":\"https:\/\/yubabikes.eu\/fr\/\",\"name\":\"Yuba Cargo Bikes\",\"description\":\"Yuba - V\u00e9los cargo pour la famille et les professionnels\",\"alternateName\":\"Yuba Bikes\",\"potentialAction\":[{\"@type\":\"SearchAction\",\"target\":{\"@type\":\"EntryPoint\",\"urlTemplate\":\"https:\/\/yubabikes.eu\/fr\/?s={search_term_string}\"},\"query-input\":{\"@type\":\"PropertyValueSpecification\",\"valueRequired\":true,\"valueName\":\"search_term_string\"}}],\"inLanguage\":\"fr-FR\"}]}<\/script>\n<!-- \/ Yoast SEO plugin. -->","yoast_head_json":{"title":"Boda Boda - V\u00e9lo cargo Yuba","description":"Yuba's Boda Boda, powered by Bosch, combines a 200kg capacity with smooth city navigation, making it ideal for passengers, cargo, and urban adventures.","robots":{"index":"index","follow":"follow","max-snippet":"max-snippet:-1","max-image-preview":"max-image-preview:large","max-video-preview":"max-video-preview:-1"},"canonical":"https:\/\/yubabikes.eu\/fr\/produit\/boda-boda\/","og_locale":"fr_FR","og_type":"article","og_title":"Boda Boda - V\u00e9lo cargo Yuba","og_description":"Yuba's Boda Boda, powered by Bosch, combines a 200kg capacity with smooth city navigation, making it ideal for passengers, cargo, and urban adventures.","og_url":"https:\/\/yubabikes.eu\/fr\/produit\/boda-boda\/","og_site_name":"Yubabikes","article_modified_time":"2026-03-26T11:27:05+00:00","og_image":[{"width":960,"height":960,"url":"https:\/\/yubabikes.eu\/wp-content\/uploads\/2024\/10\/Boda-Boda-No-BG.png","type":"image\/png"}],"twitter_card":"summary_large_image","twitter_misc":{"Dur\u00e9e de lecture estim\u00e9e":"1 minute"},"schema":{"@context":"https:\/\/schema.org","@graph":[{"@type":"WebPage","@id":"https:\/\/yubabikes.eu\/fr\/produit\/boda-boda\/","url":"https:\/\/yubabikes.eu\/fr\/produit\/boda-boda\/","name":"Boda Boda - V\u00e9lo cargo Yuba","isPartOf":{"@id":"https:\/\/yubabikes.eu\/fr\/#website"},"primaryImageOfPage":{"@id":"https:\/\/yubabikes.eu\/fr\/produit\/boda-boda\/#primaryimage"},"image":{"@id":"https:\/\/yubabikes.eu\/fr\/produit\/boda-boda\/#primaryimage"},"thumbnailUrl":"https:\/\/yubabikes.eu\/wp-content\/uploads\/2024\/10\/Boda-Boda-No-BG.png","datePublished":"2024-10-14T14:33:09+00:00","dateModified":"2026-03-26T11:27:05+00:00","description":"Yuba's Boda Boda, powered by Bosch, combines a 200kg capacity with smooth city navigation, making it ideal for passengers, cargo, and urban adventures.","breadcrumb":{"@id":"https:\/\/yubabikes.eu\/fr\/produit\/boda-boda\/#breadcrumb"},"inLanguage":"fr-FR","potentialAction":[{"@type":"ReadAction","target":["https:\/\/yubabikes.eu\/fr\/produit\/boda-boda\/"]}]},{"@type":"ImageObject","inLanguage":"fr-FR","@id":"https:\/\/yubabikes.eu\/fr\/produit\/boda-boda\/#primaryimage","url":"https:\/\/yubabikes.eu\/wp-content\/uploads\/2024\/10\/Boda-Boda-No-BG.png","contentUrl":"https:\/\/yubabikes.eu\/wp-content\/uploads\/2024\/10\/Boda-Boda-No-BG.png","width":960,"height":960},{"@type":"BreadcrumbList","@id":"https:\/\/yubabikes.eu\/fr\/produit\/boda-boda\/#breadcrumb","itemListElement":[{"@type":"ListItem","position":1,"name":"Home","item":"https:\/\/yubabikes.eu\/fr\/"},{"@type":"ListItem","position":2,"name":"Boutique","item":"https:\/\/yubabikes.eu\/fr\/boutique\/"},{"@type":"ListItem","position":3,"name":"Boda Boda"}]},{"@type":"WebSite","@id":"https:\/\/yubabikes.eu\/fr\/#website","url":"https:\/\/yubabikes.eu\/fr\/","name":"Yuba Cargo Bikes","description":"Yuba - V\u00e9los cargo pour la famille et les professionnels","alternateName":"Yuba Bikes","potentialAction":[{"@type":"SearchAction","target":{"@type":"EntryPoint","urlTemplate":"https:\/\/yubabikes.eu\/fr\/?s={search_term_string}"},"query-input":{"@type":"PropertyValueSpecification","valueRequired":true,"valueName":"search_term_string"}}],"inLanguage":"fr-FR"}]}},"_links":{"self":[{"href":"https:\/\/yubabikes.eu\/fr\/wp-json\/wp\/v2\/product\/3412","targetHints":{"allow":["GET"]}}],"collection":[{"href":"https:\/\/yubabikes.eu\/fr\/wp-json\/wp\/v2\/product"}],"about":[{"href":"https:\/\/yubabikes.eu\/fr\/wp-json\/wp\/v2\/types\/product"}],"wp:featuredmedia":[{"embeddable":true,"href":"https:\/\/yubabikes.eu\/fr\/wp-json\/wp\/v2\/media\/1835"}],"wp:attachment":[{"href":"https:\/\/yubabikes.eu\/fr\/wp-json\/wp\/v2\/media?parent=3412"}],"wp:term":[{"taxonomy":"product_brand","embeddable":true,"href":"https:\/\/yubabikes.eu\/fr\/wp-json\/wp\/v2\/product_brand?post=3412"},{"taxonomy":"product_cat","embeddable":true,"href":"https:\/\/yubabikes.eu\/fr\/wp-json\/wp\/v2\/product_cat?post=3412"},{"taxonomy":"product_tag","embeddable":true,"href":"https:\/\/yubabikes.eu\/fr\/wp-json\/wp\/v2\/product_tag?post=3412"}],"curies":[{"name":"wp","href":"https:\/\/api.w.org\/{rel}","templated":true}]}}