{"id":3196,"date":"2024-10-10T14:24:00","date_gmt":"2024-10-10T14:24:00","guid":{"rendered":"https:\/\/yubabikes.eu\/product\/pegs\/"},"modified":"2026-04-04T09:22:28","modified_gmt":"2026-04-04T09:22:28","slug":"pegs","status":"publish","type":"product","link":"https:\/\/yubabikes.eu\/fr\/produit\/pegs\/","title":{"rendered":"Pegs"},"content":{"rendered":"","protected":false},"excerpt":{"rendered":"<p>Le repose-pieds qu&#8217;il leur manquait !<\/p>\n","protected":false},"featured_media":1719,"template":"","meta":{"_acf_changed":false,"om_disable_all_campaigns":false,"inline_featured_image":false},"product_brand":[],"product_cat":[159,160,165,163],"product_tag":[],"class_list":{"0":"post-3196","1":"product","2":"type-product","3":"status-publish","4":"has-post-thumbnail","6":"product_cat-add-ons-fr","7":"product_cat-add-ons-velos","8":"product_cat-boda-boda-fr","9":"product_cat-kombi-fr","11":"first","12":"outofstock","13":"sale","14":"taxable","15":"shipping-taxable","16":"purchasable","17":"product-type-simple"},"acf":[],"yoast_head":"<!-- This site is optimized with the Yoast SEO plugin v26.6 - https:\/\/yoast.com\/wordpress\/plugins\/seo\/ -->\n<title>Pegs - Accessoire v\u00e9lo cargo Yuba<\/title>\n<meta name=\"description\" content=\"Petits et discrets, les Pegs offrent un soutien suppl\u00e9mentaire pour les pieds des passagers sur votre Kombi, id\u00e9aux lorsqu\u2019on utilise des sacoches lat\u00e9rales.\" \/>\n<meta name=\"robots\" content=\"index, follow, max-snippet:-1, max-image-preview:large, max-video-preview:-1\" \/>\n<link rel=\"canonical\" href=\"https:\/\/yubabikes.eu\/fr\/produit\/pegs\/\" \/>\n<meta property=\"og:locale\" content=\"fr_FR\" \/>\n<meta property=\"og:type\" content=\"article\" \/>\n<meta property=\"og:title\" content=\"Pegs - Accessoire v\u00e9lo cargo Yuba\" \/>\n<meta property=\"og:description\" content=\"Petits et discrets, les Pegs offrent un soutien suppl\u00e9mentaire pour les pieds des passagers sur votre Kombi, id\u00e9aux lorsqu\u2019on utilise des sacoches lat\u00e9rales.\" \/>\n<meta property=\"og:url\" content=\"https:\/\/yubabikes.eu\/fr\/produit\/pegs\/\" \/>\n<meta property=\"og:site_name\" content=\"Yubabikes\" \/>\n<meta property=\"article:modified_time\" content=\"2026-04-04T09:22:28+00:00\" \/>\n<meta property=\"og:image\" content=\"https:\/\/yubabikes.eu\/wp-content\/uploads\/2024\/10\/Pegs_YubaBikes_AddOns_Studio_Without_Background.png\" \/>\n\t<meta property=\"og:image:width\" content=\"1080\" \/>\n\t<meta property=\"og:image:height\" content=\"1080\" \/>\n\t<meta property=\"og:image:type\" content=\"image\/png\" \/>\n<meta name=\"twitter:card\" content=\"summary_large_image\" \/>\n<meta name=\"twitter:label1\" content=\"Dur\u00e9e de lecture estim\u00e9e\" \/>\n\t<meta name=\"twitter:data1\" content=\"1 minute\" \/>\n<script type=\"application\/ld+json\" class=\"yoast-schema-graph\">{\"@context\":\"https:\/\/schema.org\",\"@graph\":[{\"@type\":\"WebPage\",\"@id\":\"https:\/\/yubabikes.eu\/fr\/produit\/pegs\/\",\"url\":\"https:\/\/yubabikes.eu\/fr\/produit\/pegs\/\",\"name\":\"Pegs - Accessoire v\u00e9lo cargo Yuba\",\"isPartOf\":{\"@id\":\"https:\/\/yubabikes.eu\/fr\/#website\"},\"primaryImageOfPage\":{\"@id\":\"https:\/\/yubabikes.eu\/fr\/produit\/pegs\/#primaryimage\"},\"image\":{\"@id\":\"https:\/\/yubabikes.eu\/fr\/produit\/pegs\/#primaryimage\"},\"thumbnailUrl\":\"https:\/\/yubabikes.eu\/wp-content\/uploads\/2024\/10\/Pegs_YubaBikes_AddOns_Studio_Without_Background.png\",\"datePublished\":\"2024-10-10T14:24:00+00:00\",\"dateModified\":\"2026-04-04T09:22:28+00:00\",\"description\":\"Petits et discrets, les Pegs offrent un soutien suppl\u00e9mentaire pour les pieds des passagers sur votre Kombi, id\u00e9aux lorsqu\u2019on utilise des sacoches lat\u00e9rales.\",\"breadcrumb\":{\"@id\":\"https:\/\/yubabikes.eu\/fr\/produit\/pegs\/#breadcrumb\"},\"inLanguage\":\"fr-FR\",\"potentialAction\":[{\"@type\":\"ReadAction\",\"target\":[\"https:\/\/yubabikes.eu\/fr\/produit\/pegs\/\"]}]},{\"@type\":\"ImageObject\",\"inLanguage\":\"fr-FR\",\"@id\":\"https:\/\/yubabikes.eu\/fr\/produit\/pegs\/#primaryimage\",\"url\":\"https:\/\/yubabikes.eu\/wp-content\/uploads\/2024\/10\/Pegs_YubaBikes_AddOns_Studio_Without_Background.png\",\"contentUrl\":\"https:\/\/yubabikes.eu\/wp-content\/uploads\/2024\/10\/Pegs_YubaBikes_AddOns_Studio_Without_Background.png\",\"width\":1080,\"height\":1080},{\"@type\":\"BreadcrumbList\",\"@id\":\"https:\/\/yubabikes.eu\/fr\/produit\/pegs\/#breadcrumb\",\"itemListElement\":[{\"@type\":\"ListItem\",\"position\":1,\"name\":\"Home\",\"item\":\"https:\/\/yubabikes.eu\/fr\/\"},{\"@type\":\"ListItem\",\"position\":2,\"name\":\"Boutique\",\"item\":\"https:\/\/yubabikes.eu\/fr\/boutique\/\"},{\"@type\":\"ListItem\",\"position\":3,\"name\":\"Pegs\"}]},{\"@type\":\"WebSite\",\"@id\":\"https:\/\/yubabikes.eu\/fr\/#website\",\"url\":\"https:\/\/yubabikes.eu\/fr\/\",\"name\":\"Yuba Cargo Bikes\",\"description\":\"Yuba - V\u00e9los cargo pour la famille et les professionnels\",\"alternateName\":\"Yuba Bikes\",\"potentialAction\":[{\"@type\":\"SearchAction\",\"target\":{\"@type\":\"EntryPoint\",\"urlTemplate\":\"https:\/\/yubabikes.eu\/fr\/?s={search_term_string}\"},\"query-input\":{\"@type\":\"PropertyValueSpecification\",\"valueRequired\":true,\"valueName\":\"search_term_string\"}}],\"inLanguage\":\"fr-FR\"}]}<\/script>\n<!-- \/ Yoast SEO plugin. -->","yoast_head_json":{"title":"Pegs - Accessoire v\u00e9lo cargo Yuba","description":"Petits et discrets, les Pegs offrent un soutien suppl\u00e9mentaire pour les pieds des passagers sur votre Kombi, id\u00e9aux lorsqu\u2019on utilise des sacoches lat\u00e9rales.","robots":{"index":"index","follow":"follow","max-snippet":"max-snippet:-1","max-image-preview":"max-image-preview:large","max-video-preview":"max-video-preview:-1"},"canonical":"https:\/\/yubabikes.eu\/fr\/produit\/pegs\/","og_locale":"fr_FR","og_type":"article","og_title":"Pegs - Accessoire v\u00e9lo cargo Yuba","og_description":"Petits et discrets, les Pegs offrent un soutien suppl\u00e9mentaire pour les pieds des passagers sur votre Kombi, id\u00e9aux lorsqu\u2019on utilise des sacoches lat\u00e9rales.","og_url":"https:\/\/yubabikes.eu\/fr\/produit\/pegs\/","og_site_name":"Yubabikes","article_modified_time":"2026-04-04T09:22:28+00:00","og_image":[{"width":1080,"height":1080,"url":"https:\/\/yubabikes.eu\/wp-content\/uploads\/2024\/10\/Pegs_YubaBikes_AddOns_Studio_Without_Background.png","type":"image\/png"}],"twitter_card":"summary_large_image","twitter_misc":{"Dur\u00e9e de lecture estim\u00e9e":"1 minute"},"schema":{"@context":"https:\/\/schema.org","@graph":[{"@type":"WebPage","@id":"https:\/\/yubabikes.eu\/fr\/produit\/pegs\/","url":"https:\/\/yubabikes.eu\/fr\/produit\/pegs\/","name":"Pegs - Accessoire v\u00e9lo cargo Yuba","isPartOf":{"@id":"https:\/\/yubabikes.eu\/fr\/#website"},"primaryImageOfPage":{"@id":"https:\/\/yubabikes.eu\/fr\/produit\/pegs\/#primaryimage"},"image":{"@id":"https:\/\/yubabikes.eu\/fr\/produit\/pegs\/#primaryimage"},"thumbnailUrl":"https:\/\/yubabikes.eu\/wp-content\/uploads\/2024\/10\/Pegs_YubaBikes_AddOns_Studio_Without_Background.png","datePublished":"2024-10-10T14:24:00+00:00","dateModified":"2026-04-04T09:22:28+00:00","description":"Petits et discrets, les Pegs offrent un soutien suppl\u00e9mentaire pour les pieds des passagers sur votre Kombi, id\u00e9aux lorsqu\u2019on utilise des sacoches lat\u00e9rales.","breadcrumb":{"@id":"https:\/\/yubabikes.eu\/fr\/produit\/pegs\/#breadcrumb"},"inLanguage":"fr-FR","potentialAction":[{"@type":"ReadAction","target":["https:\/\/yubabikes.eu\/fr\/produit\/pegs\/"]}]},{"@type":"ImageObject","inLanguage":"fr-FR","@id":"https:\/\/yubabikes.eu\/fr\/produit\/pegs\/#primaryimage","url":"https:\/\/yubabikes.eu\/wp-content\/uploads\/2024\/10\/Pegs_YubaBikes_AddOns_Studio_Without_Background.png","contentUrl":"https:\/\/yubabikes.eu\/wp-content\/uploads\/2024\/10\/Pegs_YubaBikes_AddOns_Studio_Without_Background.png","width":1080,"height":1080},{"@type":"BreadcrumbList","@id":"https:\/\/yubabikes.eu\/fr\/produit\/pegs\/#breadcrumb","itemListElement":[{"@type":"ListItem","position":1,"name":"Home","item":"https:\/\/yubabikes.eu\/fr\/"},{"@type":"ListItem","position":2,"name":"Boutique","item":"https:\/\/yubabikes.eu\/fr\/boutique\/"},{"@type":"ListItem","position":3,"name":"Pegs"}]},{"@type":"WebSite","@id":"https:\/\/yubabikes.eu\/fr\/#website","url":"https:\/\/yubabikes.eu\/fr\/","name":"Yuba Cargo Bikes","description":"Yuba - V\u00e9los cargo pour la famille et les professionnels","alternateName":"Yuba Bikes","potentialAction":[{"@type":"SearchAction","target":{"@type":"EntryPoint","urlTemplate":"https:\/\/yubabikes.eu\/fr\/?s={search_term_string}"},"query-input":{"@type":"PropertyValueSpecification","valueRequired":true,"valueName":"search_term_string"}}],"inLanguage":"fr-FR"}]}},"_links":{"self":[{"href":"https:\/\/yubabikes.eu\/fr\/wp-json\/wp\/v2\/product\/3196","targetHints":{"allow":["GET"]}}],"collection":[{"href":"https:\/\/yubabikes.eu\/fr\/wp-json\/wp\/v2\/product"}],"about":[{"href":"https:\/\/yubabikes.eu\/fr\/wp-json\/wp\/v2\/types\/product"}],"wp:featuredmedia":[{"embeddable":true,"href":"https:\/\/yubabikes.eu\/fr\/wp-json\/wp\/v2\/media\/1719"}],"wp:attachment":[{"href":"https:\/\/yubabikes.eu\/fr\/wp-json\/wp\/v2\/media?parent=3196"}],"wp:term":[{"taxonomy":"product_brand","embeddable":true,"href":"https:\/\/yubabikes.eu\/fr\/wp-json\/wp\/v2\/product_brand?post=3196"},{"taxonomy":"product_cat","embeddable":true,"href":"https:\/\/yubabikes.eu\/fr\/wp-json\/wp\/v2\/product_cat?post=3196"},{"taxonomy":"product_tag","embeddable":true,"href":"https:\/\/yubabikes.eu\/fr\/wp-json\/wp\/v2\/product_tag?post=3196"}],"curies":[{"name":"wp","href":"https:\/\/api.w.org\/{rel}","templated":true}]}}