{"id":3158,"date":"2024-10-10T14:24:00","date_gmt":"2024-10-10T14:24:00","guid":{"rendered":"https:\/\/yubabikes.eu\/product\/mundo-tow-tray\/"},"modified":"2026-03-05T10:38:27","modified_gmt":"2026-03-05T10:38:27","slug":"mundo-tow-tray","status":"publish","type":"product","link":"https:\/\/yubabikes.eu\/fr\/produit\/mundo-tow-tray\/","title":{"rendered":"Mundo Tow Tray"},"content":{"rendered":"","protected":false},"excerpt":{"rendered":"<p>Un v\u00e9lo peut servir \u00e0 transporter d\u2019autres v\u00e9los !<\/p>\n","protected":false},"featured_media":1677,"template":"","meta":{"_acf_changed":false,"om_disable_all_campaigns":false,"inline_featured_image":false},"product_brand":[],"product_cat":[159,160,164],"product_tag":[],"class_list":{"0":"post-3158","1":"product","2":"type-product","3":"status-publish","4":"has-post-thumbnail","6":"product_cat-add-ons-fr","7":"product_cat-add-ons-velos","8":"product_cat-mundo-fr","10":"first","11":"outofstock","12":"taxable","13":"shipping-taxable","14":"purchasable","15":"product-type-simple"},"acf":[],"yoast_head":"<!-- This site is optimized with the Yoast SEO plugin v26.6 - https:\/\/yoast.com\/wordpress\/plugins\/seo\/ -->\n<title>Mundo Tow Tray - Accessoire v\u00e9lo cargo Yuba<\/title>\n<meta name=\"description\" content=\"Le Mundo Tow Tray permet de tracter un autre v\u00e9lo en toute s\u00e9curit\u00e9 avec votre Mundo. Fabriqu\u00e9 \u00e0 partir de mat\u00e9riaux recycl\u00e9s, il offre un syst\u00e8me plat s\u00e9curis\u00e9 pour un transport facile.\" \/>\n<meta name=\"robots\" content=\"index, follow, max-snippet:-1, max-image-preview:large, max-video-preview:-1\" \/>\n<link rel=\"canonical\" href=\"https:\/\/yubabikes.eu\/fr\/produit\/mundo-tow-tray\/\" \/>\n<meta property=\"og:locale\" content=\"fr_FR\" \/>\n<meta property=\"og:type\" content=\"article\" \/>\n<meta property=\"og:title\" content=\"Mundo Tow Tray - Accessoire v\u00e9lo cargo Yuba\" \/>\n<meta property=\"og:description\" content=\"Le Mundo Tow Tray permet de tracter un autre v\u00e9lo en toute s\u00e9curit\u00e9 avec votre Mundo. Fabriqu\u00e9 \u00e0 partir de mat\u00e9riaux recycl\u00e9s, il offre un syst\u00e8me plat s\u00e9curis\u00e9 pour un transport facile.\" \/>\n<meta property=\"og:url\" content=\"https:\/\/yubabikes.eu\/fr\/produit\/mundo-tow-tray\/\" \/>\n<meta property=\"og:site_name\" content=\"Yubabikes\" \/>\n<meta property=\"article:modified_time\" content=\"2026-03-05T10:38:27+00:00\" \/>\n<meta property=\"og:image\" content=\"https:\/\/yubabikes.eu\/wp-content\/uploads\/2024\/10\/Mundo-Tow-Tray_YubaBikes_AddOns_Studio_Without_Background.png\" \/>\n\t<meta property=\"og:image:width\" content=\"945\" \/>\n\t<meta property=\"og:image:height\" content=\"945\" \/>\n\t<meta property=\"og:image:type\" content=\"image\/png\" \/>\n<meta name=\"twitter:card\" content=\"summary_large_image\" \/>\n<meta name=\"twitter:label1\" content=\"Dur\u00e9e de lecture estim\u00e9e\" \/>\n\t<meta name=\"twitter:data1\" content=\"1 minute\" \/>\n<script type=\"application\/ld+json\" class=\"yoast-schema-graph\">{\"@context\":\"https:\/\/schema.org\",\"@graph\":[{\"@type\":\"WebPage\",\"@id\":\"https:\/\/yubabikes.eu\/fr\/produit\/mundo-tow-tray\/\",\"url\":\"https:\/\/yubabikes.eu\/fr\/produit\/mundo-tow-tray\/\",\"name\":\"Mundo Tow Tray - Accessoire v\u00e9lo cargo Yuba\",\"isPartOf\":{\"@id\":\"https:\/\/yubabikes.eu\/fr\/#website\"},\"primaryImageOfPage\":{\"@id\":\"https:\/\/yubabikes.eu\/fr\/produit\/mundo-tow-tray\/#primaryimage\"},\"image\":{\"@id\":\"https:\/\/yubabikes.eu\/fr\/produit\/mundo-tow-tray\/#primaryimage\"},\"thumbnailUrl\":\"https:\/\/yubabikes.eu\/wp-content\/uploads\/2024\/10\/Mundo-Tow-Tray_YubaBikes_AddOns_Studio_Without_Background.png\",\"datePublished\":\"2024-10-10T14:24:00+00:00\",\"dateModified\":\"2026-03-05T10:38:27+00:00\",\"description\":\"Le Mundo Tow Tray permet de tracter un autre v\u00e9lo en toute s\u00e9curit\u00e9 avec votre Mundo. Fabriqu\u00e9 \u00e0 partir de mat\u00e9riaux recycl\u00e9s, il offre un syst\u00e8me plat s\u00e9curis\u00e9 pour un transport facile.\",\"breadcrumb\":{\"@id\":\"https:\/\/yubabikes.eu\/fr\/produit\/mundo-tow-tray\/#breadcrumb\"},\"inLanguage\":\"fr-FR\",\"potentialAction\":[{\"@type\":\"ReadAction\",\"target\":[\"https:\/\/yubabikes.eu\/fr\/produit\/mundo-tow-tray\/\"]}]},{\"@type\":\"ImageObject\",\"inLanguage\":\"fr-FR\",\"@id\":\"https:\/\/yubabikes.eu\/fr\/produit\/mundo-tow-tray\/#primaryimage\",\"url\":\"https:\/\/yubabikes.eu\/wp-content\/uploads\/2024\/10\/Mundo-Tow-Tray_YubaBikes_AddOns_Studio_Without_Background.png\",\"contentUrl\":\"https:\/\/yubabikes.eu\/wp-content\/uploads\/2024\/10\/Mundo-Tow-Tray_YubaBikes_AddOns_Studio_Without_Background.png\",\"width\":945,\"height\":945},{\"@type\":\"BreadcrumbList\",\"@id\":\"https:\/\/yubabikes.eu\/fr\/produit\/mundo-tow-tray\/#breadcrumb\",\"itemListElement\":[{\"@type\":\"ListItem\",\"position\":1,\"name\":\"Home\",\"item\":\"https:\/\/yubabikes.eu\/fr\/\"},{\"@type\":\"ListItem\",\"position\":2,\"name\":\"Boutique\",\"item\":\"https:\/\/yubabikes.eu\/fr\/boutique\/\"},{\"@type\":\"ListItem\",\"position\":3,\"name\":\"Mundo Tow Tray\"}]},{\"@type\":\"WebSite\",\"@id\":\"https:\/\/yubabikes.eu\/fr\/#website\",\"url\":\"https:\/\/yubabikes.eu\/fr\/\",\"name\":\"Yuba Cargo Bikes\",\"description\":\"Yuba - V\u00e9los cargo pour la famille et les professionnels\",\"alternateName\":\"Yuba Bikes\",\"potentialAction\":[{\"@type\":\"SearchAction\",\"target\":{\"@type\":\"EntryPoint\",\"urlTemplate\":\"https:\/\/yubabikes.eu\/fr\/?s={search_term_string}\"},\"query-input\":{\"@type\":\"PropertyValueSpecification\",\"valueRequired\":true,\"valueName\":\"search_term_string\"}}],\"inLanguage\":\"fr-FR\"}]}<\/script>\n<!-- \/ Yoast SEO plugin. -->","yoast_head_json":{"title":"Mundo Tow Tray - Accessoire v\u00e9lo cargo Yuba","description":"Le Mundo Tow Tray permet de tracter un autre v\u00e9lo en toute s\u00e9curit\u00e9 avec votre Mundo. Fabriqu\u00e9 \u00e0 partir de mat\u00e9riaux recycl\u00e9s, il offre un syst\u00e8me plat s\u00e9curis\u00e9 pour un transport facile.","robots":{"index":"index","follow":"follow","max-snippet":"max-snippet:-1","max-image-preview":"max-image-preview:large","max-video-preview":"max-video-preview:-1"},"canonical":"https:\/\/yubabikes.eu\/fr\/produit\/mundo-tow-tray\/","og_locale":"fr_FR","og_type":"article","og_title":"Mundo Tow Tray - Accessoire v\u00e9lo cargo Yuba","og_description":"Le Mundo Tow Tray permet de tracter un autre v\u00e9lo en toute s\u00e9curit\u00e9 avec votre Mundo. Fabriqu\u00e9 \u00e0 partir de mat\u00e9riaux recycl\u00e9s, il offre un syst\u00e8me plat s\u00e9curis\u00e9 pour un transport facile.","og_url":"https:\/\/yubabikes.eu\/fr\/produit\/mundo-tow-tray\/","og_site_name":"Yubabikes","article_modified_time":"2026-03-05T10:38:27+00:00","og_image":[{"width":945,"height":945,"url":"https:\/\/yubabikes.eu\/wp-content\/uploads\/2024\/10\/Mundo-Tow-Tray_YubaBikes_AddOns_Studio_Without_Background.png","type":"image\/png"}],"twitter_card":"summary_large_image","twitter_misc":{"Dur\u00e9e de lecture estim\u00e9e":"1 minute"},"schema":{"@context":"https:\/\/schema.org","@graph":[{"@type":"WebPage","@id":"https:\/\/yubabikes.eu\/fr\/produit\/mundo-tow-tray\/","url":"https:\/\/yubabikes.eu\/fr\/produit\/mundo-tow-tray\/","name":"Mundo Tow Tray - Accessoire v\u00e9lo cargo Yuba","isPartOf":{"@id":"https:\/\/yubabikes.eu\/fr\/#website"},"primaryImageOfPage":{"@id":"https:\/\/yubabikes.eu\/fr\/produit\/mundo-tow-tray\/#primaryimage"},"image":{"@id":"https:\/\/yubabikes.eu\/fr\/produit\/mundo-tow-tray\/#primaryimage"},"thumbnailUrl":"https:\/\/yubabikes.eu\/wp-content\/uploads\/2024\/10\/Mundo-Tow-Tray_YubaBikes_AddOns_Studio_Without_Background.png","datePublished":"2024-10-10T14:24:00+00:00","dateModified":"2026-03-05T10:38:27+00:00","description":"Le Mundo Tow Tray permet de tracter un autre v\u00e9lo en toute s\u00e9curit\u00e9 avec votre Mundo. Fabriqu\u00e9 \u00e0 partir de mat\u00e9riaux recycl\u00e9s, il offre un syst\u00e8me plat s\u00e9curis\u00e9 pour un transport facile.","breadcrumb":{"@id":"https:\/\/yubabikes.eu\/fr\/produit\/mundo-tow-tray\/#breadcrumb"},"inLanguage":"fr-FR","potentialAction":[{"@type":"ReadAction","target":["https:\/\/yubabikes.eu\/fr\/produit\/mundo-tow-tray\/"]}]},{"@type":"ImageObject","inLanguage":"fr-FR","@id":"https:\/\/yubabikes.eu\/fr\/produit\/mundo-tow-tray\/#primaryimage","url":"https:\/\/yubabikes.eu\/wp-content\/uploads\/2024\/10\/Mundo-Tow-Tray_YubaBikes_AddOns_Studio_Without_Background.png","contentUrl":"https:\/\/yubabikes.eu\/wp-content\/uploads\/2024\/10\/Mundo-Tow-Tray_YubaBikes_AddOns_Studio_Without_Background.png","width":945,"height":945},{"@type":"BreadcrumbList","@id":"https:\/\/yubabikes.eu\/fr\/produit\/mundo-tow-tray\/#breadcrumb","itemListElement":[{"@type":"ListItem","position":1,"name":"Home","item":"https:\/\/yubabikes.eu\/fr\/"},{"@type":"ListItem","position":2,"name":"Boutique","item":"https:\/\/yubabikes.eu\/fr\/boutique\/"},{"@type":"ListItem","position":3,"name":"Mundo Tow Tray"}]},{"@type":"WebSite","@id":"https:\/\/yubabikes.eu\/fr\/#website","url":"https:\/\/yubabikes.eu\/fr\/","name":"Yuba Cargo Bikes","description":"Yuba - V\u00e9los cargo pour la famille et les professionnels","alternateName":"Yuba Bikes","potentialAction":[{"@type":"SearchAction","target":{"@type":"EntryPoint","urlTemplate":"https:\/\/yubabikes.eu\/fr\/?s={search_term_string}"},"query-input":{"@type":"PropertyValueSpecification","valueRequired":true,"valueName":"search_term_string"}}],"inLanguage":"fr-FR"}]}},"_links":{"self":[{"href":"https:\/\/yubabikes.eu\/fr\/wp-json\/wp\/v2\/product\/3158","targetHints":{"allow":["GET"]}}],"collection":[{"href":"https:\/\/yubabikes.eu\/fr\/wp-json\/wp\/v2\/product"}],"about":[{"href":"https:\/\/yubabikes.eu\/fr\/wp-json\/wp\/v2\/types\/product"}],"wp:featuredmedia":[{"embeddable":true,"href":"https:\/\/yubabikes.eu\/fr\/wp-json\/wp\/v2\/media\/1677"}],"wp:attachment":[{"href":"https:\/\/yubabikes.eu\/fr\/wp-json\/wp\/v2\/media?parent=3158"}],"wp:term":[{"taxonomy":"product_brand","embeddable":true,"href":"https:\/\/yubabikes.eu\/fr\/wp-json\/wp\/v2\/product_brand?post=3158"},{"taxonomy":"product_cat","embeddable":true,"href":"https:\/\/yubabikes.eu\/fr\/wp-json\/wp\/v2\/product_cat?post=3158"},{"taxonomy":"product_tag","embeddable":true,"href":"https:\/\/yubabikes.eu\/fr\/wp-json\/wp\/v2\/product_tag?post=3158"}],"curies":[{"name":"wp","href":"https:\/\/api.w.org\/{rel}","templated":true}]}}