{"id":3100,"date":"2024-10-10T14:24:00","date_gmt":"2024-10-10T14:24:00","guid":{"rendered":"https:\/\/yubabikes.eu\/product\/monkey-bars-tote\/"},"modified":"2026-03-28T12:07:22","modified_gmt":"2026-03-28T12:07:22","slug":"monkey-bars-tote","status":"publish","type":"product","link":"https:\/\/yubabikes.eu\/fr\/produit\/monkey-bars-tote\/","title":{"rendered":"Monkey Bars Tote"},"content":{"rendered":"","protected":false},"excerpt":{"rendered":"<p>Transformez rapidement vos Monkey Bars en un grand panier !<\/p>\n","protected":false},"featured_media":1755,"template":"","meta":{"_acf_changed":false,"om_disable_all_campaigns":false,"inline_featured_image":false},"product_brand":[],"product_cat":[159,160,165,162,163,164,161],"product_tag":[],"class_list":{"0":"post-3100","1":"product","2":"type-product","3":"status-publish","4":"has-post-thumbnail","6":"product_cat-add-ons-fr","7":"product_cat-add-ons-velos","8":"product_cat-boda-boda-fr","9":"product_cat-fastrack-fr","10":"product_cat-kombi-fr","11":"product_cat-mundo-fr","12":"product_cat-spicy-curry-fr","14":"first","15":"instock","16":"taxable","17":"shipping-taxable","18":"purchasable","19":"product-type-simple"},"acf":[],"yoast_head":"<!-- This site is optimized with the Yoast SEO plugin v26.6 - https:\/\/yoast.com\/wordpress\/plugins\/seo\/ -->\n<title>Monkey Bars Tote - Accessoire v\u00e9lo cargo Yuba<\/title>\n<meta name=\"description\" content=\"Transformez vos Monkey Bars en rangement suppl\u00e9mentaire avec le Monkey Bars Tote. Ce filet de 60L est polyvalent et facile \u00e0 installer, id\u00e9al pour rouler en solo.\" \/>\n<meta name=\"robots\" content=\"index, follow, max-snippet:-1, max-image-preview:large, max-video-preview:-1\" \/>\n<link rel=\"canonical\" href=\"https:\/\/yubabikes.eu\/fr\/produit\/monkey-bars-tote\/\" \/>\n<meta property=\"og:locale\" content=\"fr_FR\" \/>\n<meta property=\"og:type\" content=\"article\" \/>\n<meta property=\"og:title\" content=\"Monkey Bars Tote - Accessoire v\u00e9lo cargo Yuba\" \/>\n<meta property=\"og:description\" content=\"Transformez vos Monkey Bars en rangement suppl\u00e9mentaire avec le Monkey Bars Tote. Ce filet de 60L est polyvalent et facile \u00e0 installer, id\u00e9al pour rouler en solo.\" \/>\n<meta property=\"og:url\" content=\"https:\/\/yubabikes.eu\/fr\/produit\/monkey-bars-tote\/\" \/>\n<meta property=\"og:site_name\" content=\"Yubabikes\" \/>\n<meta property=\"article:modified_time\" content=\"2026-03-28T12:07:22+00:00\" \/>\n<meta property=\"og:image\" content=\"https:\/\/yubabikes.eu\/wp-content\/uploads\/2024\/10\/Monkey-Bars-Tote_YubaBikes_AddOns_Studio_Without_Background.png\" \/>\n\t<meta property=\"og:image:width\" content=\"1080\" \/>\n\t<meta property=\"og:image:height\" content=\"1080\" \/>\n\t<meta property=\"og:image:type\" content=\"image\/png\" \/>\n<meta name=\"twitter:card\" content=\"summary_large_image\" \/>\n<meta name=\"twitter:label1\" content=\"Dur\u00e9e de lecture estim\u00e9e\" \/>\n\t<meta name=\"twitter:data1\" content=\"1 minute\" \/>\n<script type=\"application\/ld+json\" class=\"yoast-schema-graph\">{\"@context\":\"https:\/\/schema.org\",\"@graph\":[{\"@type\":\"WebPage\",\"@id\":\"https:\/\/yubabikes.eu\/fr\/produit\/monkey-bars-tote\/\",\"url\":\"https:\/\/yubabikes.eu\/fr\/produit\/monkey-bars-tote\/\",\"name\":\"Monkey Bars Tote - Accessoire v\u00e9lo cargo Yuba\",\"isPartOf\":{\"@id\":\"https:\/\/yubabikes.eu\/fr\/#website\"},\"primaryImageOfPage\":{\"@id\":\"https:\/\/yubabikes.eu\/fr\/produit\/monkey-bars-tote\/#primaryimage\"},\"image\":{\"@id\":\"https:\/\/yubabikes.eu\/fr\/produit\/monkey-bars-tote\/#primaryimage\"},\"thumbnailUrl\":\"https:\/\/yubabikes.eu\/wp-content\/uploads\/2024\/10\/Monkey-Bars-Tote_YubaBikes_AddOns_Studio_Without_Background.png\",\"datePublished\":\"2024-10-10T14:24:00+00:00\",\"dateModified\":\"2026-03-28T12:07:22+00:00\",\"description\":\"Transformez vos Monkey Bars en rangement suppl\u00e9mentaire avec le Monkey Bars Tote. Ce filet de 60L est polyvalent et facile \u00e0 installer, id\u00e9al pour rouler en solo.\",\"breadcrumb\":{\"@id\":\"https:\/\/yubabikes.eu\/fr\/produit\/monkey-bars-tote\/#breadcrumb\"},\"inLanguage\":\"fr-FR\",\"potentialAction\":[{\"@type\":\"ReadAction\",\"target\":[\"https:\/\/yubabikes.eu\/fr\/produit\/monkey-bars-tote\/\"]}]},{\"@type\":\"ImageObject\",\"inLanguage\":\"fr-FR\",\"@id\":\"https:\/\/yubabikes.eu\/fr\/produit\/monkey-bars-tote\/#primaryimage\",\"url\":\"https:\/\/yubabikes.eu\/wp-content\/uploads\/2024\/10\/Monkey-Bars-Tote_YubaBikes_AddOns_Studio_Without_Background.png\",\"contentUrl\":\"https:\/\/yubabikes.eu\/wp-content\/uploads\/2024\/10\/Monkey-Bars-Tote_YubaBikes_AddOns_Studio_Without_Background.png\",\"width\":1080,\"height\":1080},{\"@type\":\"BreadcrumbList\",\"@id\":\"https:\/\/yubabikes.eu\/fr\/produit\/monkey-bars-tote\/#breadcrumb\",\"itemListElement\":[{\"@type\":\"ListItem\",\"position\":1,\"name\":\"Home\",\"item\":\"https:\/\/yubabikes.eu\/fr\/\"},{\"@type\":\"ListItem\",\"position\":2,\"name\":\"Boutique\",\"item\":\"https:\/\/yubabikes.eu\/fr\/boutique\/\"},{\"@type\":\"ListItem\",\"position\":3,\"name\":\"Monkey Bars Tote\"}]},{\"@type\":\"WebSite\",\"@id\":\"https:\/\/yubabikes.eu\/fr\/#website\",\"url\":\"https:\/\/yubabikes.eu\/fr\/\",\"name\":\"Yuba Cargo Bikes\",\"description\":\"Yuba - V\u00e9los cargo pour la famille et les professionnels\",\"alternateName\":\"Yuba Bikes\",\"potentialAction\":[{\"@type\":\"SearchAction\",\"target\":{\"@type\":\"EntryPoint\",\"urlTemplate\":\"https:\/\/yubabikes.eu\/fr\/?s={search_term_string}\"},\"query-input\":{\"@type\":\"PropertyValueSpecification\",\"valueRequired\":true,\"valueName\":\"search_term_string\"}}],\"inLanguage\":\"fr-FR\"}]}<\/script>\n<!-- \/ Yoast SEO plugin. -->","yoast_head_json":{"title":"Monkey Bars Tote - Accessoire v\u00e9lo cargo Yuba","description":"Transformez vos Monkey Bars en rangement suppl\u00e9mentaire avec le Monkey Bars Tote. Ce filet de 60L est polyvalent et facile \u00e0 installer, id\u00e9al pour rouler en solo.","robots":{"index":"index","follow":"follow","max-snippet":"max-snippet:-1","max-image-preview":"max-image-preview:large","max-video-preview":"max-video-preview:-1"},"canonical":"https:\/\/yubabikes.eu\/fr\/produit\/monkey-bars-tote\/","og_locale":"fr_FR","og_type":"article","og_title":"Monkey Bars Tote - Accessoire v\u00e9lo cargo Yuba","og_description":"Transformez vos Monkey Bars en rangement suppl\u00e9mentaire avec le Monkey Bars Tote. Ce filet de 60L est polyvalent et facile \u00e0 installer, id\u00e9al pour rouler en solo.","og_url":"https:\/\/yubabikes.eu\/fr\/produit\/monkey-bars-tote\/","og_site_name":"Yubabikes","article_modified_time":"2026-03-28T12:07:22+00:00","og_image":[{"width":1080,"height":1080,"url":"https:\/\/yubabikes.eu\/wp-content\/uploads\/2024\/10\/Monkey-Bars-Tote_YubaBikes_AddOns_Studio_Without_Background.png","type":"image\/png"}],"twitter_card":"summary_large_image","twitter_misc":{"Dur\u00e9e de lecture estim\u00e9e":"1 minute"},"schema":{"@context":"https:\/\/schema.org","@graph":[{"@type":"WebPage","@id":"https:\/\/yubabikes.eu\/fr\/produit\/monkey-bars-tote\/","url":"https:\/\/yubabikes.eu\/fr\/produit\/monkey-bars-tote\/","name":"Monkey Bars Tote - Accessoire v\u00e9lo cargo Yuba","isPartOf":{"@id":"https:\/\/yubabikes.eu\/fr\/#website"},"primaryImageOfPage":{"@id":"https:\/\/yubabikes.eu\/fr\/produit\/monkey-bars-tote\/#primaryimage"},"image":{"@id":"https:\/\/yubabikes.eu\/fr\/produit\/monkey-bars-tote\/#primaryimage"},"thumbnailUrl":"https:\/\/yubabikes.eu\/wp-content\/uploads\/2024\/10\/Monkey-Bars-Tote_YubaBikes_AddOns_Studio_Without_Background.png","datePublished":"2024-10-10T14:24:00+00:00","dateModified":"2026-03-28T12:07:22+00:00","description":"Transformez vos Monkey Bars en rangement suppl\u00e9mentaire avec le Monkey Bars Tote. Ce filet de 60L est polyvalent et facile \u00e0 installer, id\u00e9al pour rouler en solo.","breadcrumb":{"@id":"https:\/\/yubabikes.eu\/fr\/produit\/monkey-bars-tote\/#breadcrumb"},"inLanguage":"fr-FR","potentialAction":[{"@type":"ReadAction","target":["https:\/\/yubabikes.eu\/fr\/produit\/monkey-bars-tote\/"]}]},{"@type":"ImageObject","inLanguage":"fr-FR","@id":"https:\/\/yubabikes.eu\/fr\/produit\/monkey-bars-tote\/#primaryimage","url":"https:\/\/yubabikes.eu\/wp-content\/uploads\/2024\/10\/Monkey-Bars-Tote_YubaBikes_AddOns_Studio_Without_Background.png","contentUrl":"https:\/\/yubabikes.eu\/wp-content\/uploads\/2024\/10\/Monkey-Bars-Tote_YubaBikes_AddOns_Studio_Without_Background.png","width":1080,"height":1080},{"@type":"BreadcrumbList","@id":"https:\/\/yubabikes.eu\/fr\/produit\/monkey-bars-tote\/#breadcrumb","itemListElement":[{"@type":"ListItem","position":1,"name":"Home","item":"https:\/\/yubabikes.eu\/fr\/"},{"@type":"ListItem","position":2,"name":"Boutique","item":"https:\/\/yubabikes.eu\/fr\/boutique\/"},{"@type":"ListItem","position":3,"name":"Monkey Bars Tote"}]},{"@type":"WebSite","@id":"https:\/\/yubabikes.eu\/fr\/#website","url":"https:\/\/yubabikes.eu\/fr\/","name":"Yuba Cargo Bikes","description":"Yuba - V\u00e9los cargo pour la famille et les professionnels","alternateName":"Yuba Bikes","potentialAction":[{"@type":"SearchAction","target":{"@type":"EntryPoint","urlTemplate":"https:\/\/yubabikes.eu\/fr\/?s={search_term_string}"},"query-input":{"@type":"PropertyValueSpecification","valueRequired":true,"valueName":"search_term_string"}}],"inLanguage":"fr-FR"}]}},"_links":{"self":[{"href":"https:\/\/yubabikes.eu\/fr\/wp-json\/wp\/v2\/product\/3100","targetHints":{"allow":["GET"]}}],"collection":[{"href":"https:\/\/yubabikes.eu\/fr\/wp-json\/wp\/v2\/product"}],"about":[{"href":"https:\/\/yubabikes.eu\/fr\/wp-json\/wp\/v2\/types\/product"}],"wp:featuredmedia":[{"embeddable":true,"href":"https:\/\/yubabikes.eu\/fr\/wp-json\/wp\/v2\/media\/1755"}],"wp:attachment":[{"href":"https:\/\/yubabikes.eu\/fr\/wp-json\/wp\/v2\/media?parent=3100"}],"wp:term":[{"taxonomy":"product_brand","embeddable":true,"href":"https:\/\/yubabikes.eu\/fr\/wp-json\/wp\/v2\/product_brand?post=3100"},{"taxonomy":"product_cat","embeddable":true,"href":"https:\/\/yubabikes.eu\/fr\/wp-json\/wp\/v2\/product_cat?post=3100"},{"taxonomy":"product_tag","embeddable":true,"href":"https:\/\/yubabikes.eu\/fr\/wp-json\/wp\/v2\/product_tag?post=3100"}],"curies":[{"name":"wp","href":"https:\/\/api.w.org\/{rel}","templated":true}]}}