{"id":3078,"date":"2024-10-10T09:08:00","date_gmt":"2024-10-10T09:08:00","guid":{"rendered":"https:\/\/yubabikes.eu\/product\/2-go-bag\/"},"modified":"2026-02-04T21:12:30","modified_gmt":"2026-02-04T21:12:30","slug":"2-go-bag","status":"publish","type":"product","link":"https:\/\/yubabikes.eu\/fr\/produit\/2-go-bag\/","title":{"rendered":"2-Go Bag"},"content":{"rendered":"","protected":false},"excerpt":{"rendered":"<p>Syst\u00e8me de chargement multifonction pour le Spicy Curry ou le Kombi.<\/p>\n","protected":false},"featured_media":118290,"template":"","meta":{"_acf_changed":false,"om_disable_all_campaigns":false,"inline_featured_image":false},"product_brand":[],"product_cat":[159,160,161],"product_tag":[],"class_list":{"0":"post-3078","1":"product","2":"type-product","3":"status-publish","4":"has-post-thumbnail","6":"product_cat-add-ons-fr","7":"product_cat-add-ons-velos","8":"product_cat-spicy-curry-fr","10":"first","11":"instock","12":"taxable","13":"shipping-taxable","14":"purchasable","15":"product-type-simple"},"acf":[],"yoast_head":"<!-- This site is optimized with the Yoast SEO plugin v26.6 - https:\/\/yoast.com\/wordpress\/plugins\/seo\/ -->\n<title>2-Go Bag - Accessoire v\u00e9lo cargo Yuba<\/title>\n<meta name=\"description\" content=\"Optimisez le transport sur votre v\u00e9lo cargo avec le syst\u00e8me 2-Go Bag, une solution multifonction pour s\u00e9curiser et prot\u00e9ger vos chargements. Id\u00e9al pour le Spicy Curry et le Kombi !\" \/>\n<meta name=\"robots\" content=\"index, follow, max-snippet:-1, max-image-preview:large, max-video-preview:-1\" \/>\n<link rel=\"canonical\" href=\"https:\/\/yubabikes.eu\/fr\/produit\/2-go-bag\/\" \/>\n<meta property=\"og:locale\" content=\"fr_FR\" \/>\n<meta property=\"og:type\" content=\"article\" \/>\n<meta property=\"og:title\" content=\"2-Go Bag - Accessoire v\u00e9lo cargo Yuba\" \/>\n<meta property=\"og:description\" content=\"Optimisez le transport sur votre v\u00e9lo cargo avec le syst\u00e8me 2-Go Bag, une solution multifonction pour s\u00e9curiser et prot\u00e9ger vos chargements. Id\u00e9al pour le Spicy Curry et le Kombi !\" \/>\n<meta property=\"og:url\" content=\"https:\/\/yubabikes.eu\/fr\/produit\/2-go-bag\/\" \/>\n<meta property=\"og:site_name\" content=\"Yubabikes\" \/>\n<meta property=\"article:modified_time\" content=\"2026-02-04T21:12:30+00:00\" \/>\n<meta property=\"og:image\" content=\"https:\/\/yubabikes.eu\/wp-content\/uploads\/2025\/04\/Yuba_bikes_add_ons_2-go-on_bike_HD.png\" \/>\n\t<meta property=\"og:image:width\" content=\"1000\" \/>\n\t<meta property=\"og:image:height\" content=\"999\" \/>\n\t<meta property=\"og:image:type\" content=\"image\/png\" \/>\n<meta name=\"twitter:card\" content=\"summary_large_image\" \/>\n<meta name=\"twitter:label1\" content=\"Dur\u00e9e de lecture estim\u00e9e\" \/>\n\t<meta name=\"twitter:data1\" content=\"1 minute\" \/>\n<script type=\"application\/ld+json\" class=\"yoast-schema-graph\">{\"@context\":\"https:\/\/schema.org\",\"@graph\":[{\"@type\":\"WebPage\",\"@id\":\"https:\/\/yubabikes.eu\/fr\/produit\/2-go-bag\/\",\"url\":\"https:\/\/yubabikes.eu\/fr\/produit\/2-go-bag\/\",\"name\":\"2-Go Bag - Accessoire v\u00e9lo cargo Yuba\",\"isPartOf\":{\"@id\":\"https:\/\/yubabikes.eu\/fr\/#website\"},\"primaryImageOfPage\":{\"@id\":\"https:\/\/yubabikes.eu\/fr\/produit\/2-go-bag\/#primaryimage\"},\"image\":{\"@id\":\"https:\/\/yubabikes.eu\/fr\/produit\/2-go-bag\/#primaryimage\"},\"thumbnailUrl\":\"https:\/\/yubabikes.eu\/wp-content\/uploads\/2024\/10\/Yuba_bikes_add_ons_2-go-on_bike_HD-1.png\",\"datePublished\":\"2024-10-10T09:08:00+00:00\",\"dateModified\":\"2026-02-04T21:12:30+00:00\",\"description\":\"Optimisez le transport sur votre v\u00e9lo cargo avec le syst\u00e8me 2-Go Bag, une solution multifonction pour s\u00e9curiser et prot\u00e9ger vos chargements. Id\u00e9al pour le Spicy Curry et le Kombi !\",\"breadcrumb\":{\"@id\":\"https:\/\/yubabikes.eu\/fr\/produit\/2-go-bag\/#breadcrumb\"},\"inLanguage\":\"fr-FR\",\"potentialAction\":[{\"@type\":\"ReadAction\",\"target\":[\"https:\/\/yubabikes.eu\/fr\/produit\/2-go-bag\/\"]}]},{\"@type\":\"ImageObject\",\"inLanguage\":\"fr-FR\",\"@id\":\"https:\/\/yubabikes.eu\/fr\/produit\/2-go-bag\/#primaryimage\",\"url\":\"https:\/\/yubabikes.eu\/wp-content\/uploads\/2024\/10\/Yuba_bikes_add_ons_2-go-on_bike_HD-1.png\",\"contentUrl\":\"https:\/\/yubabikes.eu\/wp-content\/uploads\/2024\/10\/Yuba_bikes_add_ons_2-go-on_bike_HD-1.png\",\"width\":1300,\"height\":1299},{\"@type\":\"BreadcrumbList\",\"@id\":\"https:\/\/yubabikes.eu\/fr\/produit\/2-go-bag\/#breadcrumb\",\"itemListElement\":[{\"@type\":\"ListItem\",\"position\":1,\"name\":\"Home\",\"item\":\"https:\/\/yubabikes.eu\/fr\/\"},{\"@type\":\"ListItem\",\"position\":2,\"name\":\"Boutique\",\"item\":\"https:\/\/yubabikes.eu\/fr\/boutique\/\"},{\"@type\":\"ListItem\",\"position\":3,\"name\":\"2-Go Bag\"}]},{\"@type\":\"WebSite\",\"@id\":\"https:\/\/yubabikes.eu\/fr\/#website\",\"url\":\"https:\/\/yubabikes.eu\/fr\/\",\"name\":\"Yuba Cargo Bikes\",\"description\":\"Yuba - V\u00e9los cargo pour la famille et les professionnels\",\"alternateName\":\"Yuba Bikes\",\"potentialAction\":[{\"@type\":\"SearchAction\",\"target\":{\"@type\":\"EntryPoint\",\"urlTemplate\":\"https:\/\/yubabikes.eu\/fr\/?s={search_term_string}\"},\"query-input\":{\"@type\":\"PropertyValueSpecification\",\"valueRequired\":true,\"valueName\":\"search_term_string\"}}],\"inLanguage\":\"fr-FR\"}]}<\/script>\n<!-- \/ Yoast SEO plugin. -->","yoast_head_json":{"title":"2-Go Bag - Accessoire v\u00e9lo cargo Yuba","description":"Optimisez le transport sur votre v\u00e9lo cargo avec le syst\u00e8me 2-Go Bag, une solution multifonction pour s\u00e9curiser et prot\u00e9ger vos chargements. Id\u00e9al pour le Spicy Curry et le Kombi !","robots":{"index":"index","follow":"follow","max-snippet":"max-snippet:-1","max-image-preview":"max-image-preview:large","max-video-preview":"max-video-preview:-1"},"canonical":"https:\/\/yubabikes.eu\/fr\/produit\/2-go-bag\/","og_locale":"fr_FR","og_type":"article","og_title":"2-Go Bag - Accessoire v\u00e9lo cargo Yuba","og_description":"Optimisez le transport sur votre v\u00e9lo cargo avec le syst\u00e8me 2-Go Bag, une solution multifonction pour s\u00e9curiser et prot\u00e9ger vos chargements. Id\u00e9al pour le Spicy Curry et le Kombi !","og_url":"https:\/\/yubabikes.eu\/fr\/produit\/2-go-bag\/","og_site_name":"Yubabikes","article_modified_time":"2026-02-04T21:12:30+00:00","og_image":[{"width":1000,"height":999,"url":"https:\/\/yubabikes.eu\/wp-content\/uploads\/2025\/04\/Yuba_bikes_add_ons_2-go-on_bike_HD.png","type":"image\/png"}],"twitter_card":"summary_large_image","twitter_misc":{"Dur\u00e9e de lecture estim\u00e9e":"1 minute"},"schema":{"@context":"https:\/\/schema.org","@graph":[{"@type":"WebPage","@id":"https:\/\/yubabikes.eu\/fr\/produit\/2-go-bag\/","url":"https:\/\/yubabikes.eu\/fr\/produit\/2-go-bag\/","name":"2-Go Bag - Accessoire v\u00e9lo cargo Yuba","isPartOf":{"@id":"https:\/\/yubabikes.eu\/fr\/#website"},"primaryImageOfPage":{"@id":"https:\/\/yubabikes.eu\/fr\/produit\/2-go-bag\/#primaryimage"},"image":{"@id":"https:\/\/yubabikes.eu\/fr\/produit\/2-go-bag\/#primaryimage"},"thumbnailUrl":"https:\/\/yubabikes.eu\/wp-content\/uploads\/2024\/10\/Yuba_bikes_add_ons_2-go-on_bike_HD-1.png","datePublished":"2024-10-10T09:08:00+00:00","dateModified":"2026-02-04T21:12:30+00:00","description":"Optimisez le transport sur votre v\u00e9lo cargo avec le syst\u00e8me 2-Go Bag, une solution multifonction pour s\u00e9curiser et prot\u00e9ger vos chargements. Id\u00e9al pour le Spicy Curry et le Kombi !","breadcrumb":{"@id":"https:\/\/yubabikes.eu\/fr\/produit\/2-go-bag\/#breadcrumb"},"inLanguage":"fr-FR","potentialAction":[{"@type":"ReadAction","target":["https:\/\/yubabikes.eu\/fr\/produit\/2-go-bag\/"]}]},{"@type":"ImageObject","inLanguage":"fr-FR","@id":"https:\/\/yubabikes.eu\/fr\/produit\/2-go-bag\/#primaryimage","url":"https:\/\/yubabikes.eu\/wp-content\/uploads\/2024\/10\/Yuba_bikes_add_ons_2-go-on_bike_HD-1.png","contentUrl":"https:\/\/yubabikes.eu\/wp-content\/uploads\/2024\/10\/Yuba_bikes_add_ons_2-go-on_bike_HD-1.png","width":1300,"height":1299},{"@type":"BreadcrumbList","@id":"https:\/\/yubabikes.eu\/fr\/produit\/2-go-bag\/#breadcrumb","itemListElement":[{"@type":"ListItem","position":1,"name":"Home","item":"https:\/\/yubabikes.eu\/fr\/"},{"@type":"ListItem","position":2,"name":"Boutique","item":"https:\/\/yubabikes.eu\/fr\/boutique\/"},{"@type":"ListItem","position":3,"name":"2-Go Bag"}]},{"@type":"WebSite","@id":"https:\/\/yubabikes.eu\/fr\/#website","url":"https:\/\/yubabikes.eu\/fr\/","name":"Yuba Cargo Bikes","description":"Yuba - V\u00e9los cargo pour la famille et les professionnels","alternateName":"Yuba Bikes","potentialAction":[{"@type":"SearchAction","target":{"@type":"EntryPoint","urlTemplate":"https:\/\/yubabikes.eu\/fr\/?s={search_term_string}"},"query-input":{"@type":"PropertyValueSpecification","valueRequired":true,"valueName":"search_term_string"}}],"inLanguage":"fr-FR"}]}},"_links":{"self":[{"href":"https:\/\/yubabikes.eu\/fr\/wp-json\/wp\/v2\/product\/3078","targetHints":{"allow":["GET"]}}],"collection":[{"href":"https:\/\/yubabikes.eu\/fr\/wp-json\/wp\/v2\/product"}],"about":[{"href":"https:\/\/yubabikes.eu\/fr\/wp-json\/wp\/v2\/types\/product"}],"wp:featuredmedia":[{"embeddable":true,"href":"https:\/\/yubabikes.eu\/fr\/wp-json\/wp\/v2\/media\/118290"}],"wp:attachment":[{"href":"https:\/\/yubabikes.eu\/fr\/wp-json\/wp\/v2\/media?parent=3078"}],"wp:term":[{"taxonomy":"product_brand","embeddable":true,"href":"https:\/\/yubabikes.eu\/fr\/wp-json\/wp\/v2\/product_brand?post=3078"},{"taxonomy":"product_cat","embeddable":true,"href":"https:\/\/yubabikes.eu\/fr\/wp-json\/wp\/v2\/product_cat?post=3078"},{"taxonomy":"product_tag","embeddable":true,"href":"https:\/\/yubabikes.eu\/fr\/wp-json\/wp\/v2\/product_tag?post=3078"}],"curies":[{"name":"wp","href":"https:\/\/api.w.org\/{rel}","templated":true}]}}