{"id":127164,"date":"2026-05-13T08:45:16","date_gmt":"2026-05-13T08:45:16","guid":{"rendered":"https:\/\/yubabikes.eu\/product\/longtail-cover\/"},"modified":"2026-05-15T10:19:41","modified_gmt":"2026-05-15T10:19:41","slug":"longtail-cover","status":"publish","type":"product","link":"https:\/\/yubabikes.eu\/fr\/produit\/longtail-cover\/","title":{"rendered":"Longtail Cover"},"content":{"rendered":"","protected":false},"excerpt":{"rendered":"<p>Housse haute protection imperm\u00e9able : gardez votre v\u00e9lo cargo \u00e0 l\u2019abri des intemp\u00e9ries et des regards indiscrets.<\/p>\n","protected":false},"featured_media":127155,"template":"","meta":{"_acf_changed":false,"om_disable_all_campaigns":false,"inline_featured_image":false},"product_brand":[],"product_cat":[159,160,165,162,163,164,161,407],"product_tag":[],"class_list":{"0":"post-127164","1":"product","2":"type-product","3":"status-publish","4":"has-post-thumbnail","6":"product_cat-add-ons-fr","7":"product_cat-add-ons-velos","8":"product_cat-boda-boda-fr","9":"product_cat-fastrack-fr","10":"product_cat-kombi-fr","11":"product_cat-mundo-fr","12":"product_cat-spicy-curry-fr","13":"product_cat-mini-boda-boda","15":"first","16":"instock","17":"taxable","18":"shipping-taxable","19":"purchasable","20":"product-type-simple"},"acf":[],"yoast_head":"<!-- This site is optimized with the Yoast SEO plugin v26.6 - https:\/\/yoast.com\/wordpress\/plugins\/seo\/ -->\n<title>Longtail Cover Yuba | Housse de Protection V\u00e9lo Cargo<\/title>\n<meta name=\"description\" content=\"Prot\u00e9gez votre cargo Yuba de la pluie, des UV et du vol. Une housse robuste, compatible avec vos accessoires et facile \u00e0 ranger. Gardez l&#039;esprit tranquille !\" \/>\n<meta name=\"robots\" content=\"index, follow, max-snippet:-1, max-image-preview:large, max-video-preview:-1\" \/>\n<link rel=\"canonical\" href=\"https:\/\/yubabikes.eu\/fr\/produit\/longtail-cover\/\" \/>\n<meta property=\"og:locale\" content=\"fr_FR\" \/>\n<meta property=\"og:type\" content=\"article\" \/>\n<meta property=\"og:title\" content=\"Longtail Cover Yuba | Housse de Protection V\u00e9lo Cargo\" \/>\n<meta property=\"og:description\" content=\"Prot\u00e9gez votre cargo Yuba de la pluie, des UV et du vol. Une housse robuste, compatible avec vos accessoires et facile \u00e0 ranger. Gardez l&#039;esprit tranquille !\" \/>\n<meta property=\"og:url\" content=\"https:\/\/yubabikes.eu\/fr\/produit\/longtail-cover\/\" \/>\n<meta property=\"og:site_name\" content=\"Yubabikes\" \/>\n<meta property=\"article:modified_time\" content=\"2026-05-15T10:19:41+00:00\" \/>\n<meta property=\"og:image\" content=\"https:\/\/yubabikes.eu\/wp-content\/uploads\/2026\/05\/Yuba_bikes_add-ons_longtail_cover-1.png\" \/>\n\t<meta property=\"og:image:width\" content=\"1080\" \/>\n\t<meta property=\"og:image:height\" content=\"1080\" \/>\n\t<meta property=\"og:image:type\" content=\"image\/png\" \/>\n<meta name=\"twitter:card\" content=\"summary_large_image\" \/>\n<meta name=\"twitter:label1\" content=\"Dur\u00e9e de lecture estim\u00e9e\" \/>\n\t<meta name=\"twitter:data1\" content=\"1 minute\" \/>\n<script type=\"application\/ld+json\" class=\"yoast-schema-graph\">{\"@context\":\"https:\/\/schema.org\",\"@graph\":[{\"@type\":\"WebPage\",\"@id\":\"https:\/\/yubabikes.eu\/fr\/produit\/longtail-cover\/\",\"url\":\"https:\/\/yubabikes.eu\/fr\/produit\/longtail-cover\/\",\"name\":\"Longtail Cover Yuba | Housse de Protection V\u00e9lo Cargo\",\"isPartOf\":{\"@id\":\"https:\/\/yubabikes.eu\/fr\/#website\"},\"primaryImageOfPage\":{\"@id\":\"https:\/\/yubabikes.eu\/fr\/produit\/longtail-cover\/#primaryimage\"},\"image\":{\"@id\":\"https:\/\/yubabikes.eu\/fr\/produit\/longtail-cover\/#primaryimage\"},\"thumbnailUrl\":\"https:\/\/yubabikes.eu\/wp-content\/uploads\/2026\/05\/Yuba_bikes_add-ons_longtail_cover-1.png\",\"datePublished\":\"2026-05-13T08:45:16+00:00\",\"dateModified\":\"2026-05-15T10:19:41+00:00\",\"description\":\"Prot\u00e9gez votre cargo Yuba de la pluie, des UV et du vol. Une housse robuste, compatible avec vos accessoires et facile \u00e0 ranger. Gardez l'esprit tranquille !\",\"breadcrumb\":{\"@id\":\"https:\/\/yubabikes.eu\/fr\/produit\/longtail-cover\/#breadcrumb\"},\"inLanguage\":\"fr-FR\",\"potentialAction\":[{\"@type\":\"ReadAction\",\"target\":[\"https:\/\/yubabikes.eu\/fr\/produit\/longtail-cover\/\"]}]},{\"@type\":\"ImageObject\",\"inLanguage\":\"fr-FR\",\"@id\":\"https:\/\/yubabikes.eu\/fr\/produit\/longtail-cover\/#primaryimage\",\"url\":\"https:\/\/yubabikes.eu\/wp-content\/uploads\/2026\/05\/Yuba_bikes_add-ons_longtail_cover-1.png\",\"contentUrl\":\"https:\/\/yubabikes.eu\/wp-content\/uploads\/2026\/05\/Yuba_bikes_add-ons_longtail_cover-1.png\",\"width\":1080,\"height\":1080},{\"@type\":\"BreadcrumbList\",\"@id\":\"https:\/\/yubabikes.eu\/fr\/produit\/longtail-cover\/#breadcrumb\",\"itemListElement\":[{\"@type\":\"ListItem\",\"position\":1,\"name\":\"Home\",\"item\":\"https:\/\/yubabikes.eu\/fr\/\"},{\"@type\":\"ListItem\",\"position\":2,\"name\":\"Boutique\",\"item\":\"https:\/\/yubabikes.eu\/fr\/boutique\/\"},{\"@type\":\"ListItem\",\"position\":3,\"name\":\"Longtail Cover\"}]},{\"@type\":\"WebSite\",\"@id\":\"https:\/\/yubabikes.eu\/fr\/#website\",\"url\":\"https:\/\/yubabikes.eu\/fr\/\",\"name\":\"Yuba Cargo Bikes\",\"description\":\"Yuba - V\u00e9los cargo pour la famille et les professionnels\",\"alternateName\":\"Yuba Bikes\",\"potentialAction\":[{\"@type\":\"SearchAction\",\"target\":{\"@type\":\"EntryPoint\",\"urlTemplate\":\"https:\/\/yubabikes.eu\/fr\/?s={search_term_string}\"},\"query-input\":{\"@type\":\"PropertyValueSpecification\",\"valueRequired\":true,\"valueName\":\"search_term_string\"}}],\"inLanguage\":\"fr-FR\"}]}<\/script>\n<!-- \/ Yoast SEO plugin. -->","yoast_head_json":{"title":"Longtail Cover Yuba | Housse de Protection V\u00e9lo Cargo","description":"Prot\u00e9gez votre cargo Yuba de la pluie, des UV et du vol. Une housse robuste, compatible avec vos accessoires et facile \u00e0 ranger. Gardez l'esprit tranquille !","robots":{"index":"index","follow":"follow","max-snippet":"max-snippet:-1","max-image-preview":"max-image-preview:large","max-video-preview":"max-video-preview:-1"},"canonical":"https:\/\/yubabikes.eu\/fr\/produit\/longtail-cover\/","og_locale":"fr_FR","og_type":"article","og_title":"Longtail Cover Yuba | Housse de Protection V\u00e9lo Cargo","og_description":"Prot\u00e9gez votre cargo Yuba de la pluie, des UV et du vol. Une housse robuste, compatible avec vos accessoires et facile \u00e0 ranger. Gardez l'esprit tranquille !","og_url":"https:\/\/yubabikes.eu\/fr\/produit\/longtail-cover\/","og_site_name":"Yubabikes","article_modified_time":"2026-05-15T10:19:41+00:00","og_image":[{"width":1080,"height":1080,"url":"https:\/\/yubabikes.eu\/wp-content\/uploads\/2026\/05\/Yuba_bikes_add-ons_longtail_cover-1.png","type":"image\/png"}],"twitter_card":"summary_large_image","twitter_misc":{"Dur\u00e9e de lecture estim\u00e9e":"1 minute"},"schema":{"@context":"https:\/\/schema.org","@graph":[{"@type":"WebPage","@id":"https:\/\/yubabikes.eu\/fr\/produit\/longtail-cover\/","url":"https:\/\/yubabikes.eu\/fr\/produit\/longtail-cover\/","name":"Longtail Cover Yuba | Housse de Protection V\u00e9lo Cargo","isPartOf":{"@id":"https:\/\/yubabikes.eu\/fr\/#website"},"primaryImageOfPage":{"@id":"https:\/\/yubabikes.eu\/fr\/produit\/longtail-cover\/#primaryimage"},"image":{"@id":"https:\/\/yubabikes.eu\/fr\/produit\/longtail-cover\/#primaryimage"},"thumbnailUrl":"https:\/\/yubabikes.eu\/wp-content\/uploads\/2026\/05\/Yuba_bikes_add-ons_longtail_cover-1.png","datePublished":"2026-05-13T08:45:16+00:00","dateModified":"2026-05-15T10:19:41+00:00","description":"Prot\u00e9gez votre cargo Yuba de la pluie, des UV et du vol. Une housse robuste, compatible avec vos accessoires et facile \u00e0 ranger. Gardez l'esprit tranquille !","breadcrumb":{"@id":"https:\/\/yubabikes.eu\/fr\/produit\/longtail-cover\/#breadcrumb"},"inLanguage":"fr-FR","potentialAction":[{"@type":"ReadAction","target":["https:\/\/yubabikes.eu\/fr\/produit\/longtail-cover\/"]}]},{"@type":"ImageObject","inLanguage":"fr-FR","@id":"https:\/\/yubabikes.eu\/fr\/produit\/longtail-cover\/#primaryimage","url":"https:\/\/yubabikes.eu\/wp-content\/uploads\/2026\/05\/Yuba_bikes_add-ons_longtail_cover-1.png","contentUrl":"https:\/\/yubabikes.eu\/wp-content\/uploads\/2026\/05\/Yuba_bikes_add-ons_longtail_cover-1.png","width":1080,"height":1080},{"@type":"BreadcrumbList","@id":"https:\/\/yubabikes.eu\/fr\/produit\/longtail-cover\/#breadcrumb","itemListElement":[{"@type":"ListItem","position":1,"name":"Home","item":"https:\/\/yubabikes.eu\/fr\/"},{"@type":"ListItem","position":2,"name":"Boutique","item":"https:\/\/yubabikes.eu\/fr\/boutique\/"},{"@type":"ListItem","position":3,"name":"Longtail Cover"}]},{"@type":"WebSite","@id":"https:\/\/yubabikes.eu\/fr\/#website","url":"https:\/\/yubabikes.eu\/fr\/","name":"Yuba Cargo Bikes","description":"Yuba - V\u00e9los cargo pour la famille et les professionnels","alternateName":"Yuba Bikes","potentialAction":[{"@type":"SearchAction","target":{"@type":"EntryPoint","urlTemplate":"https:\/\/yubabikes.eu\/fr\/?s={search_term_string}"},"query-input":{"@type":"PropertyValueSpecification","valueRequired":true,"valueName":"search_term_string"}}],"inLanguage":"fr-FR"}]}},"_links":{"self":[{"href":"https:\/\/yubabikes.eu\/fr\/wp-json\/wp\/v2\/product\/127164","targetHints":{"allow":["GET"]}}],"collection":[{"href":"https:\/\/yubabikes.eu\/fr\/wp-json\/wp\/v2\/product"}],"about":[{"href":"https:\/\/yubabikes.eu\/fr\/wp-json\/wp\/v2\/types\/product"}],"wp:featuredmedia":[{"embeddable":true,"href":"https:\/\/yubabikes.eu\/fr\/wp-json\/wp\/v2\/media\/127155"}],"wp:attachment":[{"href":"https:\/\/yubabikes.eu\/fr\/wp-json\/wp\/v2\/media?parent=127164"}],"wp:term":[{"taxonomy":"product_brand","embeddable":true,"href":"https:\/\/yubabikes.eu\/fr\/wp-json\/wp\/v2\/product_brand?post=127164"},{"taxonomy":"product_cat","embeddable":true,"href":"https:\/\/yubabikes.eu\/fr\/wp-json\/wp\/v2\/product_cat?post=127164"},{"taxonomy":"product_tag","embeddable":true,"href":"https:\/\/yubabikes.eu\/fr\/wp-json\/wp\/v2\/product_tag?post=127164"}],"curies":[{"name":"wp","href":"https:\/\/api.w.org\/{rel}","templated":true}]}}