{"id":127163,"date":"2026-05-13T08:39:26","date_gmt":"2026-05-13T08:39:26","guid":{"rendered":"https:\/\/yubabikes.eu\/product\/monkey-hitch\/"},"modified":"2026-05-15T10:21:09","modified_gmt":"2026-05-15T10:21:09","slug":"monkey-hitch","status":"publish","type":"product","link":"https:\/\/yubabikes.eu\/fr\/produit\/monkey-hitch\/","title":{"rendered":"Monkey Hitch"},"content":{"rendered":"","protected":false},"excerpt":{"rendered":"<p>Le syst\u00e8me ing\u00e9nieux pour transporter des v\u00e9los enfants et passer du mode p\u00e9dalage au mode cargo en un clin d\u2019\u0153il.<\/p>\n","protected":false},"featured_media":127098,"template":"","meta":{"_acf_changed":false,"om_disable_all_campaigns":false,"inline_featured_image":false},"product_brand":[],"product_cat":[165,162,163,164,161],"product_tag":[],"class_list":{"0":"post-127163","1":"product","2":"type-product","3":"status-publish","4":"has-post-thumbnail","6":"product_cat-boda-boda-fr","7":"product_cat-fastrack-fr","8":"product_cat-kombi-fr","9":"product_cat-mundo-fr","10":"product_cat-spicy-curry-fr","12":"first","13":"instock","14":"taxable","15":"shipping-taxable","16":"purchasable","17":"product-type-simple"},"acf":[],"yoast_head":"<!-- This site is optimized with the Yoast SEO plugin v26.6 - https:\/\/yoast.com\/wordpress\/plugins\/seo\/ -->\n<title>Monkey Hitch | Support v\u00e9lo enfant pour v\u00e9lo cargo<\/title>\n<meta name=\"description\" content=\"Accrochez le v\u00e9lo de votre enfant \u00e0 votre cargo en un clin d\u2019\u0153il. Simple, rapide et sans outils. La solution id\u00e9ale pour les petites jambes fatigu\u00e9es !\" \/>\n<meta name=\"robots\" content=\"index, follow, max-snippet:-1, max-image-preview:large, max-video-preview:-1\" \/>\n<link rel=\"canonical\" href=\"https:\/\/yubabikes.eu\/fr\/produit\/monkey-hitch\/\" \/>\n<meta property=\"og:locale\" content=\"fr_FR\" \/>\n<meta property=\"og:type\" content=\"article\" \/>\n<meta property=\"og:title\" content=\"Monkey Hitch | Support v\u00e9lo enfant pour v\u00e9lo cargo\" \/>\n<meta property=\"og:description\" content=\"Accrochez le v\u00e9lo de votre enfant \u00e0 votre cargo en un clin d\u2019\u0153il. Simple, rapide et sans outils. La solution id\u00e9ale pour les petites jambes fatigu\u00e9es !\" \/>\n<meta property=\"og:url\" content=\"https:\/\/yubabikes.eu\/fr\/produit\/monkey-hitch\/\" \/>\n<meta property=\"og:site_name\" content=\"Yubabikes\" \/>\n<meta property=\"article:modified_time\" content=\"2026-05-15T10:21:09+00:00\" \/>\n<meta property=\"og:image\" content=\"https:\/\/yubabikes.eu\/wp-content\/uploads\/2026\/05\/Yuba_bikes_add-ons_Monkey_Hitch-1.png\" \/>\n\t<meta property=\"og:image:width\" content=\"1080\" \/>\n\t<meta property=\"og:image:height\" content=\"1080\" \/>\n\t<meta property=\"og:image:type\" content=\"image\/png\" \/>\n<meta name=\"twitter:card\" content=\"summary_large_image\" \/>\n<meta name=\"twitter:label1\" content=\"Dur\u00e9e de lecture estim\u00e9e\" \/>\n\t<meta name=\"twitter:data1\" content=\"1 minute\" \/>\n<script type=\"application\/ld+json\" class=\"yoast-schema-graph\">{\"@context\":\"https:\/\/schema.org\",\"@graph\":[{\"@type\":\"WebPage\",\"@id\":\"https:\/\/yubabikes.eu\/fr\/produit\/monkey-hitch\/\",\"url\":\"https:\/\/yubabikes.eu\/fr\/produit\/monkey-hitch\/\",\"name\":\"Monkey Hitch | Support v\u00e9lo enfant pour v\u00e9lo cargo\",\"isPartOf\":{\"@id\":\"https:\/\/yubabikes.eu\/fr\/#website\"},\"primaryImageOfPage\":{\"@id\":\"https:\/\/yubabikes.eu\/fr\/produit\/monkey-hitch\/#primaryimage\"},\"image\":{\"@id\":\"https:\/\/yubabikes.eu\/fr\/produit\/monkey-hitch\/#primaryimage\"},\"thumbnailUrl\":\"https:\/\/yubabikes.eu\/wp-content\/uploads\/2026\/05\/Yuba_bikes_add-ons_Monkey_Hitch-1.png\",\"datePublished\":\"2026-05-13T08:39:26+00:00\",\"dateModified\":\"2026-05-15T10:21:09+00:00\",\"description\":\"Accrochez le v\u00e9lo de votre enfant \u00e0 votre cargo en un clin d\u2019\u0153il. Simple, rapide et sans outils. La solution id\u00e9ale pour les petites jambes fatigu\u00e9es !\",\"breadcrumb\":{\"@id\":\"https:\/\/yubabikes.eu\/fr\/produit\/monkey-hitch\/#breadcrumb\"},\"inLanguage\":\"fr-FR\",\"potentialAction\":[{\"@type\":\"ReadAction\",\"target\":[\"https:\/\/yubabikes.eu\/fr\/produit\/monkey-hitch\/\"]}]},{\"@type\":\"ImageObject\",\"inLanguage\":\"fr-FR\",\"@id\":\"https:\/\/yubabikes.eu\/fr\/produit\/monkey-hitch\/#primaryimage\",\"url\":\"https:\/\/yubabikes.eu\/wp-content\/uploads\/2026\/05\/Yuba_bikes_add-ons_Monkey_Hitch-1.png\",\"contentUrl\":\"https:\/\/yubabikes.eu\/wp-content\/uploads\/2026\/05\/Yuba_bikes_add-ons_Monkey_Hitch-1.png\",\"width\":1080,\"height\":1080},{\"@type\":\"BreadcrumbList\",\"@id\":\"https:\/\/yubabikes.eu\/fr\/produit\/monkey-hitch\/#breadcrumb\",\"itemListElement\":[{\"@type\":\"ListItem\",\"position\":1,\"name\":\"Home\",\"item\":\"https:\/\/yubabikes.eu\/fr\/\"},{\"@type\":\"ListItem\",\"position\":2,\"name\":\"Boutique\",\"item\":\"https:\/\/yubabikes.eu\/fr\/boutique\/\"},{\"@type\":\"ListItem\",\"position\":3,\"name\":\"Monkey Hitch\"}]},{\"@type\":\"WebSite\",\"@id\":\"https:\/\/yubabikes.eu\/fr\/#website\",\"url\":\"https:\/\/yubabikes.eu\/fr\/\",\"name\":\"Yuba Cargo Bikes\",\"description\":\"Yuba - V\u00e9los cargo pour la famille et les professionnels\",\"alternateName\":\"Yuba Bikes\",\"potentialAction\":[{\"@type\":\"SearchAction\",\"target\":{\"@type\":\"EntryPoint\",\"urlTemplate\":\"https:\/\/yubabikes.eu\/fr\/?s={search_term_string}\"},\"query-input\":{\"@type\":\"PropertyValueSpecification\",\"valueRequired\":true,\"valueName\":\"search_term_string\"}}],\"inLanguage\":\"fr-FR\"}]}<\/script>\n<!-- \/ Yoast SEO plugin. -->","yoast_head_json":{"title":"Monkey Hitch | Support v\u00e9lo enfant pour v\u00e9lo cargo","description":"Accrochez le v\u00e9lo de votre enfant \u00e0 votre cargo en un clin d\u2019\u0153il. Simple, rapide et sans outils. La solution id\u00e9ale pour les petites jambes fatigu\u00e9es !","robots":{"index":"index","follow":"follow","max-snippet":"max-snippet:-1","max-image-preview":"max-image-preview:large","max-video-preview":"max-video-preview:-1"},"canonical":"https:\/\/yubabikes.eu\/fr\/produit\/monkey-hitch\/","og_locale":"fr_FR","og_type":"article","og_title":"Monkey Hitch | Support v\u00e9lo enfant pour v\u00e9lo cargo","og_description":"Accrochez le v\u00e9lo de votre enfant \u00e0 votre cargo en un clin d\u2019\u0153il. Simple, rapide et sans outils. La solution id\u00e9ale pour les petites jambes fatigu\u00e9es !","og_url":"https:\/\/yubabikes.eu\/fr\/produit\/monkey-hitch\/","og_site_name":"Yubabikes","article_modified_time":"2026-05-15T10:21:09+00:00","og_image":[{"width":1080,"height":1080,"url":"https:\/\/yubabikes.eu\/wp-content\/uploads\/2026\/05\/Yuba_bikes_add-ons_Monkey_Hitch-1.png","type":"image\/png"}],"twitter_card":"summary_large_image","twitter_misc":{"Dur\u00e9e de lecture estim\u00e9e":"1 minute"},"schema":{"@context":"https:\/\/schema.org","@graph":[{"@type":"WebPage","@id":"https:\/\/yubabikes.eu\/fr\/produit\/monkey-hitch\/","url":"https:\/\/yubabikes.eu\/fr\/produit\/monkey-hitch\/","name":"Monkey Hitch | Support v\u00e9lo enfant pour v\u00e9lo cargo","isPartOf":{"@id":"https:\/\/yubabikes.eu\/fr\/#website"},"primaryImageOfPage":{"@id":"https:\/\/yubabikes.eu\/fr\/produit\/monkey-hitch\/#primaryimage"},"image":{"@id":"https:\/\/yubabikes.eu\/fr\/produit\/monkey-hitch\/#primaryimage"},"thumbnailUrl":"https:\/\/yubabikes.eu\/wp-content\/uploads\/2026\/05\/Yuba_bikes_add-ons_Monkey_Hitch-1.png","datePublished":"2026-05-13T08:39:26+00:00","dateModified":"2026-05-15T10:21:09+00:00","description":"Accrochez le v\u00e9lo de votre enfant \u00e0 votre cargo en un clin d\u2019\u0153il. Simple, rapide et sans outils. La solution id\u00e9ale pour les petites jambes fatigu\u00e9es !","breadcrumb":{"@id":"https:\/\/yubabikes.eu\/fr\/produit\/monkey-hitch\/#breadcrumb"},"inLanguage":"fr-FR","potentialAction":[{"@type":"ReadAction","target":["https:\/\/yubabikes.eu\/fr\/produit\/monkey-hitch\/"]}]},{"@type":"ImageObject","inLanguage":"fr-FR","@id":"https:\/\/yubabikes.eu\/fr\/produit\/monkey-hitch\/#primaryimage","url":"https:\/\/yubabikes.eu\/wp-content\/uploads\/2026\/05\/Yuba_bikes_add-ons_Monkey_Hitch-1.png","contentUrl":"https:\/\/yubabikes.eu\/wp-content\/uploads\/2026\/05\/Yuba_bikes_add-ons_Monkey_Hitch-1.png","width":1080,"height":1080},{"@type":"BreadcrumbList","@id":"https:\/\/yubabikes.eu\/fr\/produit\/monkey-hitch\/#breadcrumb","itemListElement":[{"@type":"ListItem","position":1,"name":"Home","item":"https:\/\/yubabikes.eu\/fr\/"},{"@type":"ListItem","position":2,"name":"Boutique","item":"https:\/\/yubabikes.eu\/fr\/boutique\/"},{"@type":"ListItem","position":3,"name":"Monkey Hitch"}]},{"@type":"WebSite","@id":"https:\/\/yubabikes.eu\/fr\/#website","url":"https:\/\/yubabikes.eu\/fr\/","name":"Yuba Cargo Bikes","description":"Yuba - V\u00e9los cargo pour la famille et les professionnels","alternateName":"Yuba Bikes","potentialAction":[{"@type":"SearchAction","target":{"@type":"EntryPoint","urlTemplate":"https:\/\/yubabikes.eu\/fr\/?s={search_term_string}"},"query-input":{"@type":"PropertyValueSpecification","valueRequired":true,"valueName":"search_term_string"}}],"inLanguage":"fr-FR"}]}},"_links":{"self":[{"href":"https:\/\/yubabikes.eu\/fr\/wp-json\/wp\/v2\/product\/127163","targetHints":{"allow":["GET"]}}],"collection":[{"href":"https:\/\/yubabikes.eu\/fr\/wp-json\/wp\/v2\/product"}],"about":[{"href":"https:\/\/yubabikes.eu\/fr\/wp-json\/wp\/v2\/types\/product"}],"wp:featuredmedia":[{"embeddable":true,"href":"https:\/\/yubabikes.eu\/fr\/wp-json\/wp\/v2\/media\/127098"}],"wp:attachment":[{"href":"https:\/\/yubabikes.eu\/fr\/wp-json\/wp\/v2\/media?parent=127163"}],"wp:term":[{"taxonomy":"product_brand","embeddable":true,"href":"https:\/\/yubabikes.eu\/fr\/wp-json\/wp\/v2\/product_brand?post=127163"},{"taxonomy":"product_cat","embeddable":true,"href":"https:\/\/yubabikes.eu\/fr\/wp-json\/wp\/v2\/product_cat?post=127163"},{"taxonomy":"product_tag","embeddable":true,"href":"https:\/\/yubabikes.eu\/fr\/wp-json\/wp\/v2\/product_tag?post=127163"}],"curies":[{"name":"wp","href":"https:\/\/api.w.org\/{rel}","templated":true}]}}