{"id":120974,"date":"2025-10-28T14:37:46","date_gmt":"2025-10-28T14:37:46","guid":{"rendered":"https:\/\/yubabikes.eu\/product\/childseat-mitts-by-suzon-suzette\/"},"modified":"2026-02-07T12:49:14","modified_gmt":"2026-02-07T12:49:14","slug":"childseat-mitts-by-suzon-suzette","status":"publish","type":"product","link":"https:\/\/yubabikes.eu\/fr\/produit\/childseat-mitts-by-suzon-suzette\/","title":{"rendered":"Childseat Mitts\u00a0&#8211; by Suzon &#038; Suzette"},"content":{"rendered":"","protected":false},"excerpt":{"rendered":"<p>Des mains bien au chaud pour vos plus jeunes passagers, quelle que soit la m\u00e9t\u00e9o.<\/p>\n","protected":false},"featured_media":120928,"template":"","meta":{"_acf_changed":false,"om_disable_all_campaigns":false,"inline_featured_image":false},"product_brand":[],"product_cat":[159,160,165,162,163,164,161,407,166],"product_tag":[],"class_list":{"0":"post-120974","1":"product","2":"type-product","3":"status-publish","4":"has-post-thumbnail","6":"product_cat-add-ons-fr","7":"product_cat-add-ons-velos","8":"product_cat-boda-boda-fr","9":"product_cat-fastrack-fr","10":"product_cat-kombi-fr","11":"product_cat-mundo-fr","12":"product_cat-spicy-curry-fr","13":"product_cat-mini-boda-boda","14":"product_cat-supercargo-fr","16":"first","17":"instock","18":"taxable","19":"shipping-taxable","20":"purchasable","21":"product-type-simple"},"acf":[],"yoast_head":"<!-- This site is optimized with the Yoast SEO plugin v26.6 - https:\/\/yoast.com\/wordpress\/plugins\/seo\/ -->\n<title>Manchons pour si\u00e8ge enfant | Yuba x Suzon &amp; Suzette<\/title>\n<meta name=\"description\" content=\"Gardez les mains de vos passagers bien au chaud avec ces manchons pour si\u00e8ge enfant, fabriqu\u00e9s \u00e0 la main en France par Suzon &amp; Suzette.\" \/>\n<meta name=\"robots\" content=\"index, follow, max-snippet:-1, max-image-preview:large, max-video-preview:-1\" \/>\n<link rel=\"canonical\" href=\"https:\/\/yubabikes.eu\/fr\/produit\/childseat-mitts-by-suzon-suzette\/\" \/>\n<meta property=\"og:locale\" content=\"fr_FR\" \/>\n<meta property=\"og:type\" content=\"article\" \/>\n<meta property=\"og:title\" content=\"Manchons pour si\u00e8ge enfant | Yuba x Suzon &amp; Suzette\" \/>\n<meta property=\"og:description\" content=\"Gardez les mains de vos passagers bien au chaud avec ces manchons pour si\u00e8ge enfant, fabriqu\u00e9s \u00e0 la main en France par Suzon &amp; Suzette.\" \/>\n<meta property=\"og:url\" content=\"https:\/\/yubabikes.eu\/fr\/produit\/childseat-mitts-by-suzon-suzette\/\" \/>\n<meta property=\"og:site_name\" content=\"Yubabikes\" \/>\n<meta property=\"article:modified_time\" content=\"2026-02-07T12:49:14+00:00\" \/>\n<meta property=\"og:image\" content=\"https:\/\/yubabikes.eu\/wp-content\/uploads\/2025\/10\/Yuba_Bikes_add-ons_manchons_suzon_suzette_bebe-1.png\" \/>\n\t<meta property=\"og:image:width\" content=\"1300\" \/>\n\t<meta property=\"og:image:height\" content=\"1300\" \/>\n\t<meta property=\"og:image:type\" content=\"image\/png\" \/>\n<meta name=\"twitter:card\" content=\"summary_large_image\" \/>\n<meta name=\"twitter:label1\" content=\"Dur\u00e9e de lecture estim\u00e9e\" \/>\n\t<meta name=\"twitter:data1\" content=\"1 minute\" \/>\n<script type=\"application\/ld+json\" class=\"yoast-schema-graph\">{\"@context\":\"https:\/\/schema.org\",\"@graph\":[{\"@type\":\"WebPage\",\"@id\":\"https:\/\/yubabikes.eu\/fr\/produit\/childseat-mitts-by-suzon-suzette\/\",\"url\":\"https:\/\/yubabikes.eu\/fr\/produit\/childseat-mitts-by-suzon-suzette\/\",\"name\":\"Manchons pour si\u00e8ge enfant | Yuba x Suzon & Suzette\",\"isPartOf\":{\"@id\":\"https:\/\/yubabikes.eu\/fr\/#website\"},\"primaryImageOfPage\":{\"@id\":\"https:\/\/yubabikes.eu\/fr\/produit\/childseat-mitts-by-suzon-suzette\/#primaryimage\"},\"image\":{\"@id\":\"https:\/\/yubabikes.eu\/fr\/produit\/childseat-mitts-by-suzon-suzette\/#primaryimage\"},\"thumbnailUrl\":\"https:\/\/yubabikes.eu\/wp-content\/uploads\/2025\/10\/Yuba_Bikes_add-ons_manchons_suzon_suzette_bebe-1.png\",\"datePublished\":\"2025-10-28T14:37:46+00:00\",\"dateModified\":\"2026-02-07T12:49:14+00:00\",\"description\":\"Gardez les mains de vos passagers bien au chaud avec ces manchons pour si\u00e8ge enfant, fabriqu\u00e9s \u00e0 la main en France par Suzon & Suzette.\",\"breadcrumb\":{\"@id\":\"https:\/\/yubabikes.eu\/fr\/produit\/childseat-mitts-by-suzon-suzette\/#breadcrumb\"},\"inLanguage\":\"fr-FR\",\"potentialAction\":[{\"@type\":\"ReadAction\",\"target\":[\"https:\/\/yubabikes.eu\/fr\/produit\/childseat-mitts-by-suzon-suzette\/\"]}]},{\"@type\":\"ImageObject\",\"inLanguage\":\"fr-FR\",\"@id\":\"https:\/\/yubabikes.eu\/fr\/produit\/childseat-mitts-by-suzon-suzette\/#primaryimage\",\"url\":\"https:\/\/yubabikes.eu\/wp-content\/uploads\/2025\/10\/Yuba_Bikes_add-ons_manchons_suzon_suzette_bebe-1.png\",\"contentUrl\":\"https:\/\/yubabikes.eu\/wp-content\/uploads\/2025\/10\/Yuba_Bikes_add-ons_manchons_suzon_suzette_bebe-1.png\",\"width\":1300,\"height\":1300},{\"@type\":\"BreadcrumbList\",\"@id\":\"https:\/\/yubabikes.eu\/fr\/produit\/childseat-mitts-by-suzon-suzette\/#breadcrumb\",\"itemListElement\":[{\"@type\":\"ListItem\",\"position\":1,\"name\":\"Home\",\"item\":\"https:\/\/yubabikes.eu\/fr\/\"},{\"@type\":\"ListItem\",\"position\":2,\"name\":\"Boutique\",\"item\":\"https:\/\/yubabikes.eu\/fr\/boutique\/\"},{\"@type\":\"ListItem\",\"position\":3,\"name\":\"Childseat Mitts\u00a0&#8211; by Suzon &#038; Suzette\"}]},{\"@type\":\"WebSite\",\"@id\":\"https:\/\/yubabikes.eu\/fr\/#website\",\"url\":\"https:\/\/yubabikes.eu\/fr\/\",\"name\":\"Yuba Cargo Bikes\",\"description\":\"Yuba - V\u00e9los cargo pour la famille et les professionnels\",\"alternateName\":\"Yuba Bikes\",\"potentialAction\":[{\"@type\":\"SearchAction\",\"target\":{\"@type\":\"EntryPoint\",\"urlTemplate\":\"https:\/\/yubabikes.eu\/fr\/?s={search_term_string}\"},\"query-input\":{\"@type\":\"PropertyValueSpecification\",\"valueRequired\":true,\"valueName\":\"search_term_string\"}}],\"inLanguage\":\"fr-FR\"}]}<\/script>\n<!-- \/ Yoast SEO plugin. -->","yoast_head_json":{"title":"Manchons pour si\u00e8ge enfant | Yuba x Suzon & Suzette","description":"Gardez les mains de vos passagers bien au chaud avec ces manchons pour si\u00e8ge enfant, fabriqu\u00e9s \u00e0 la main en France par Suzon & Suzette.","robots":{"index":"index","follow":"follow","max-snippet":"max-snippet:-1","max-image-preview":"max-image-preview:large","max-video-preview":"max-video-preview:-1"},"canonical":"https:\/\/yubabikes.eu\/fr\/produit\/childseat-mitts-by-suzon-suzette\/","og_locale":"fr_FR","og_type":"article","og_title":"Manchons pour si\u00e8ge enfant | Yuba x Suzon & Suzette","og_description":"Gardez les mains de vos passagers bien au chaud avec ces manchons pour si\u00e8ge enfant, fabriqu\u00e9s \u00e0 la main en France par Suzon & Suzette.","og_url":"https:\/\/yubabikes.eu\/fr\/produit\/childseat-mitts-by-suzon-suzette\/","og_site_name":"Yubabikes","article_modified_time":"2026-02-07T12:49:14+00:00","og_image":[{"width":1300,"height":1300,"url":"https:\/\/yubabikes.eu\/wp-content\/uploads\/2025\/10\/Yuba_Bikes_add-ons_manchons_suzon_suzette_bebe-1.png","type":"image\/png"}],"twitter_card":"summary_large_image","twitter_misc":{"Dur\u00e9e de lecture estim\u00e9e":"1 minute"},"schema":{"@context":"https:\/\/schema.org","@graph":[{"@type":"WebPage","@id":"https:\/\/yubabikes.eu\/fr\/produit\/childseat-mitts-by-suzon-suzette\/","url":"https:\/\/yubabikes.eu\/fr\/produit\/childseat-mitts-by-suzon-suzette\/","name":"Manchons pour si\u00e8ge enfant | Yuba x Suzon & Suzette","isPartOf":{"@id":"https:\/\/yubabikes.eu\/fr\/#website"},"primaryImageOfPage":{"@id":"https:\/\/yubabikes.eu\/fr\/produit\/childseat-mitts-by-suzon-suzette\/#primaryimage"},"image":{"@id":"https:\/\/yubabikes.eu\/fr\/produit\/childseat-mitts-by-suzon-suzette\/#primaryimage"},"thumbnailUrl":"https:\/\/yubabikes.eu\/wp-content\/uploads\/2025\/10\/Yuba_Bikes_add-ons_manchons_suzon_suzette_bebe-1.png","datePublished":"2025-10-28T14:37:46+00:00","dateModified":"2026-02-07T12:49:14+00:00","description":"Gardez les mains de vos passagers bien au chaud avec ces manchons pour si\u00e8ge enfant, fabriqu\u00e9s \u00e0 la main en France par Suzon & Suzette.","breadcrumb":{"@id":"https:\/\/yubabikes.eu\/fr\/produit\/childseat-mitts-by-suzon-suzette\/#breadcrumb"},"inLanguage":"fr-FR","potentialAction":[{"@type":"ReadAction","target":["https:\/\/yubabikes.eu\/fr\/produit\/childseat-mitts-by-suzon-suzette\/"]}]},{"@type":"ImageObject","inLanguage":"fr-FR","@id":"https:\/\/yubabikes.eu\/fr\/produit\/childseat-mitts-by-suzon-suzette\/#primaryimage","url":"https:\/\/yubabikes.eu\/wp-content\/uploads\/2025\/10\/Yuba_Bikes_add-ons_manchons_suzon_suzette_bebe-1.png","contentUrl":"https:\/\/yubabikes.eu\/wp-content\/uploads\/2025\/10\/Yuba_Bikes_add-ons_manchons_suzon_suzette_bebe-1.png","width":1300,"height":1300},{"@type":"BreadcrumbList","@id":"https:\/\/yubabikes.eu\/fr\/produit\/childseat-mitts-by-suzon-suzette\/#breadcrumb","itemListElement":[{"@type":"ListItem","position":1,"name":"Home","item":"https:\/\/yubabikes.eu\/fr\/"},{"@type":"ListItem","position":2,"name":"Boutique","item":"https:\/\/yubabikes.eu\/fr\/boutique\/"},{"@type":"ListItem","position":3,"name":"Childseat Mitts\u00a0&#8211; by Suzon &#038; Suzette"}]},{"@type":"WebSite","@id":"https:\/\/yubabikes.eu\/fr\/#website","url":"https:\/\/yubabikes.eu\/fr\/","name":"Yuba Cargo Bikes","description":"Yuba - V\u00e9los cargo pour la famille et les professionnels","alternateName":"Yuba Bikes","potentialAction":[{"@type":"SearchAction","target":{"@type":"EntryPoint","urlTemplate":"https:\/\/yubabikes.eu\/fr\/?s={search_term_string}"},"query-input":{"@type":"PropertyValueSpecification","valueRequired":true,"valueName":"search_term_string"}}],"inLanguage":"fr-FR"}]}},"_links":{"self":[{"href":"https:\/\/yubabikes.eu\/fr\/wp-json\/wp\/v2\/product\/120974","targetHints":{"allow":["GET"]}}],"collection":[{"href":"https:\/\/yubabikes.eu\/fr\/wp-json\/wp\/v2\/product"}],"about":[{"href":"https:\/\/yubabikes.eu\/fr\/wp-json\/wp\/v2\/types\/product"}],"wp:featuredmedia":[{"embeddable":true,"href":"https:\/\/yubabikes.eu\/fr\/wp-json\/wp\/v2\/media\/120928"}],"wp:attachment":[{"href":"https:\/\/yubabikes.eu\/fr\/wp-json\/wp\/v2\/media?parent=120974"}],"wp:term":[{"taxonomy":"product_brand","embeddable":true,"href":"https:\/\/yubabikes.eu\/fr\/wp-json\/wp\/v2\/product_brand?post=120974"},{"taxonomy":"product_cat","embeddable":true,"href":"https:\/\/yubabikes.eu\/fr\/wp-json\/wp\/v2\/product_cat?post=120974"},{"taxonomy":"product_tag","embeddable":true,"href":"https:\/\/yubabikes.eu\/fr\/wp-json\/wp\/v2\/product_tag?post=120974"}],"curies":[{"name":"wp","href":"https:\/\/api.w.org\/{rel}","templated":true}]}}