{"id":118233,"date":"2025-08-25T08:15:42","date_gmt":"2025-08-25T08:15:42","guid":{"rendered":"https:\/\/yubabikes.eu\/?post_type=product&#038;p=118233"},"modified":"2025-12-27T21:22:10","modified_gmt":"2025-12-27T21:22:10","slug":"mini-monkey-bars-kit","status":"publish","type":"product","link":"https:\/\/yubabikes.eu\/fr\/produit\/mini-monkey-bars-kit\/","title":{"rendered":"mini Monkey Bars kit"},"content":{"rendered":"","protected":false},"excerpt":{"rendered":"<p>Les barres lat\u00e9rales de s\u00e9curit\u00e9, adapt\u00e9es au mini Boda Boda<\/p>\n","protected":false},"featured_media":118254,"template":"","meta":{"_acf_changed":false,"om_disable_all_campaigns":false,"inline_featured_image":false},"product_brand":[],"product_cat":[159,160,164,161,407],"product_tag":[],"class_list":{"0":"post-118233","1":"product","2":"type-product","3":"status-publish","4":"has-post-thumbnail","6":"product_cat-add-ons-fr","7":"product_cat-add-ons-velos","8":"product_cat-mundo-fr","9":"product_cat-spicy-curry-fr","10":"product_cat-mini-boda-boda","12":"first","13":"instock","14":"taxable","15":"shipping-taxable","16":"purchasable","17":"product-type-simple"},"acf":[],"yoast_head":"<!-- This site is optimized with the Yoast SEO plugin v26.6 - https:\/\/yoast.com\/wordpress\/plugins\/seo\/ -->\n<title>mini Monkey Bars Kit | Yuba Cargo Bikes<\/title>\n<meta name=\"description\" content=\"La solution la plus s\u00fbre pour transporter un enfant sur un cargo compact. Permet de s\u00e9parer passager et chargement sur un longtail.\" \/>\n<meta name=\"robots\" content=\"index, follow, max-snippet:-1, max-image-preview:large, max-video-preview:-1\" \/>\n<link rel=\"canonical\" href=\"https:\/\/yubabikes.eu\/fr\/produit\/mini-monkey-bars-kit\/\" \/>\n<meta property=\"og:locale\" content=\"fr_FR\" \/>\n<meta property=\"og:type\" content=\"article\" \/>\n<meta property=\"og:title\" content=\"mini Monkey Bars Kit | Yuba Cargo Bikes\" \/>\n<meta property=\"og:description\" content=\"La solution la plus s\u00fbre pour transporter un enfant sur un cargo compact. Permet de s\u00e9parer passager et chargement sur un longtail.\" \/>\n<meta property=\"og:url\" content=\"https:\/\/yubabikes.eu\/fr\/produit\/mini-monkey-bars-kit\/\" \/>\n<meta property=\"og:site_name\" content=\"Yubabikes\" \/>\n<meta property=\"article:modified_time\" content=\"2025-12-27T21:22:10+00:00\" \/>\n<meta property=\"og:image\" content=\"https:\/\/yubabikes.eu\/wp-content\/uploads\/2025\/08\/Yuba_Bikes_add_ons_mini_monkey_bars_kit_studio_hd_3.png\" \/>\n\t<meta property=\"og:image:width\" content=\"1000\" \/>\n\t<meta property=\"og:image:height\" content=\"1000\" \/>\n\t<meta property=\"og:image:type\" content=\"image\/png\" \/>\n<meta name=\"twitter:card\" content=\"summary_large_image\" \/>\n<meta name=\"twitter:label1\" content=\"Dur\u00e9e de lecture estim\u00e9e\" \/>\n\t<meta name=\"twitter:data1\" content=\"1 minute\" \/>\n<script type=\"application\/ld+json\" class=\"yoast-schema-graph\">{\"@context\":\"https:\/\/schema.org\",\"@graph\":[{\"@type\":\"WebPage\",\"@id\":\"https:\/\/yubabikes.eu\/fr\/produit\/mini-monkey-bars-kit\/\",\"url\":\"https:\/\/yubabikes.eu\/fr\/produit\/mini-monkey-bars-kit\/\",\"name\":\"mini Monkey Bars Kit | Yuba Cargo Bikes\",\"isPartOf\":{\"@id\":\"https:\/\/yubabikes.eu\/fr\/#website\"},\"primaryImageOfPage\":{\"@id\":\"https:\/\/yubabikes.eu\/fr\/produit\/mini-monkey-bars-kit\/#primaryimage\"},\"image\":{\"@id\":\"https:\/\/yubabikes.eu\/fr\/produit\/mini-monkey-bars-kit\/#primaryimage\"},\"thumbnailUrl\":\"https:\/\/yubabikes.eu\/wp-content\/uploads\/2025\/08\/Yuba_Bikes_add_ons_mini_monkey_bars_kit_studio_hd_3.png\",\"datePublished\":\"2025-08-25T08:15:42+00:00\",\"dateModified\":\"2025-12-27T21:22:10+00:00\",\"description\":\"La solution la plus s\u00fbre pour transporter un enfant sur un cargo compact. Permet de s\u00e9parer passager et chargement sur un longtail.\",\"breadcrumb\":{\"@id\":\"https:\/\/yubabikes.eu\/fr\/produit\/mini-monkey-bars-kit\/#breadcrumb\"},\"inLanguage\":\"fr-FR\",\"potentialAction\":[{\"@type\":\"ReadAction\",\"target\":[\"https:\/\/yubabikes.eu\/fr\/produit\/mini-monkey-bars-kit\/\"]}]},{\"@type\":\"ImageObject\",\"inLanguage\":\"fr-FR\",\"@id\":\"https:\/\/yubabikes.eu\/fr\/produit\/mini-monkey-bars-kit\/#primaryimage\",\"url\":\"https:\/\/yubabikes.eu\/wp-content\/uploads\/2025\/08\/Yuba_Bikes_add_ons_mini_monkey_bars_kit_studio_hd_3.png\",\"contentUrl\":\"https:\/\/yubabikes.eu\/wp-content\/uploads\/2025\/08\/Yuba_Bikes_add_ons_mini_monkey_bars_kit_studio_hd_3.png\",\"width\":1000,\"height\":1000},{\"@type\":\"BreadcrumbList\",\"@id\":\"https:\/\/yubabikes.eu\/fr\/produit\/mini-monkey-bars-kit\/#breadcrumb\",\"itemListElement\":[{\"@type\":\"ListItem\",\"position\":1,\"name\":\"Home\",\"item\":\"https:\/\/yubabikes.eu\/fr\/\"},{\"@type\":\"ListItem\",\"position\":2,\"name\":\"Boutique\",\"item\":\"https:\/\/yubabikes.eu\/fr\/boutique\/\"},{\"@type\":\"ListItem\",\"position\":3,\"name\":\"mini Monkey Bars kit\"}]},{\"@type\":\"WebSite\",\"@id\":\"https:\/\/yubabikes.eu\/fr\/#website\",\"url\":\"https:\/\/yubabikes.eu\/fr\/\",\"name\":\"Yuba Cargo Bikes\",\"description\":\"Yuba - V\u00e9los cargo pour la famille et les professionnels\",\"alternateName\":\"Yuba Bikes\",\"potentialAction\":[{\"@type\":\"SearchAction\",\"target\":{\"@type\":\"EntryPoint\",\"urlTemplate\":\"https:\/\/yubabikes.eu\/fr\/?s={search_term_string}\"},\"query-input\":{\"@type\":\"PropertyValueSpecification\",\"valueRequired\":true,\"valueName\":\"search_term_string\"}}],\"inLanguage\":\"fr-FR\"}]}<\/script>\n<!-- \/ Yoast SEO plugin. -->","yoast_head_json":{"title":"mini Monkey Bars Kit | Yuba Cargo Bikes","description":"La solution la plus s\u00fbre pour transporter un enfant sur un cargo compact. Permet de s\u00e9parer passager et chargement sur un longtail.","robots":{"index":"index","follow":"follow","max-snippet":"max-snippet:-1","max-image-preview":"max-image-preview:large","max-video-preview":"max-video-preview:-1"},"canonical":"https:\/\/yubabikes.eu\/fr\/produit\/mini-monkey-bars-kit\/","og_locale":"fr_FR","og_type":"article","og_title":"mini Monkey Bars Kit | Yuba Cargo Bikes","og_description":"La solution la plus s\u00fbre pour transporter un enfant sur un cargo compact. Permet de s\u00e9parer passager et chargement sur un longtail.","og_url":"https:\/\/yubabikes.eu\/fr\/produit\/mini-monkey-bars-kit\/","og_site_name":"Yubabikes","article_modified_time":"2025-12-27T21:22:10+00:00","og_image":[{"width":1000,"height":1000,"url":"https:\/\/yubabikes.eu\/wp-content\/uploads\/2025\/08\/Yuba_Bikes_add_ons_mini_monkey_bars_kit_studio_hd_3.png","type":"image\/png"}],"twitter_card":"summary_large_image","twitter_misc":{"Dur\u00e9e de lecture estim\u00e9e":"1 minute"},"schema":{"@context":"https:\/\/schema.org","@graph":[{"@type":"WebPage","@id":"https:\/\/yubabikes.eu\/fr\/produit\/mini-monkey-bars-kit\/","url":"https:\/\/yubabikes.eu\/fr\/produit\/mini-monkey-bars-kit\/","name":"mini Monkey Bars Kit | Yuba Cargo Bikes","isPartOf":{"@id":"https:\/\/yubabikes.eu\/fr\/#website"},"primaryImageOfPage":{"@id":"https:\/\/yubabikes.eu\/fr\/produit\/mini-monkey-bars-kit\/#primaryimage"},"image":{"@id":"https:\/\/yubabikes.eu\/fr\/produit\/mini-monkey-bars-kit\/#primaryimage"},"thumbnailUrl":"https:\/\/yubabikes.eu\/wp-content\/uploads\/2025\/08\/Yuba_Bikes_add_ons_mini_monkey_bars_kit_studio_hd_3.png","datePublished":"2025-08-25T08:15:42+00:00","dateModified":"2025-12-27T21:22:10+00:00","description":"La solution la plus s\u00fbre pour transporter un enfant sur un cargo compact. Permet de s\u00e9parer passager et chargement sur un longtail.","breadcrumb":{"@id":"https:\/\/yubabikes.eu\/fr\/produit\/mini-monkey-bars-kit\/#breadcrumb"},"inLanguage":"fr-FR","potentialAction":[{"@type":"ReadAction","target":["https:\/\/yubabikes.eu\/fr\/produit\/mini-monkey-bars-kit\/"]}]},{"@type":"ImageObject","inLanguage":"fr-FR","@id":"https:\/\/yubabikes.eu\/fr\/produit\/mini-monkey-bars-kit\/#primaryimage","url":"https:\/\/yubabikes.eu\/wp-content\/uploads\/2025\/08\/Yuba_Bikes_add_ons_mini_monkey_bars_kit_studio_hd_3.png","contentUrl":"https:\/\/yubabikes.eu\/wp-content\/uploads\/2025\/08\/Yuba_Bikes_add_ons_mini_monkey_bars_kit_studio_hd_3.png","width":1000,"height":1000},{"@type":"BreadcrumbList","@id":"https:\/\/yubabikes.eu\/fr\/produit\/mini-monkey-bars-kit\/#breadcrumb","itemListElement":[{"@type":"ListItem","position":1,"name":"Home","item":"https:\/\/yubabikes.eu\/fr\/"},{"@type":"ListItem","position":2,"name":"Boutique","item":"https:\/\/yubabikes.eu\/fr\/boutique\/"},{"@type":"ListItem","position":3,"name":"mini Monkey Bars kit"}]},{"@type":"WebSite","@id":"https:\/\/yubabikes.eu\/fr\/#website","url":"https:\/\/yubabikes.eu\/fr\/","name":"Yuba Cargo Bikes","description":"Yuba - V\u00e9los cargo pour la famille et les professionnels","alternateName":"Yuba Bikes","potentialAction":[{"@type":"SearchAction","target":{"@type":"EntryPoint","urlTemplate":"https:\/\/yubabikes.eu\/fr\/?s={search_term_string}"},"query-input":{"@type":"PropertyValueSpecification","valueRequired":true,"valueName":"search_term_string"}}],"inLanguage":"fr-FR"}]}},"_links":{"self":[{"href":"https:\/\/yubabikes.eu\/fr\/wp-json\/wp\/v2\/product\/118233","targetHints":{"allow":["GET"]}}],"collection":[{"href":"https:\/\/yubabikes.eu\/fr\/wp-json\/wp\/v2\/product"}],"about":[{"href":"https:\/\/yubabikes.eu\/fr\/wp-json\/wp\/v2\/types\/product"}],"wp:featuredmedia":[{"embeddable":true,"href":"https:\/\/yubabikes.eu\/fr\/wp-json\/wp\/v2\/media\/118254"}],"wp:attachment":[{"href":"https:\/\/yubabikes.eu\/fr\/wp-json\/wp\/v2\/media?parent=118233"}],"wp:term":[{"taxonomy":"product_brand","embeddable":true,"href":"https:\/\/yubabikes.eu\/fr\/wp-json\/wp\/v2\/product_brand?post=118233"},{"taxonomy":"product_cat","embeddable":true,"href":"https:\/\/yubabikes.eu\/fr\/wp-json\/wp\/v2\/product_cat?post=118233"},{"taxonomy":"product_tag","embeddable":true,"href":"https:\/\/yubabikes.eu\/fr\/wp-json\/wp\/v2\/product_tag?post=118233"}],"curies":[{"name":"wp","href":"https:\/\/api.w.org\/{rel}","templated":true}]}}