{"id":116475,"date":"2025-05-22T13:54:29","date_gmt":"2025-05-22T13:54:29","guid":{"rendered":"https:\/\/yubabikes.eu\/?post_type=product&#038;p=116475"},"modified":"2026-02-07T10:07:07","modified_gmt":"2026-02-07T10:07:07","slug":"carry-all","status":"publish","type":"product","link":"https:\/\/yubabikes.eu\/fr\/produit\/carry-all\/","title":{"rendered":"Carry All"},"content":{"rendered":"","protected":false},"excerpt":{"rendered":"<p>D\u00e9bloquez un espace de chargement incroyable\u2026 et repassez en mode passagers en un clin d\u2019\u0153il.<\/p>\n","protected":false},"featured_media":115743,"template":"","meta":{"_acf_changed":false,"om_disable_all_campaigns":false,"inline_featured_image":false},"product_brand":[],"product_cat":[159,160,165,162,163,164,161],"product_tag":[],"class_list":{"0":"post-116475","1":"product","2":"type-product","3":"status-publish","4":"has-post-thumbnail","6":"product_cat-add-ons-fr","7":"product_cat-add-ons-velos","8":"product_cat-boda-boda-fr","9":"product_cat-fastrack-fr","10":"product_cat-kombi-fr","11":"product_cat-mundo-fr","12":"product_cat-spicy-curry-fr","14":"first","15":"instock","16":"taxable","17":"shipping-taxable","18":"purchasable","19":"product-type-simple"},"acf":[],"yoast_head":"<!-- This site is optimized with the Yoast SEO plugin v26.6 - https:\/\/yoast.com\/wordpress\/plugins\/seo\/ -->\n<title>Yuba Cargo Bikes | Carry All \u2013 Plateforme modulable pour charges volumineuses<\/title>\n<meta name=\"description\" content=\"Le Carry All est une plateforme polyvalente pour transporter des objets volumineux sur votre v\u00e9lo longtail Yuba. Ajustable, pr\u00eate \u00e0 sangler, et facile \u00e0 repasser en mode passager.\" \/>\n<meta name=\"robots\" content=\"index, follow, max-snippet:-1, max-image-preview:large, max-video-preview:-1\" \/>\n<link rel=\"canonical\" href=\"https:\/\/yubabikes.eu\/fr\/produit\/carry-all\/\" \/>\n<meta property=\"og:locale\" content=\"fr_FR\" \/>\n<meta property=\"og:type\" content=\"article\" \/>\n<meta property=\"og:title\" content=\"Yuba Cargo Bikes | Carry All \u2013 Plateforme modulable pour charges volumineuses\" \/>\n<meta property=\"og:description\" content=\"Le Carry All est une plateforme polyvalente pour transporter des objets volumineux sur votre v\u00e9lo longtail Yuba. Ajustable, pr\u00eate \u00e0 sangler, et facile \u00e0 repasser en mode passager.\" \/>\n<meta property=\"og:url\" content=\"https:\/\/yubabikes.eu\/fr\/produit\/carry-all\/\" \/>\n<meta property=\"og:site_name\" content=\"Yubabikes\" \/>\n<meta property=\"article:modified_time\" content=\"2026-02-07T10:07:07+00:00\" \/>\n<meta property=\"og:image\" content=\"https:\/\/yubabikes.eu\/wp-content\/uploads\/2025\/04\/Yuba_bikes_add_ons_carry-all_long_on_bike.png\" \/>\n\t<meta property=\"og:image:width\" content=\"1000\" \/>\n\t<meta property=\"og:image:height\" content=\"999\" \/>\n\t<meta property=\"og:image:type\" content=\"image\/png\" \/>\n<meta name=\"twitter:card\" content=\"summary_large_image\" \/>\n<meta name=\"twitter:label1\" content=\"Dur\u00e9e de lecture estim\u00e9e\" \/>\n\t<meta name=\"twitter:data1\" content=\"1 minute\" \/>\n<script type=\"application\/ld+json\" class=\"yoast-schema-graph\">{\"@context\":\"https:\/\/schema.org\",\"@graph\":[{\"@type\":\"WebPage\",\"@id\":\"https:\/\/yubabikes.eu\/fr\/produit\/carry-all\/\",\"url\":\"https:\/\/yubabikes.eu\/fr\/produit\/carry-all\/\",\"name\":\"Yuba Cargo Bikes | Carry All \u2013 Plateforme modulable pour charges volumineuses\",\"isPartOf\":{\"@id\":\"https:\/\/yubabikes.eu\/fr\/#website\"},\"primaryImageOfPage\":{\"@id\":\"https:\/\/yubabikes.eu\/fr\/produit\/carry-all\/#primaryimage\"},\"image\":{\"@id\":\"https:\/\/yubabikes.eu\/fr\/produit\/carry-all\/#primaryimage\"},\"thumbnailUrl\":\"https:\/\/yubabikes.eu\/wp-content\/uploads\/2025\/04\/Yuba_bikes_add_ons_carry-all_long_on_bike.png\",\"datePublished\":\"2025-05-22T13:54:29+00:00\",\"dateModified\":\"2026-02-07T10:07:07+00:00\",\"description\":\"Le Carry All est une plateforme polyvalente pour transporter des objets volumineux sur votre v\u00e9lo longtail Yuba. Ajustable, pr\u00eate \u00e0 sangler, et facile \u00e0 repasser en mode passager.\",\"breadcrumb\":{\"@id\":\"https:\/\/yubabikes.eu\/fr\/produit\/carry-all\/#breadcrumb\"},\"inLanguage\":\"fr-FR\",\"potentialAction\":[{\"@type\":\"ReadAction\",\"target\":[\"https:\/\/yubabikes.eu\/fr\/produit\/carry-all\/\"]}]},{\"@type\":\"ImageObject\",\"inLanguage\":\"fr-FR\",\"@id\":\"https:\/\/yubabikes.eu\/fr\/produit\/carry-all\/#primaryimage\",\"url\":\"https:\/\/yubabikes.eu\/wp-content\/uploads\/2025\/04\/Yuba_bikes_add_ons_carry-all_long_on_bike.png\",\"contentUrl\":\"https:\/\/yubabikes.eu\/wp-content\/uploads\/2025\/04\/Yuba_bikes_add_ons_carry-all_long_on_bike.png\",\"width\":1000,\"height\":999},{\"@type\":\"BreadcrumbList\",\"@id\":\"https:\/\/yubabikes.eu\/fr\/produit\/carry-all\/#breadcrumb\",\"itemListElement\":[{\"@type\":\"ListItem\",\"position\":1,\"name\":\"Home\",\"item\":\"https:\/\/yubabikes.eu\/fr\/\"},{\"@type\":\"ListItem\",\"position\":2,\"name\":\"Boutique\",\"item\":\"https:\/\/yubabikes.eu\/fr\/boutique\/\"},{\"@type\":\"ListItem\",\"position\":3,\"name\":\"Carry All\"}]},{\"@type\":\"WebSite\",\"@id\":\"https:\/\/yubabikes.eu\/fr\/#website\",\"url\":\"https:\/\/yubabikes.eu\/fr\/\",\"name\":\"Yuba Cargo Bikes\",\"description\":\"Yuba - V\u00e9los cargo pour la famille et les professionnels\",\"alternateName\":\"Yuba Bikes\",\"potentialAction\":[{\"@type\":\"SearchAction\",\"target\":{\"@type\":\"EntryPoint\",\"urlTemplate\":\"https:\/\/yubabikes.eu\/fr\/?s={search_term_string}\"},\"query-input\":{\"@type\":\"PropertyValueSpecification\",\"valueRequired\":true,\"valueName\":\"search_term_string\"}}],\"inLanguage\":\"fr-FR\"}]}<\/script>\n<!-- \/ Yoast SEO plugin. -->","yoast_head_json":{"title":"Yuba Cargo Bikes | Carry All \u2013 Plateforme modulable pour charges volumineuses","description":"Le Carry All est une plateforme polyvalente pour transporter des objets volumineux sur votre v\u00e9lo longtail Yuba. Ajustable, pr\u00eate \u00e0 sangler, et facile \u00e0 repasser en mode passager.","robots":{"index":"index","follow":"follow","max-snippet":"max-snippet:-1","max-image-preview":"max-image-preview:large","max-video-preview":"max-video-preview:-1"},"canonical":"https:\/\/yubabikes.eu\/fr\/produit\/carry-all\/","og_locale":"fr_FR","og_type":"article","og_title":"Yuba Cargo Bikes | Carry All \u2013 Plateforme modulable pour charges volumineuses","og_description":"Le Carry All est une plateforme polyvalente pour transporter des objets volumineux sur votre v\u00e9lo longtail Yuba. Ajustable, pr\u00eate \u00e0 sangler, et facile \u00e0 repasser en mode passager.","og_url":"https:\/\/yubabikes.eu\/fr\/produit\/carry-all\/","og_site_name":"Yubabikes","article_modified_time":"2026-02-07T10:07:07+00:00","og_image":[{"width":1000,"height":999,"url":"https:\/\/yubabikes.eu\/wp-content\/uploads\/2025\/04\/Yuba_bikes_add_ons_carry-all_long_on_bike.png","type":"image\/png"}],"twitter_card":"summary_large_image","twitter_misc":{"Dur\u00e9e de lecture estim\u00e9e":"1 minute"},"schema":{"@context":"https:\/\/schema.org","@graph":[{"@type":"WebPage","@id":"https:\/\/yubabikes.eu\/fr\/produit\/carry-all\/","url":"https:\/\/yubabikes.eu\/fr\/produit\/carry-all\/","name":"Yuba Cargo Bikes | Carry All \u2013 Plateforme modulable pour charges volumineuses","isPartOf":{"@id":"https:\/\/yubabikes.eu\/fr\/#website"},"primaryImageOfPage":{"@id":"https:\/\/yubabikes.eu\/fr\/produit\/carry-all\/#primaryimage"},"image":{"@id":"https:\/\/yubabikes.eu\/fr\/produit\/carry-all\/#primaryimage"},"thumbnailUrl":"https:\/\/yubabikes.eu\/wp-content\/uploads\/2025\/04\/Yuba_bikes_add_ons_carry-all_long_on_bike.png","datePublished":"2025-05-22T13:54:29+00:00","dateModified":"2026-02-07T10:07:07+00:00","description":"Le Carry All est une plateforme polyvalente pour transporter des objets volumineux sur votre v\u00e9lo longtail Yuba. Ajustable, pr\u00eate \u00e0 sangler, et facile \u00e0 repasser en mode passager.","breadcrumb":{"@id":"https:\/\/yubabikes.eu\/fr\/produit\/carry-all\/#breadcrumb"},"inLanguage":"fr-FR","potentialAction":[{"@type":"ReadAction","target":["https:\/\/yubabikes.eu\/fr\/produit\/carry-all\/"]}]},{"@type":"ImageObject","inLanguage":"fr-FR","@id":"https:\/\/yubabikes.eu\/fr\/produit\/carry-all\/#primaryimage","url":"https:\/\/yubabikes.eu\/wp-content\/uploads\/2025\/04\/Yuba_bikes_add_ons_carry-all_long_on_bike.png","contentUrl":"https:\/\/yubabikes.eu\/wp-content\/uploads\/2025\/04\/Yuba_bikes_add_ons_carry-all_long_on_bike.png","width":1000,"height":999},{"@type":"BreadcrumbList","@id":"https:\/\/yubabikes.eu\/fr\/produit\/carry-all\/#breadcrumb","itemListElement":[{"@type":"ListItem","position":1,"name":"Home","item":"https:\/\/yubabikes.eu\/fr\/"},{"@type":"ListItem","position":2,"name":"Boutique","item":"https:\/\/yubabikes.eu\/fr\/boutique\/"},{"@type":"ListItem","position":3,"name":"Carry All"}]},{"@type":"WebSite","@id":"https:\/\/yubabikes.eu\/fr\/#website","url":"https:\/\/yubabikes.eu\/fr\/","name":"Yuba Cargo Bikes","description":"Yuba - V\u00e9los cargo pour la famille et les professionnels","alternateName":"Yuba Bikes","potentialAction":[{"@type":"SearchAction","target":{"@type":"EntryPoint","urlTemplate":"https:\/\/yubabikes.eu\/fr\/?s={search_term_string}"},"query-input":{"@type":"PropertyValueSpecification","valueRequired":true,"valueName":"search_term_string"}}],"inLanguage":"fr-FR"}]}},"_links":{"self":[{"href":"https:\/\/yubabikes.eu\/fr\/wp-json\/wp\/v2\/product\/116475","targetHints":{"allow":["GET"]}}],"collection":[{"href":"https:\/\/yubabikes.eu\/fr\/wp-json\/wp\/v2\/product"}],"about":[{"href":"https:\/\/yubabikes.eu\/fr\/wp-json\/wp\/v2\/types\/product"}],"wp:featuredmedia":[{"embeddable":true,"href":"https:\/\/yubabikes.eu\/fr\/wp-json\/wp\/v2\/media\/115743"}],"wp:attachment":[{"href":"https:\/\/yubabikes.eu\/fr\/wp-json\/wp\/v2\/media?parent=116475"}],"wp:term":[{"taxonomy":"product_brand","embeddable":true,"href":"https:\/\/yubabikes.eu\/fr\/wp-json\/wp\/v2\/product_brand?post=116475"},{"taxonomy":"product_cat","embeddable":true,"href":"https:\/\/yubabikes.eu\/fr\/wp-json\/wp\/v2\/product_cat?post=116475"},{"taxonomy":"product_tag","embeddable":true,"href":"https:\/\/yubabikes.eu\/fr\/wp-json\/wp\/v2\/product_tag?post=116475"}],"curies":[{"name":"wp","href":"https:\/\/api.w.org\/{rel}","templated":true}]}}