{"id":116157,"date":"2025-04-28T09:57:55","date_gmt":"2025-04-28T09:57:55","guid":{"rendered":"https:\/\/yubabikes.eu\/?post_type=product&#038;p=116157"},"modified":"2026-02-15T15:49:12","modified_gmt":"2026-02-15T15:49:12","slug":"xl-spacer-for-stand-together-kickstand","status":"publish","type":"product","link":"https:\/\/yubabikes.eu\/fr\/produit\/xl-spacer-for-stand-together-kickstand\/","title":{"rendered":"Entretoise XL pour b\u00e9quille Stand Together"},"content":{"rendered":"<p>Entretoises XL pour pneus larges ou fourches suspendues. \u00c0 placer entre le cadre et la b\u00e9quille. Compatibles avec Spicy Curry AT, Kombi (pneus 2.5&#8243;), Spicy Curry V4 and Boda Boda V4.<\/p>\n","protected":false},"excerpt":{"rendered":"<p>Entretoises XL pour pneus larges ou fourches suspendues. \u00c0 placer entre le cadre et la b\u00e9quille. Compatibles avec Spicy Curry AT, Kombi (pneus 2.5&#8243;), Spicy Curry V4 and Boda Boda V4.<\/p>\n","protected":false},"featured_media":114684,"template":"","meta":{"_acf_changed":false,"om_disable_all_campaigns":false,"inline_featured_image":false},"product_brand":[],"product_cat":[203,374,375,366,364],"product_tag":[],"class_list":{"0":"post-116157","1":"product","2":"type-product","3":"status-publish","4":"has-post-thumbnail","6":"product_cat-pieces-detachees-kombi","7":"product_cat-kombi-e5-fr","8":"product_cat-kombi-e6-fr","9":"product_cat-spicy-curry-v4-fr","10":"product_cat-spicy-curry-at-fr","12":"first","13":"instock","14":"taxable","15":"shipping-taxable","16":"purchasable","17":"product-type-simple"},"acf":[],"yoast_head":"<!-- This site is optimized with the Yoast SEO plugin v26.6 - https:\/\/yoast.com\/wordpress\/plugins\/seo\/ -->\n<title>Entretoise XL pour b\u00e9quille Stand Together | Yubabikes<\/title>\n<meta name=\"robots\" content=\"index, follow, max-snippet:-1, max-image-preview:large, max-video-preview:-1\" \/>\n<link rel=\"canonical\" href=\"https:\/\/yubabikes.eu\/fr\/produit\/xl-spacer-for-stand-together-kickstand\/\" \/>\n<meta property=\"og:locale\" content=\"fr_FR\" \/>\n<meta property=\"og:type\" content=\"article\" \/>\n<meta property=\"og:title\" content=\"Entretoise XL pour b\u00e9quille Stand Together | Yubabikes\" \/>\n<meta property=\"og:description\" content=\"Entretoises XL pour pneus larges ou fourches suspendues. \u00c0 placer entre le cadre et la b\u00e9quille. Compatibles avec Spicy Curry AT, Kombi (pneus 2.5&#8243;), Spicy Curry V4 and Boda Boda V4.\" \/>\n<meta property=\"og:url\" content=\"https:\/\/yubabikes.eu\/fr\/produit\/xl-spacer-for-stand-together-kickstand\/\" \/>\n<meta property=\"og:site_name\" content=\"Yubabikes\" \/>\n<meta property=\"article:modified_time\" content=\"2026-02-15T15:49:12+00:00\" \/>\n<meta property=\"og:image\" content=\"https:\/\/yubabikes.eu\/wp-content\/uploads\/2025\/03\/AC-KS006_Stand-Together-Spacer-XL_spare_parts_yuba_cargo_bike_10.png\" \/>\n\t<meta property=\"og:image:width\" content=\"1050\" \/>\n\t<meta property=\"og:image:height\" content=\"787\" \/>\n\t<meta property=\"og:image:type\" content=\"image\/png\" \/>\n<meta name=\"twitter:card\" content=\"summary_large_image\" \/>\n<script type=\"application\/ld+json\" class=\"yoast-schema-graph\">{\"@context\":\"https:\/\/schema.org\",\"@graph\":[{\"@type\":\"WebPage\",\"@id\":\"https:\/\/yubabikes.eu\/fr\/produit\/xl-spacer-for-stand-together-kickstand\/\",\"url\":\"https:\/\/yubabikes.eu\/fr\/produit\/xl-spacer-for-stand-together-kickstand\/\",\"name\":\"Entretoise XL pour b\u00e9quille Stand Together | Yubabikes\",\"isPartOf\":{\"@id\":\"https:\/\/yubabikes.eu\/fr\/#website\"},\"primaryImageOfPage\":{\"@id\":\"https:\/\/yubabikes.eu\/fr\/produit\/xl-spacer-for-stand-together-kickstand\/#primaryimage\"},\"image\":{\"@id\":\"https:\/\/yubabikes.eu\/fr\/produit\/xl-spacer-for-stand-together-kickstand\/#primaryimage\"},\"thumbnailUrl\":\"https:\/\/yubabikes.eu\/wp-content\/uploads\/2025\/03\/AC-KS006_Stand-Together-Spacer-XL_spare_parts_yuba_cargo_bike_10.png\",\"datePublished\":\"2025-04-28T09:57:55+00:00\",\"dateModified\":\"2026-02-15T15:49:12+00:00\",\"breadcrumb\":{\"@id\":\"https:\/\/yubabikes.eu\/fr\/produit\/xl-spacer-for-stand-together-kickstand\/#breadcrumb\"},\"inLanguage\":\"fr-FR\",\"potentialAction\":[{\"@type\":\"ReadAction\",\"target\":[\"https:\/\/yubabikes.eu\/fr\/produit\/xl-spacer-for-stand-together-kickstand\/\"]}]},{\"@type\":\"ImageObject\",\"inLanguage\":\"fr-FR\",\"@id\":\"https:\/\/yubabikes.eu\/fr\/produit\/xl-spacer-for-stand-together-kickstand\/#primaryimage\",\"url\":\"https:\/\/yubabikes.eu\/wp-content\/uploads\/2025\/03\/AC-KS006_Stand-Together-Spacer-XL_spare_parts_yuba_cargo_bike_10.png\",\"contentUrl\":\"https:\/\/yubabikes.eu\/wp-content\/uploads\/2025\/03\/AC-KS006_Stand-Together-Spacer-XL_spare_parts_yuba_cargo_bike_10.png\",\"width\":1050,\"height\":787},{\"@type\":\"BreadcrumbList\",\"@id\":\"https:\/\/yubabikes.eu\/fr\/produit\/xl-spacer-for-stand-together-kickstand\/#breadcrumb\",\"itemListElement\":[{\"@type\":\"ListItem\",\"position\":1,\"name\":\"Home\",\"item\":\"https:\/\/yubabikes.eu\/fr\/\"},{\"@type\":\"ListItem\",\"position\":2,\"name\":\"Boutique\",\"item\":\"https:\/\/yubabikes.eu\/fr\/boutique\/\"},{\"@type\":\"ListItem\",\"position\":3,\"name\":\"Entretoise XL pour b\u00e9quille Stand Together\"}]},{\"@type\":\"WebSite\",\"@id\":\"https:\/\/yubabikes.eu\/fr\/#website\",\"url\":\"https:\/\/yubabikes.eu\/fr\/\",\"name\":\"Yuba Cargo Bikes\",\"description\":\"Yuba - V\u00e9los cargo pour la famille et les professionnels\",\"alternateName\":\"Yuba Bikes\",\"potentialAction\":[{\"@type\":\"SearchAction\",\"target\":{\"@type\":\"EntryPoint\",\"urlTemplate\":\"https:\/\/yubabikes.eu\/fr\/?s={search_term_string}\"},\"query-input\":{\"@type\":\"PropertyValueSpecification\",\"valueRequired\":true,\"valueName\":\"search_term_string\"}}],\"inLanguage\":\"fr-FR\"}]}<\/script>\n<!-- \/ Yoast SEO plugin. -->","yoast_head_json":{"title":"Entretoise XL pour b\u00e9quille Stand Together | Yubabikes","robots":{"index":"index","follow":"follow","max-snippet":"max-snippet:-1","max-image-preview":"max-image-preview:large","max-video-preview":"max-video-preview:-1"},"canonical":"https:\/\/yubabikes.eu\/fr\/produit\/xl-spacer-for-stand-together-kickstand\/","og_locale":"fr_FR","og_type":"article","og_title":"Entretoise XL pour b\u00e9quille Stand Together | Yubabikes","og_description":"Entretoises XL pour pneus larges ou fourches suspendues. \u00c0 placer entre le cadre et la b\u00e9quille. Compatibles avec Spicy Curry AT, Kombi (pneus 2.5&#8243;), Spicy Curry V4 and Boda Boda V4.","og_url":"https:\/\/yubabikes.eu\/fr\/produit\/xl-spacer-for-stand-together-kickstand\/","og_site_name":"Yubabikes","article_modified_time":"2026-02-15T15:49:12+00:00","og_image":[{"width":1050,"height":787,"url":"https:\/\/yubabikes.eu\/wp-content\/uploads\/2025\/03\/AC-KS006_Stand-Together-Spacer-XL_spare_parts_yuba_cargo_bike_10.png","type":"image\/png"}],"twitter_card":"summary_large_image","schema":{"@context":"https:\/\/schema.org","@graph":[{"@type":"WebPage","@id":"https:\/\/yubabikes.eu\/fr\/produit\/xl-spacer-for-stand-together-kickstand\/","url":"https:\/\/yubabikes.eu\/fr\/produit\/xl-spacer-for-stand-together-kickstand\/","name":"Entretoise XL pour b\u00e9quille Stand Together | Yubabikes","isPartOf":{"@id":"https:\/\/yubabikes.eu\/fr\/#website"},"primaryImageOfPage":{"@id":"https:\/\/yubabikes.eu\/fr\/produit\/xl-spacer-for-stand-together-kickstand\/#primaryimage"},"image":{"@id":"https:\/\/yubabikes.eu\/fr\/produit\/xl-spacer-for-stand-together-kickstand\/#primaryimage"},"thumbnailUrl":"https:\/\/yubabikes.eu\/wp-content\/uploads\/2025\/03\/AC-KS006_Stand-Together-Spacer-XL_spare_parts_yuba_cargo_bike_10.png","datePublished":"2025-04-28T09:57:55+00:00","dateModified":"2026-02-15T15:49:12+00:00","breadcrumb":{"@id":"https:\/\/yubabikes.eu\/fr\/produit\/xl-spacer-for-stand-together-kickstand\/#breadcrumb"},"inLanguage":"fr-FR","potentialAction":[{"@type":"ReadAction","target":["https:\/\/yubabikes.eu\/fr\/produit\/xl-spacer-for-stand-together-kickstand\/"]}]},{"@type":"ImageObject","inLanguage":"fr-FR","@id":"https:\/\/yubabikes.eu\/fr\/produit\/xl-spacer-for-stand-together-kickstand\/#primaryimage","url":"https:\/\/yubabikes.eu\/wp-content\/uploads\/2025\/03\/AC-KS006_Stand-Together-Spacer-XL_spare_parts_yuba_cargo_bike_10.png","contentUrl":"https:\/\/yubabikes.eu\/wp-content\/uploads\/2025\/03\/AC-KS006_Stand-Together-Spacer-XL_spare_parts_yuba_cargo_bike_10.png","width":1050,"height":787},{"@type":"BreadcrumbList","@id":"https:\/\/yubabikes.eu\/fr\/produit\/xl-spacer-for-stand-together-kickstand\/#breadcrumb","itemListElement":[{"@type":"ListItem","position":1,"name":"Home","item":"https:\/\/yubabikes.eu\/fr\/"},{"@type":"ListItem","position":2,"name":"Boutique","item":"https:\/\/yubabikes.eu\/fr\/boutique\/"},{"@type":"ListItem","position":3,"name":"Entretoise XL pour b\u00e9quille Stand Together"}]},{"@type":"WebSite","@id":"https:\/\/yubabikes.eu\/fr\/#website","url":"https:\/\/yubabikes.eu\/fr\/","name":"Yuba Cargo Bikes","description":"Yuba - V\u00e9los cargo pour la famille et les professionnels","alternateName":"Yuba Bikes","potentialAction":[{"@type":"SearchAction","target":{"@type":"EntryPoint","urlTemplate":"https:\/\/yubabikes.eu\/fr\/?s={search_term_string}"},"query-input":{"@type":"PropertyValueSpecification","valueRequired":true,"valueName":"search_term_string"}}],"inLanguage":"fr-FR"}]}},"_links":{"self":[{"href":"https:\/\/yubabikes.eu\/fr\/wp-json\/wp\/v2\/product\/116157","targetHints":{"allow":["GET"]}}],"collection":[{"href":"https:\/\/yubabikes.eu\/fr\/wp-json\/wp\/v2\/product"}],"about":[{"href":"https:\/\/yubabikes.eu\/fr\/wp-json\/wp\/v2\/types\/product"}],"wp:featuredmedia":[{"embeddable":true,"href":"https:\/\/yubabikes.eu\/fr\/wp-json\/wp\/v2\/media\/114684"}],"wp:attachment":[{"href":"https:\/\/yubabikes.eu\/fr\/wp-json\/wp\/v2\/media?parent=116157"}],"wp:term":[{"taxonomy":"product_brand","embeddable":true,"href":"https:\/\/yubabikes.eu\/fr\/wp-json\/wp\/v2\/product_brand?post=116157"},{"taxonomy":"product_cat","embeddable":true,"href":"https:\/\/yubabikes.eu\/fr\/wp-json\/wp\/v2\/product_cat?post=116157"},{"taxonomy":"product_tag","embeddable":true,"href":"https:\/\/yubabikes.eu\/fr\/wp-json\/wp\/v2\/product_tag?post=116157"}],"curies":[{"name":"wp","href":"https:\/\/api.w.org\/{rel}","templated":true}]}}