{"id":116085,"date":"2025-04-28T10:24:56","date_gmt":"2025-04-28T10:24:56","guid":{"rendered":"https:\/\/yubabikes.eu\/?post_type=product&#038;p=116085"},"modified":"2026-01-28T21:34:11","modified_gmt":"2026-01-28T21:34:11","slug":"light-kit","status":"publish","type":"product","link":"https:\/\/yubabikes.eu\/fr\/produit\/light-kit\/","title":{"rendered":"Kit d\u2019\u00e9clairage"},"content":{"rendered":"<p>Kit de fixation pour \u00e9clairages avant et arri\u00e8re \u00e0 pile.<\/p>\n","protected":false},"excerpt":{"rendered":"<p>Kit de fixation pour \u00e9clairages avant et arri\u00e8re \u00e0 pile.<\/p>\n","protected":false},"featured_media":114837,"template":"","meta":{"_acf_changed":false,"om_disable_all_campaigns":false,"inline_featured_image":false},"product_brand":[],"product_cat":[200,372,205,371,373,203,374,375,380,381,382,376,377,378,379,366,364,363,365,362,361],"product_tag":[],"class_list":{"0":"post-116085","1":"product","2":"type-product","3":"status-publish","4":"has-post-thumbnail","6":"product_cat-pieces-detachees-fastrack","7":"product_cat-supercargo-cl-fr","8":"product_cat-pieces-detachees-supercargo","9":"product_cat-supermarche-fr","10":"product_cat-electric-supermarche-fr","11":"product_cat-pieces-detachees-kombi","12":"product_cat-kombi-e5-fr","13":"product_cat-kombi-e6-fr","14":"product_cat-mundo-e8000-fr","15":"product_cat-mundo-ep8-fr","16":"product_cat-mundo-ep801-fr","17":"product_cat-mundo-v1-v2-v3-fr","18":"product_cat-mundo-v4-classic-fr","19":"product_cat-mundo-v5-lux-fr","20":"product_cat-mundo-v6-lux-fr","21":"product_cat-spicy-curry-v4-fr","22":"product_cat-spicy-curry-at-fr","23":"product_cat-spicy-curry-v3-fr","24":"product_cat-sweet-curry-fr","25":"product_cat-spicy-curry-v2-fr","26":"product_cat-spicy-curry-v1","28":"first","29":"instock","30":"taxable","31":"shipping-taxable","32":"purchasable","33":"product-type-simple"},"acf":[],"yoast_head":"<!-- This site is optimized with the Yoast SEO plugin v26.6 - https:\/\/yoast.com\/wordpress\/plugins\/seo\/ -->\n<title>Kit d\u2019\u00e9clairage | Yubabikes<\/title>\n<meta name=\"robots\" content=\"index, follow, max-snippet:-1, max-image-preview:large, max-video-preview:-1\" \/>\n<link rel=\"canonical\" href=\"https:\/\/yubabikes.eu\/fr\/produit\/light-kit\/\" \/>\n<meta property=\"og:locale\" content=\"fr_FR\" \/>\n<meta property=\"og:type\" content=\"article\" \/>\n<meta property=\"og:title\" content=\"Kit d\u2019\u00e9clairage | Yubabikes\" \/>\n<meta property=\"og:description\" content=\"Kit de fixation pour \u00e9clairages avant et arri\u00e8re \u00e0 pile.\" \/>\n<meta property=\"og:url\" content=\"https:\/\/yubabikes.eu\/fr\/produit\/light-kit\/\" \/>\n<meta property=\"og:site_name\" content=\"Yubabikes\" \/>\n<meta property=\"article:modified_time\" content=\"2026-01-28T21:34:11+00:00\" \/>\n<meta property=\"og:image\" content=\"https:\/\/yubabikes.eu\/wp-content\/uploads\/2025\/03\/PA-SBL01_Light-Kit_spare_parts_yuba_cargo_bike_60.png\" \/>\n\t<meta property=\"og:image:width\" content=\"1050\" \/>\n\t<meta property=\"og:image:height\" content=\"787\" \/>\n\t<meta property=\"og:image:type\" content=\"image\/png\" \/>\n<meta name=\"twitter:card\" content=\"summary_large_image\" \/>\n<script type=\"application\/ld+json\" class=\"yoast-schema-graph\">{\"@context\":\"https:\/\/schema.org\",\"@graph\":[{\"@type\":\"WebPage\",\"@id\":\"https:\/\/yubabikes.eu\/fr\/produit\/light-kit\/\",\"url\":\"https:\/\/yubabikes.eu\/fr\/produit\/light-kit\/\",\"name\":\"Kit d\u2019\u00e9clairage | Yubabikes\",\"isPartOf\":{\"@id\":\"https:\/\/yubabikes.eu\/fr\/#website\"},\"primaryImageOfPage\":{\"@id\":\"https:\/\/yubabikes.eu\/fr\/produit\/light-kit\/#primaryimage\"},\"image\":{\"@id\":\"https:\/\/yubabikes.eu\/fr\/produit\/light-kit\/#primaryimage\"},\"thumbnailUrl\":\"https:\/\/yubabikes.eu\/wp-content\/uploads\/2025\/03\/PA-SBL01_Light-Kit_spare_parts_yuba_cargo_bike_60.png\",\"datePublished\":\"2025-04-28T10:24:56+00:00\",\"dateModified\":\"2026-01-28T21:34:11+00:00\",\"breadcrumb\":{\"@id\":\"https:\/\/yubabikes.eu\/fr\/produit\/light-kit\/#breadcrumb\"},\"inLanguage\":\"fr-FR\",\"potentialAction\":[{\"@type\":\"ReadAction\",\"target\":[\"https:\/\/yubabikes.eu\/fr\/produit\/light-kit\/\"]}]},{\"@type\":\"ImageObject\",\"inLanguage\":\"fr-FR\",\"@id\":\"https:\/\/yubabikes.eu\/fr\/produit\/light-kit\/#primaryimage\",\"url\":\"https:\/\/yubabikes.eu\/wp-content\/uploads\/2025\/03\/PA-SBL01_Light-Kit_spare_parts_yuba_cargo_bike_60.png\",\"contentUrl\":\"https:\/\/yubabikes.eu\/wp-content\/uploads\/2025\/03\/PA-SBL01_Light-Kit_spare_parts_yuba_cargo_bike_60.png\",\"width\":1050,\"height\":787},{\"@type\":\"BreadcrumbList\",\"@id\":\"https:\/\/yubabikes.eu\/fr\/produit\/light-kit\/#breadcrumb\",\"itemListElement\":[{\"@type\":\"ListItem\",\"position\":1,\"name\":\"Home\",\"item\":\"https:\/\/yubabikes.eu\/fr\/\"},{\"@type\":\"ListItem\",\"position\":2,\"name\":\"Boutique\",\"item\":\"https:\/\/yubabikes.eu\/fr\/boutique\/\"},{\"@type\":\"ListItem\",\"position\":3,\"name\":\"Kit d\u2019\u00e9clairage\"}]},{\"@type\":\"WebSite\",\"@id\":\"https:\/\/yubabikes.eu\/fr\/#website\",\"url\":\"https:\/\/yubabikes.eu\/fr\/\",\"name\":\"Yuba Cargo Bikes\",\"description\":\"Yuba - V\u00e9los cargo pour la famille et les professionnels\",\"alternateName\":\"Yuba Bikes\",\"potentialAction\":[{\"@type\":\"SearchAction\",\"target\":{\"@type\":\"EntryPoint\",\"urlTemplate\":\"https:\/\/yubabikes.eu\/fr\/?s={search_term_string}\"},\"query-input\":{\"@type\":\"PropertyValueSpecification\",\"valueRequired\":true,\"valueName\":\"search_term_string\"}}],\"inLanguage\":\"fr-FR\"}]}<\/script>\n<!-- \/ Yoast SEO plugin. -->","yoast_head_json":{"title":"Kit d\u2019\u00e9clairage | Yubabikes","robots":{"index":"index","follow":"follow","max-snippet":"max-snippet:-1","max-image-preview":"max-image-preview:large","max-video-preview":"max-video-preview:-1"},"canonical":"https:\/\/yubabikes.eu\/fr\/produit\/light-kit\/","og_locale":"fr_FR","og_type":"article","og_title":"Kit d\u2019\u00e9clairage | Yubabikes","og_description":"Kit de fixation pour \u00e9clairages avant et arri\u00e8re \u00e0 pile.","og_url":"https:\/\/yubabikes.eu\/fr\/produit\/light-kit\/","og_site_name":"Yubabikes","article_modified_time":"2026-01-28T21:34:11+00:00","og_image":[{"width":1050,"height":787,"url":"https:\/\/yubabikes.eu\/wp-content\/uploads\/2025\/03\/PA-SBL01_Light-Kit_spare_parts_yuba_cargo_bike_60.png","type":"image\/png"}],"twitter_card":"summary_large_image","schema":{"@context":"https:\/\/schema.org","@graph":[{"@type":"WebPage","@id":"https:\/\/yubabikes.eu\/fr\/produit\/light-kit\/","url":"https:\/\/yubabikes.eu\/fr\/produit\/light-kit\/","name":"Kit d\u2019\u00e9clairage | Yubabikes","isPartOf":{"@id":"https:\/\/yubabikes.eu\/fr\/#website"},"primaryImageOfPage":{"@id":"https:\/\/yubabikes.eu\/fr\/produit\/light-kit\/#primaryimage"},"image":{"@id":"https:\/\/yubabikes.eu\/fr\/produit\/light-kit\/#primaryimage"},"thumbnailUrl":"https:\/\/yubabikes.eu\/wp-content\/uploads\/2025\/03\/PA-SBL01_Light-Kit_spare_parts_yuba_cargo_bike_60.png","datePublished":"2025-04-28T10:24:56+00:00","dateModified":"2026-01-28T21:34:11+00:00","breadcrumb":{"@id":"https:\/\/yubabikes.eu\/fr\/produit\/light-kit\/#breadcrumb"},"inLanguage":"fr-FR","potentialAction":[{"@type":"ReadAction","target":["https:\/\/yubabikes.eu\/fr\/produit\/light-kit\/"]}]},{"@type":"ImageObject","inLanguage":"fr-FR","@id":"https:\/\/yubabikes.eu\/fr\/produit\/light-kit\/#primaryimage","url":"https:\/\/yubabikes.eu\/wp-content\/uploads\/2025\/03\/PA-SBL01_Light-Kit_spare_parts_yuba_cargo_bike_60.png","contentUrl":"https:\/\/yubabikes.eu\/wp-content\/uploads\/2025\/03\/PA-SBL01_Light-Kit_spare_parts_yuba_cargo_bike_60.png","width":1050,"height":787},{"@type":"BreadcrumbList","@id":"https:\/\/yubabikes.eu\/fr\/produit\/light-kit\/#breadcrumb","itemListElement":[{"@type":"ListItem","position":1,"name":"Home","item":"https:\/\/yubabikes.eu\/fr\/"},{"@type":"ListItem","position":2,"name":"Boutique","item":"https:\/\/yubabikes.eu\/fr\/boutique\/"},{"@type":"ListItem","position":3,"name":"Kit d\u2019\u00e9clairage"}]},{"@type":"WebSite","@id":"https:\/\/yubabikes.eu\/fr\/#website","url":"https:\/\/yubabikes.eu\/fr\/","name":"Yuba Cargo Bikes","description":"Yuba - V\u00e9los cargo pour la famille et les professionnels","alternateName":"Yuba Bikes","potentialAction":[{"@type":"SearchAction","target":{"@type":"EntryPoint","urlTemplate":"https:\/\/yubabikes.eu\/fr\/?s={search_term_string}"},"query-input":{"@type":"PropertyValueSpecification","valueRequired":true,"valueName":"search_term_string"}}],"inLanguage":"fr-FR"}]}},"_links":{"self":[{"href":"https:\/\/yubabikes.eu\/fr\/wp-json\/wp\/v2\/product\/116085","targetHints":{"allow":["GET"]}}],"collection":[{"href":"https:\/\/yubabikes.eu\/fr\/wp-json\/wp\/v2\/product"}],"about":[{"href":"https:\/\/yubabikes.eu\/fr\/wp-json\/wp\/v2\/types\/product"}],"wp:featuredmedia":[{"embeddable":true,"href":"https:\/\/yubabikes.eu\/fr\/wp-json\/wp\/v2\/media\/114837"}],"wp:attachment":[{"href":"https:\/\/yubabikes.eu\/fr\/wp-json\/wp\/v2\/media?parent=116085"}],"wp:term":[{"taxonomy":"product_brand","embeddable":true,"href":"https:\/\/yubabikes.eu\/fr\/wp-json\/wp\/v2\/product_brand?post=116085"},{"taxonomy":"product_cat","embeddable":true,"href":"https:\/\/yubabikes.eu\/fr\/wp-json\/wp\/v2\/product_cat?post=116085"},{"taxonomy":"product_tag","embeddable":true,"href":"https:\/\/yubabikes.eu\/fr\/wp-json\/wp\/v2\/product_tag?post=116085"}],"curies":[{"name":"wp","href":"https:\/\/api.w.org\/{rel}","templated":true}]}}