{"id":116072,"date":"2025-04-28T15:34:30","date_gmt":"2025-04-28T15:34:30","guid":{"rendered":"https:\/\/yubabikes.eu\/?post_type=product&#038;p=116072"},"modified":"2025-04-29T15:05:43","modified_gmt":"2025-04-29T15:05:43","slug":"rear-24-wheel-for-kombi-e6","status":"publish","type":"product","link":"https:\/\/yubabikes.eu\/fr\/produit\/rear-24-wheel-for-kombi-e6\/","title":{"rendered":"Roue arri\u00e8re 24 pour Kombi E6"},"content":{"rendered":"<p>Roue arri\u00e8re 24 pour Kombi, Kombi E5 et Kombi E6. Axe rapide 9\u00d7135 mm, 9\u201310 vitesses, 36 rayons. Compatible frein \u00e0 disque.<\/p>\n","protected":false},"excerpt":{"rendered":"<p>Roue arri\u00e8re 24 pour Kombi, Kombi E5 et Kombi E6. Axe rapide 9\u00d7135 mm, 9\u201310 vitesses, 36 rayons. Compatible frein \u00e0 disque.<\/p>\n","protected":false},"featured_media":115999,"template":"","meta":{"_acf_changed":false,"om_disable_all_campaigns":false,"inline_featured_image":false},"product_brand":[],"product_cat":[199,203,374,375],"product_tag":[],"class_list":{"0":"post-116072","1":"product","2":"type-product","3":"status-publish","4":"has-post-thumbnail","6":"product_cat-pieces-detachees","7":"product_cat-pieces-detachees-kombi","8":"product_cat-kombi-e5-fr","9":"product_cat-kombi-e6-fr","11":"first","12":"outofstock","13":"taxable","14":"shipping-taxable","15":"purchasable","16":"product-type-simple"},"acf":[],"yoast_head":"<!-- This site is optimized with the Yoast SEO plugin v26.6 - https:\/\/yoast.com\/wordpress\/plugins\/seo\/ -->\n<title>Roue arri\u00e8re 24 pour Kombi E6 | Yubabikes<\/title>\n<meta name=\"robots\" content=\"index, follow, max-snippet:-1, max-image-preview:large, max-video-preview:-1\" \/>\n<link rel=\"canonical\" href=\"https:\/\/yubabikes.eu\/fr\/produit\/rear-24-wheel-for-kombi-e6\/\" \/>\n<meta property=\"og:locale\" content=\"fr_FR\" \/>\n<meta property=\"og:type\" content=\"article\" \/>\n<meta property=\"og:title\" content=\"Roue arri\u00e8re 24 pour Kombi E6 | Yubabikes\" \/>\n<meta property=\"og:description\" content=\"Roue arri\u00e8re 24 pour Kombi, Kombi E5 et Kombi E6. Axe rapide 9\u00d7135 mm, 9\u201310 vitesses, 36 rayons. Compatible frein \u00e0 disque.\" \/>\n<meta property=\"og:url\" content=\"https:\/\/yubabikes.eu\/fr\/produit\/rear-24-wheel-for-kombi-e6\/\" \/>\n<meta property=\"og:site_name\" content=\"Yubabikes\" \/>\n<meta property=\"article:modified_time\" content=\"2025-04-29T15:05:43+00:00\" \/>\n<meta property=\"og:image\" content=\"https:\/\/yubabikes.eu\/wp-content\/uploads\/2025\/04\/PA-RWKE602_Rear-24-Wheel-for-Kombi-E6_spare_parts_yuba_cargo_bike_28.png\" \/>\n\t<meta property=\"og:image:width\" content=\"975\" \/>\n\t<meta property=\"og:image:height\" content=\"732\" \/>\n\t<meta property=\"og:image:type\" content=\"image\/png\" \/>\n<meta name=\"twitter:card\" content=\"summary_large_image\" \/>\n<script type=\"application\/ld+json\" class=\"yoast-schema-graph\">{\"@context\":\"https:\/\/schema.org\",\"@graph\":[{\"@type\":\"WebPage\",\"@id\":\"https:\/\/yubabikes.eu\/fr\/produit\/rear-24-wheel-for-kombi-e6\/\",\"url\":\"https:\/\/yubabikes.eu\/fr\/produit\/rear-24-wheel-for-kombi-e6\/\",\"name\":\"Roue arri\u00e8re 24 pour Kombi E6 | Yubabikes\",\"isPartOf\":{\"@id\":\"https:\/\/yubabikes.eu\/fr\/#website\"},\"primaryImageOfPage\":{\"@id\":\"https:\/\/yubabikes.eu\/fr\/produit\/rear-24-wheel-for-kombi-e6\/#primaryimage\"},\"image\":{\"@id\":\"https:\/\/yubabikes.eu\/fr\/produit\/rear-24-wheel-for-kombi-e6\/#primaryimage\"},\"thumbnailUrl\":\"https:\/\/yubabikes.eu\/wp-content\/uploads\/2025\/04\/PA-RWKE602_Rear-24-Wheel-for-Kombi-E6_spare_parts_yuba_cargo_bike_28.png\",\"datePublished\":\"2025-04-28T15:34:30+00:00\",\"dateModified\":\"2025-04-29T15:05:43+00:00\",\"breadcrumb\":{\"@id\":\"https:\/\/yubabikes.eu\/fr\/produit\/rear-24-wheel-for-kombi-e6\/#breadcrumb\"},\"inLanguage\":\"fr-FR\",\"potentialAction\":[{\"@type\":\"ReadAction\",\"target\":[\"https:\/\/yubabikes.eu\/fr\/produit\/rear-24-wheel-for-kombi-e6\/\"]}]},{\"@type\":\"ImageObject\",\"inLanguage\":\"fr-FR\",\"@id\":\"https:\/\/yubabikes.eu\/fr\/produit\/rear-24-wheel-for-kombi-e6\/#primaryimage\",\"url\":\"https:\/\/yubabikes.eu\/wp-content\/uploads\/2025\/04\/PA-RWKE602_Rear-24-Wheel-for-Kombi-E6_spare_parts_yuba_cargo_bike_28.png\",\"contentUrl\":\"https:\/\/yubabikes.eu\/wp-content\/uploads\/2025\/04\/PA-RWKE602_Rear-24-Wheel-for-Kombi-E6_spare_parts_yuba_cargo_bike_28.png\",\"width\":975,\"height\":732},{\"@type\":\"BreadcrumbList\",\"@id\":\"https:\/\/yubabikes.eu\/fr\/produit\/rear-24-wheel-for-kombi-e6\/#breadcrumb\",\"itemListElement\":[{\"@type\":\"ListItem\",\"position\":1,\"name\":\"Home\",\"item\":\"https:\/\/yubabikes.eu\/fr\/\"},{\"@type\":\"ListItem\",\"position\":2,\"name\":\"Boutique\",\"item\":\"https:\/\/yubabikes.eu\/fr\/boutique\/\"},{\"@type\":\"ListItem\",\"position\":3,\"name\":\"Roue arri\u00e8re 24 pour Kombi E6\"}]},{\"@type\":\"WebSite\",\"@id\":\"https:\/\/yubabikes.eu\/fr\/#website\",\"url\":\"https:\/\/yubabikes.eu\/fr\/\",\"name\":\"Yuba Cargo Bikes\",\"description\":\"Yuba - V\u00e9los cargo pour la famille et les professionnels\",\"alternateName\":\"Yuba Bikes\",\"potentialAction\":[{\"@type\":\"SearchAction\",\"target\":{\"@type\":\"EntryPoint\",\"urlTemplate\":\"https:\/\/yubabikes.eu\/fr\/?s={search_term_string}\"},\"query-input\":{\"@type\":\"PropertyValueSpecification\",\"valueRequired\":true,\"valueName\":\"search_term_string\"}}],\"inLanguage\":\"fr-FR\"}]}<\/script>\n<!-- \/ Yoast SEO plugin. -->","yoast_head_json":{"title":"Roue arri\u00e8re 24 pour Kombi E6 | Yubabikes","robots":{"index":"index","follow":"follow","max-snippet":"max-snippet:-1","max-image-preview":"max-image-preview:large","max-video-preview":"max-video-preview:-1"},"canonical":"https:\/\/yubabikes.eu\/fr\/produit\/rear-24-wheel-for-kombi-e6\/","og_locale":"fr_FR","og_type":"article","og_title":"Roue arri\u00e8re 24 pour Kombi E6 | Yubabikes","og_description":"Roue arri\u00e8re 24 pour Kombi, Kombi E5 et Kombi E6. Axe rapide 9\u00d7135 mm, 9\u201310 vitesses, 36 rayons. Compatible frein \u00e0 disque.","og_url":"https:\/\/yubabikes.eu\/fr\/produit\/rear-24-wheel-for-kombi-e6\/","og_site_name":"Yubabikes","article_modified_time":"2025-04-29T15:05:43+00:00","og_image":[{"width":975,"height":732,"url":"https:\/\/yubabikes.eu\/wp-content\/uploads\/2025\/04\/PA-RWKE602_Rear-24-Wheel-for-Kombi-E6_spare_parts_yuba_cargo_bike_28.png","type":"image\/png"}],"twitter_card":"summary_large_image","schema":{"@context":"https:\/\/schema.org","@graph":[{"@type":"WebPage","@id":"https:\/\/yubabikes.eu\/fr\/produit\/rear-24-wheel-for-kombi-e6\/","url":"https:\/\/yubabikes.eu\/fr\/produit\/rear-24-wheel-for-kombi-e6\/","name":"Roue arri\u00e8re 24 pour Kombi E6 | Yubabikes","isPartOf":{"@id":"https:\/\/yubabikes.eu\/fr\/#website"},"primaryImageOfPage":{"@id":"https:\/\/yubabikes.eu\/fr\/produit\/rear-24-wheel-for-kombi-e6\/#primaryimage"},"image":{"@id":"https:\/\/yubabikes.eu\/fr\/produit\/rear-24-wheel-for-kombi-e6\/#primaryimage"},"thumbnailUrl":"https:\/\/yubabikes.eu\/wp-content\/uploads\/2025\/04\/PA-RWKE602_Rear-24-Wheel-for-Kombi-E6_spare_parts_yuba_cargo_bike_28.png","datePublished":"2025-04-28T15:34:30+00:00","dateModified":"2025-04-29T15:05:43+00:00","breadcrumb":{"@id":"https:\/\/yubabikes.eu\/fr\/produit\/rear-24-wheel-for-kombi-e6\/#breadcrumb"},"inLanguage":"fr-FR","potentialAction":[{"@type":"ReadAction","target":["https:\/\/yubabikes.eu\/fr\/produit\/rear-24-wheel-for-kombi-e6\/"]}]},{"@type":"ImageObject","inLanguage":"fr-FR","@id":"https:\/\/yubabikes.eu\/fr\/produit\/rear-24-wheel-for-kombi-e6\/#primaryimage","url":"https:\/\/yubabikes.eu\/wp-content\/uploads\/2025\/04\/PA-RWKE602_Rear-24-Wheel-for-Kombi-E6_spare_parts_yuba_cargo_bike_28.png","contentUrl":"https:\/\/yubabikes.eu\/wp-content\/uploads\/2025\/04\/PA-RWKE602_Rear-24-Wheel-for-Kombi-E6_spare_parts_yuba_cargo_bike_28.png","width":975,"height":732},{"@type":"BreadcrumbList","@id":"https:\/\/yubabikes.eu\/fr\/produit\/rear-24-wheel-for-kombi-e6\/#breadcrumb","itemListElement":[{"@type":"ListItem","position":1,"name":"Home","item":"https:\/\/yubabikes.eu\/fr\/"},{"@type":"ListItem","position":2,"name":"Boutique","item":"https:\/\/yubabikes.eu\/fr\/boutique\/"},{"@type":"ListItem","position":3,"name":"Roue arri\u00e8re 24 pour Kombi E6"}]},{"@type":"WebSite","@id":"https:\/\/yubabikes.eu\/fr\/#website","url":"https:\/\/yubabikes.eu\/fr\/","name":"Yuba Cargo Bikes","description":"Yuba - V\u00e9los cargo pour la famille et les professionnels","alternateName":"Yuba Bikes","potentialAction":[{"@type":"SearchAction","target":{"@type":"EntryPoint","urlTemplate":"https:\/\/yubabikes.eu\/fr\/?s={search_term_string}"},"query-input":{"@type":"PropertyValueSpecification","valueRequired":true,"valueName":"search_term_string"}}],"inLanguage":"fr-FR"}]}},"_links":{"self":[{"href":"https:\/\/yubabikes.eu\/fr\/wp-json\/wp\/v2\/product\/116072","targetHints":{"allow":["GET"]}}],"collection":[{"href":"https:\/\/yubabikes.eu\/fr\/wp-json\/wp\/v2\/product"}],"about":[{"href":"https:\/\/yubabikes.eu\/fr\/wp-json\/wp\/v2\/types\/product"}],"wp:featuredmedia":[{"embeddable":true,"href":"https:\/\/yubabikes.eu\/fr\/wp-json\/wp\/v2\/media\/115999"}],"wp:attachment":[{"href":"https:\/\/yubabikes.eu\/fr\/wp-json\/wp\/v2\/media?parent=116072"}],"wp:term":[{"taxonomy":"product_brand","embeddable":true,"href":"https:\/\/yubabikes.eu\/fr\/wp-json\/wp\/v2\/product_brand?post=116072"},{"taxonomy":"product_cat","embeddable":true,"href":"https:\/\/yubabikes.eu\/fr\/wp-json\/wp\/v2\/product_cat?post=116072"},{"taxonomy":"product_tag","embeddable":true,"href":"https:\/\/yubabikes.eu\/fr\/wp-json\/wp\/v2\/product_tag?post=116072"}],"curies":[{"name":"wp","href":"https:\/\/api.w.org\/{rel}","templated":true}]}}