{"id":114485,"date":"2025-02-17T14:01:21","date_gmt":"2025-02-17T14:01:21","guid":{"rendered":"https:\/\/yubabikes.eu\/product\/eco-baguette\/"},"modified":"2025-12-15T06:40:51","modified_gmt":"2025-12-15T06:40:51","slug":"eco-baguette","status":"publish","type":"product","link":"https:\/\/yubabikes.eu\/fr\/produit\/eco-baguette\/","title":{"rendered":"Eco Baguette"},"content":{"rendered":"","protected":false},"excerpt":{"rendered":"<p>La sacoche en tissu recycl\u00e9.<\/p>\n","protected":false},"featured_media":121721,"template":"","meta":{"_acf_changed":false,"om_disable_all_campaigns":false,"inline_featured_image":false},"product_brand":[],"product_cat":[159,160,165,163,164,407],"product_tag":[],"class_list":{"0":"post-114485","1":"product","2":"type-product","3":"status-publish","4":"has-post-thumbnail","6":"product_cat-add-ons-fr","7":"product_cat-add-ons-velos","8":"product_cat-boda-boda-fr","9":"product_cat-kombi-fr","10":"product_cat-mundo-fr","11":"product_cat-mini-boda-boda","13":"first","14":"outofstock","15":"taxable","16":"shipping-taxable","17":"purchasable","18":"product-type-simple"},"acf":[],"yoast_head":"<!-- This site is optimized with the Yoast SEO plugin v26.6 - https:\/\/yoast.com\/wordpress\/plugins\/seo\/ -->\n<title>Eco Baguette | La sacoche en tissu recycl\u00e9 pour v\u00e9lo cargo Yuba<\/title>\n<meta name=\"description\" content=\"Optez pour l\u2019Eco Baguette, une sacoche de v\u00e9lo en tissu recycl\u00e9, r\u00e9sistante \u00e0 l\u2019eau et compacte, id\u00e9ale pour transporter vos affaires au quotidien !\" \/>\n<meta name=\"robots\" content=\"index, follow, max-snippet:-1, max-image-preview:large, max-video-preview:-1\" \/>\n<link rel=\"canonical\" href=\"https:\/\/yubabikes.eu\/fr\/produit\/eco-baguette\/\" \/>\n<meta property=\"og:locale\" content=\"fr_FR\" \/>\n<meta property=\"og:type\" content=\"article\" \/>\n<meta property=\"og:title\" content=\"Eco Baguette | La sacoche en tissu recycl\u00e9 pour v\u00e9lo cargo Yuba\" \/>\n<meta property=\"og:description\" content=\"Optez pour l\u2019Eco Baguette, une sacoche de v\u00e9lo en tissu recycl\u00e9, r\u00e9sistante \u00e0 l\u2019eau et compacte, id\u00e9ale pour transporter vos affaires au quotidien !\" \/>\n<meta property=\"og:url\" content=\"https:\/\/yubabikes.eu\/fr\/produit\/eco-baguette\/\" \/>\n<meta property=\"og:site_name\" content=\"Yubabikes\" \/>\n<meta property=\"article:modified_time\" content=\"2025-12-15T06:40:51+00:00\" \/>\n<meta property=\"og:image\" content=\"https:\/\/yubabikes.eu\/wp-content\/uploads\/2025\/02\/Eco_Baguette_YubaBikes_AddOns_Studio_Without_Background.png\" \/>\n\t<meta property=\"og:image:width\" content=\"810\" \/>\n\t<meta property=\"og:image:height\" content=\"810\" \/>\n\t<meta property=\"og:image:type\" content=\"image\/png\" \/>\n<meta name=\"twitter:card\" content=\"summary_large_image\" \/>\n<meta name=\"twitter:label1\" content=\"Dur\u00e9e de lecture estim\u00e9e\" \/>\n\t<meta name=\"twitter:data1\" content=\"1 minute\" \/>\n<script type=\"application\/ld+json\" class=\"yoast-schema-graph\">{\"@context\":\"https:\/\/schema.org\",\"@graph\":[{\"@type\":\"WebPage\",\"@id\":\"https:\/\/yubabikes.eu\/fr\/produit\/eco-baguette\/\",\"url\":\"https:\/\/yubabikes.eu\/fr\/produit\/eco-baguette\/\",\"name\":\"Eco Baguette | La sacoche en tissu recycl\u00e9 pour v\u00e9lo cargo Yuba\",\"isPartOf\":{\"@id\":\"https:\/\/yubabikes.eu\/fr\/#website\"},\"primaryImageOfPage\":{\"@id\":\"https:\/\/yubabikes.eu\/fr\/produit\/eco-baguette\/#primaryimage\"},\"image\":{\"@id\":\"https:\/\/yubabikes.eu\/fr\/produit\/eco-baguette\/#primaryimage\"},\"thumbnailUrl\":\"https:\/\/yubabikes.eu\/wp-content\/uploads\/2025\/11\/Yuba_Bikes_add-ons_eco-range-eco-bagette.png\",\"datePublished\":\"2025-02-17T14:01:21+00:00\",\"dateModified\":\"2025-12-15T06:40:51+00:00\",\"description\":\"Optez pour l\u2019Eco Baguette, une sacoche de v\u00e9lo en tissu recycl\u00e9, r\u00e9sistante \u00e0 l\u2019eau et compacte, id\u00e9ale pour transporter vos affaires au quotidien !\",\"breadcrumb\":{\"@id\":\"https:\/\/yubabikes.eu\/fr\/produit\/eco-baguette\/#breadcrumb\"},\"inLanguage\":\"fr-FR\",\"potentialAction\":[{\"@type\":\"ReadAction\",\"target\":[\"https:\/\/yubabikes.eu\/fr\/produit\/eco-baguette\/\"]}]},{\"@type\":\"ImageObject\",\"inLanguage\":\"fr-FR\",\"@id\":\"https:\/\/yubabikes.eu\/fr\/produit\/eco-baguette\/#primaryimage\",\"url\":\"https:\/\/yubabikes.eu\/wp-content\/uploads\/2025\/11\/Yuba_Bikes_add-ons_eco-range-eco-bagette.png\",\"contentUrl\":\"https:\/\/yubabikes.eu\/wp-content\/uploads\/2025\/11\/Yuba_Bikes_add-ons_eco-range-eco-bagette.png\",\"width\":1000,\"height\":1000},{\"@type\":\"BreadcrumbList\",\"@id\":\"https:\/\/yubabikes.eu\/fr\/produit\/eco-baguette\/#breadcrumb\",\"itemListElement\":[{\"@type\":\"ListItem\",\"position\":1,\"name\":\"Home\",\"item\":\"https:\/\/yubabikes.eu\/fr\/\"},{\"@type\":\"ListItem\",\"position\":2,\"name\":\"Boutique\",\"item\":\"https:\/\/yubabikes.eu\/fr\/boutique\/\"},{\"@type\":\"ListItem\",\"position\":3,\"name\":\"Eco Baguette\"}]},{\"@type\":\"WebSite\",\"@id\":\"https:\/\/yubabikes.eu\/fr\/#website\",\"url\":\"https:\/\/yubabikes.eu\/fr\/\",\"name\":\"Yuba Cargo Bikes\",\"description\":\"Yuba - V\u00e9los cargo pour la famille et les professionnels\",\"alternateName\":\"Yuba Bikes\",\"potentialAction\":[{\"@type\":\"SearchAction\",\"target\":{\"@type\":\"EntryPoint\",\"urlTemplate\":\"https:\/\/yubabikes.eu\/fr\/?s={search_term_string}\"},\"query-input\":{\"@type\":\"PropertyValueSpecification\",\"valueRequired\":true,\"valueName\":\"search_term_string\"}}],\"inLanguage\":\"fr-FR\"}]}<\/script>\n<!-- \/ Yoast SEO plugin. -->","yoast_head_json":{"title":"Eco Baguette | La sacoche en tissu recycl\u00e9 pour v\u00e9lo cargo Yuba","description":"Optez pour l\u2019Eco Baguette, une sacoche de v\u00e9lo en tissu recycl\u00e9, r\u00e9sistante \u00e0 l\u2019eau et compacte, id\u00e9ale pour transporter vos affaires au quotidien !","robots":{"index":"index","follow":"follow","max-snippet":"max-snippet:-1","max-image-preview":"max-image-preview:large","max-video-preview":"max-video-preview:-1"},"canonical":"https:\/\/yubabikes.eu\/fr\/produit\/eco-baguette\/","og_locale":"fr_FR","og_type":"article","og_title":"Eco Baguette | La sacoche en tissu recycl\u00e9 pour v\u00e9lo cargo Yuba","og_description":"Optez pour l\u2019Eco Baguette, une sacoche de v\u00e9lo en tissu recycl\u00e9, r\u00e9sistante \u00e0 l\u2019eau et compacte, id\u00e9ale pour transporter vos affaires au quotidien !","og_url":"https:\/\/yubabikes.eu\/fr\/produit\/eco-baguette\/","og_site_name":"Yubabikes","article_modified_time":"2025-12-15T06:40:51+00:00","og_image":[{"width":810,"height":810,"url":"https:\/\/yubabikes.eu\/wp-content\/uploads\/2025\/02\/Eco_Baguette_YubaBikes_AddOns_Studio_Without_Background.png","type":"image\/png"}],"twitter_card":"summary_large_image","twitter_misc":{"Dur\u00e9e de lecture estim\u00e9e":"1 minute"},"schema":{"@context":"https:\/\/schema.org","@graph":[{"@type":"WebPage","@id":"https:\/\/yubabikes.eu\/fr\/produit\/eco-baguette\/","url":"https:\/\/yubabikes.eu\/fr\/produit\/eco-baguette\/","name":"Eco Baguette | La sacoche en tissu recycl\u00e9 pour v\u00e9lo cargo Yuba","isPartOf":{"@id":"https:\/\/yubabikes.eu\/fr\/#website"},"primaryImageOfPage":{"@id":"https:\/\/yubabikes.eu\/fr\/produit\/eco-baguette\/#primaryimage"},"image":{"@id":"https:\/\/yubabikes.eu\/fr\/produit\/eco-baguette\/#primaryimage"},"thumbnailUrl":"https:\/\/yubabikes.eu\/wp-content\/uploads\/2025\/11\/Yuba_Bikes_add-ons_eco-range-eco-bagette.png","datePublished":"2025-02-17T14:01:21+00:00","dateModified":"2025-12-15T06:40:51+00:00","description":"Optez pour l\u2019Eco Baguette, une sacoche de v\u00e9lo en tissu recycl\u00e9, r\u00e9sistante \u00e0 l\u2019eau et compacte, id\u00e9ale pour transporter vos affaires au quotidien !","breadcrumb":{"@id":"https:\/\/yubabikes.eu\/fr\/produit\/eco-baguette\/#breadcrumb"},"inLanguage":"fr-FR","potentialAction":[{"@type":"ReadAction","target":["https:\/\/yubabikes.eu\/fr\/produit\/eco-baguette\/"]}]},{"@type":"ImageObject","inLanguage":"fr-FR","@id":"https:\/\/yubabikes.eu\/fr\/produit\/eco-baguette\/#primaryimage","url":"https:\/\/yubabikes.eu\/wp-content\/uploads\/2025\/11\/Yuba_Bikes_add-ons_eco-range-eco-bagette.png","contentUrl":"https:\/\/yubabikes.eu\/wp-content\/uploads\/2025\/11\/Yuba_Bikes_add-ons_eco-range-eco-bagette.png","width":1000,"height":1000},{"@type":"BreadcrumbList","@id":"https:\/\/yubabikes.eu\/fr\/produit\/eco-baguette\/#breadcrumb","itemListElement":[{"@type":"ListItem","position":1,"name":"Home","item":"https:\/\/yubabikes.eu\/fr\/"},{"@type":"ListItem","position":2,"name":"Boutique","item":"https:\/\/yubabikes.eu\/fr\/boutique\/"},{"@type":"ListItem","position":3,"name":"Eco Baguette"}]},{"@type":"WebSite","@id":"https:\/\/yubabikes.eu\/fr\/#website","url":"https:\/\/yubabikes.eu\/fr\/","name":"Yuba Cargo Bikes","description":"Yuba - V\u00e9los cargo pour la famille et les professionnels","alternateName":"Yuba Bikes","potentialAction":[{"@type":"SearchAction","target":{"@type":"EntryPoint","urlTemplate":"https:\/\/yubabikes.eu\/fr\/?s={search_term_string}"},"query-input":{"@type":"PropertyValueSpecification","valueRequired":true,"valueName":"search_term_string"}}],"inLanguage":"fr-FR"}]}},"_links":{"self":[{"href":"https:\/\/yubabikes.eu\/fr\/wp-json\/wp\/v2\/product\/114485","targetHints":{"allow":["GET"]}}],"collection":[{"href":"https:\/\/yubabikes.eu\/fr\/wp-json\/wp\/v2\/product"}],"about":[{"href":"https:\/\/yubabikes.eu\/fr\/wp-json\/wp\/v2\/types\/product"}],"wp:featuredmedia":[{"embeddable":true,"href":"https:\/\/yubabikes.eu\/fr\/wp-json\/wp\/v2\/media\/121721"}],"wp:attachment":[{"href":"https:\/\/yubabikes.eu\/fr\/wp-json\/wp\/v2\/media?parent=114485"}],"wp:term":[{"taxonomy":"product_brand","embeddable":true,"href":"https:\/\/yubabikes.eu\/fr\/wp-json\/wp\/v2\/product_brand?post=114485"},{"taxonomy":"product_cat","embeddable":true,"href":"https:\/\/yubabikes.eu\/fr\/wp-json\/wp\/v2\/product_cat?post=114485"},{"taxonomy":"product_tag","embeddable":true,"href":"https:\/\/yubabikes.eu\/fr\/wp-json\/wp\/v2\/product_tag?post=114485"}],"curies":[{"name":"wp","href":"https:\/\/api.w.org\/{rel}","templated":true}]}}