{"id":113887,"date":"2025-01-06T21:06:15","date_gmt":"2025-01-06T21:06:15","guid":{"rendered":"https:\/\/yubabikes.eu\/product\/stand-together-kickstand\/"},"modified":"2026-04-25T07:32:51","modified_gmt":"2026-04-25T07:32:51","slug":"stand-together-kickstand","status":"publish","type":"product","link":"https:\/\/yubabikes.eu\/fr\/produit\/stand-together-kickstand\/","title":{"rendered":"B\u00e9quille Stand Together"},"content":{"rendered":"<p>B\u00e9quille compatible avec les v\u00e9los Yuba \u00e9quip\u00e9s du syst\u00e8me Stand Together.<\/p>\n","protected":false},"excerpt":{"rendered":"<p>B\u00e9quille compatible avec les v\u00e9los Yuba \u00e9quip\u00e9s du syst\u00e8me Stand Together.<\/p>\n","protected":false},"featured_media":7761,"template":"","meta":{"_acf_changed":false,"om_disable_all_campaigns":false,"inline_featured_image":false},"product_brand":[],"product_cat":[199,367,368,369,370,200,203,374,375,380,381,382,377,378,379,366,364,363,365,362,361],"product_tag":[],"class_list":{"0":"post-113887","1":"product","2":"type-product","3":"status-publish","4":"has-post-thumbnail","6":"product_cat-pieces-detachees","7":"product_cat-boda-boda-v1-fr","8":"product_cat-boda-boda-v2-fr","9":"product_cat-boda-boda-v3-electric-steps-fr","10":"product_cat-boda-boda-v4-fr","11":"product_cat-pieces-detachees-fastrack","12":"product_cat-pieces-detachees-kombi","13":"product_cat-kombi-e5-fr","14":"product_cat-kombi-e6-fr","15":"product_cat-mundo-e8000-fr","16":"product_cat-mundo-ep8-fr","17":"product_cat-mundo-ep801-fr","18":"product_cat-mundo-v4-classic-fr","19":"product_cat-mundo-v5-lux-fr","20":"product_cat-mundo-v6-lux-fr","21":"product_cat-spicy-curry-v4-fr","22":"product_cat-spicy-curry-at-fr","23":"product_cat-spicy-curry-v3-fr","24":"product_cat-sweet-curry-fr","25":"product_cat-spicy-curry-v2-fr","26":"product_cat-spicy-curry-v1","28":"first","29":"outofstock","30":"taxable","31":"shipping-taxable","32":"purchasable","33":"product-type-simple"},"acf":[],"yoast_head":"<!-- This site is optimized with the Yoast SEO plugin v26.6 - https:\/\/yoast.com\/wordpress\/plugins\/seo\/ -->\n<title>B\u00e9quille Stand Together | Yubabikes<\/title>\n<meta name=\"robots\" content=\"index, follow, max-snippet:-1, max-image-preview:large, max-video-preview:-1\" \/>\n<link rel=\"canonical\" href=\"https:\/\/yubabikes.eu\/fr\/produit\/stand-together-kickstand\/\" \/>\n<meta property=\"og:locale\" content=\"fr_FR\" \/>\n<meta property=\"og:type\" content=\"article\" \/>\n<meta property=\"og:title\" content=\"B\u00e9quille Stand Together | Yubabikes\" \/>\n<meta property=\"og:description\" content=\"B\u00e9quille compatible avec les v\u00e9los Yuba \u00e9quip\u00e9s du syst\u00e8me Stand Together.\" \/>\n<meta property=\"og:url\" content=\"https:\/\/yubabikes.eu\/fr\/produit\/stand-together-kickstand\/\" \/>\n<meta property=\"og:site_name\" content=\"Yubabikes\" \/>\n<meta property=\"article:modified_time\" content=\"2026-04-25T07:32:51+00:00\" \/>\n<meta property=\"og:image\" content=\"https:\/\/yubabikes.eu\/wp-content\/uploads\/2025\/01\/Stand-Together-Kickstand.png\" \/>\n\t<meta property=\"og:image:width\" content=\"960\" \/>\n\t<meta property=\"og:image:height\" content=\"960\" \/>\n\t<meta property=\"og:image:type\" content=\"image\/png\" \/>\n<meta name=\"twitter:card\" content=\"summary_large_image\" \/>\n<meta name=\"twitter:label1\" content=\"Dur\u00e9e de lecture estim\u00e9e\" \/>\n\t<meta name=\"twitter:data1\" content=\"1 minute\" \/>\n<script type=\"application\/ld+json\" class=\"yoast-schema-graph\">{\"@context\":\"https:\/\/schema.org\",\"@graph\":[{\"@type\":\"WebPage\",\"@id\":\"https:\/\/yubabikes.eu\/fr\/produit\/stand-together-kickstand\/\",\"url\":\"https:\/\/yubabikes.eu\/fr\/produit\/stand-together-kickstand\/\",\"name\":\"B\u00e9quille Stand Together | Yubabikes\",\"isPartOf\":{\"@id\":\"https:\/\/yubabikes.eu\/fr\/#website\"},\"primaryImageOfPage\":{\"@id\":\"https:\/\/yubabikes.eu\/fr\/produit\/stand-together-kickstand\/#primaryimage\"},\"image\":{\"@id\":\"https:\/\/yubabikes.eu\/fr\/produit\/stand-together-kickstand\/#primaryimage\"},\"thumbnailUrl\":\"https:\/\/yubabikes.eu\/wp-content\/uploads\/2025\/01\/Stand-Together-Kickstand.png\",\"datePublished\":\"2025-01-06T21:06:15+00:00\",\"dateModified\":\"2026-04-25T07:32:51+00:00\",\"breadcrumb\":{\"@id\":\"https:\/\/yubabikes.eu\/fr\/produit\/stand-together-kickstand\/#breadcrumb\"},\"inLanguage\":\"fr-FR\",\"potentialAction\":[{\"@type\":\"ReadAction\",\"target\":[\"https:\/\/yubabikes.eu\/fr\/produit\/stand-together-kickstand\/\"]}]},{\"@type\":\"ImageObject\",\"inLanguage\":\"fr-FR\",\"@id\":\"https:\/\/yubabikes.eu\/fr\/produit\/stand-together-kickstand\/#primaryimage\",\"url\":\"https:\/\/yubabikes.eu\/wp-content\/uploads\/2025\/01\/Stand-Together-Kickstand.png\",\"contentUrl\":\"https:\/\/yubabikes.eu\/wp-content\/uploads\/2025\/01\/Stand-Together-Kickstand.png\",\"width\":960,\"height\":960},{\"@type\":\"BreadcrumbList\",\"@id\":\"https:\/\/yubabikes.eu\/fr\/produit\/stand-together-kickstand\/#breadcrumb\",\"itemListElement\":[{\"@type\":\"ListItem\",\"position\":1,\"name\":\"Home\",\"item\":\"https:\/\/yubabikes.eu\/fr\/\"},{\"@type\":\"ListItem\",\"position\":2,\"name\":\"Boutique\",\"item\":\"https:\/\/yubabikes.eu\/fr\/boutique\/\"},{\"@type\":\"ListItem\",\"position\":3,\"name\":\"B\u00e9quille Stand Together\"}]},{\"@type\":\"WebSite\",\"@id\":\"https:\/\/yubabikes.eu\/fr\/#website\",\"url\":\"https:\/\/yubabikes.eu\/fr\/\",\"name\":\"Yuba Cargo Bikes\",\"description\":\"Yuba - V\u00e9los cargo pour la famille et les professionnels\",\"alternateName\":\"Yuba Bikes\",\"potentialAction\":[{\"@type\":\"SearchAction\",\"target\":{\"@type\":\"EntryPoint\",\"urlTemplate\":\"https:\/\/yubabikes.eu\/fr\/?s={search_term_string}\"},\"query-input\":{\"@type\":\"PropertyValueSpecification\",\"valueRequired\":true,\"valueName\":\"search_term_string\"}}],\"inLanguage\":\"fr-FR\"}]}<\/script>\n<!-- \/ Yoast SEO plugin. -->","yoast_head_json":{"title":"B\u00e9quille Stand Together | Yubabikes","robots":{"index":"index","follow":"follow","max-snippet":"max-snippet:-1","max-image-preview":"max-image-preview:large","max-video-preview":"max-video-preview:-1"},"canonical":"https:\/\/yubabikes.eu\/fr\/produit\/stand-together-kickstand\/","og_locale":"fr_FR","og_type":"article","og_title":"B\u00e9quille Stand Together | Yubabikes","og_description":"B\u00e9quille compatible avec les v\u00e9los Yuba \u00e9quip\u00e9s du syst\u00e8me Stand Together.","og_url":"https:\/\/yubabikes.eu\/fr\/produit\/stand-together-kickstand\/","og_site_name":"Yubabikes","article_modified_time":"2026-04-25T07:32:51+00:00","og_image":[{"width":960,"height":960,"url":"https:\/\/yubabikes.eu\/wp-content\/uploads\/2025\/01\/Stand-Together-Kickstand.png","type":"image\/png"}],"twitter_card":"summary_large_image","twitter_misc":{"Dur\u00e9e de lecture estim\u00e9e":"1 minute"},"schema":{"@context":"https:\/\/schema.org","@graph":[{"@type":"WebPage","@id":"https:\/\/yubabikes.eu\/fr\/produit\/stand-together-kickstand\/","url":"https:\/\/yubabikes.eu\/fr\/produit\/stand-together-kickstand\/","name":"B\u00e9quille Stand Together | Yubabikes","isPartOf":{"@id":"https:\/\/yubabikes.eu\/fr\/#website"},"primaryImageOfPage":{"@id":"https:\/\/yubabikes.eu\/fr\/produit\/stand-together-kickstand\/#primaryimage"},"image":{"@id":"https:\/\/yubabikes.eu\/fr\/produit\/stand-together-kickstand\/#primaryimage"},"thumbnailUrl":"https:\/\/yubabikes.eu\/wp-content\/uploads\/2025\/01\/Stand-Together-Kickstand.png","datePublished":"2025-01-06T21:06:15+00:00","dateModified":"2026-04-25T07:32:51+00:00","breadcrumb":{"@id":"https:\/\/yubabikes.eu\/fr\/produit\/stand-together-kickstand\/#breadcrumb"},"inLanguage":"fr-FR","potentialAction":[{"@type":"ReadAction","target":["https:\/\/yubabikes.eu\/fr\/produit\/stand-together-kickstand\/"]}]},{"@type":"ImageObject","inLanguage":"fr-FR","@id":"https:\/\/yubabikes.eu\/fr\/produit\/stand-together-kickstand\/#primaryimage","url":"https:\/\/yubabikes.eu\/wp-content\/uploads\/2025\/01\/Stand-Together-Kickstand.png","contentUrl":"https:\/\/yubabikes.eu\/wp-content\/uploads\/2025\/01\/Stand-Together-Kickstand.png","width":960,"height":960},{"@type":"BreadcrumbList","@id":"https:\/\/yubabikes.eu\/fr\/produit\/stand-together-kickstand\/#breadcrumb","itemListElement":[{"@type":"ListItem","position":1,"name":"Home","item":"https:\/\/yubabikes.eu\/fr\/"},{"@type":"ListItem","position":2,"name":"Boutique","item":"https:\/\/yubabikes.eu\/fr\/boutique\/"},{"@type":"ListItem","position":3,"name":"B\u00e9quille Stand Together"}]},{"@type":"WebSite","@id":"https:\/\/yubabikes.eu\/fr\/#website","url":"https:\/\/yubabikes.eu\/fr\/","name":"Yuba Cargo Bikes","description":"Yuba - V\u00e9los cargo pour la famille et les professionnels","alternateName":"Yuba Bikes","potentialAction":[{"@type":"SearchAction","target":{"@type":"EntryPoint","urlTemplate":"https:\/\/yubabikes.eu\/fr\/?s={search_term_string}"},"query-input":{"@type":"PropertyValueSpecification","valueRequired":true,"valueName":"search_term_string"}}],"inLanguage":"fr-FR"}]}},"_links":{"self":[{"href":"https:\/\/yubabikes.eu\/fr\/wp-json\/wp\/v2\/product\/113887","targetHints":{"allow":["GET"]}}],"collection":[{"href":"https:\/\/yubabikes.eu\/fr\/wp-json\/wp\/v2\/product"}],"about":[{"href":"https:\/\/yubabikes.eu\/fr\/wp-json\/wp\/v2\/types\/product"}],"wp:featuredmedia":[{"embeddable":true,"href":"https:\/\/yubabikes.eu\/fr\/wp-json\/wp\/v2\/media\/7761"}],"wp:attachment":[{"href":"https:\/\/yubabikes.eu\/fr\/wp-json\/wp\/v2\/media?parent=113887"}],"wp:term":[{"taxonomy":"product_brand","embeddable":true,"href":"https:\/\/yubabikes.eu\/fr\/wp-json\/wp\/v2\/product_brand?post=113887"},{"taxonomy":"product_cat","embeddable":true,"href":"https:\/\/yubabikes.eu\/fr\/wp-json\/wp\/v2\/product_cat?post=113887"},{"taxonomy":"product_tag","embeddable":true,"href":"https:\/\/yubabikes.eu\/fr\/wp-json\/wp\/v2\/product_tag?post=113887"}],"curies":[{"name":"wp","href":"https:\/\/api.w.org\/{rel}","templated":true}]}}