{"id":3775,"date":"2024-11-22T10:05:41","date_gmt":"2024-11-22T10:05:41","guid":{"rendered":"https:\/\/yubabikes.eu\/sustainability\/"},"modified":"2026-03-13T16:04:59","modified_gmt":"2026-03-13T16:04:59","slug":"durabilite","status":"publish","type":"page","link":"https:\/\/yubabikes.eu\/fr\/durabilite\/","title":{"rendered":"Durabilit\u00e9"},"content":{"rendered":"","protected":false},"excerpt":{"rendered":"","protected":false},"author":3,"featured_media":0,"parent":0,"menu_order":0,"comment_status":"closed","ping_status":"closed","template":"","meta":{"_acf_changed":false,"om_disable_all_campaigns":false,"inline_featured_image":false,"footnotes":""},"class_list":["post-3775","page","type-page","status-publish","hentry"],"acf":[],"yoast_head":"<!-- This site is optimized with the Yoast SEO plugin v26.6 - https:\/\/yoast.com\/wordpress\/plugins\/seo\/ -->\n<title>Durabilit\u00e9 chez Yuba - Des solutions de mobilit\u00e9 plus vertes<\/title>\n<meta name=\"description\" content=\"D\u00e9couvrez l&#039;engagement de Yuba pour la durabilit\u00e9 gr\u00e2ce \u00e0 des mat\u00e9riaux \u00e9coresponsables, des \u00e9missions de CO\u2082 r\u00e9duites et des initiatives de responsabilit\u00e9 sociale.\" \/>\n<meta name=\"robots\" content=\"index, follow, max-snippet:-1, max-image-preview:large, max-video-preview:-1\" \/>\n<link rel=\"canonical\" href=\"https:\/\/yubabikes.eu\/fr\/durabilite\/\" \/>\n<meta property=\"og:locale\" content=\"fr_FR\" \/>\n<meta property=\"og:type\" content=\"article\" \/>\n<meta property=\"og:title\" content=\"Durabilit\u00e9 chez Yuba - Des solutions de mobilit\u00e9 plus vertes\" \/>\n<meta property=\"og:description\" content=\"D\u00e9couvrez l&#039;engagement de Yuba pour la durabilit\u00e9 gr\u00e2ce \u00e0 des mat\u00e9riaux \u00e9coresponsables, des \u00e9missions de CO\u2082 r\u00e9duites et des initiatives de responsabilit\u00e9 sociale.\" \/>\n<meta property=\"og:url\" content=\"https:\/\/yubabikes.eu\/fr\/durabilite\/\" \/>\n<meta property=\"og:site_name\" content=\"Yubabikes\" \/>\n<meta property=\"article:modified_time\" content=\"2026-03-13T16:04:59+00:00\" \/>\n<meta property=\"og:image\" content=\"https:\/\/yubabikes.eu\/wp-content\/uploads\/2025\/01\/social-graph-1200-x-675px-1.png\" \/>\n\t<meta property=\"og:image:width\" content=\"1200\" \/>\n\t<meta property=\"og:image:height\" content=\"675\" \/>\n\t<meta property=\"og:image:type\" content=\"image\/png\" \/>\n<meta name=\"twitter:card\" content=\"summary_large_image\" \/>\n<script type=\"application\/ld+json\" class=\"yoast-schema-graph\">{\"@context\":\"https:\/\/schema.org\",\"@graph\":[{\"@type\":\"WebPage\",\"@id\":\"https:\/\/yubabikes.eu\/fr\/durabilite\/\",\"url\":\"https:\/\/yubabikes.eu\/fr\/durabilite\/\",\"name\":\"Durabilit\u00e9 chez Yuba - Des solutions de mobilit\u00e9 plus vertes\",\"isPartOf\":{\"@id\":\"https:\/\/yubabikes.eu\/fr\/#website\"},\"datePublished\":\"2024-11-22T10:05:41+00:00\",\"dateModified\":\"2026-03-13T16:04:59+00:00\",\"description\":\"D\u00e9couvrez l'engagement de Yuba pour la durabilit\u00e9 gr\u00e2ce \u00e0 des mat\u00e9riaux \u00e9coresponsables, des \u00e9missions de CO\u2082 r\u00e9duites et des initiatives de responsabilit\u00e9 sociale.\",\"breadcrumb\":{\"@id\":\"https:\/\/yubabikes.eu\/fr\/durabilite\/#breadcrumb\"},\"inLanguage\":\"fr-FR\",\"potentialAction\":[{\"@type\":\"ReadAction\",\"target\":[\"https:\/\/yubabikes.eu\/fr\/durabilite\/\"]}]},{\"@type\":\"BreadcrumbList\",\"@id\":\"https:\/\/yubabikes.eu\/fr\/durabilite\/#breadcrumb\",\"itemListElement\":[{\"@type\":\"ListItem\",\"position\":1,\"name\":\"Home\",\"item\":\"https:\/\/yubabikes.eu\/fr\/\"},{\"@type\":\"ListItem\",\"position\":2,\"name\":\"Durabilit\u00e9\"}]},{\"@type\":\"WebSite\",\"@id\":\"https:\/\/yubabikes.eu\/fr\/#website\",\"url\":\"https:\/\/yubabikes.eu\/fr\/\",\"name\":\"Yuba Cargo Bikes\",\"description\":\"Yuba - V\u00e9los cargo pour la famille et les professionnels\",\"alternateName\":\"Yuba Bikes\",\"potentialAction\":[{\"@type\":\"SearchAction\",\"target\":{\"@type\":\"EntryPoint\",\"urlTemplate\":\"https:\/\/yubabikes.eu\/fr\/?s={search_term_string}\"},\"query-input\":{\"@type\":\"PropertyValueSpecification\",\"valueRequired\":true,\"valueName\":\"search_term_string\"}}],\"inLanguage\":\"fr-FR\"}]}<\/script>\n<!-- \/ Yoast SEO plugin. -->","yoast_head_json":{"title":"Durabilit\u00e9 chez Yuba - Des solutions de mobilit\u00e9 plus vertes","description":"D\u00e9couvrez l'engagement de Yuba pour la durabilit\u00e9 gr\u00e2ce \u00e0 des mat\u00e9riaux \u00e9coresponsables, des \u00e9missions de CO\u2082 r\u00e9duites et des initiatives de responsabilit\u00e9 sociale.","robots":{"index":"index","follow":"follow","max-snippet":"max-snippet:-1","max-image-preview":"max-image-preview:large","max-video-preview":"max-video-preview:-1"},"canonical":"https:\/\/yubabikes.eu\/fr\/durabilite\/","og_locale":"fr_FR","og_type":"article","og_title":"Durabilit\u00e9 chez Yuba - Des solutions de mobilit\u00e9 plus vertes","og_description":"D\u00e9couvrez l'engagement de Yuba pour la durabilit\u00e9 gr\u00e2ce \u00e0 des mat\u00e9riaux \u00e9coresponsables, des \u00e9missions de CO\u2082 r\u00e9duites et des initiatives de responsabilit\u00e9 sociale.","og_url":"https:\/\/yubabikes.eu\/fr\/durabilite\/","og_site_name":"Yubabikes","article_modified_time":"2026-03-13T16:04:59+00:00","og_image":[{"width":1200,"height":675,"url":"https:\/\/yubabikes.eu\/wp-content\/uploads\/2025\/01\/social-graph-1200-x-675px-1.png","type":"image\/png"}],"twitter_card":"summary_large_image","schema":{"@context":"https:\/\/schema.org","@graph":[{"@type":"WebPage","@id":"https:\/\/yubabikes.eu\/fr\/durabilite\/","url":"https:\/\/yubabikes.eu\/fr\/durabilite\/","name":"Durabilit\u00e9 chez Yuba - Des solutions de mobilit\u00e9 plus vertes","isPartOf":{"@id":"https:\/\/yubabikes.eu\/fr\/#website"},"datePublished":"2024-11-22T10:05:41+00:00","dateModified":"2026-03-13T16:04:59+00:00","description":"D\u00e9couvrez l'engagement de Yuba pour la durabilit\u00e9 gr\u00e2ce \u00e0 des mat\u00e9riaux \u00e9coresponsables, des \u00e9missions de CO\u2082 r\u00e9duites et des initiatives de responsabilit\u00e9 sociale.","breadcrumb":{"@id":"https:\/\/yubabikes.eu\/fr\/durabilite\/#breadcrumb"},"inLanguage":"fr-FR","potentialAction":[{"@type":"ReadAction","target":["https:\/\/yubabikes.eu\/fr\/durabilite\/"]}]},{"@type":"BreadcrumbList","@id":"https:\/\/yubabikes.eu\/fr\/durabilite\/#breadcrumb","itemListElement":[{"@type":"ListItem","position":1,"name":"Home","item":"https:\/\/yubabikes.eu\/fr\/"},{"@type":"ListItem","position":2,"name":"Durabilit\u00e9"}]},{"@type":"WebSite","@id":"https:\/\/yubabikes.eu\/fr\/#website","url":"https:\/\/yubabikes.eu\/fr\/","name":"Yuba Cargo Bikes","description":"Yuba - V\u00e9los cargo pour la famille et les professionnels","alternateName":"Yuba Bikes","potentialAction":[{"@type":"SearchAction","target":{"@type":"EntryPoint","urlTemplate":"https:\/\/yubabikes.eu\/fr\/?s={search_term_string}"},"query-input":{"@type":"PropertyValueSpecification","valueRequired":true,"valueName":"search_term_string"}}],"inLanguage":"fr-FR"}]}},"_links":{"self":[{"href":"https:\/\/yubabikes.eu\/fr\/wp-json\/wp\/v2\/pages\/3775","targetHints":{"allow":["GET"]}}],"collection":[{"href":"https:\/\/yubabikes.eu\/fr\/wp-json\/wp\/v2\/pages"}],"about":[{"href":"https:\/\/yubabikes.eu\/fr\/wp-json\/wp\/v2\/types\/page"}],"author":[{"embeddable":true,"href":"https:\/\/yubabikes.eu\/fr\/wp-json\/wp\/v2\/users\/3"}],"replies":[{"embeddable":true,"href":"https:\/\/yubabikes.eu\/fr\/wp-json\/wp\/v2\/comments?post=3775"}],"version-history":[{"count":14,"href":"https:\/\/yubabikes.eu\/fr\/wp-json\/wp\/v2\/pages\/3775\/revisions"}],"predecessor-version":[{"id":126222,"href":"https:\/\/yubabikes.eu\/fr\/wp-json\/wp\/v2\/pages\/3775\/revisions\/126222"}],"wp:attachment":[{"href":"https:\/\/yubabikes.eu\/fr\/wp-json\/wp\/v2\/media?parent=3775"}],"curies":[{"name":"wp","href":"https:\/\/api.w.org\/{rel}","templated":true}]}}