{"id":121050,"date":"2025-10-28T14:28:02","date_gmt":"2025-10-28T14:28:02","guid":{"rendered":"https:\/\/yubabikes.eu\/product\/manoplas-para-manillar-recto-de-suzon-suzette\/"},"modified":"2025-11-03T08:29:15","modified_gmt":"2025-11-03T08:29:15","slug":"straight-handlebar-mitts-by-suzon-suzette","status":"publish","type":"product","link":"https:\/\/yubabikes.eu\/es\/producto\/straight-handlebar-mitts-by-suzon-suzette\/","title":{"rendered":"Straight Handlebar Mitts &#8211; by Suzon &#038; Suzette"},"content":{"rendered":"","protected":false},"excerpt":{"rendered":"<p>Mant\u00e9n tus manos calientes y c\u00f3modas, incluso en condiciones de fr\u00edo y humedad.<\/p>\n","protected":false},"featured_media":120966,"template":"","meta":{"_acf_changed":false,"om_disable_all_campaigns":false,"inline_featured_image":false},"product_brand":[],"product_cat":[417,423,425,418,420,426,422],"product_tag":[],"class_list":{"0":"post-121050","1":"product","2":"type-product","3":"status-publish","4":"has-post-thumbnail","6":"product_cat-add-ons-es","7":"product_cat-add-ons-bicicletas","8":"product_cat-boda-boda-2","9":"product_cat-fastrack","10":"product_cat-spicy-curry","11":"product_cat-mini-boda-boda","12":"product_cat-supercargo","14":"first","15":"instock","16":"taxable","17":"shipping-taxable","18":"purchasable","19":"product-type-simple"},"acf":[],"yoast_head":"<!-- This site is optimized with the Yoast SEO plugin v26.6 - https:\/\/yoast.com\/wordpress\/plugins\/seo\/ -->\n<title>Manoplas para manillar recto | Yuba x Suzon &amp; Suzette<\/title>\n<meta name=\"description\" content=\"Mant\u00e9n tus manos c\u00e1lidas y secas en cada trayecto. Hechas a mano en Francia, estas manoplas impermeables con forro de piel sint\u00e9tica se adaptan a todos los manillares rectos.\" \/>\n<meta name=\"robots\" content=\"index, follow, max-snippet:-1, max-image-preview:large, max-video-preview:-1\" \/>\n<link rel=\"canonical\" href=\"https:\/\/yubabikes.eu\/es\/producto\/straight-handlebar-mitts-by-suzon-suzette\/\" \/>\n<meta property=\"og:locale\" content=\"es_ES\" \/>\n<meta property=\"og:type\" content=\"article\" \/>\n<meta property=\"og:title\" content=\"Manoplas para manillar recto | Yuba x Suzon &amp; Suzette\" \/>\n<meta property=\"og:description\" content=\"Mant\u00e9n tus manos c\u00e1lidas y secas en cada trayecto. Hechas a mano en Francia, estas manoplas impermeables con forro de piel sint\u00e9tica se adaptan a todos los manillares rectos.\" \/>\n<meta property=\"og:url\" content=\"https:\/\/yubabikes.eu\/es\/producto\/straight-handlebar-mitts-by-suzon-suzette\/\" \/>\n<meta property=\"og:site_name\" content=\"Yubabikes\" \/>\n<meta property=\"article:modified_time\" content=\"2025-11-03T08:29:15+00:00\" \/>\n<meta property=\"og:image\" content=\"https:\/\/yubabikes.eu\/wp-content\/uploads\/2025\/10\/Yuba_Bikes_add-ons_manchons_suzon_suzette_droit.png\" \/>\n\t<meta property=\"og:image:width\" content=\"1300\" \/>\n\t<meta property=\"og:image:height\" content=\"1300\" \/>\n\t<meta property=\"og:image:type\" content=\"image\/png\" \/>\n<meta name=\"twitter:card\" content=\"summary_large_image\" \/>\n<meta name=\"twitter:label1\" content=\"Tiempo de lectura\" \/>\n\t<meta name=\"twitter:data1\" content=\"1 minuto\" \/>\n<script type=\"application\/ld+json\" class=\"yoast-schema-graph\">{\"@context\":\"https:\/\/schema.org\",\"@graph\":[{\"@type\":\"WebPage\",\"@id\":\"https:\/\/yubabikes.eu\/es\/producto\/straight-handlebar-mitts-by-suzon-suzette\/\",\"url\":\"https:\/\/yubabikes.eu\/es\/producto\/straight-handlebar-mitts-by-suzon-suzette\/\",\"name\":\"Manoplas para manillar recto | Yuba x Suzon & Suzette\",\"isPartOf\":{\"@id\":\"https:\/\/yubabikes.eu\/es\/#website\"},\"primaryImageOfPage\":{\"@id\":\"https:\/\/yubabikes.eu\/es\/producto\/straight-handlebar-mitts-by-suzon-suzette\/#primaryimage\"},\"image\":{\"@id\":\"https:\/\/yubabikes.eu\/es\/producto\/straight-handlebar-mitts-by-suzon-suzette\/#primaryimage\"},\"thumbnailUrl\":\"https:\/\/yubabikes.eu\/wp-content\/uploads\/2025\/10\/Yuba_Bikes_add-ons_manchons_suzon_suzette_droit.png\",\"datePublished\":\"2025-10-28T14:28:02+00:00\",\"dateModified\":\"2025-11-03T08:29:15+00:00\",\"description\":\"Mant\u00e9n tus manos c\u00e1lidas y secas en cada trayecto. Hechas a mano en Francia, estas manoplas impermeables con forro de piel sint\u00e9tica se adaptan a todos los manillares rectos.\",\"breadcrumb\":{\"@id\":\"https:\/\/yubabikes.eu\/es\/producto\/straight-handlebar-mitts-by-suzon-suzette\/#breadcrumb\"},\"inLanguage\":\"es\",\"potentialAction\":[{\"@type\":\"ReadAction\",\"target\":[\"https:\/\/yubabikes.eu\/es\/producto\/straight-handlebar-mitts-by-suzon-suzette\/\"]}]},{\"@type\":\"ImageObject\",\"inLanguage\":\"es\",\"@id\":\"https:\/\/yubabikes.eu\/es\/producto\/straight-handlebar-mitts-by-suzon-suzette\/#primaryimage\",\"url\":\"https:\/\/yubabikes.eu\/wp-content\/uploads\/2025\/10\/Yuba_Bikes_add-ons_manchons_suzon_suzette_droit.png\",\"contentUrl\":\"https:\/\/yubabikes.eu\/wp-content\/uploads\/2025\/10\/Yuba_Bikes_add-ons_manchons_suzon_suzette_droit.png\",\"width\":1300,\"height\":1300},{\"@type\":\"BreadcrumbList\",\"@id\":\"https:\/\/yubabikes.eu\/es\/producto\/straight-handlebar-mitts-by-suzon-suzette\/#breadcrumb\",\"itemListElement\":[{\"@type\":\"ListItem\",\"position\":1,\"name\":\"Home\",\"item\":\"https:\/\/yubabikes.eu\/es\/\"},{\"@type\":\"ListItem\",\"position\":2,\"name\":\"Shop\",\"item\":\"https:\/\/yubabikes.eu\/es\/shop\/\"},{\"@type\":\"ListItem\",\"position\":3,\"name\":\"Straight Handlebar Mitts &#8211; by Suzon &#038; Suzette\"}]},{\"@type\":\"WebSite\",\"@id\":\"https:\/\/yubabikes.eu\/es\/#website\",\"url\":\"https:\/\/yubabikes.eu\/es\/\",\"name\":\"Yuba Cargo Bikes\",\"description\":\"Yuba - Cargo Bicycles For Families and Businesses\",\"alternateName\":\"Yuba Bikes\",\"potentialAction\":[{\"@type\":\"SearchAction\",\"target\":{\"@type\":\"EntryPoint\",\"urlTemplate\":\"https:\/\/yubabikes.eu\/es\/?s={search_term_string}\"},\"query-input\":{\"@type\":\"PropertyValueSpecification\",\"valueRequired\":true,\"valueName\":\"search_term_string\"}}],\"inLanguage\":\"es\"}]}<\/script>\n<!-- \/ Yoast SEO plugin. -->","yoast_head_json":{"title":"Manoplas para manillar recto | Yuba x Suzon & Suzette","description":"Mant\u00e9n tus manos c\u00e1lidas y secas en cada trayecto. Hechas a mano en Francia, estas manoplas impermeables con forro de piel sint\u00e9tica se adaptan a todos los manillares rectos.","robots":{"index":"index","follow":"follow","max-snippet":"max-snippet:-1","max-image-preview":"max-image-preview:large","max-video-preview":"max-video-preview:-1"},"canonical":"https:\/\/yubabikes.eu\/es\/producto\/straight-handlebar-mitts-by-suzon-suzette\/","og_locale":"es_ES","og_type":"article","og_title":"Manoplas para manillar recto | Yuba x Suzon & Suzette","og_description":"Mant\u00e9n tus manos c\u00e1lidas y secas en cada trayecto. Hechas a mano en Francia, estas manoplas impermeables con forro de piel sint\u00e9tica se adaptan a todos los manillares rectos.","og_url":"https:\/\/yubabikes.eu\/es\/producto\/straight-handlebar-mitts-by-suzon-suzette\/","og_site_name":"Yubabikes","article_modified_time":"2025-11-03T08:29:15+00:00","og_image":[{"width":1300,"height":1300,"url":"https:\/\/yubabikes.eu\/wp-content\/uploads\/2025\/10\/Yuba_Bikes_add-ons_manchons_suzon_suzette_droit.png","type":"image\/png"}],"twitter_card":"summary_large_image","twitter_misc":{"Tiempo de lectura":"1 minuto"},"schema":{"@context":"https:\/\/schema.org","@graph":[{"@type":"WebPage","@id":"https:\/\/yubabikes.eu\/es\/producto\/straight-handlebar-mitts-by-suzon-suzette\/","url":"https:\/\/yubabikes.eu\/es\/producto\/straight-handlebar-mitts-by-suzon-suzette\/","name":"Manoplas para manillar recto | Yuba x Suzon & Suzette","isPartOf":{"@id":"https:\/\/yubabikes.eu\/es\/#website"},"primaryImageOfPage":{"@id":"https:\/\/yubabikes.eu\/es\/producto\/straight-handlebar-mitts-by-suzon-suzette\/#primaryimage"},"image":{"@id":"https:\/\/yubabikes.eu\/es\/producto\/straight-handlebar-mitts-by-suzon-suzette\/#primaryimage"},"thumbnailUrl":"https:\/\/yubabikes.eu\/wp-content\/uploads\/2025\/10\/Yuba_Bikes_add-ons_manchons_suzon_suzette_droit.png","datePublished":"2025-10-28T14:28:02+00:00","dateModified":"2025-11-03T08:29:15+00:00","description":"Mant\u00e9n tus manos c\u00e1lidas y secas en cada trayecto. Hechas a mano en Francia, estas manoplas impermeables con forro de piel sint\u00e9tica se adaptan a todos los manillares rectos.","breadcrumb":{"@id":"https:\/\/yubabikes.eu\/es\/producto\/straight-handlebar-mitts-by-suzon-suzette\/#breadcrumb"},"inLanguage":"es","potentialAction":[{"@type":"ReadAction","target":["https:\/\/yubabikes.eu\/es\/producto\/straight-handlebar-mitts-by-suzon-suzette\/"]}]},{"@type":"ImageObject","inLanguage":"es","@id":"https:\/\/yubabikes.eu\/es\/producto\/straight-handlebar-mitts-by-suzon-suzette\/#primaryimage","url":"https:\/\/yubabikes.eu\/wp-content\/uploads\/2025\/10\/Yuba_Bikes_add-ons_manchons_suzon_suzette_droit.png","contentUrl":"https:\/\/yubabikes.eu\/wp-content\/uploads\/2025\/10\/Yuba_Bikes_add-ons_manchons_suzon_suzette_droit.png","width":1300,"height":1300},{"@type":"BreadcrumbList","@id":"https:\/\/yubabikes.eu\/es\/producto\/straight-handlebar-mitts-by-suzon-suzette\/#breadcrumb","itemListElement":[{"@type":"ListItem","position":1,"name":"Home","item":"https:\/\/yubabikes.eu\/es\/"},{"@type":"ListItem","position":2,"name":"Shop","item":"https:\/\/yubabikes.eu\/es\/shop\/"},{"@type":"ListItem","position":3,"name":"Straight Handlebar Mitts &#8211; by Suzon &#038; Suzette"}]},{"@type":"WebSite","@id":"https:\/\/yubabikes.eu\/es\/#website","url":"https:\/\/yubabikes.eu\/es\/","name":"Yuba Cargo Bikes","description":"Yuba - Cargo Bicycles For Families and Businesses","alternateName":"Yuba Bikes","potentialAction":[{"@type":"SearchAction","target":{"@type":"EntryPoint","urlTemplate":"https:\/\/yubabikes.eu\/es\/?s={search_term_string}"},"query-input":{"@type":"PropertyValueSpecification","valueRequired":true,"valueName":"search_term_string"}}],"inLanguage":"es"}]}},"_links":{"self":[{"href":"https:\/\/yubabikes.eu\/es\/wp-json\/wp\/v2\/product\/121050","targetHints":{"allow":["GET"]}}],"collection":[{"href":"https:\/\/yubabikes.eu\/es\/wp-json\/wp\/v2\/product"}],"about":[{"href":"https:\/\/yubabikes.eu\/es\/wp-json\/wp\/v2\/types\/product"}],"wp:featuredmedia":[{"embeddable":true,"href":"https:\/\/yubabikes.eu\/es\/wp-json\/wp\/v2\/media\/120966"}],"wp:attachment":[{"href":"https:\/\/yubabikes.eu\/es\/wp-json\/wp\/v2\/media?parent=121050"}],"wp:term":[{"taxonomy":"product_brand","embeddable":true,"href":"https:\/\/yubabikes.eu\/es\/wp-json\/wp\/v2\/product_brand?post=121050"},{"taxonomy":"product_cat","embeddable":true,"href":"https:\/\/yubabikes.eu\/es\/wp-json\/wp\/v2\/product_cat?post=121050"},{"taxonomy":"product_tag","embeddable":true,"href":"https:\/\/yubabikes.eu\/es\/wp-json\/wp\/v2\/product_tag?post=121050"}],"curies":[{"name":"wp","href":"https:\/\/api.w.org\/{rel}","templated":true}]}}