{"id":120091,"date":"2024-10-10T14:24:00","date_gmt":"2024-10-10T14:24:00","guid":{"rendered":"https:\/\/yubabikes.eu\/product\/portaesquies\/"},"modified":"2025-10-16T13:26:41","modified_gmt":"2025-10-16T13:26:41","slug":"ski-rack","status":"publish","type":"product","link":"https:\/\/yubabikes.eu\/es\/producto\/ski-rack\/","title":{"rendered":"Ski Rack"},"content":{"rendered":"","protected":false},"excerpt":{"rendered":"<p>\u00a1Se acab\u00f3 conducir para ir a esquiar, ahora es posible!<\/p>\n","protected":false},"featured_media":120092,"template":"","meta":{"_acf_changed":false,"om_disable_all_campaigns":false,"inline_featured_image":false},"product_brand":[],"product_cat":[417,423],"product_tag":[],"class_list":{"0":"post-120091","1":"product","2":"type-product","3":"status-publish","4":"has-post-thumbnail","6":"product_cat-add-ons-es","7":"product_cat-add-ons-bicicletas","9":"first","10":"instock","11":"taxable","12":"shipping-taxable","13":"purchasable","14":"product-type-simple"},"acf":[],"yoast_head":"<!-- This site is optimized with the Yoast SEO plugin v26.6 - https:\/\/yoast.com\/wordpress\/plugins\/seo\/ -->\n<title>Portaesqu\u00edes - bicicletas de carga Yuba<\/title>\n<meta name=\"description\" content=\"Transporta hasta 4 pares de esqu\u00edes o 2 tablas de snowboard en tu Spicy Curry con este portaesqu\u00edes de aluminio. Perfecto para aventuras invernales ecol\u00f3gicas.\" \/>\n<meta name=\"robots\" content=\"index, follow, max-snippet:-1, max-image-preview:large, max-video-preview:-1\" \/>\n<link rel=\"canonical\" href=\"https:\/\/yubabikes.eu\/es\/producto\/ski-rack\/\" \/>\n<meta property=\"og:locale\" content=\"es_ES\" \/>\n<meta property=\"og:type\" content=\"article\" \/>\n<meta property=\"og:title\" content=\"Portaesqu\u00edes - bicicletas de carga Yuba\" \/>\n<meta property=\"og:description\" content=\"Transporta hasta 4 pares de esqu\u00edes o 2 tablas de snowboard en tu Spicy Curry con este portaesqu\u00edes de aluminio. Perfecto para aventuras invernales ecol\u00f3gicas.\" \/>\n<meta property=\"og:url\" content=\"https:\/\/yubabikes.eu\/es\/producto\/ski-rack\/\" \/>\n<meta property=\"og:site_name\" content=\"Yubabikes\" \/>\n<meta property=\"article:modified_time\" content=\"2025-10-16T13:26:41+00:00\" \/>\n<meta property=\"og:image\" content=\"https:\/\/yubabikes.eu\/wp-content\/uploads\/2024\/10\/Ski-Rack_YubaBikes_AddOns_Studio_Without_Background.png\" \/>\n\t<meta property=\"og:image:width\" content=\"1080\" \/>\n\t<meta property=\"og:image:height\" content=\"1080\" \/>\n\t<meta property=\"og:image:type\" content=\"image\/png\" \/>\n<meta name=\"twitter:card\" content=\"summary_large_image\" \/>\n<meta name=\"twitter:label1\" content=\"Tiempo de lectura\" \/>\n\t<meta name=\"twitter:data1\" content=\"1 minuto\" \/>\n<script type=\"application\/ld+json\" class=\"yoast-schema-graph\">{\"@context\":\"https:\/\/schema.org\",\"@graph\":[{\"@type\":\"WebPage\",\"@id\":\"https:\/\/yubabikes.eu\/es\/producto\/ski-rack\/\",\"url\":\"https:\/\/yubabikes.eu\/es\/producto\/ski-rack\/\",\"name\":\"Portaesqu\u00edes - bicicletas de carga Yuba\",\"isPartOf\":{\"@id\":\"https:\/\/yubabikes.eu\/es\/#website\"},\"primaryImageOfPage\":{\"@id\":\"https:\/\/yubabikes.eu\/es\/producto\/ski-rack\/#primaryimage\"},\"image\":{\"@id\":\"https:\/\/yubabikes.eu\/es\/producto\/ski-rack\/#primaryimage\"},\"thumbnailUrl\":\"https:\/\/yubabikes.eu\/wp-content\/uploads\/2024\/10\/Ski-Rack_YubaBikes_AddOns_Studio_Without_Background.png\",\"datePublished\":\"2024-10-10T14:24:00+00:00\",\"dateModified\":\"2025-10-16T13:26:41+00:00\",\"description\":\"Transporta hasta 4 pares de esqu\u00edes o 2 tablas de snowboard en tu Spicy Curry con este portaesqu\u00edes de aluminio. Perfecto para aventuras invernales ecol\u00f3gicas.\",\"breadcrumb\":{\"@id\":\"https:\/\/yubabikes.eu\/es\/producto\/ski-rack\/#breadcrumb\"},\"inLanguage\":\"es\",\"potentialAction\":[{\"@type\":\"ReadAction\",\"target\":[\"https:\/\/yubabikes.eu\/es\/producto\/ski-rack\/\"]}]},{\"@type\":\"ImageObject\",\"inLanguage\":\"es\",\"@id\":\"https:\/\/yubabikes.eu\/es\/producto\/ski-rack\/#primaryimage\",\"url\":\"https:\/\/yubabikes.eu\/wp-content\/uploads\/2024\/10\/Ski-Rack_YubaBikes_AddOns_Studio_Without_Background.png\",\"contentUrl\":\"https:\/\/yubabikes.eu\/wp-content\/uploads\/2024\/10\/Ski-Rack_YubaBikes_AddOns_Studio_Without_Background.png\",\"width\":1080,\"height\":1080},{\"@type\":\"BreadcrumbList\",\"@id\":\"https:\/\/yubabikes.eu\/es\/producto\/ski-rack\/#breadcrumb\",\"itemListElement\":[{\"@type\":\"ListItem\",\"position\":1,\"name\":\"Home\",\"item\":\"https:\/\/yubabikes.eu\/es\/\"},{\"@type\":\"ListItem\",\"position\":2,\"name\":\"Shop\",\"item\":\"https:\/\/yubabikes.eu\/es\/shop\/\"},{\"@type\":\"ListItem\",\"position\":3,\"name\":\"Ski Rack\"}]},{\"@type\":\"WebSite\",\"@id\":\"https:\/\/yubabikes.eu\/es\/#website\",\"url\":\"https:\/\/yubabikes.eu\/es\/\",\"name\":\"Yuba Cargo Bikes\",\"description\":\"Yuba - Cargo Bicycles For Families and Businesses\",\"alternateName\":\"Yuba Bikes\",\"potentialAction\":[{\"@type\":\"SearchAction\",\"target\":{\"@type\":\"EntryPoint\",\"urlTemplate\":\"https:\/\/yubabikes.eu\/es\/?s={search_term_string}\"},\"query-input\":{\"@type\":\"PropertyValueSpecification\",\"valueRequired\":true,\"valueName\":\"search_term_string\"}}],\"inLanguage\":\"es\"}]}<\/script>\n<!-- \/ Yoast SEO plugin. -->","yoast_head_json":{"title":"Portaesqu\u00edes - bicicletas de carga Yuba","description":"Transporta hasta 4 pares de esqu\u00edes o 2 tablas de snowboard en tu Spicy Curry con este portaesqu\u00edes de aluminio. Perfecto para aventuras invernales ecol\u00f3gicas.","robots":{"index":"index","follow":"follow","max-snippet":"max-snippet:-1","max-image-preview":"max-image-preview:large","max-video-preview":"max-video-preview:-1"},"canonical":"https:\/\/yubabikes.eu\/es\/producto\/ski-rack\/","og_locale":"es_ES","og_type":"article","og_title":"Portaesqu\u00edes - bicicletas de carga Yuba","og_description":"Transporta hasta 4 pares de esqu\u00edes o 2 tablas de snowboard en tu Spicy Curry con este portaesqu\u00edes de aluminio. Perfecto para aventuras invernales ecol\u00f3gicas.","og_url":"https:\/\/yubabikes.eu\/es\/producto\/ski-rack\/","og_site_name":"Yubabikes","article_modified_time":"2025-10-16T13:26:41+00:00","og_image":[{"width":1080,"height":1080,"url":"https:\/\/yubabikes.eu\/wp-content\/uploads\/2024\/10\/Ski-Rack_YubaBikes_AddOns_Studio_Without_Background.png","type":"image\/png"}],"twitter_card":"summary_large_image","twitter_misc":{"Tiempo de lectura":"1 minuto"},"schema":{"@context":"https:\/\/schema.org","@graph":[{"@type":"WebPage","@id":"https:\/\/yubabikes.eu\/es\/producto\/ski-rack\/","url":"https:\/\/yubabikes.eu\/es\/producto\/ski-rack\/","name":"Portaesqu\u00edes - bicicletas de carga Yuba","isPartOf":{"@id":"https:\/\/yubabikes.eu\/es\/#website"},"primaryImageOfPage":{"@id":"https:\/\/yubabikes.eu\/es\/producto\/ski-rack\/#primaryimage"},"image":{"@id":"https:\/\/yubabikes.eu\/es\/producto\/ski-rack\/#primaryimage"},"thumbnailUrl":"https:\/\/yubabikes.eu\/wp-content\/uploads\/2024\/10\/Ski-Rack_YubaBikes_AddOns_Studio_Without_Background.png","datePublished":"2024-10-10T14:24:00+00:00","dateModified":"2025-10-16T13:26:41+00:00","description":"Transporta hasta 4 pares de esqu\u00edes o 2 tablas de snowboard en tu Spicy Curry con este portaesqu\u00edes de aluminio. Perfecto para aventuras invernales ecol\u00f3gicas.","breadcrumb":{"@id":"https:\/\/yubabikes.eu\/es\/producto\/ski-rack\/#breadcrumb"},"inLanguage":"es","potentialAction":[{"@type":"ReadAction","target":["https:\/\/yubabikes.eu\/es\/producto\/ski-rack\/"]}]},{"@type":"ImageObject","inLanguage":"es","@id":"https:\/\/yubabikes.eu\/es\/producto\/ski-rack\/#primaryimage","url":"https:\/\/yubabikes.eu\/wp-content\/uploads\/2024\/10\/Ski-Rack_YubaBikes_AddOns_Studio_Without_Background.png","contentUrl":"https:\/\/yubabikes.eu\/wp-content\/uploads\/2024\/10\/Ski-Rack_YubaBikes_AddOns_Studio_Without_Background.png","width":1080,"height":1080},{"@type":"BreadcrumbList","@id":"https:\/\/yubabikes.eu\/es\/producto\/ski-rack\/#breadcrumb","itemListElement":[{"@type":"ListItem","position":1,"name":"Home","item":"https:\/\/yubabikes.eu\/es\/"},{"@type":"ListItem","position":2,"name":"Shop","item":"https:\/\/yubabikes.eu\/es\/shop\/"},{"@type":"ListItem","position":3,"name":"Ski Rack"}]},{"@type":"WebSite","@id":"https:\/\/yubabikes.eu\/es\/#website","url":"https:\/\/yubabikes.eu\/es\/","name":"Yuba Cargo Bikes","description":"Yuba - Cargo Bicycles For Families and Businesses","alternateName":"Yuba Bikes","potentialAction":[{"@type":"SearchAction","target":{"@type":"EntryPoint","urlTemplate":"https:\/\/yubabikes.eu\/es\/?s={search_term_string}"},"query-input":{"@type":"PropertyValueSpecification","valueRequired":true,"valueName":"search_term_string"}}],"inLanguage":"es"}]}},"_links":{"self":[{"href":"https:\/\/yubabikes.eu\/es\/wp-json\/wp\/v2\/product\/120091","targetHints":{"allow":["GET"]}}],"collection":[{"href":"https:\/\/yubabikes.eu\/es\/wp-json\/wp\/v2\/product"}],"about":[{"href":"https:\/\/yubabikes.eu\/es\/wp-json\/wp\/v2\/types\/product"}],"wp:featuredmedia":[{"embeddable":true,"href":"https:\/\/yubabikes.eu\/es\/wp-json\/wp\/v2\/media\/120092"}],"wp:attachment":[{"href":"https:\/\/yubabikes.eu\/es\/wp-json\/wp\/v2\/media?parent=120091"}],"wp:term":[{"taxonomy":"product_brand","embeddable":true,"href":"https:\/\/yubabikes.eu\/es\/wp-json\/wp\/v2\/product_brand?post=120091"},{"taxonomy":"product_cat","embeddable":true,"href":"https:\/\/yubabikes.eu\/es\/wp-json\/wp\/v2\/product_cat?post=120091"},{"taxonomy":"product_tag","embeddable":true,"href":"https:\/\/yubabikes.eu\/es\/wp-json\/wp\/v2\/product_tag?post=120091"}],"curies":[{"name":"wp","href":"https:\/\/api.w.org\/{rel}","templated":true}]}}