{"id":120069,"date":"2024-10-10T14:24:00","date_gmt":"2024-10-10T14:24:00","guid":{"rendered":"https:\/\/yubabikes.eu\/product\/respaldo\/"},"modified":"2025-10-16T13:26:41","modified_gmt":"2025-10-16T13:26:41","slug":"backrest","status":"publish","type":"product","link":"https:\/\/yubabikes.eu\/es\/producto\/backrest\/","title":{"rendered":"BackRest"},"content":{"rendered":"","protected":false},"excerpt":{"rendered":"<p>\u00a1M\u00e1s comodidad para tus pasajeros!<\/p>\n","protected":false},"featured_media":120082,"template":"","meta":{"_acf_changed":false,"om_disable_all_campaigns":false,"inline_featured_image":false},"product_brand":[],"product_cat":[417,423,425,418,419,421,420,426],"product_tag":[],"class_list":{"0":"post-120069","1":"product","2":"type-product","3":"status-publish","4":"has-post-thumbnail","6":"product_cat-add-ons-es","7":"product_cat-add-ons-bicicletas","8":"product_cat-boda-boda-2","9":"product_cat-fastrack","10":"product_cat-kombi","11":"product_cat-mundo","12":"product_cat-spicy-curry","13":"product_cat-mini-boda-boda","15":"first","16":"instock","17":"taxable","18":"shipping-taxable","19":"purchasable","20":"product-type-simple"},"acf":[],"yoast_head":"<!-- This site is optimized with the Yoast SEO plugin v26.6 - https:\/\/yoast.com\/wordpress\/plugins\/seo\/ -->\n<title>Respaldo - bicicletas de carga Yuba<\/title>\n<meta name=\"description\" content=\"Mejora la comodidad de los pasajeros con el respaldo Yuba. Este coj\u00edn vers\u00e1til se adapta a las longtails y se combina a la perfecci\u00f3n con las barras Crest o Monkey para brindar soporte adicional.\" \/>\n<meta name=\"robots\" content=\"index, follow, max-snippet:-1, max-image-preview:large, max-video-preview:-1\" \/>\n<link rel=\"canonical\" href=\"https:\/\/yubabikes.eu\/es\/producto\/backrest\/\" \/>\n<meta property=\"og:locale\" content=\"es_ES\" \/>\n<meta property=\"og:type\" content=\"article\" \/>\n<meta property=\"og:title\" content=\"Respaldo - bicicletas de carga Yuba\" \/>\n<meta property=\"og:description\" content=\"Mejora la comodidad de los pasajeros con el respaldo Yuba. Este coj\u00edn vers\u00e1til se adapta a las longtails y se combina a la perfecci\u00f3n con las barras Crest o Monkey para brindar soporte adicional.\" \/>\n<meta property=\"og:url\" content=\"https:\/\/yubabikes.eu\/es\/producto\/backrest\/\" \/>\n<meta property=\"og:site_name\" content=\"Yubabikes\" \/>\n<meta property=\"article:modified_time\" content=\"2025-10-16T13:26:41+00:00\" \/>\n<meta property=\"og:image\" content=\"https:\/\/yubabikes.eu\/wp-content\/uploads\/2024\/10\/Yuba_bikes_add_ons_Backrest_on_bike_HD_2.png\" \/>\n\t<meta property=\"og:image:width\" content=\"1000\" \/>\n\t<meta property=\"og:image:height\" content=\"999\" \/>\n\t<meta property=\"og:image:type\" content=\"image\/png\" \/>\n<meta name=\"twitter:card\" content=\"summary_large_image\" \/>\n<meta name=\"twitter:label1\" content=\"Tiempo de lectura\" \/>\n\t<meta name=\"twitter:data1\" content=\"1 minuto\" \/>\n<script type=\"application\/ld+json\" class=\"yoast-schema-graph\">{\"@context\":\"https:\/\/schema.org\",\"@graph\":[{\"@type\":\"WebPage\",\"@id\":\"https:\/\/yubabikes.eu\/es\/producto\/backrest\/\",\"url\":\"https:\/\/yubabikes.eu\/es\/producto\/backrest\/\",\"name\":\"Respaldo - bicicletas de carga Yuba\",\"isPartOf\":{\"@id\":\"https:\/\/yubabikes.eu\/es\/#website\"},\"primaryImageOfPage\":{\"@id\":\"https:\/\/yubabikes.eu\/es\/producto\/backrest\/#primaryimage\"},\"image\":{\"@id\":\"https:\/\/yubabikes.eu\/es\/producto\/backrest\/#primaryimage\"},\"thumbnailUrl\":\"https:\/\/yubabikes.eu\/wp-content\/uploads\/2024\/10\/Yuba_bikes_add_ons_Backrest_on_bike_HD_2.png\",\"datePublished\":\"2024-10-10T14:24:00+00:00\",\"dateModified\":\"2025-10-16T13:26:41+00:00\",\"description\":\"Mejora la comodidad de los pasajeros con el respaldo Yuba. Este coj\u00edn vers\u00e1til se adapta a las longtails y se combina a la perfecci\u00f3n con las barras Crest o Monkey para brindar soporte adicional.\",\"breadcrumb\":{\"@id\":\"https:\/\/yubabikes.eu\/es\/producto\/backrest\/#breadcrumb\"},\"inLanguage\":\"es\",\"potentialAction\":[{\"@type\":\"ReadAction\",\"target\":[\"https:\/\/yubabikes.eu\/es\/producto\/backrest\/\"]}]},{\"@type\":\"ImageObject\",\"inLanguage\":\"es\",\"@id\":\"https:\/\/yubabikes.eu\/es\/producto\/backrest\/#primaryimage\",\"url\":\"https:\/\/yubabikes.eu\/wp-content\/uploads\/2024\/10\/Yuba_bikes_add_ons_Backrest_on_bike_HD_2.png\",\"contentUrl\":\"https:\/\/yubabikes.eu\/wp-content\/uploads\/2024\/10\/Yuba_bikes_add_ons_Backrest_on_bike_HD_2.png\",\"width\":1000,\"height\":999},{\"@type\":\"BreadcrumbList\",\"@id\":\"https:\/\/yubabikes.eu\/es\/producto\/backrest\/#breadcrumb\",\"itemListElement\":[{\"@type\":\"ListItem\",\"position\":1,\"name\":\"Home\",\"item\":\"https:\/\/yubabikes.eu\/es\/\"},{\"@type\":\"ListItem\",\"position\":2,\"name\":\"Shop\",\"item\":\"https:\/\/yubabikes.eu\/es\/shop\/\"},{\"@type\":\"ListItem\",\"position\":3,\"name\":\"BackRest\"}]},{\"@type\":\"WebSite\",\"@id\":\"https:\/\/yubabikes.eu\/es\/#website\",\"url\":\"https:\/\/yubabikes.eu\/es\/\",\"name\":\"Yuba Cargo Bikes\",\"description\":\"Yuba - Cargo Bicycles For Families and Businesses\",\"alternateName\":\"Yuba Bikes\",\"potentialAction\":[{\"@type\":\"SearchAction\",\"target\":{\"@type\":\"EntryPoint\",\"urlTemplate\":\"https:\/\/yubabikes.eu\/es\/?s={search_term_string}\"},\"query-input\":{\"@type\":\"PropertyValueSpecification\",\"valueRequired\":true,\"valueName\":\"search_term_string\"}}],\"inLanguage\":\"es\"}]}<\/script>\n<!-- \/ Yoast SEO plugin. -->","yoast_head_json":{"title":"Respaldo - bicicletas de carga Yuba","description":"Mejora la comodidad de los pasajeros con el respaldo Yuba. Este coj\u00edn vers\u00e1til se adapta a las longtails y se combina a la perfecci\u00f3n con las barras Crest o Monkey para brindar soporte adicional.","robots":{"index":"index","follow":"follow","max-snippet":"max-snippet:-1","max-image-preview":"max-image-preview:large","max-video-preview":"max-video-preview:-1"},"canonical":"https:\/\/yubabikes.eu\/es\/producto\/backrest\/","og_locale":"es_ES","og_type":"article","og_title":"Respaldo - bicicletas de carga Yuba","og_description":"Mejora la comodidad de los pasajeros con el respaldo Yuba. Este coj\u00edn vers\u00e1til se adapta a las longtails y se combina a la perfecci\u00f3n con las barras Crest o Monkey para brindar soporte adicional.","og_url":"https:\/\/yubabikes.eu\/es\/producto\/backrest\/","og_site_name":"Yubabikes","article_modified_time":"2025-10-16T13:26:41+00:00","og_image":[{"width":1000,"height":999,"url":"https:\/\/yubabikes.eu\/wp-content\/uploads\/2024\/10\/Yuba_bikes_add_ons_Backrest_on_bike_HD_2.png","type":"image\/png"}],"twitter_card":"summary_large_image","twitter_misc":{"Tiempo de lectura":"1 minuto"},"schema":{"@context":"https:\/\/schema.org","@graph":[{"@type":"WebPage","@id":"https:\/\/yubabikes.eu\/es\/producto\/backrest\/","url":"https:\/\/yubabikes.eu\/es\/producto\/backrest\/","name":"Respaldo - bicicletas de carga Yuba","isPartOf":{"@id":"https:\/\/yubabikes.eu\/es\/#website"},"primaryImageOfPage":{"@id":"https:\/\/yubabikes.eu\/es\/producto\/backrest\/#primaryimage"},"image":{"@id":"https:\/\/yubabikes.eu\/es\/producto\/backrest\/#primaryimage"},"thumbnailUrl":"https:\/\/yubabikes.eu\/wp-content\/uploads\/2024\/10\/Yuba_bikes_add_ons_Backrest_on_bike_HD_2.png","datePublished":"2024-10-10T14:24:00+00:00","dateModified":"2025-10-16T13:26:41+00:00","description":"Mejora la comodidad de los pasajeros con el respaldo Yuba. Este coj\u00edn vers\u00e1til se adapta a las longtails y se combina a la perfecci\u00f3n con las barras Crest o Monkey para brindar soporte adicional.","breadcrumb":{"@id":"https:\/\/yubabikes.eu\/es\/producto\/backrest\/#breadcrumb"},"inLanguage":"es","potentialAction":[{"@type":"ReadAction","target":["https:\/\/yubabikes.eu\/es\/producto\/backrest\/"]}]},{"@type":"ImageObject","inLanguage":"es","@id":"https:\/\/yubabikes.eu\/es\/producto\/backrest\/#primaryimage","url":"https:\/\/yubabikes.eu\/wp-content\/uploads\/2024\/10\/Yuba_bikes_add_ons_Backrest_on_bike_HD_2.png","contentUrl":"https:\/\/yubabikes.eu\/wp-content\/uploads\/2024\/10\/Yuba_bikes_add_ons_Backrest_on_bike_HD_2.png","width":1000,"height":999},{"@type":"BreadcrumbList","@id":"https:\/\/yubabikes.eu\/es\/producto\/backrest\/#breadcrumb","itemListElement":[{"@type":"ListItem","position":1,"name":"Home","item":"https:\/\/yubabikes.eu\/es\/"},{"@type":"ListItem","position":2,"name":"Shop","item":"https:\/\/yubabikes.eu\/es\/shop\/"},{"@type":"ListItem","position":3,"name":"BackRest"}]},{"@type":"WebSite","@id":"https:\/\/yubabikes.eu\/es\/#website","url":"https:\/\/yubabikes.eu\/es\/","name":"Yuba Cargo Bikes","description":"Yuba - Cargo Bicycles For Families and Businesses","alternateName":"Yuba Bikes","potentialAction":[{"@type":"SearchAction","target":{"@type":"EntryPoint","urlTemplate":"https:\/\/yubabikes.eu\/es\/?s={search_term_string}"},"query-input":{"@type":"PropertyValueSpecification","valueRequired":true,"valueName":"search_term_string"}}],"inLanguage":"es"}]}},"_links":{"self":[{"href":"https:\/\/yubabikes.eu\/es\/wp-json\/wp\/v2\/product\/120069","targetHints":{"allow":["GET"]}}],"collection":[{"href":"https:\/\/yubabikes.eu\/es\/wp-json\/wp\/v2\/product"}],"about":[{"href":"https:\/\/yubabikes.eu\/es\/wp-json\/wp\/v2\/types\/product"}],"wp:featuredmedia":[{"embeddable":true,"href":"https:\/\/yubabikes.eu\/es\/wp-json\/wp\/v2\/media\/120082"}],"wp:attachment":[{"href":"https:\/\/yubabikes.eu\/es\/wp-json\/wp\/v2\/media?parent=120069"}],"wp:term":[{"taxonomy":"product_brand","embeddable":true,"href":"https:\/\/yubabikes.eu\/es\/wp-json\/wp\/v2\/product_brand?post=120069"},{"taxonomy":"product_cat","embeddable":true,"href":"https:\/\/yubabikes.eu\/es\/wp-json\/wp\/v2\/product_cat?post=120069"},{"taxonomy":"product_tag","embeddable":true,"href":"https:\/\/yubabikes.eu\/es\/wp-json\/wp\/v2\/product_tag?post=120069"}],"curies":[{"name":"wp","href":"https:\/\/api.w.org\/{rel}","templated":true}]}}