{"id":119808,"date":"2024-11-19T11:08:51","date_gmt":"2024-11-19T11:08:51","guid":{"rendered":"https:\/\/yubabikes.eu\/product\/plataforma-multiusos\/"},"modified":"2025-10-16T13:26:44","modified_gmt":"2025-10-16T13:26:44","slug":"multi-utility-deck","status":"publish","type":"product","link":"https:\/\/yubabikes.eu\/es\/producto\/multi-utility-deck\/","title":{"rendered":"Multi Utility Deck"},"content":{"rendered":"<p>&nbsp;<\/p>\n<p>&nbsp;<\/p>\n","protected":false},"excerpt":{"rendered":"<p>Asegura tu espacio de carga<\/p>\n","protected":false},"featured_media":119821,"template":"","meta":{"_acf_changed":false,"om_disable_all_campaigns":false,"inline_featured_image":false},"product_brand":[],"product_cat":[417,423,425,420],"product_tag":[],"class_list":{"0":"post-119808","1":"product","2":"type-product","3":"status-publish","4":"has-post-thumbnail","6":"product_cat-add-ons-es","7":"product_cat-add-ons-bicicletas","8":"product_cat-boda-boda-2","9":"product_cat-spicy-curry","11":"first","12":"instock","13":"taxable","14":"shipping-taxable","15":"purchasable","16":"product-type-simple"},"acf":[],"yoast_head":"<!-- This site is optimized with the Yoast SEO plugin v26.6 - https:\/\/yoast.com\/wordpress\/plugins\/seo\/ -->\n<title>2Be3 - bicicletas de carga Yuba<\/title>\n<meta name=\"description\" content=\"A\u00f1ade un tercer asiento infantil a tu Supercargo con el 2be3. Este asiento acolchado de espuma, orientado hacia delante, mantiene a los ni\u00f1os de 3 a 7 a\u00f1os seguros y c\u00f3modos con su arn\u00e9s de 3 puntos.\" \/>\n<meta name=\"robots\" content=\"index, follow, max-snippet:-1, max-image-preview:large, max-video-preview:-1\" \/>\n<link rel=\"canonical\" href=\"https:\/\/yubabikes.eu\/es\/producto\/multi-utility-deck\/\" \/>\n<meta property=\"og:locale\" content=\"es_ES\" \/>\n<meta property=\"og:type\" content=\"article\" \/>\n<meta property=\"og:title\" content=\"2Be3 - bicicletas de carga Yuba\" \/>\n<meta property=\"og:description\" content=\"A\u00f1ade un tercer asiento infantil a tu Supercargo con el 2be3. Este asiento acolchado de espuma, orientado hacia delante, mantiene a los ni\u00f1os de 3 a 7 a\u00f1os seguros y c\u00f3modos con su arn\u00e9s de 3 puntos.\" \/>\n<meta property=\"og:url\" content=\"https:\/\/yubabikes.eu\/es\/producto\/multi-utility-deck\/\" \/>\n<meta property=\"og:site_name\" content=\"Yubabikes\" \/>\n<meta property=\"article:modified_time\" content=\"2025-10-16T13:26:44+00:00\" \/>\n<meta property=\"og:image\" content=\"https:\/\/yubabikes.eu\/wp-content\/uploads\/2025\/03\/Multi_utility_deck_YubaBikes_AddOns_Studio_Without_Background_-min.png\" \/>\n\t<meta property=\"og:image:width\" content=\"1080\" \/>\n\t<meta property=\"og:image:height\" content=\"1080\" \/>\n\t<meta property=\"og:image:type\" content=\"image\/png\" \/>\n<meta name=\"twitter:card\" content=\"summary_large_image\" \/>\n<meta name=\"twitter:label1\" content=\"Tiempo de lectura\" \/>\n\t<meta name=\"twitter:data1\" content=\"1 minuto\" \/>\n<script type=\"application\/ld+json\" class=\"yoast-schema-graph\">{\"@context\":\"https:\/\/schema.org\",\"@graph\":[{\"@type\":\"WebPage\",\"@id\":\"https:\/\/yubabikes.eu\/es\/producto\/multi-utility-deck\/\",\"url\":\"https:\/\/yubabikes.eu\/es\/producto\/multi-utility-deck\/\",\"name\":\"2Be3 - bicicletas de carga Yuba\",\"isPartOf\":{\"@id\":\"https:\/\/yubabikes.eu\/es\/#website\"},\"primaryImageOfPage\":{\"@id\":\"https:\/\/yubabikes.eu\/es\/producto\/multi-utility-deck\/#primaryimage\"},\"image\":{\"@id\":\"https:\/\/yubabikes.eu\/es\/producto\/multi-utility-deck\/#primaryimage\"},\"thumbnailUrl\":\"https:\/\/yubabikes.eu\/wp-content\/uploads\/2025\/03\/Multi_utility_deck_YubaBikes_AddOns_Studio_Without_Background_-min.png\",\"datePublished\":\"2024-11-19T11:08:51+00:00\",\"dateModified\":\"2025-10-16T13:26:44+00:00\",\"description\":\"A\u00f1ade un tercer asiento infantil a tu Supercargo con el 2be3. Este asiento acolchado de espuma, orientado hacia delante, mantiene a los ni\u00f1os de 3 a 7 a\u00f1os seguros y c\u00f3modos con su arn\u00e9s de 3 puntos.\",\"breadcrumb\":{\"@id\":\"https:\/\/yubabikes.eu\/es\/producto\/multi-utility-deck\/#breadcrumb\"},\"inLanguage\":\"es\",\"potentialAction\":[{\"@type\":\"ReadAction\",\"target\":[\"https:\/\/yubabikes.eu\/es\/producto\/multi-utility-deck\/\"]}]},{\"@type\":\"ImageObject\",\"inLanguage\":\"es\",\"@id\":\"https:\/\/yubabikes.eu\/es\/producto\/multi-utility-deck\/#primaryimage\",\"url\":\"https:\/\/yubabikes.eu\/wp-content\/uploads\/2025\/03\/Multi_utility_deck_YubaBikes_AddOns_Studio_Without_Background_-min.png\",\"contentUrl\":\"https:\/\/yubabikes.eu\/wp-content\/uploads\/2025\/03\/Multi_utility_deck_YubaBikes_AddOns_Studio_Without_Background_-min.png\",\"width\":1080,\"height\":1080},{\"@type\":\"BreadcrumbList\",\"@id\":\"https:\/\/yubabikes.eu\/es\/producto\/multi-utility-deck\/#breadcrumb\",\"itemListElement\":[{\"@type\":\"ListItem\",\"position\":1,\"name\":\"Home\",\"item\":\"https:\/\/yubabikes.eu\/es\/\"},{\"@type\":\"ListItem\",\"position\":2,\"name\":\"Shop\",\"item\":\"https:\/\/yubabikes.eu\/es\/shop\/\"},{\"@type\":\"ListItem\",\"position\":3,\"name\":\"Multi Utility Deck\"}]},{\"@type\":\"WebSite\",\"@id\":\"https:\/\/yubabikes.eu\/es\/#website\",\"url\":\"https:\/\/yubabikes.eu\/es\/\",\"name\":\"Yuba Cargo Bikes\",\"description\":\"Yuba - Cargo Bicycles For Families and Businesses\",\"alternateName\":\"Yuba Bikes\",\"potentialAction\":[{\"@type\":\"SearchAction\",\"target\":{\"@type\":\"EntryPoint\",\"urlTemplate\":\"https:\/\/yubabikes.eu\/es\/?s={search_term_string}\"},\"query-input\":{\"@type\":\"PropertyValueSpecification\",\"valueRequired\":true,\"valueName\":\"search_term_string\"}}],\"inLanguage\":\"es\"}]}<\/script>\n<!-- \/ Yoast SEO plugin. -->","yoast_head_json":{"title":"2Be3 - bicicletas de carga Yuba","description":"A\u00f1ade un tercer asiento infantil a tu Supercargo con el 2be3. Este asiento acolchado de espuma, orientado hacia delante, mantiene a los ni\u00f1os de 3 a 7 a\u00f1os seguros y c\u00f3modos con su arn\u00e9s de 3 puntos.","robots":{"index":"index","follow":"follow","max-snippet":"max-snippet:-1","max-image-preview":"max-image-preview:large","max-video-preview":"max-video-preview:-1"},"canonical":"https:\/\/yubabikes.eu\/es\/producto\/multi-utility-deck\/","og_locale":"es_ES","og_type":"article","og_title":"2Be3 - bicicletas de carga Yuba","og_description":"A\u00f1ade un tercer asiento infantil a tu Supercargo con el 2be3. Este asiento acolchado de espuma, orientado hacia delante, mantiene a los ni\u00f1os de 3 a 7 a\u00f1os seguros y c\u00f3modos con su arn\u00e9s de 3 puntos.","og_url":"https:\/\/yubabikes.eu\/es\/producto\/multi-utility-deck\/","og_site_name":"Yubabikes","article_modified_time":"2025-10-16T13:26:44+00:00","og_image":[{"width":1080,"height":1080,"url":"https:\/\/yubabikes.eu\/wp-content\/uploads\/2025\/03\/Multi_utility_deck_YubaBikes_AddOns_Studio_Without_Background_-min.png","type":"image\/png"}],"twitter_card":"summary_large_image","twitter_misc":{"Tiempo de lectura":"1 minuto"},"schema":{"@context":"https:\/\/schema.org","@graph":[{"@type":"WebPage","@id":"https:\/\/yubabikes.eu\/es\/producto\/multi-utility-deck\/","url":"https:\/\/yubabikes.eu\/es\/producto\/multi-utility-deck\/","name":"2Be3 - bicicletas de carga Yuba","isPartOf":{"@id":"https:\/\/yubabikes.eu\/es\/#website"},"primaryImageOfPage":{"@id":"https:\/\/yubabikes.eu\/es\/producto\/multi-utility-deck\/#primaryimage"},"image":{"@id":"https:\/\/yubabikes.eu\/es\/producto\/multi-utility-deck\/#primaryimage"},"thumbnailUrl":"https:\/\/yubabikes.eu\/wp-content\/uploads\/2025\/03\/Multi_utility_deck_YubaBikes_AddOns_Studio_Without_Background_-min.png","datePublished":"2024-11-19T11:08:51+00:00","dateModified":"2025-10-16T13:26:44+00:00","description":"A\u00f1ade un tercer asiento infantil a tu Supercargo con el 2be3. Este asiento acolchado de espuma, orientado hacia delante, mantiene a los ni\u00f1os de 3 a 7 a\u00f1os seguros y c\u00f3modos con su arn\u00e9s de 3 puntos.","breadcrumb":{"@id":"https:\/\/yubabikes.eu\/es\/producto\/multi-utility-deck\/#breadcrumb"},"inLanguage":"es","potentialAction":[{"@type":"ReadAction","target":["https:\/\/yubabikes.eu\/es\/producto\/multi-utility-deck\/"]}]},{"@type":"ImageObject","inLanguage":"es","@id":"https:\/\/yubabikes.eu\/es\/producto\/multi-utility-deck\/#primaryimage","url":"https:\/\/yubabikes.eu\/wp-content\/uploads\/2025\/03\/Multi_utility_deck_YubaBikes_AddOns_Studio_Without_Background_-min.png","contentUrl":"https:\/\/yubabikes.eu\/wp-content\/uploads\/2025\/03\/Multi_utility_deck_YubaBikes_AddOns_Studio_Without_Background_-min.png","width":1080,"height":1080},{"@type":"BreadcrumbList","@id":"https:\/\/yubabikes.eu\/es\/producto\/multi-utility-deck\/#breadcrumb","itemListElement":[{"@type":"ListItem","position":1,"name":"Home","item":"https:\/\/yubabikes.eu\/es\/"},{"@type":"ListItem","position":2,"name":"Shop","item":"https:\/\/yubabikes.eu\/es\/shop\/"},{"@type":"ListItem","position":3,"name":"Multi Utility Deck"}]},{"@type":"WebSite","@id":"https:\/\/yubabikes.eu\/es\/#website","url":"https:\/\/yubabikes.eu\/es\/","name":"Yuba Cargo Bikes","description":"Yuba - Cargo Bicycles For Families and Businesses","alternateName":"Yuba Bikes","potentialAction":[{"@type":"SearchAction","target":{"@type":"EntryPoint","urlTemplate":"https:\/\/yubabikes.eu\/es\/?s={search_term_string}"},"query-input":{"@type":"PropertyValueSpecification","valueRequired":true,"valueName":"search_term_string"}}],"inLanguage":"es"}]}},"_links":{"self":[{"href":"https:\/\/yubabikes.eu\/es\/wp-json\/wp\/v2\/product\/119808","targetHints":{"allow":["GET"]}}],"collection":[{"href":"https:\/\/yubabikes.eu\/es\/wp-json\/wp\/v2\/product"}],"about":[{"href":"https:\/\/yubabikes.eu\/es\/wp-json\/wp\/v2\/types\/product"}],"wp:featuredmedia":[{"embeddable":true,"href":"https:\/\/yubabikes.eu\/es\/wp-json\/wp\/v2\/media\/119821"}],"wp:attachment":[{"href":"https:\/\/yubabikes.eu\/es\/wp-json\/wp\/v2\/media?parent=119808"}],"wp:term":[{"taxonomy":"product_brand","embeddable":true,"href":"https:\/\/yubabikes.eu\/es\/wp-json\/wp\/v2\/product_brand?post=119808"},{"taxonomy":"product_cat","embeddable":true,"href":"https:\/\/yubabikes.eu\/es\/wp-json\/wp\/v2\/product_cat?post=119808"},{"taxonomy":"product_tag","embeddable":true,"href":"https:\/\/yubabikes.eu\/es\/wp-json\/wp\/v2\/product_tag?post=119808"}],"curies":[{"name":"wp","href":"https:\/\/api.w.org\/{rel}","templated":true}]}}