{"id":119351,"date":"2024-10-14T13:06:59","date_gmt":"2024-10-14T13:06:59","guid":{"rendered":"https:\/\/yubabikes.eu\/product\/supercargo-cl-2\/"},"modified":"2026-03-26T16:27:52","modified_gmt":"2026-03-26T16:27:52","slug":"supercargo-cl","status":"publish","type":"product","link":"https:\/\/yubabikes.eu\/es\/producto\/supercargo-cl\/","title":{"rendered":"Supercargo CL"},"content":{"rendered":"<p>El f\u00e1cil manejo de la Supercargo, mejorado por el excelente motor Bosch Cargo Line.<\/p>\n<p>En stock, disponible ahora. Env\u00edo gratuito a domicilio, 100 % montada y lista para rodar. <a href=\"https:\/\/yubabikes.eu\/es\/faq\/jungle-bike\/\">Ver condiciones.\u00a0<\/a><\/p>\n<p>&nbsp;<\/p>\n","protected":false},"excerpt":{"rendered":"<p>Nuestro &#8220;frontloader&#8221; el\u00e9ctrico de estilo californiano<\/p>\n","protected":false},"featured_media":119352,"template":"","meta":{"_acf_changed":false,"om_disable_all_campaigns":false,"inline_featured_image":false},"product_brand":[],"product_cat":[431,511],"product_tag":[],"class_list":{"0":"post-119351","1":"product","2":"type-product","3":"status-publish","4":"has-post-thumbnail","6":"product_cat-bicicletas","7":"product_cat-frontloader","8":"product_shipping_class-shipping-class-jungle","10":"first","11":"instock","12":"sale","13":"taxable","14":"shipping-taxable","15":"purchasable","16":"product-type-variable","17":"has-default-attributes"},"acf":[],"yoast_head":"<!-- This site is optimized with the Yoast SEO plugin v26.6 - https:\/\/yoast.com\/wordpress\/plugins\/seo\/ -->\n<title>Supercargo CL - bicicletas de carga Yuba<\/title>\n<meta name=\"description\" content=\"La Supercargo CL de Yuba, con tecnolog\u00eda Bosch, proporciona un manejo suave para hasta 4 ni\u00f1os o carga pesada, con direcci\u00f3n avanzada y tecnolog\u00eda inteligente para viajes f\u00e1ciles\" \/>\n<meta name=\"robots\" content=\"index, follow, max-snippet:-1, max-image-preview:large, max-video-preview:-1\" \/>\n<link rel=\"canonical\" href=\"https:\/\/yubabikes.eu\/es\/producto\/supercargo-cl\/\" \/>\n<meta property=\"og:locale\" content=\"es_ES\" \/>\n<meta property=\"og:type\" content=\"article\" \/>\n<meta property=\"og:title\" content=\"Supercargo CL - bicicletas de carga Yuba\" \/>\n<meta property=\"og:description\" content=\"La Supercargo CL de Yuba, con tecnolog\u00eda Bosch, proporciona un manejo suave para hasta 4 ni\u00f1os o carga pesada, con direcci\u00f3n avanzada y tecnolog\u00eda inteligente para viajes f\u00e1ciles\" \/>\n<meta property=\"og:url\" content=\"https:\/\/yubabikes.eu\/es\/producto\/supercargo-cl\/\" \/>\n<meta property=\"og:site_name\" content=\"Yubabikes\" \/>\n<meta property=\"article:modified_time\" content=\"2026-03-26T16:27:52+00:00\" \/>\n<meta property=\"og:image\" content=\"https:\/\/yubabikes.eu\/wp-content\/uploads\/2024\/10\/Supercargo-CL-Orange-No-BG-2.png\" \/>\n\t<meta property=\"og:image:width\" content=\"960\" \/>\n\t<meta property=\"og:image:height\" content=\"960\" \/>\n\t<meta property=\"og:image:type\" content=\"image\/png\" \/>\n<meta name=\"twitter:card\" content=\"summary_large_image\" \/>\n<meta name=\"twitter:label1\" content=\"Tiempo de lectura\" \/>\n\t<meta name=\"twitter:data1\" content=\"1 minuto\" \/>\n<script type=\"application\/ld+json\" class=\"yoast-schema-graph\">{\"@context\":\"https:\/\/schema.org\",\"@graph\":[{\"@type\":\"WebPage\",\"@id\":\"https:\/\/yubabikes.eu\/es\/producto\/supercargo-cl\/\",\"url\":\"https:\/\/yubabikes.eu\/es\/producto\/supercargo-cl\/\",\"name\":\"Supercargo CL - bicicletas de carga Yuba\",\"isPartOf\":{\"@id\":\"https:\/\/yubabikes.eu\/es\/#website\"},\"primaryImageOfPage\":{\"@id\":\"https:\/\/yubabikes.eu\/es\/producto\/supercargo-cl\/#primaryimage\"},\"image\":{\"@id\":\"https:\/\/yubabikes.eu\/es\/producto\/supercargo-cl\/#primaryimage\"},\"thumbnailUrl\":\"https:\/\/yubabikes.eu\/wp-content\/uploads\/2024\/10\/Supercargo-CL-Orange-No-BG-2.png\",\"datePublished\":\"2024-10-14T13:06:59+00:00\",\"dateModified\":\"2026-03-26T16:27:52+00:00\",\"description\":\"La Supercargo CL de Yuba, con tecnolog\u00eda Bosch, proporciona un manejo suave para hasta 4 ni\u00f1os o carga pesada, con direcci\u00f3n avanzada y tecnolog\u00eda inteligente para viajes f\u00e1ciles\",\"breadcrumb\":{\"@id\":\"https:\/\/yubabikes.eu\/es\/producto\/supercargo-cl\/#breadcrumb\"},\"inLanguage\":\"es\",\"potentialAction\":[{\"@type\":\"ReadAction\",\"target\":[\"https:\/\/yubabikes.eu\/es\/producto\/supercargo-cl\/\"]}]},{\"@type\":\"ImageObject\",\"inLanguage\":\"es\",\"@id\":\"https:\/\/yubabikes.eu\/es\/producto\/supercargo-cl\/#primaryimage\",\"url\":\"https:\/\/yubabikes.eu\/wp-content\/uploads\/2024\/10\/Supercargo-CL-Orange-No-BG-2.png\",\"contentUrl\":\"https:\/\/yubabikes.eu\/wp-content\/uploads\/2024\/10\/Supercargo-CL-Orange-No-BG-2.png\",\"width\":960,\"height\":960},{\"@type\":\"BreadcrumbList\",\"@id\":\"https:\/\/yubabikes.eu\/es\/producto\/supercargo-cl\/#breadcrumb\",\"itemListElement\":[{\"@type\":\"ListItem\",\"position\":1,\"name\":\"Home\",\"item\":\"https:\/\/yubabikes.eu\/es\/\"},{\"@type\":\"ListItem\",\"position\":2,\"name\":\"Shop\",\"item\":\"https:\/\/yubabikes.eu\/es\/shop\/\"},{\"@type\":\"ListItem\",\"position\":3,\"name\":\"Supercargo CL\"}]},{\"@type\":\"WebSite\",\"@id\":\"https:\/\/yubabikes.eu\/es\/#website\",\"url\":\"https:\/\/yubabikes.eu\/es\/\",\"name\":\"Yuba Cargo Bikes\",\"description\":\"Yuba - Cargo Bicycles For Families and Businesses\",\"alternateName\":\"Yuba Bikes\",\"potentialAction\":[{\"@type\":\"SearchAction\",\"target\":{\"@type\":\"EntryPoint\",\"urlTemplate\":\"https:\/\/yubabikes.eu\/es\/?s={search_term_string}\"},\"query-input\":{\"@type\":\"PropertyValueSpecification\",\"valueRequired\":true,\"valueName\":\"search_term_string\"}}],\"inLanguage\":\"es\"}]}<\/script>\n<!-- \/ Yoast SEO plugin. -->","yoast_head_json":{"title":"Supercargo CL - bicicletas de carga Yuba","description":"La Supercargo CL de Yuba, con tecnolog\u00eda Bosch, proporciona un manejo suave para hasta 4 ni\u00f1os o carga pesada, con direcci\u00f3n avanzada y tecnolog\u00eda inteligente para viajes f\u00e1ciles","robots":{"index":"index","follow":"follow","max-snippet":"max-snippet:-1","max-image-preview":"max-image-preview:large","max-video-preview":"max-video-preview:-1"},"canonical":"https:\/\/yubabikes.eu\/es\/producto\/supercargo-cl\/","og_locale":"es_ES","og_type":"article","og_title":"Supercargo CL - bicicletas de carga Yuba","og_description":"La Supercargo CL de Yuba, con tecnolog\u00eda Bosch, proporciona un manejo suave para hasta 4 ni\u00f1os o carga pesada, con direcci\u00f3n avanzada y tecnolog\u00eda inteligente para viajes f\u00e1ciles","og_url":"https:\/\/yubabikes.eu\/es\/producto\/supercargo-cl\/","og_site_name":"Yubabikes","article_modified_time":"2026-03-26T16:27:52+00:00","og_image":[{"width":960,"height":960,"url":"https:\/\/yubabikes.eu\/wp-content\/uploads\/2024\/10\/Supercargo-CL-Orange-No-BG-2.png","type":"image\/png"}],"twitter_card":"summary_large_image","twitter_misc":{"Tiempo de lectura":"1 minuto"},"schema":{"@context":"https:\/\/schema.org","@graph":[{"@type":"WebPage","@id":"https:\/\/yubabikes.eu\/es\/producto\/supercargo-cl\/","url":"https:\/\/yubabikes.eu\/es\/producto\/supercargo-cl\/","name":"Supercargo CL - bicicletas de carga Yuba","isPartOf":{"@id":"https:\/\/yubabikes.eu\/es\/#website"},"primaryImageOfPage":{"@id":"https:\/\/yubabikes.eu\/es\/producto\/supercargo-cl\/#primaryimage"},"image":{"@id":"https:\/\/yubabikes.eu\/es\/producto\/supercargo-cl\/#primaryimage"},"thumbnailUrl":"https:\/\/yubabikes.eu\/wp-content\/uploads\/2024\/10\/Supercargo-CL-Orange-No-BG-2.png","datePublished":"2024-10-14T13:06:59+00:00","dateModified":"2026-03-26T16:27:52+00:00","description":"La Supercargo CL de Yuba, con tecnolog\u00eda Bosch, proporciona un manejo suave para hasta 4 ni\u00f1os o carga pesada, con direcci\u00f3n avanzada y tecnolog\u00eda inteligente para viajes f\u00e1ciles","breadcrumb":{"@id":"https:\/\/yubabikes.eu\/es\/producto\/supercargo-cl\/#breadcrumb"},"inLanguage":"es","potentialAction":[{"@type":"ReadAction","target":["https:\/\/yubabikes.eu\/es\/producto\/supercargo-cl\/"]}]},{"@type":"ImageObject","inLanguage":"es","@id":"https:\/\/yubabikes.eu\/es\/producto\/supercargo-cl\/#primaryimage","url":"https:\/\/yubabikes.eu\/wp-content\/uploads\/2024\/10\/Supercargo-CL-Orange-No-BG-2.png","contentUrl":"https:\/\/yubabikes.eu\/wp-content\/uploads\/2024\/10\/Supercargo-CL-Orange-No-BG-2.png","width":960,"height":960},{"@type":"BreadcrumbList","@id":"https:\/\/yubabikes.eu\/es\/producto\/supercargo-cl\/#breadcrumb","itemListElement":[{"@type":"ListItem","position":1,"name":"Home","item":"https:\/\/yubabikes.eu\/es\/"},{"@type":"ListItem","position":2,"name":"Shop","item":"https:\/\/yubabikes.eu\/es\/shop\/"},{"@type":"ListItem","position":3,"name":"Supercargo CL"}]},{"@type":"WebSite","@id":"https:\/\/yubabikes.eu\/es\/#website","url":"https:\/\/yubabikes.eu\/es\/","name":"Yuba Cargo Bikes","description":"Yuba - Cargo Bicycles For Families and Businesses","alternateName":"Yuba Bikes","potentialAction":[{"@type":"SearchAction","target":{"@type":"EntryPoint","urlTemplate":"https:\/\/yubabikes.eu\/es\/?s={search_term_string}"},"query-input":{"@type":"PropertyValueSpecification","valueRequired":true,"valueName":"search_term_string"}}],"inLanguage":"es"}]}},"_links":{"self":[{"href":"https:\/\/yubabikes.eu\/es\/wp-json\/wp\/v2\/product\/119351","targetHints":{"allow":["GET"]}}],"collection":[{"href":"https:\/\/yubabikes.eu\/es\/wp-json\/wp\/v2\/product"}],"about":[{"href":"https:\/\/yubabikes.eu\/es\/wp-json\/wp\/v2\/types\/product"}],"wp:featuredmedia":[{"embeddable":true,"href":"https:\/\/yubabikes.eu\/es\/wp-json\/wp\/v2\/media\/119352"}],"wp:attachment":[{"href":"https:\/\/yubabikes.eu\/es\/wp-json\/wp\/v2\/media?parent=119351"}],"wp:term":[{"taxonomy":"product_brand","embeddable":true,"href":"https:\/\/yubabikes.eu\/es\/wp-json\/wp\/v2\/product_brand?post=119351"},{"taxonomy":"product_cat","embeddable":true,"href":"https:\/\/yubabikes.eu\/es\/wp-json\/wp\/v2\/product_cat?post=119351"},{"taxonomy":"product_tag","embeddable":true,"href":"https:\/\/yubabikes.eu\/es\/wp-json\/wp\/v2\/product_tag?post=119351"}],"curies":[{"name":"wp","href":"https:\/\/api.w.org\/{rel}","templated":true}]}}