{"id":118982,"date":"2024-10-10T14:24:00","date_gmt":"2024-10-10T14:24:00","guid":{"rendered":"https:\/\/yubabikes.eu\/product\/yepp-2-maxi\/"},"modified":"2026-01-28T14:24:11","modified_gmt":"2026-01-28T14:24:11","slug":"yepp-2-maxi","status":"publish","type":"product","link":"https:\/\/yubabikes.eu\/es\/producto\/yepp-2-maxi\/","title":{"rendered":"Yepp 2 maxi"},"content":{"rendered":"","protected":false},"excerpt":{"rendered":"<p>Los m\u00e1s peque\u00f1os tambi\u00e9n merecen bicicletas de carga<\/p>\n","protected":false},"featured_media":118983,"template":"","meta":{"_acf_changed":false,"om_disable_all_campaigns":false,"inline_featured_image":false},"product_brand":[],"product_cat":[417,423,425,418,419,421,420,426,422],"product_tag":[],"class_list":{"0":"post-118982","1":"product","2":"type-product","3":"status-publish","4":"has-post-thumbnail","6":"product_cat-add-ons-es","7":"product_cat-add-ons-bicicletas","8":"product_cat-boda-boda-2","9":"product_cat-fastrack","10":"product_cat-kombi","11":"product_cat-mundo","12":"product_cat-spicy-curry","13":"product_cat-mini-boda-boda","14":"product_cat-supercargo","16":"first","17":"outofstock","18":"taxable","19":"shipping-taxable","20":"purchasable","21":"product-type-simple"},"acf":[],"yoast_head":"<!-- This site is optimized with the Yoast SEO plugin v26.6 - https:\/\/yoast.com\/wordpress\/plugins\/seo\/ -->\n<title>Yepp 2 maxi - bicicletas de carga Yuba<\/title>\n<meta name=\"description\" content=\"La silla infantil trasera Yepp 2 Maxi combina seguridad y estilo, con un arn\u00e9s ajustable de 5 puntos y materiales impermeables. Ideal para ni\u00f1os de hasta 22 kg.\" \/>\n<meta name=\"robots\" content=\"index, follow, max-snippet:-1, max-image-preview:large, max-video-preview:-1\" \/>\n<link rel=\"canonical\" href=\"https:\/\/yubabikes.eu\/es\/producto\/yepp-2-maxi\/\" \/>\n<meta property=\"og:locale\" content=\"es_ES\" \/>\n<meta property=\"og:type\" content=\"article\" \/>\n<meta property=\"og:title\" content=\"Yepp 2 maxi - bicicletas de carga Yuba\" \/>\n<meta property=\"og:description\" content=\"La silla infantil trasera Yepp 2 Maxi combina seguridad y estilo, con un arn\u00e9s ajustable de 5 puntos y materiales impermeables. Ideal para ni\u00f1os de hasta 22 kg.\" \/>\n<meta property=\"og:url\" content=\"https:\/\/yubabikes.eu\/es\/producto\/yepp-2-maxi\/\" \/>\n<meta property=\"og:site_name\" content=\"Yubabikes\" \/>\n<meta property=\"article:modified_time\" content=\"2026-01-28T14:24:11+00:00\" \/>\n<meta property=\"og:image\" content=\"https:\/\/yubabikes.eu\/wp-content\/uploads\/2024\/10\/Yepp-2-Maxi_YubaBikes_AddOns_Studio_Without_Background.png\" \/>\n\t<meta property=\"og:image:width\" content=\"945\" \/>\n\t<meta property=\"og:image:height\" content=\"945\" \/>\n\t<meta property=\"og:image:type\" content=\"image\/png\" \/>\n<meta name=\"twitter:card\" content=\"summary_large_image\" \/>\n<meta name=\"twitter:label1\" content=\"Tiempo de lectura\" \/>\n\t<meta name=\"twitter:data1\" content=\"1 minuto\" \/>\n<script type=\"application\/ld+json\" class=\"yoast-schema-graph\">{\"@context\":\"https:\/\/schema.org\",\"@graph\":[{\"@type\":\"WebPage\",\"@id\":\"https:\/\/yubabikes.eu\/es\/producto\/yepp-2-maxi\/\",\"url\":\"https:\/\/yubabikes.eu\/es\/producto\/yepp-2-maxi\/\",\"name\":\"Yepp 2 maxi - bicicletas de carga Yuba\",\"isPartOf\":{\"@id\":\"https:\/\/yubabikes.eu\/es\/#website\"},\"primaryImageOfPage\":{\"@id\":\"https:\/\/yubabikes.eu\/es\/producto\/yepp-2-maxi\/#primaryimage\"},\"image\":{\"@id\":\"https:\/\/yubabikes.eu\/es\/producto\/yepp-2-maxi\/#primaryimage\"},\"thumbnailUrl\":\"https:\/\/yubabikes.eu\/wp-content\/uploads\/2024\/10\/Yepp-2-Maxi_YubaBikes_AddOns_Studio_Without_Background.png\",\"datePublished\":\"2024-10-10T14:24:00+00:00\",\"dateModified\":\"2026-01-28T14:24:11+00:00\",\"description\":\"La silla infantil trasera Yepp 2 Maxi combina seguridad y estilo, con un arn\u00e9s ajustable de 5 puntos y materiales impermeables. Ideal para ni\u00f1os de hasta 22 kg.\",\"breadcrumb\":{\"@id\":\"https:\/\/yubabikes.eu\/es\/producto\/yepp-2-maxi\/#breadcrumb\"},\"inLanguage\":\"es\",\"potentialAction\":[{\"@type\":\"ReadAction\",\"target\":[\"https:\/\/yubabikes.eu\/es\/producto\/yepp-2-maxi\/\"]}]},{\"@type\":\"ImageObject\",\"inLanguage\":\"es\",\"@id\":\"https:\/\/yubabikes.eu\/es\/producto\/yepp-2-maxi\/#primaryimage\",\"url\":\"https:\/\/yubabikes.eu\/wp-content\/uploads\/2024\/10\/Yepp-2-Maxi_YubaBikes_AddOns_Studio_Without_Background.png\",\"contentUrl\":\"https:\/\/yubabikes.eu\/wp-content\/uploads\/2024\/10\/Yepp-2-Maxi_YubaBikes_AddOns_Studio_Without_Background.png\",\"width\":945,\"height\":945},{\"@type\":\"BreadcrumbList\",\"@id\":\"https:\/\/yubabikes.eu\/es\/producto\/yepp-2-maxi\/#breadcrumb\",\"itemListElement\":[{\"@type\":\"ListItem\",\"position\":1,\"name\":\"Home\",\"item\":\"https:\/\/yubabikes.eu\/es\/\"},{\"@type\":\"ListItem\",\"position\":2,\"name\":\"Shop\",\"item\":\"https:\/\/yubabikes.eu\/es\/shop\/\"},{\"@type\":\"ListItem\",\"position\":3,\"name\":\"Yepp 2 maxi\"}]},{\"@type\":\"WebSite\",\"@id\":\"https:\/\/yubabikes.eu\/es\/#website\",\"url\":\"https:\/\/yubabikes.eu\/es\/\",\"name\":\"Yuba Cargo Bikes\",\"description\":\"Yuba - Cargo Bicycles For Families and Businesses\",\"alternateName\":\"Yuba Bikes\",\"potentialAction\":[{\"@type\":\"SearchAction\",\"target\":{\"@type\":\"EntryPoint\",\"urlTemplate\":\"https:\/\/yubabikes.eu\/es\/?s={search_term_string}\"},\"query-input\":{\"@type\":\"PropertyValueSpecification\",\"valueRequired\":true,\"valueName\":\"search_term_string\"}}],\"inLanguage\":\"es\"}]}<\/script>\n<!-- \/ Yoast SEO plugin. -->","yoast_head_json":{"title":"Yepp 2 maxi - bicicletas de carga Yuba","description":"La silla infantil trasera Yepp 2 Maxi combina seguridad y estilo, con un arn\u00e9s ajustable de 5 puntos y materiales impermeables. Ideal para ni\u00f1os de hasta 22 kg.","robots":{"index":"index","follow":"follow","max-snippet":"max-snippet:-1","max-image-preview":"max-image-preview:large","max-video-preview":"max-video-preview:-1"},"canonical":"https:\/\/yubabikes.eu\/es\/producto\/yepp-2-maxi\/","og_locale":"es_ES","og_type":"article","og_title":"Yepp 2 maxi - bicicletas de carga Yuba","og_description":"La silla infantil trasera Yepp 2 Maxi combina seguridad y estilo, con un arn\u00e9s ajustable de 5 puntos y materiales impermeables. Ideal para ni\u00f1os de hasta 22 kg.","og_url":"https:\/\/yubabikes.eu\/es\/producto\/yepp-2-maxi\/","og_site_name":"Yubabikes","article_modified_time":"2026-01-28T14:24:11+00:00","og_image":[{"width":945,"height":945,"url":"https:\/\/yubabikes.eu\/wp-content\/uploads\/2024\/10\/Yepp-2-Maxi_YubaBikes_AddOns_Studio_Without_Background.png","type":"image\/png"}],"twitter_card":"summary_large_image","twitter_misc":{"Tiempo de lectura":"1 minuto"},"schema":{"@context":"https:\/\/schema.org","@graph":[{"@type":"WebPage","@id":"https:\/\/yubabikes.eu\/es\/producto\/yepp-2-maxi\/","url":"https:\/\/yubabikes.eu\/es\/producto\/yepp-2-maxi\/","name":"Yepp 2 maxi - bicicletas de carga Yuba","isPartOf":{"@id":"https:\/\/yubabikes.eu\/es\/#website"},"primaryImageOfPage":{"@id":"https:\/\/yubabikes.eu\/es\/producto\/yepp-2-maxi\/#primaryimage"},"image":{"@id":"https:\/\/yubabikes.eu\/es\/producto\/yepp-2-maxi\/#primaryimage"},"thumbnailUrl":"https:\/\/yubabikes.eu\/wp-content\/uploads\/2024\/10\/Yepp-2-Maxi_YubaBikes_AddOns_Studio_Without_Background.png","datePublished":"2024-10-10T14:24:00+00:00","dateModified":"2026-01-28T14:24:11+00:00","description":"La silla infantil trasera Yepp 2 Maxi combina seguridad y estilo, con un arn\u00e9s ajustable de 5 puntos y materiales impermeables. Ideal para ni\u00f1os de hasta 22 kg.","breadcrumb":{"@id":"https:\/\/yubabikes.eu\/es\/producto\/yepp-2-maxi\/#breadcrumb"},"inLanguage":"es","potentialAction":[{"@type":"ReadAction","target":["https:\/\/yubabikes.eu\/es\/producto\/yepp-2-maxi\/"]}]},{"@type":"ImageObject","inLanguage":"es","@id":"https:\/\/yubabikes.eu\/es\/producto\/yepp-2-maxi\/#primaryimage","url":"https:\/\/yubabikes.eu\/wp-content\/uploads\/2024\/10\/Yepp-2-Maxi_YubaBikes_AddOns_Studio_Without_Background.png","contentUrl":"https:\/\/yubabikes.eu\/wp-content\/uploads\/2024\/10\/Yepp-2-Maxi_YubaBikes_AddOns_Studio_Without_Background.png","width":945,"height":945},{"@type":"BreadcrumbList","@id":"https:\/\/yubabikes.eu\/es\/producto\/yepp-2-maxi\/#breadcrumb","itemListElement":[{"@type":"ListItem","position":1,"name":"Home","item":"https:\/\/yubabikes.eu\/es\/"},{"@type":"ListItem","position":2,"name":"Shop","item":"https:\/\/yubabikes.eu\/es\/shop\/"},{"@type":"ListItem","position":3,"name":"Yepp 2 maxi"}]},{"@type":"WebSite","@id":"https:\/\/yubabikes.eu\/es\/#website","url":"https:\/\/yubabikes.eu\/es\/","name":"Yuba Cargo Bikes","description":"Yuba - Cargo Bicycles For Families and Businesses","alternateName":"Yuba Bikes","potentialAction":[{"@type":"SearchAction","target":{"@type":"EntryPoint","urlTemplate":"https:\/\/yubabikes.eu\/es\/?s={search_term_string}"},"query-input":{"@type":"PropertyValueSpecification","valueRequired":true,"valueName":"search_term_string"}}],"inLanguage":"es"}]}},"_links":{"self":[{"href":"https:\/\/yubabikes.eu\/es\/wp-json\/wp\/v2\/product\/118982","targetHints":{"allow":["GET"]}}],"collection":[{"href":"https:\/\/yubabikes.eu\/es\/wp-json\/wp\/v2\/product"}],"about":[{"href":"https:\/\/yubabikes.eu\/es\/wp-json\/wp\/v2\/types\/product"}],"wp:featuredmedia":[{"embeddable":true,"href":"https:\/\/yubabikes.eu\/es\/wp-json\/wp\/v2\/media\/118983"}],"wp:attachment":[{"href":"https:\/\/yubabikes.eu\/es\/wp-json\/wp\/v2\/media?parent=118982"}],"wp:term":[{"taxonomy":"product_brand","embeddable":true,"href":"https:\/\/yubabikes.eu\/es\/wp-json\/wp\/v2\/product_brand?post=118982"},{"taxonomy":"product_cat","embeddable":true,"href":"https:\/\/yubabikes.eu\/es\/wp-json\/wp\/v2\/product_cat?post=118982"},{"taxonomy":"product_tag","embeddable":true,"href":"https:\/\/yubabikes.eu\/es\/wp-json\/wp\/v2\/product_tag?post=118982"}],"curies":[{"name":"wp","href":"https:\/\/api.w.org\/{rel}","templated":true}]}}