{"id":119124,"date":"2025-09-17T10:33:59","date_gmt":"2025-09-17T10:33:59","guid":{"rendered":"https:\/\/yubabikes.eu\/kombi-e5-bicicleta-de-carga-electrica-asequible-yuba-bikes\/"},"modified":"2025-10-27T08:43:03","modified_gmt":"2025-10-27T08:43:03","slug":"kombi-e5-bicicleta-de-carga-electrica-asequible-yuba-bikes","status":"publish","type":"page","link":"https:\/\/yubabikes.eu\/es\/kombi-e5-bicicleta-de-carga-electrica-asequible-yuba-bikes\/","title":{"rendered":"Kombi E5 \u2013 Bicicleta de carga el\u00e9ctrica asequible | yuba bikes"},"content":{"rendered":"","protected":false},"excerpt":{"rendered":"","protected":false},"author":3,"featured_media":0,"parent":0,"menu_order":0,"comment_status":"closed","ping_status":"closed","template":"","meta":{"_acf_changed":false,"om_disable_all_campaigns":false,"inline_featured_image":false,"footnotes":""},"class_list":["post-119124","page","type-page","status-publish","hentry"],"acf":[],"yoast_head":"<!-- This site is optimized with the Yoast SEO plugin v26.6 - https:\/\/yoast.com\/wordpress\/plugins\/seo\/ -->\n<title>Kombi E5 \u2013 Bicicleta de carga el\u00e9ctrica asequible | yuba bikes<\/title>\n<meta name=\"description\" content=\"Descubre la Yuba Kombi E5: una bicicleta de carga el\u00e9ctrica compacta, fiable y econ\u00f3mica. Lleva a tus hijos y transporta hasta 200 kg, \u00a1desde solo 2599 \u20ac!\" \/>\n<meta name=\"robots\" content=\"index, follow, max-snippet:-1, max-image-preview:large, max-video-preview:-1\" \/>\n<link rel=\"canonical\" href=\"https:\/\/yubabikes.eu\/es\/kombi-e5-bicicleta-de-carga-electrica-asequible-yuba-bikes\/\" \/>\n<meta property=\"og:locale\" content=\"es_ES\" \/>\n<meta property=\"og:type\" content=\"article\" \/>\n<meta property=\"og:title\" content=\"Kombi E5 \u2013 Bicicleta de carga el\u00e9ctrica asequible | yuba bikes\" \/>\n<meta property=\"og:description\" content=\"Descubre la Yuba Kombi E5: una bicicleta de carga el\u00e9ctrica compacta, fiable y econ\u00f3mica. Lleva a tus hijos y transporta hasta 200 kg, \u00a1desde solo 2599 \u20ac!\" \/>\n<meta property=\"og:url\" content=\"https:\/\/yubabikes.eu\/es\/kombi-e5-bicicleta-de-carga-electrica-asequible-yuba-bikes\/\" \/>\n<meta property=\"og:site_name\" content=\"Yubabikes\" \/>\n<meta property=\"article:modified_time\" content=\"2025-10-27T08:43:03+00:00\" \/>\n<meta property=\"og:image\" content=\"https:\/\/yubabikes.eu\/wp-content\/uploads\/2025\/01\/social-graph-1200-x-675px-1.png\" \/>\n\t<meta property=\"og:image:width\" content=\"1200\" \/>\n\t<meta property=\"og:image:height\" content=\"675\" \/>\n\t<meta property=\"og:image:type\" content=\"image\/png\" \/>\n<meta name=\"twitter:card\" content=\"summary_large_image\" \/>\n<script type=\"application\/ld+json\" class=\"yoast-schema-graph\">{\"@context\":\"https:\/\/schema.org\",\"@graph\":[{\"@type\":\"WebPage\",\"@id\":\"https:\/\/yubabikes.eu\/es\/kombi-e5-bicicleta-de-carga-electrica-asequible-yuba-bikes\/\",\"url\":\"https:\/\/yubabikes.eu\/es\/kombi-e5-bicicleta-de-carga-electrica-asequible-yuba-bikes\/\",\"name\":\"Kombi E5 \u2013 Bicicleta de carga el\u00e9ctrica asequible | yuba bikes\",\"isPartOf\":{\"@id\":\"https:\/\/yubabikes.eu\/es\/#website\"},\"datePublished\":\"2025-09-17T10:33:59+00:00\",\"dateModified\":\"2025-10-27T08:43:03+00:00\",\"description\":\"Descubre la Yuba Kombi E5: una bicicleta de carga el\u00e9ctrica compacta, fiable y econ\u00f3mica. Lleva a tus hijos y transporta hasta 200 kg, \u00a1desde solo 2599 \u20ac!\",\"breadcrumb\":{\"@id\":\"https:\/\/yubabikes.eu\/es\/kombi-e5-bicicleta-de-carga-electrica-asequible-yuba-bikes\/#breadcrumb\"},\"inLanguage\":\"es\",\"potentialAction\":[{\"@type\":\"ReadAction\",\"target\":[\"https:\/\/yubabikes.eu\/es\/kombi-e5-bicicleta-de-carga-electrica-asequible-yuba-bikes\/\"]}]},{\"@type\":\"BreadcrumbList\",\"@id\":\"https:\/\/yubabikes.eu\/es\/kombi-e5-bicicleta-de-carga-electrica-asequible-yuba-bikes\/#breadcrumb\",\"itemListElement\":[{\"@type\":\"ListItem\",\"position\":1,\"name\":\"Home\",\"item\":\"https:\/\/yubabikes.eu\/es\/\"},{\"@type\":\"ListItem\",\"position\":2,\"name\":\"Kombi E5 \u2013 Bicicleta de carga el\u00e9ctrica asequible | yuba bikes\"}]},{\"@type\":\"WebSite\",\"@id\":\"https:\/\/yubabikes.eu\/es\/#website\",\"url\":\"https:\/\/yubabikes.eu\/es\/\",\"name\":\"Yuba Cargo Bikes\",\"description\":\"Yuba - Cargo Bicycles For Families and Businesses\",\"alternateName\":\"Yuba Bikes\",\"potentialAction\":[{\"@type\":\"SearchAction\",\"target\":{\"@type\":\"EntryPoint\",\"urlTemplate\":\"https:\/\/yubabikes.eu\/es\/?s={search_term_string}\"},\"query-input\":{\"@type\":\"PropertyValueSpecification\",\"valueRequired\":true,\"valueName\":\"search_term_string\"}}],\"inLanguage\":\"es\"}]}<\/script>\n<!-- \/ Yoast SEO plugin. -->","yoast_head_json":{"title":"Kombi E5 \u2013 Bicicleta de carga el\u00e9ctrica asequible | yuba bikes","description":"Descubre la Yuba Kombi E5: una bicicleta de carga el\u00e9ctrica compacta, fiable y econ\u00f3mica. Lleva a tus hijos y transporta hasta 200 kg, \u00a1desde solo 2599 \u20ac!","robots":{"index":"index","follow":"follow","max-snippet":"max-snippet:-1","max-image-preview":"max-image-preview:large","max-video-preview":"max-video-preview:-1"},"canonical":"https:\/\/yubabikes.eu\/es\/kombi-e5-bicicleta-de-carga-electrica-asequible-yuba-bikes\/","og_locale":"es_ES","og_type":"article","og_title":"Kombi E5 \u2013 Bicicleta de carga el\u00e9ctrica asequible | yuba bikes","og_description":"Descubre la Yuba Kombi E5: una bicicleta de carga el\u00e9ctrica compacta, fiable y econ\u00f3mica. Lleva a tus hijos y transporta hasta 200 kg, \u00a1desde solo 2599 \u20ac!","og_url":"https:\/\/yubabikes.eu\/es\/kombi-e5-bicicleta-de-carga-electrica-asequible-yuba-bikes\/","og_site_name":"Yubabikes","article_modified_time":"2025-10-27T08:43:03+00:00","og_image":[{"width":1200,"height":675,"url":"https:\/\/yubabikes.eu\/wp-content\/uploads\/2025\/01\/social-graph-1200-x-675px-1.png","type":"image\/png"}],"twitter_card":"summary_large_image","schema":{"@context":"https:\/\/schema.org","@graph":[{"@type":"WebPage","@id":"https:\/\/yubabikes.eu\/es\/kombi-e5-bicicleta-de-carga-electrica-asequible-yuba-bikes\/","url":"https:\/\/yubabikes.eu\/es\/kombi-e5-bicicleta-de-carga-electrica-asequible-yuba-bikes\/","name":"Kombi E5 \u2013 Bicicleta de carga el\u00e9ctrica asequible | yuba bikes","isPartOf":{"@id":"https:\/\/yubabikes.eu\/es\/#website"},"datePublished":"2025-09-17T10:33:59+00:00","dateModified":"2025-10-27T08:43:03+00:00","description":"Descubre la Yuba Kombi E5: una bicicleta de carga el\u00e9ctrica compacta, fiable y econ\u00f3mica. Lleva a tus hijos y transporta hasta 200 kg, \u00a1desde solo 2599 \u20ac!","breadcrumb":{"@id":"https:\/\/yubabikes.eu\/es\/kombi-e5-bicicleta-de-carga-electrica-asequible-yuba-bikes\/#breadcrumb"},"inLanguage":"es","potentialAction":[{"@type":"ReadAction","target":["https:\/\/yubabikes.eu\/es\/kombi-e5-bicicleta-de-carga-electrica-asequible-yuba-bikes\/"]}]},{"@type":"BreadcrumbList","@id":"https:\/\/yubabikes.eu\/es\/kombi-e5-bicicleta-de-carga-electrica-asequible-yuba-bikes\/#breadcrumb","itemListElement":[{"@type":"ListItem","position":1,"name":"Home","item":"https:\/\/yubabikes.eu\/es\/"},{"@type":"ListItem","position":2,"name":"Kombi E5 \u2013 Bicicleta de carga el\u00e9ctrica asequible | yuba bikes"}]},{"@type":"WebSite","@id":"https:\/\/yubabikes.eu\/es\/#website","url":"https:\/\/yubabikes.eu\/es\/","name":"Yuba Cargo Bikes","description":"Yuba - Cargo Bicycles For Families and Businesses","alternateName":"Yuba Bikes","potentialAction":[{"@type":"SearchAction","target":{"@type":"EntryPoint","urlTemplate":"https:\/\/yubabikes.eu\/es\/?s={search_term_string}"},"query-input":{"@type":"PropertyValueSpecification","valueRequired":true,"valueName":"search_term_string"}}],"inLanguage":"es"}]}},"_links":{"self":[{"href":"https:\/\/yubabikes.eu\/es\/wp-json\/wp\/v2\/pages\/119124","targetHints":{"allow":["GET"]}}],"collection":[{"href":"https:\/\/yubabikes.eu\/es\/wp-json\/wp\/v2\/pages"}],"about":[{"href":"https:\/\/yubabikes.eu\/es\/wp-json\/wp\/v2\/types\/page"}],"author":[{"embeddable":true,"href":"https:\/\/yubabikes.eu\/es\/wp-json\/wp\/v2\/users\/3"}],"replies":[{"embeddable":true,"href":"https:\/\/yubabikes.eu\/es\/wp-json\/wp\/v2\/comments?post=119124"}],"version-history":[{"count":3,"href":"https:\/\/yubabikes.eu\/es\/wp-json\/wp\/v2\/pages\/119124\/revisions"}],"predecessor-version":[{"id":120864,"href":"https:\/\/yubabikes.eu\/es\/wp-json\/wp\/v2\/pages\/119124\/revisions\/120864"}],"wp:attachment":[{"href":"https:\/\/yubabikes.eu\/es\/wp-json\/wp\/v2\/media?parent=119124"}],"curies":[{"name":"wp","href":"https:\/\/api.w.org\/{rel}","templated":true}]}}