{"id":119106,"date":"2024-07-29T19:19:54","date_gmt":"2024-07-29T19:19:54","guid":{"rendered":"https:\/\/yubabikes.eu\/politica-de-privacidad\/"},"modified":"2025-10-07T21:41:46","modified_gmt":"2025-10-07T21:41:46","slug":"politica-de-privacidad","status":"publish","type":"page","link":"https:\/\/yubabikes.eu\/es\/politica-de-privacidad\/","title":{"rendered":"Pol\u00edtica de privacidad"},"content":{"rendered":"&#13;\n<h2 class=\"wp-block-heading\">Qui\u00e9nes somos<\/h2>&#13;\n&#13;\n<p><strong class=\"privacy-policy-tutorial\">Texto sugerido: <\/strong>La direcci\u00f3n de nuestro sitio web es: http:\/\/yubabikes.eu.<\/p>&#13;\n&#13;\n<h2 class=\"wp-block-heading\">Comentarios<\/h2>&#13;\n&#13;\n<p><strong class=\"privacy-policy-tutorial\">Texto sugerido: <\/strong>Cuando los visitantes dejan comentarios en el sitio, recopilamos los datos que se muestran en el formulario de comentarios, as\u00ed como la direcci\u00f3n IP del visitante y la cadena del agente de usuario del navegador para ayudar a la detecci\u00f3n de spam.<\/p>&#13;\n&#13;\n<p>Se puede proporcionar una cadena an\u00f3nima creada a partir de tu direcci\u00f3n de correo electr\u00f3nico (tambi\u00e9n llamada hash) al servicio Gravatar para ver si lo est\u00e1s utilizando. La pol\u00edtica de privacidad del servicio Gravatar est\u00e1 disponible aqu\u00ed: https:\/\/automattic.com\/privacy\/. Tras la aprobaci\u00f3n de tu comentario, tu foto de perfil ser\u00e1 visible al p\u00fablico en el contexto de tu comentario. <\/p>&#13;\n&#13;\n<h2 class=\"wp-block-heading\">Medios<\/h2>&#13;\n&#13;\n<p><strong class=\"privacy-policy-tutorial\">Texto sugerido: <\/strong>Si subes im\u00e1genes al sitio web, debes evitar subir im\u00e1genes con datos de ubicaci\u00f3n incrustados (EXIF GPS) incluidos. Los visitantes del sitio web pueden descargar y extraer cualquier dato de ubicaci\u00f3n de las im\u00e1genes del sitio web. <\/p>&#13;\n&#13;\n<h2 class=\"wp-block-heading\">Cookies<\/h2>&#13;\n&#13;\n<p><strong class=\"privacy-policy-tutorial\">Texto sugerido: <\/strong>Si dejas un comentario en nuestro sitio, puedes optar por guardar tu nombre, direcci\u00f3n de correo electr\u00f3nico y sitio web en cookies. Esto es para tu comodidad, para que no tengas que volver a rellenar tus datos cuando dejes otro comentario. Estas cookies durar\u00e1n un a\u00f1o.  <\/p>&#13;\n&#13;\n<p>Si visitas nuestra p\u00e1gina de inicio de sesi\u00f3n, estableceremos una cookie temporal para determinar si tu navegador acepta cookies. Esta cookie no contiene datos personales y se descarta al cerrar el navegador. <\/p>&#13;\n&#13;\n<p>Cuando inicies sesi\u00f3n, tambi\u00e9n configuraremos varias cookies para guardar tu informaci\u00f3n de inicio de sesi\u00f3n y tus elecciones de visualizaci\u00f3n de pantalla. Las cookies de inicio de sesi\u00f3n duran dos d\u00edas y las cookies de opciones de pantalla duran un a\u00f1o. Si seleccionas &#8220;Recordarme&#8221;, tu inicio de sesi\u00f3n persistir\u00e1 durante dos semanas. Si cierras la sesi\u00f3n de tu cuenta, se eliminar\u00e1n las cookies de inicio de sesi\u00f3n.   <\/p>&#13;\n&#13;\n<p>Si editas o publicas un art\u00edculo, se guardar\u00e1 una cookie adicional en tu navegador. Esta cookie no incluye datos personales y simplemente indica el ID de la entrada del art\u00edculo que acabas de editar. Caduca al cabo de 1 d\u00eda.  <\/p>&#13;\n&#13;\n<h2 class=\"wp-block-heading\">Contenido incrustado de otros sitios web<\/h2>&#13;\n&#13;\n<p><strong class=\"privacy-policy-tutorial\">Texto sugerido: <\/strong>Los art\u00edculos de este sitio pueden incluir contenido incrustado (por ejemplo, v\u00eddeos, im\u00e1genes, art\u00edculos, etc.). El contenido incrustado de otros sitios web se comporta exactamente de la misma manera que si el visitante hubiera visitado el otro sitio web. <\/p>&#13;\n&#13;\n<p>Estos sitios web pueden recopilar datos sobre ti, utilizar cookies, incrustar un seguimiento adicional de terceros y supervisar tu interacci\u00f3n con ese contenido incrustado, incluido el seguimiento de tu interacci\u00f3n con el contenido incrustado si tienes una cuenta y has iniciado sesi\u00f3n en ese sitio web.<\/p>&#13;\n&#13;\n<h2 class=\"wp-block-heading\">Con qui\u00e9n compartimos tus datos<\/h2>&#13;\n&#13;\n<p><strong class=\"privacy-policy-tutorial\">Texto sugerido: <\/strong>Si solicitas un restablecimiento de contrase\u00f1a, tu direcci\u00f3n IP se incluir\u00e1 en el correo electr\u00f3nico de restablecimiento.<\/p>&#13;\n&#13;\n<h2 class=\"wp-block-heading\">Cu\u00e1nto tiempo conservamos tus datos<\/h2>&#13;\n&#13;\n<p><strong class=\"privacy-policy-tutorial\">Texto sugerido: <\/strong>Si dejas un comentario, el comentario y sus metadatos se conservan indefinidamente. Esto es para que podamos reconocer y aprobar cualquier comentario de seguimiento autom\u00e1ticamente en lugar de mantenerlos en una cola de moderaci\u00f3n. <\/p>&#13;\n&#13;\n<p>Para los usuarios que se registran en nuestro sitio web (si los hay), tambi\u00e9n almacenamos la informaci\u00f3n personal que proporcionan en su perfil de usuario. Todos los usuarios pueden ver, editar o eliminar su informaci\u00f3n personal en cualquier momento (excepto que no pueden cambiar su nombre de usuario). Los administradores del sitio web tambi\u00e9n pueden ver y editar esa informaci\u00f3n.  <\/p>&#13;\n&#13;\n<h2 class=\"wp-block-heading\">Qu\u00e9 derechos tienes sobre tus datos<\/h2>&#13;\n&#13;\n<p><strong class=\"privacy-policy-tutorial\">Texto sugerido: <\/strong>Si tienes una cuenta en este sitio, o has dejado comentarios, puedes solicitar recibir un archivo exportado de los datos personales que tenemos sobre ti, incluidos los datos que nos hayas proporcionado. Tambi\u00e9n puedes solicitar que borremos cualquier dato personal que tengamos sobre ti. Esto no incluye ning\u00fan dato que estemos obligados a conservar con fines administrativos, legales o de seguridad.  <\/p>&#13;\n&#13;\n<h2 class=\"wp-block-heading\">D\u00f3nde se env\u00edan tus datos<\/h2>&#13;\n&#13;\n<p><strong class=\"privacy-policy-tutorial\">Texto sugerido: <\/strong>Los comentarios de los visitantes pueden ser revisados a trav\u00e9s de un servicio automatizado de detecci\u00f3n de spam.<\/p>&#13;\n<p>&nbsp;<\/p>\n","protected":false},"excerpt":{"rendered":"<p>&#13; Qui\u00e9nes somos &#13; &#13; Texto sugerido: La direcci\u00f3n de nuestro sitio web es: http:\/\/yubabikes.eu. &#13; &#13; Comentarios &#13; &#13; Texto sugerido: Cuando los visitantes dejan comentarios en el sitio, recopilamos los datos que se muestran en el formulario de comentarios, as\u00ed como la direcci\u00f3n IP del visitante y la cadena del agente de usuario [&hellip;]<\/p>\n","protected":false},"author":1,"featured_media":0,"parent":0,"menu_order":0,"comment_status":"closed","ping_status":"closed","template":"","meta":{"_acf_changed":false,"om_disable_all_campaigns":false,"inline_featured_image":false,"footnotes":""},"class_list":["post-119106","page","type-page","status-publish","hentry"],"acf":[],"yoast_head":"<!-- This site is optimized with the Yoast SEO plugin v26.6 - https:\/\/yoast.com\/wordpress\/plugins\/seo\/ -->\n<title>Pol\u00edtica de privacidad - Yuba Cargo Bikes<\/title>\n<meta name=\"description\" content=\"Entienda c\u00f3mo Yuba Cargo Bikes gestiona sus datos personales con transparencia y cuidado. Consulte nuestra pol\u00edtica de privacidad para obtener m\u00e1s detalles.\" \/>\n<meta name=\"robots\" content=\"index, follow, max-snippet:-1, max-image-preview:large, max-video-preview:-1\" \/>\n<link rel=\"canonical\" href=\"https:\/\/yubabikes.eu\/es\/politica-de-privacidad\/\" \/>\n<meta property=\"og:locale\" content=\"es_ES\" \/>\n<meta property=\"og:type\" content=\"article\" \/>\n<meta property=\"og:title\" content=\"Pol\u00edtica de privacidad - Yuba Cargo Bikes\" \/>\n<meta property=\"og:description\" content=\"Entienda c\u00f3mo Yuba Cargo Bikes gestiona sus datos personales con transparencia y cuidado. Consulte nuestra pol\u00edtica de privacidad para obtener m\u00e1s detalles.\" \/>\n<meta property=\"og:url\" content=\"https:\/\/yubabikes.eu\/es\/politica-de-privacidad\/\" \/>\n<meta property=\"og:site_name\" content=\"Yubabikes\" \/>\n<meta property=\"article:modified_time\" content=\"2025-10-07T21:41:46+00:00\" \/>\n<meta property=\"og:image\" content=\"https:\/\/yubabikes.eu\/wp-content\/uploads\/2025\/01\/social-graph-1200-x-675px-1.png\" \/>\n\t<meta property=\"og:image:width\" content=\"1200\" \/>\n\t<meta property=\"og:image:height\" content=\"675\" \/>\n\t<meta property=\"og:image:type\" content=\"image\/png\" \/>\n<meta name=\"twitter:card\" content=\"summary_large_image\" \/>\n<meta name=\"twitter:label1\" content=\"Tiempo de lectura\" \/>\n\t<meta name=\"twitter:data1\" content=\"4 minuto\" \/>\n<script type=\"application\/ld+json\" class=\"yoast-schema-graph\">{\"@context\":\"https:\/\/schema.org\",\"@graph\":[{\"@type\":\"WebPage\",\"@id\":\"https:\/\/yubabikes.eu\/es\/politica-de-privacidad\/\",\"url\":\"https:\/\/yubabikes.eu\/es\/politica-de-privacidad\/\",\"name\":\"Pol\u00edtica de privacidad - Yuba Cargo Bikes\",\"isPartOf\":{\"@id\":\"https:\/\/yubabikes.eu\/es\/#website\"},\"datePublished\":\"2024-07-29T19:19:54+00:00\",\"dateModified\":\"2025-10-07T21:41:46+00:00\",\"description\":\"Entienda c\u00f3mo Yuba Cargo Bikes gestiona sus datos personales con transparencia y cuidado. Consulte nuestra pol\u00edtica de privacidad para obtener m\u00e1s detalles.\",\"breadcrumb\":{\"@id\":\"https:\/\/yubabikes.eu\/es\/politica-de-privacidad\/#breadcrumb\"},\"inLanguage\":\"es\",\"potentialAction\":[{\"@type\":\"ReadAction\",\"target\":[\"https:\/\/yubabikes.eu\/es\/politica-de-privacidad\/\"]}]},{\"@type\":\"BreadcrumbList\",\"@id\":\"https:\/\/yubabikes.eu\/es\/politica-de-privacidad\/#breadcrumb\",\"itemListElement\":[{\"@type\":\"ListItem\",\"position\":1,\"name\":\"Home\",\"item\":\"https:\/\/yubabikes.eu\/es\/\"},{\"@type\":\"ListItem\",\"position\":2,\"name\":\"Pol\u00edtica de privacidad\"}]},{\"@type\":\"WebSite\",\"@id\":\"https:\/\/yubabikes.eu\/es\/#website\",\"url\":\"https:\/\/yubabikes.eu\/es\/\",\"name\":\"Yuba Cargo Bikes\",\"description\":\"Yuba - Cargo Bicycles For Families and Businesses\",\"alternateName\":\"Yuba Bikes\",\"potentialAction\":[{\"@type\":\"SearchAction\",\"target\":{\"@type\":\"EntryPoint\",\"urlTemplate\":\"https:\/\/yubabikes.eu\/es\/?s={search_term_string}\"},\"query-input\":{\"@type\":\"PropertyValueSpecification\",\"valueRequired\":true,\"valueName\":\"search_term_string\"}}],\"inLanguage\":\"es\"}]}<\/script>\n<!-- \/ Yoast SEO plugin. -->","yoast_head_json":{"title":"Pol\u00edtica de privacidad - Yuba Cargo Bikes","description":"Entienda c\u00f3mo Yuba Cargo Bikes gestiona sus datos personales con transparencia y cuidado. Consulte nuestra pol\u00edtica de privacidad para obtener m\u00e1s detalles.","robots":{"index":"index","follow":"follow","max-snippet":"max-snippet:-1","max-image-preview":"max-image-preview:large","max-video-preview":"max-video-preview:-1"},"canonical":"https:\/\/yubabikes.eu\/es\/politica-de-privacidad\/","og_locale":"es_ES","og_type":"article","og_title":"Pol\u00edtica de privacidad - Yuba Cargo Bikes","og_description":"Entienda c\u00f3mo Yuba Cargo Bikes gestiona sus datos personales con transparencia y cuidado. Consulte nuestra pol\u00edtica de privacidad para obtener m\u00e1s detalles.","og_url":"https:\/\/yubabikes.eu\/es\/politica-de-privacidad\/","og_site_name":"Yubabikes","article_modified_time":"2025-10-07T21:41:46+00:00","og_image":[{"width":1200,"height":675,"url":"https:\/\/yubabikes.eu\/wp-content\/uploads\/2025\/01\/social-graph-1200-x-675px-1.png","type":"image\/png"}],"twitter_card":"summary_large_image","twitter_misc":{"Tiempo de lectura":"4 minuto"},"schema":{"@context":"https:\/\/schema.org","@graph":[{"@type":"WebPage","@id":"https:\/\/yubabikes.eu\/es\/politica-de-privacidad\/","url":"https:\/\/yubabikes.eu\/es\/politica-de-privacidad\/","name":"Pol\u00edtica de privacidad - Yuba Cargo Bikes","isPartOf":{"@id":"https:\/\/yubabikes.eu\/es\/#website"},"datePublished":"2024-07-29T19:19:54+00:00","dateModified":"2025-10-07T21:41:46+00:00","description":"Entienda c\u00f3mo Yuba Cargo Bikes gestiona sus datos personales con transparencia y cuidado. Consulte nuestra pol\u00edtica de privacidad para obtener m\u00e1s detalles.","breadcrumb":{"@id":"https:\/\/yubabikes.eu\/es\/politica-de-privacidad\/#breadcrumb"},"inLanguage":"es","potentialAction":[{"@type":"ReadAction","target":["https:\/\/yubabikes.eu\/es\/politica-de-privacidad\/"]}]},{"@type":"BreadcrumbList","@id":"https:\/\/yubabikes.eu\/es\/politica-de-privacidad\/#breadcrumb","itemListElement":[{"@type":"ListItem","position":1,"name":"Home","item":"https:\/\/yubabikes.eu\/es\/"},{"@type":"ListItem","position":2,"name":"Pol\u00edtica de privacidad"}]},{"@type":"WebSite","@id":"https:\/\/yubabikes.eu\/es\/#website","url":"https:\/\/yubabikes.eu\/es\/","name":"Yuba Cargo Bikes","description":"Yuba - Cargo Bicycles For Families and Businesses","alternateName":"Yuba Bikes","potentialAction":[{"@type":"SearchAction","target":{"@type":"EntryPoint","urlTemplate":"https:\/\/yubabikes.eu\/es\/?s={search_term_string}"},"query-input":{"@type":"PropertyValueSpecification","valueRequired":true,"valueName":"search_term_string"}}],"inLanguage":"es"}]}},"_links":{"self":[{"href":"https:\/\/yubabikes.eu\/es\/wp-json\/wp\/v2\/pages\/119106","targetHints":{"allow":["GET"]}}],"collection":[{"href":"https:\/\/yubabikes.eu\/es\/wp-json\/wp\/v2\/pages"}],"about":[{"href":"https:\/\/yubabikes.eu\/es\/wp-json\/wp\/v2\/types\/page"}],"author":[{"embeddable":true,"href":"https:\/\/yubabikes.eu\/es\/wp-json\/wp\/v2\/users\/1"}],"replies":[{"embeddable":true,"href":"https:\/\/yubabikes.eu\/es\/wp-json\/wp\/v2\/comments?post=119106"}],"version-history":[{"count":1,"href":"https:\/\/yubabikes.eu\/es\/wp-json\/wp\/v2\/pages\/119106\/revisions"}],"predecessor-version":[{"id":119108,"href":"https:\/\/yubabikes.eu\/es\/wp-json\/wp\/v2\/pages\/119106\/revisions\/119108"}],"wp:attachment":[{"href":"https:\/\/yubabikes.eu\/es\/wp-json\/wp\/v2\/media?parent=119106"}],"curies":[{"name":"wp","href":"https:\/\/api.w.org\/{rel}","templated":true}]}}