{"id":119059,"date":"2024-08-29T20:33:44","date_gmt":"2024-08-29T20:33:44","guid":{"rendered":"https:\/\/yubabikes.eu\/politica-de-devoluciones-y-reembolsos\/"},"modified":"2025-10-07T21:41:11","modified_gmt":"2025-10-07T21:41:11","slug":"politica-de-devoluciones-y-reembolsos","status":"publish","type":"page","link":"https:\/\/yubabikes.eu\/es\/politica-de-devoluciones-y-reembolsos\/","title":{"rendered":"Pol\u00edtica de devoluciones y reembolsos"},"content":{"rendered":"&#13;\n<p><b>Esta es una p\u00e1gina de ejemplo.<\/b><\/p>&#13;\n&#13;\n<h2 class=\"wp-block-heading\">Descripci\u00f3n general<\/h2>&#13;\n&#13;\n<p>Nuestra pol\u00edtica de devoluciones y reembolsos tiene una duraci\u00f3n de 30 d\u00edas. Si han transcurrido 30 d\u00edas desde tu compra, no podemos ofrecerte un reembolso completo o un cambio. <\/p>&#13;\n&#13;\n<p>Para poder realizar una devoluci\u00f3n, el art\u00edculo debe estar sin usar y en las mismas condiciones en que lo recibiste. Tambi\u00e9n debe estar en el embalaje original. <\/p>&#13;\n&#13;\n<p>Hay varios tipos de productos que est\u00e1n exentos de devoluci\u00f3n. Los productos perecederos como alimentos, flores, peri\u00f3dicos o revistas no se pueden devolver. Tampoco aceptamos productos que sean art\u00edculos \u00edntimos o sanitarios, materiales peligrosos o l\u00edquidos o gases inflamables.  <\/p>&#13;\n&#13;\n<p>Art\u00edculos adicionales no retornables:<\/p>&#13;\n&#13;\n<ul class=\"wp-block-list\">&#13;\n<li>Tarjetas de regalo<\/li>&#13;\n<li>Productos de software descargables<\/li>&#13;\n<li>Algunos art\u00edculos de salud y cuidado personal<\/li>&#13;\n<\/ul>&#13;\n&#13;\n<p>Para completar tu devoluci\u00f3n, necesitamos un recibo o prueba de compra.<\/p>&#13;\n&#13;\n<p>Por favor, no env\u00edes tu compra de vuelta al fabricante.<\/p>&#13;\n&#13;\n<p>Hay ciertas situaciones en las que solo se conceden reembolsos parciales:<\/p>&#13;\n&#13;\n<ul class=\"wp-block-list\">&#13;\n<li>Libro con signos evidentes de uso<\/li>&#13;\n<li>CD, DVD, cinta VHS, software, videojuego, cinta de casete o disco de vinilo que haya sido abierto.<\/li>&#13;\n<li>Cualquier art\u00edculo que no est\u00e9 en su estado original, est\u00e9 da\u00f1ado o le falten piezas por razones no imputables a nuestro error.<\/li>&#13;\n<li>Cualquier art\u00edculo que se devuelva m\u00e1s de 30 d\u00edas despu\u00e9s de la entrega<\/li>&#13;\n<\/ul>&#13;\n&#13;\n<h2>Reembolsos<\/h2>&#13;\n&#13;\n<p>Una vez que recibamos e inspeccionemos tu devoluci\u00f3n, te enviaremos un correo electr\u00f3nico para notificarte que hemos recibido el art\u00edculo devuelto. Tambi\u00e9n te notificaremos la aprobaci\u00f3n o el rechazo de tu reembolso. <\/p>&#13;\n&#13;\n<p>Si se aprueba, se procesar\u00e1 tu reembolso y se aplicar\u00e1 autom\u00e1ticamente un cr\u00e9dito a tu tarjeta de cr\u00e9dito o m\u00e9todo de pago original, en un plazo de d\u00edas determinado.<\/p>&#13;\n&#13;\n<h3 class=\"wp-block-heading\">Reembolsos tard\u00edos o faltantes<\/h3>&#13;\n&#13;\n<p>Si a\u00fan no has recibido el reembolso, primero vuelve a comprobar tu cuenta bancaria.<\/p>&#13;\n&#13;\n<p>Luego, ponte en contacto con la compa\u00f1\u00eda de tu tarjeta de cr\u00e9dito, ya que puede tardar alg\u00fan tiempo antes de que el reembolso se publique oficialmente.<\/p>&#13;\n&#13;\n<p>A continuaci\u00f3n, ponte en contacto con tu banco. A menudo, hay un tiempo de procesamiento antes de que se publique un reembolso. <\/p>&#13;\n&#13;\n<p>Si has hecho todo esto y a\u00fan no has recibido el reembolso, ponte en contacto con nosotros en {email address}.<\/p>&#13;\n&#13;\n<h3 class=\"wp-block-heading\">Art\u00edculos en oferta<\/h3>&#13;\n&#13;\n<p>Solo se pueden reembolsar los art\u00edculos con precio normal. Los art\u00edculos en oferta no se pueden reembolsar. <\/p>&#13;\n&#13;\n<h2>Cambios<\/h2>&#13;\n&#13;\n<p>Solo reemplazamos los art\u00edculos si est\u00e1n defectuosos o da\u00f1ados. Si necesitas cambiarlo por el mismo art\u00edculo, env\u00edanos un correo electr\u00f3nico a {email address} y env\u00eda tu art\u00edculo a: {physical address}. <\/p>&#13;\n&#13;\n<h2>Regalos<\/h2>&#13;\n&#13;\n<p>Si el art\u00edculo estaba marcado como regalo cuando se compr\u00f3 y se te envi\u00f3 directamente, recibir\u00e1s un cr\u00e9dito de regalo por el valor de tu devoluci\u00f3n. Una vez que se reciba el art\u00edculo devuelto, se te enviar\u00e1 por correo un certificado de regalo. <\/p>&#13;\n&#13;\n<p>Si el art\u00edculo no estaba marcado como regalo cuando se compr\u00f3, o el que hizo el regalo hizo que el pedido se enviara a s\u00ed mismo para d\u00e1rtelo m\u00e1s tarde, enviaremos un reembolso al que hizo el regalo y se enterar\u00e1 de tu devoluci\u00f3n.<\/p>&#13;\n&#13;\n<h2>Env\u00edo de devoluciones<\/h2>&#13;\n&#13;\n<p>Para devolver tu producto, debes enviarlo por correo a: {physical address}.<\/p>&#13;\n&#13;\n<p>Ser\u00e1s responsable de pagar tus propios gastos de env\u00edo para devolver tu art\u00edculo. Los gastos de env\u00edo no son reembolsables. Si recibes un reembolso, el coste del env\u00edo de la devoluci\u00f3n se deducir\u00e1 de tu reembolso.  <\/p>&#13;\n&#13;\n<p>Dependiendo de d\u00f3nde vivas, el tiempo que tarde en llegarte el producto cambiado puede variar.<\/p>&#13;\n&#13;\n<p>Si vas a devolver art\u00edculos m\u00e1s caros, puedes considerar la posibilidad de utilizar un servicio de env\u00edo con seguimiento o de contratar un seguro de env\u00edo. No garantizamos que recibamos el art\u00edculo que has devuelto. <\/p>&#13;\n&#13;\n<h2>\u00bfNecesitas ayuda?<\/h2>&#13;\n&#13;\n<p>Ponte en contacto con nosotros en {email} si tienes preguntas relacionadas con los reembolsos y las devoluciones.<\/p>&#13;\n","protected":false},"excerpt":{"rendered":"<p>&#13; Esta es una p\u00e1gina de ejemplo. &#13; &#13; Descripci\u00f3n general &#13; &#13; Nuestra pol\u00edtica de devoluciones y reembolsos tiene una duraci\u00f3n de 30 d\u00edas. Si han transcurrido 30 d\u00edas desde tu compra, no podemos ofrecerte un reembolso completo o un cambio. &#13; &#13; Para poder realizar una devoluci\u00f3n, el art\u00edculo debe estar sin usar [&hellip;]<\/p>\n","protected":false},"author":1,"featured_media":0,"parent":0,"menu_order":0,"comment_status":"closed","ping_status":"closed","template":"","meta":{"_acf_changed":false,"om_disable_all_campaigns":false,"inline_featured_image":false,"footnotes":""},"class_list":["post-119059","page","type-page","status-publish","hentry"],"acf":[],"yoast_head":"<!-- This site is optimized with the Yoast SEO plugin v26.6 - https:\/\/yoast.com\/wordpress\/plugins\/seo\/ -->\n<title>Pol\u00edtica de devoluciones y reembolsos - Yuba Cargo Bikes<\/title>\n<meta name=\"description\" content=\"Inf\u00f3rmate sobre la pol\u00edtica de devoluciones y reembolsos de Yuba. Entiende los pasos para devolver un producto o solicitar un reembolso de forma r\u00e1pida y sencilla.\" \/>\n<meta name=\"robots\" content=\"index, follow, max-snippet:-1, max-image-preview:large, max-video-preview:-1\" \/>\n<link rel=\"canonical\" href=\"https:\/\/yubabikes.eu\/es\/politica-de-devoluciones-y-reembolsos\/\" \/>\n<meta property=\"og:locale\" content=\"es_ES\" \/>\n<meta property=\"og:type\" content=\"article\" \/>\n<meta property=\"og:title\" content=\"Pol\u00edtica de devoluciones y reembolsos - Yuba Cargo Bikes\" \/>\n<meta property=\"og:description\" content=\"Inf\u00f3rmate sobre la pol\u00edtica de devoluciones y reembolsos de Yuba. Entiende los pasos para devolver un producto o solicitar un reembolso de forma r\u00e1pida y sencilla.\" \/>\n<meta property=\"og:url\" content=\"https:\/\/yubabikes.eu\/es\/politica-de-devoluciones-y-reembolsos\/\" \/>\n<meta property=\"og:site_name\" content=\"Yubabikes\" \/>\n<meta property=\"article:modified_time\" content=\"2025-10-07T21:41:11+00:00\" \/>\n<meta property=\"og:image\" content=\"https:\/\/yubabikes.eu\/wp-content\/uploads\/2025\/01\/social-graph-1200-x-675px-1.png\" \/>\n\t<meta property=\"og:image:width\" content=\"1200\" \/>\n\t<meta property=\"og:image:height\" content=\"675\" \/>\n\t<meta property=\"og:image:type\" content=\"image\/png\" \/>\n<meta name=\"twitter:card\" content=\"summary_large_image\" \/>\n<meta name=\"twitter:label1\" content=\"Tiempo de lectura\" \/>\n\t<meta name=\"twitter:data1\" content=\"3 minuto\" \/>\n<script type=\"application\/ld+json\" class=\"yoast-schema-graph\">{\"@context\":\"https:\/\/schema.org\",\"@graph\":[{\"@type\":\"WebPage\",\"@id\":\"https:\/\/yubabikes.eu\/es\/politica-de-devoluciones-y-reembolsos\/\",\"url\":\"https:\/\/yubabikes.eu\/es\/politica-de-devoluciones-y-reembolsos\/\",\"name\":\"Pol\u00edtica de devoluciones y reembolsos - Yuba Cargo Bikes\",\"isPartOf\":{\"@id\":\"https:\/\/yubabikes.eu\/es\/#website\"},\"datePublished\":\"2024-08-29T20:33:44+00:00\",\"dateModified\":\"2025-10-07T21:41:11+00:00\",\"description\":\"Inf\u00f3rmate sobre la pol\u00edtica de devoluciones y reembolsos de Yuba. Entiende los pasos para devolver un producto o solicitar un reembolso de forma r\u00e1pida y sencilla.\",\"breadcrumb\":{\"@id\":\"https:\/\/yubabikes.eu\/es\/politica-de-devoluciones-y-reembolsos\/#breadcrumb\"},\"inLanguage\":\"es\",\"potentialAction\":[{\"@type\":\"ReadAction\",\"target\":[\"https:\/\/yubabikes.eu\/es\/politica-de-devoluciones-y-reembolsos\/\"]}]},{\"@type\":\"BreadcrumbList\",\"@id\":\"https:\/\/yubabikes.eu\/es\/politica-de-devoluciones-y-reembolsos\/#breadcrumb\",\"itemListElement\":[{\"@type\":\"ListItem\",\"position\":1,\"name\":\"Home\",\"item\":\"https:\/\/yubabikes.eu\/es\/\"},{\"@type\":\"ListItem\",\"position\":2,\"name\":\"Pol\u00edtica de devoluciones y reembolsos\"}]},{\"@type\":\"WebSite\",\"@id\":\"https:\/\/yubabikes.eu\/es\/#website\",\"url\":\"https:\/\/yubabikes.eu\/es\/\",\"name\":\"Yuba Cargo Bikes\",\"description\":\"Yuba - Cargo Bicycles For Families and Businesses\",\"alternateName\":\"Yuba Bikes\",\"potentialAction\":[{\"@type\":\"SearchAction\",\"target\":{\"@type\":\"EntryPoint\",\"urlTemplate\":\"https:\/\/yubabikes.eu\/es\/?s={search_term_string}\"},\"query-input\":{\"@type\":\"PropertyValueSpecification\",\"valueRequired\":true,\"valueName\":\"search_term_string\"}}],\"inLanguage\":\"es\"}]}<\/script>\n<!-- \/ Yoast SEO plugin. -->","yoast_head_json":{"title":"Pol\u00edtica de devoluciones y reembolsos - Yuba Cargo Bikes","description":"Inf\u00f3rmate sobre la pol\u00edtica de devoluciones y reembolsos de Yuba. Entiende los pasos para devolver un producto o solicitar un reembolso de forma r\u00e1pida y sencilla.","robots":{"index":"index","follow":"follow","max-snippet":"max-snippet:-1","max-image-preview":"max-image-preview:large","max-video-preview":"max-video-preview:-1"},"canonical":"https:\/\/yubabikes.eu\/es\/politica-de-devoluciones-y-reembolsos\/","og_locale":"es_ES","og_type":"article","og_title":"Pol\u00edtica de devoluciones y reembolsos - Yuba Cargo Bikes","og_description":"Inf\u00f3rmate sobre la pol\u00edtica de devoluciones y reembolsos de Yuba. Entiende los pasos para devolver un producto o solicitar un reembolso de forma r\u00e1pida y sencilla.","og_url":"https:\/\/yubabikes.eu\/es\/politica-de-devoluciones-y-reembolsos\/","og_site_name":"Yubabikes","article_modified_time":"2025-10-07T21:41:11+00:00","og_image":[{"width":1200,"height":675,"url":"https:\/\/yubabikes.eu\/wp-content\/uploads\/2025\/01\/social-graph-1200-x-675px-1.png","type":"image\/png"}],"twitter_card":"summary_large_image","twitter_misc":{"Tiempo de lectura":"3 minuto"},"schema":{"@context":"https:\/\/schema.org","@graph":[{"@type":"WebPage","@id":"https:\/\/yubabikes.eu\/es\/politica-de-devoluciones-y-reembolsos\/","url":"https:\/\/yubabikes.eu\/es\/politica-de-devoluciones-y-reembolsos\/","name":"Pol\u00edtica de devoluciones y reembolsos - Yuba Cargo Bikes","isPartOf":{"@id":"https:\/\/yubabikes.eu\/es\/#website"},"datePublished":"2024-08-29T20:33:44+00:00","dateModified":"2025-10-07T21:41:11+00:00","description":"Inf\u00f3rmate sobre la pol\u00edtica de devoluciones y reembolsos de Yuba. Entiende los pasos para devolver un producto o solicitar un reembolso de forma r\u00e1pida y sencilla.","breadcrumb":{"@id":"https:\/\/yubabikes.eu\/es\/politica-de-devoluciones-y-reembolsos\/#breadcrumb"},"inLanguage":"es","potentialAction":[{"@type":"ReadAction","target":["https:\/\/yubabikes.eu\/es\/politica-de-devoluciones-y-reembolsos\/"]}]},{"@type":"BreadcrumbList","@id":"https:\/\/yubabikes.eu\/es\/politica-de-devoluciones-y-reembolsos\/#breadcrumb","itemListElement":[{"@type":"ListItem","position":1,"name":"Home","item":"https:\/\/yubabikes.eu\/es\/"},{"@type":"ListItem","position":2,"name":"Pol\u00edtica de devoluciones y reembolsos"}]},{"@type":"WebSite","@id":"https:\/\/yubabikes.eu\/es\/#website","url":"https:\/\/yubabikes.eu\/es\/","name":"Yuba Cargo Bikes","description":"Yuba - Cargo Bicycles For Families and Businesses","alternateName":"Yuba Bikes","potentialAction":[{"@type":"SearchAction","target":{"@type":"EntryPoint","urlTemplate":"https:\/\/yubabikes.eu\/es\/?s={search_term_string}"},"query-input":{"@type":"PropertyValueSpecification","valueRequired":true,"valueName":"search_term_string"}}],"inLanguage":"es"}]}},"_links":{"self":[{"href":"https:\/\/yubabikes.eu\/es\/wp-json\/wp\/v2\/pages\/119059","targetHints":{"allow":["GET"]}}],"collection":[{"href":"https:\/\/yubabikes.eu\/es\/wp-json\/wp\/v2\/pages"}],"about":[{"href":"https:\/\/yubabikes.eu\/es\/wp-json\/wp\/v2\/types\/page"}],"author":[{"embeddable":true,"href":"https:\/\/yubabikes.eu\/es\/wp-json\/wp\/v2\/users\/1"}],"replies":[{"embeddable":true,"href":"https:\/\/yubabikes.eu\/es\/wp-json\/wp\/v2\/comments?post=119059"}],"version-history":[{"count":1,"href":"https:\/\/yubabikes.eu\/es\/wp-json\/wp\/v2\/pages\/119059\/revisions"}],"predecessor-version":[{"id":119060,"href":"https:\/\/yubabikes.eu\/es\/wp-json\/wp\/v2\/pages\/119059\/revisions\/119060"}],"wp:attachment":[{"href":"https:\/\/yubabikes.eu\/es\/wp-json\/wp\/v2\/media?parent=119059"}],"curies":[{"name":"wp","href":"https:\/\/api.w.org\/{rel}","templated":true}]}}