{"id":118962,"date":"2024-11-25T11:59:15","date_gmt":"2024-11-25T11:59:15","guid":{"rendered":"https:\/\/yubabikes.eu\/pruebas-y-eventos\/"},"modified":"2026-03-04T11:49:49","modified_gmt":"2026-03-04T11:49:49","slug":"pruebas-y-eventos","status":"publish","type":"page","link":"https:\/\/yubabikes.eu\/es\/pruebas-y-eventos\/","title":{"rendered":"Pruebas y eventos"},"content":{"rendered":"","protected":false},"excerpt":{"rendered":"","protected":false},"author":3,"featured_media":0,"parent":0,"menu_order":0,"comment_status":"closed","ping_status":"closed","template":"","meta":{"_acf_changed":false,"om_disable_all_campaigns":false,"inline_featured_image":false,"footnotes":""},"class_list":["post-118962","page","type-page","status-publish","hentry"],"acf":[],"yoast_head":"<!-- This site is optimized with the Yoast SEO plugin v26.6 - https:\/\/yoast.com\/wordpress\/plugins\/seo\/ -->\n<title>Pruebas y eventos - bicicletas de carga Yuba<\/title>\n<meta name=\"description\" content=\"Descubre d\u00f3nde puedes probar las bicicletas de carga Yuba, explora nuestra gama y conoce al equipo. Mantente al d\u00eda de nuestros \u00faltimos eventos cerca de ti.\" \/>\n<meta name=\"robots\" content=\"index, follow, max-snippet:-1, max-image-preview:large, max-video-preview:-1\" \/>\n<link rel=\"canonical\" href=\"https:\/\/yubabikes.eu\/es\/pruebas-y-eventos\/\" \/>\n<meta property=\"og:locale\" content=\"es_ES\" \/>\n<meta property=\"og:type\" content=\"article\" \/>\n<meta property=\"og:title\" content=\"Pruebas y eventos - bicicletas de carga Yuba\" \/>\n<meta property=\"og:description\" content=\"Descubre d\u00f3nde puedes probar las bicicletas de carga Yuba, explora nuestra gama y conoce al equipo. Mantente al d\u00eda de nuestros \u00faltimos eventos cerca de ti.\" \/>\n<meta property=\"og:url\" content=\"https:\/\/yubabikes.eu\/es\/pruebas-y-eventos\/\" \/>\n<meta property=\"og:site_name\" content=\"Yubabikes\" \/>\n<meta property=\"article:modified_time\" content=\"2026-03-04T11:49:49+00:00\" \/>\n<meta property=\"og:image\" content=\"https:\/\/yubabikes.eu\/wp-content\/uploads\/2025\/01\/social-graph-1200-x-675px-1.png\" \/>\n\t<meta property=\"og:image:width\" content=\"1200\" \/>\n\t<meta property=\"og:image:height\" content=\"675\" \/>\n\t<meta property=\"og:image:type\" content=\"image\/png\" \/>\n<meta name=\"twitter:card\" content=\"summary_large_image\" \/>\n<script type=\"application\/ld+json\" class=\"yoast-schema-graph\">{\"@context\":\"https:\/\/schema.org\",\"@graph\":[{\"@type\":\"WebPage\",\"@id\":\"https:\/\/yubabikes.eu\/es\/pruebas-y-eventos\/\",\"url\":\"https:\/\/yubabikes.eu\/es\/pruebas-y-eventos\/\",\"name\":\"Pruebas y eventos - bicicletas de carga Yuba\",\"isPartOf\":{\"@id\":\"https:\/\/yubabikes.eu\/es\/#website\"},\"datePublished\":\"2024-11-25T11:59:15+00:00\",\"dateModified\":\"2026-03-04T11:49:49+00:00\",\"description\":\"Descubre d\u00f3nde puedes probar las bicicletas de carga Yuba, explora nuestra gama y conoce al equipo. Mantente al d\u00eda de nuestros \u00faltimos eventos cerca de ti.\",\"breadcrumb\":{\"@id\":\"https:\/\/yubabikes.eu\/es\/pruebas-y-eventos\/#breadcrumb\"},\"inLanguage\":\"es\",\"potentialAction\":[{\"@type\":\"ReadAction\",\"target\":[\"https:\/\/yubabikes.eu\/es\/pruebas-y-eventos\/\"]}]},{\"@type\":\"BreadcrumbList\",\"@id\":\"https:\/\/yubabikes.eu\/es\/pruebas-y-eventos\/#breadcrumb\",\"itemListElement\":[{\"@type\":\"ListItem\",\"position\":1,\"name\":\"Home\",\"item\":\"https:\/\/yubabikes.eu\/es\/\"},{\"@type\":\"ListItem\",\"position\":2,\"name\":\"Pruebas y eventos\"}]},{\"@type\":\"WebSite\",\"@id\":\"https:\/\/yubabikes.eu\/es\/#website\",\"url\":\"https:\/\/yubabikes.eu\/es\/\",\"name\":\"Yuba Cargo Bikes\",\"description\":\"Yuba - Cargo Bicycles For Families and Businesses\",\"alternateName\":\"Yuba Bikes\",\"potentialAction\":[{\"@type\":\"SearchAction\",\"target\":{\"@type\":\"EntryPoint\",\"urlTemplate\":\"https:\/\/yubabikes.eu\/es\/?s={search_term_string}\"},\"query-input\":{\"@type\":\"PropertyValueSpecification\",\"valueRequired\":true,\"valueName\":\"search_term_string\"}}],\"inLanguage\":\"es\"}]}<\/script>\n<!-- \/ Yoast SEO plugin. -->","yoast_head_json":{"title":"Pruebas y eventos - bicicletas de carga Yuba","description":"Descubre d\u00f3nde puedes probar las bicicletas de carga Yuba, explora nuestra gama y conoce al equipo. Mantente al d\u00eda de nuestros \u00faltimos eventos cerca de ti.","robots":{"index":"index","follow":"follow","max-snippet":"max-snippet:-1","max-image-preview":"max-image-preview:large","max-video-preview":"max-video-preview:-1"},"canonical":"https:\/\/yubabikes.eu\/es\/pruebas-y-eventos\/","og_locale":"es_ES","og_type":"article","og_title":"Pruebas y eventos - bicicletas de carga Yuba","og_description":"Descubre d\u00f3nde puedes probar las bicicletas de carga Yuba, explora nuestra gama y conoce al equipo. Mantente al d\u00eda de nuestros \u00faltimos eventos cerca de ti.","og_url":"https:\/\/yubabikes.eu\/es\/pruebas-y-eventos\/","og_site_name":"Yubabikes","article_modified_time":"2026-03-04T11:49:49+00:00","og_image":[{"width":1200,"height":675,"url":"https:\/\/yubabikes.eu\/wp-content\/uploads\/2025\/01\/social-graph-1200-x-675px-1.png","type":"image\/png"}],"twitter_card":"summary_large_image","schema":{"@context":"https:\/\/schema.org","@graph":[{"@type":"WebPage","@id":"https:\/\/yubabikes.eu\/es\/pruebas-y-eventos\/","url":"https:\/\/yubabikes.eu\/es\/pruebas-y-eventos\/","name":"Pruebas y eventos - bicicletas de carga Yuba","isPartOf":{"@id":"https:\/\/yubabikes.eu\/es\/#website"},"datePublished":"2024-11-25T11:59:15+00:00","dateModified":"2026-03-04T11:49:49+00:00","description":"Descubre d\u00f3nde puedes probar las bicicletas de carga Yuba, explora nuestra gama y conoce al equipo. Mantente al d\u00eda de nuestros \u00faltimos eventos cerca de ti.","breadcrumb":{"@id":"https:\/\/yubabikes.eu\/es\/pruebas-y-eventos\/#breadcrumb"},"inLanguage":"es","potentialAction":[{"@type":"ReadAction","target":["https:\/\/yubabikes.eu\/es\/pruebas-y-eventos\/"]}]},{"@type":"BreadcrumbList","@id":"https:\/\/yubabikes.eu\/es\/pruebas-y-eventos\/#breadcrumb","itemListElement":[{"@type":"ListItem","position":1,"name":"Home","item":"https:\/\/yubabikes.eu\/es\/"},{"@type":"ListItem","position":2,"name":"Pruebas y eventos"}]},{"@type":"WebSite","@id":"https:\/\/yubabikes.eu\/es\/#website","url":"https:\/\/yubabikes.eu\/es\/","name":"Yuba Cargo Bikes","description":"Yuba - Cargo Bicycles For Families and Businesses","alternateName":"Yuba Bikes","potentialAction":[{"@type":"SearchAction","target":{"@type":"EntryPoint","urlTemplate":"https:\/\/yubabikes.eu\/es\/?s={search_term_string}"},"query-input":{"@type":"PropertyValueSpecification","valueRequired":true,"valueName":"search_term_string"}}],"inLanguage":"es"}]}},"_links":{"self":[{"href":"https:\/\/yubabikes.eu\/es\/wp-json\/wp\/v2\/pages\/118962","targetHints":{"allow":["GET"]}}],"collection":[{"href":"https:\/\/yubabikes.eu\/es\/wp-json\/wp\/v2\/pages"}],"about":[{"href":"https:\/\/yubabikes.eu\/es\/wp-json\/wp\/v2\/types\/page"}],"author":[{"embeddable":true,"href":"https:\/\/yubabikes.eu\/es\/wp-json\/wp\/v2\/users\/3"}],"replies":[{"embeddable":true,"href":"https:\/\/yubabikes.eu\/es\/wp-json\/wp\/v2\/comments?post=118962"}],"version-history":[{"count":1,"href":"https:\/\/yubabikes.eu\/es\/wp-json\/wp\/v2\/pages\/118962\/revisions"}],"predecessor-version":[{"id":125997,"href":"https:\/\/yubabikes.eu\/es\/wp-json\/wp\/v2\/pages\/118962\/revisions\/125997"}],"wp:attachment":[{"href":"https:\/\/yubabikes.eu\/es\/wp-json\/wp\/v2\/media?parent=118962"}],"curies":[{"name":"wp","href":"https:\/\/api.w.org\/{rel}","templated":true}]}}