{"id":7460,"date":"2024-10-14T14:33:09","date_gmt":"2024-10-14T14:33:09","guid":{"rendered":"https:\/\/yubabikes.eu\/product\/mundo-ep801\/"},"modified":"2026-03-23T20:41:32","modified_gmt":"2026-03-23T20:41:32","slug":"mundo-ep801","status":"publish","type":"product","link":"https:\/\/yubabikes.eu\/de\/produkt\/mundo-ep801\/","title":{"rendered":"Mundo EP801"},"content":{"rendered":"<p>Gebaut f\u00fcr gro\u00dfe Familien und schwere Lasten<\/p>\n","protected":false},"excerpt":{"rendered":"<p>Dein Lastenrad-Minivan, zu jedem Abenteuer bereit<\/p>\n","protected":false},"featured_media":7461,"template":"","meta":{"_acf_changed":false,"om_disable_all_campaigns":false,"inline_featured_image":false},"product_brand":[],"product_cat":[271,272],"product_tag":[],"class_list":{"0":"post-7460","1":"product","2":"type-product","3":"status-publish","4":"has-post-thumbnail","6":"product_cat-bikes-de","7":"product_cat-longtail-de","8":"product_shipping_class-shipping-class-clearance","10":"first","11":"instock","12":"taxable","13":"shipping-taxable","14":"purchasable","15":"product-type-variable","16":"has-default-attributes"},"acf":[],"yoast_head":"<!-- This site is optimized with the Yoast SEO plugin v26.6 - https:\/\/yoast.com\/wordpress\/plugins\/seo\/ -->\n<title>Mundo EP8 10S - Yuba Cargo Bikes<\/title>\n<meta name=\"description\" content=\"Der Yuba Mundo EP8 mit Shimano-Motor und 250 kg Tragkraft kombiniert Stabilit\u00e4t und Leistung, perfekt f\u00fcr Familien oder schwere Fracht \u00fcber lange Strecken.\" \/>\n<meta name=\"robots\" content=\"index, follow, max-snippet:-1, max-image-preview:large, max-video-preview:-1\" \/>\n<link rel=\"canonical\" href=\"https:\/\/yubabikes.eu\/de\/produkt\/mundo-ep801\/\" \/>\n<meta property=\"og:locale\" content=\"de_DE\" \/>\n<meta property=\"og:type\" content=\"article\" \/>\n<meta property=\"og:title\" content=\"Mundo EP8 10S - Yuba Cargo Bikes\" \/>\n<meta property=\"og:description\" content=\"Der Yuba Mundo EP8 mit Shimano-Motor und 250 kg Tragkraft kombiniert Stabilit\u00e4t und Leistung, perfekt f\u00fcr Familien oder schwere Fracht \u00fcber lange Strecken.\" \/>\n<meta property=\"og:url\" content=\"https:\/\/yubabikes.eu\/de\/produkt\/mundo-ep801\/\" \/>\n<meta property=\"og:site_name\" content=\"Yubabikes\" \/>\n<meta property=\"article:modified_time\" content=\"2026-03-23T20:41:32+00:00\" \/>\n<meta property=\"og:image\" content=\"https:\/\/yubabikes.eu\/wp-content\/uploads\/2024\/10\/Mundo-EP8-Sand-No-BG.png\" \/>\n\t<meta property=\"og:image:width\" content=\"960\" \/>\n\t<meta property=\"og:image:height\" content=\"960\" \/>\n\t<meta property=\"og:image:type\" content=\"image\/png\" \/>\n<meta name=\"twitter:card\" content=\"summary_large_image\" \/>\n<meta name=\"twitter:label1\" content=\"Gesch\u00e4tzte Lesezeit\" \/>\n\t<meta name=\"twitter:data1\" content=\"1\u00a0Minute\" \/>\n<script type=\"application\/ld+json\" class=\"yoast-schema-graph\">{\"@context\":\"https:\/\/schema.org\",\"@graph\":[{\"@type\":\"WebPage\",\"@id\":\"https:\/\/yubabikes.eu\/de\/produkt\/mundo-ep801\/\",\"url\":\"https:\/\/yubabikes.eu\/de\/produkt\/mundo-ep801\/\",\"name\":\"Mundo EP8 10S - Yuba Cargo Bikes\",\"isPartOf\":{\"@id\":\"https:\/\/yubabikes.eu\/de\/#website\"},\"primaryImageOfPage\":{\"@id\":\"https:\/\/yubabikes.eu\/de\/produkt\/mundo-ep801\/#primaryimage\"},\"image\":{\"@id\":\"https:\/\/yubabikes.eu\/de\/produkt\/mundo-ep801\/#primaryimage\"},\"thumbnailUrl\":\"https:\/\/yubabikes.eu\/wp-content\/uploads\/2024\/10\/Mundo-EP8-Sand-No-BG.png\",\"datePublished\":\"2024-10-14T14:33:09+00:00\",\"dateModified\":\"2026-03-23T20:41:32+00:00\",\"description\":\"Der Yuba Mundo EP8 mit Shimano-Motor und 250 kg Tragkraft kombiniert Stabilit\u00e4t und Leistung, perfekt f\u00fcr Familien oder schwere Fracht \u00fcber lange Strecken.\",\"breadcrumb\":{\"@id\":\"https:\/\/yubabikes.eu\/de\/produkt\/mundo-ep801\/#breadcrumb\"},\"inLanguage\":\"de\",\"potentialAction\":[{\"@type\":\"ReadAction\",\"target\":[\"https:\/\/yubabikes.eu\/de\/produkt\/mundo-ep801\/\"]}]},{\"@type\":\"ImageObject\",\"inLanguage\":\"de\",\"@id\":\"https:\/\/yubabikes.eu\/de\/produkt\/mundo-ep801\/#primaryimage\",\"url\":\"https:\/\/yubabikes.eu\/wp-content\/uploads\/2024\/10\/Mundo-EP8-Sand-No-BG.png\",\"contentUrl\":\"https:\/\/yubabikes.eu\/wp-content\/uploads\/2024\/10\/Mundo-EP8-Sand-No-BG.png\",\"width\":960,\"height\":960},{\"@type\":\"BreadcrumbList\",\"@id\":\"https:\/\/yubabikes.eu\/de\/produkt\/mundo-ep801\/#breadcrumb\",\"itemListElement\":[{\"@type\":\"ListItem\",\"position\":1,\"name\":\"Home\",\"item\":\"https:\/\/yubabikes.eu\/de\/\"},{\"@type\":\"ListItem\",\"position\":2,\"name\":\"Shop\",\"item\":\"https:\/\/yubabikes.eu\/de\/shop\/\"},{\"@type\":\"ListItem\",\"position\":3,\"name\":\"Mundo EP801\"}]},{\"@type\":\"WebSite\",\"@id\":\"https:\/\/yubabikes.eu\/de\/#website\",\"url\":\"https:\/\/yubabikes.eu\/de\/\",\"name\":\"Yuba Cargo Bikes\",\"description\":\"Yuba - Lastenr\u00e4der f\u00fcr Familien und Unternehmen\",\"alternateName\":\"Yuba Bikes\",\"potentialAction\":[{\"@type\":\"SearchAction\",\"target\":{\"@type\":\"EntryPoint\",\"urlTemplate\":\"https:\/\/yubabikes.eu\/de\/?s={search_term_string}\"},\"query-input\":{\"@type\":\"PropertyValueSpecification\",\"valueRequired\":true,\"valueName\":\"search_term_string\"}}],\"inLanguage\":\"de\"}]}<\/script>\n<!-- \/ Yoast SEO plugin. -->","yoast_head_json":{"title":"Mundo EP8 10S - Yuba Cargo Bikes","description":"Der Yuba Mundo EP8 mit Shimano-Motor und 250 kg Tragkraft kombiniert Stabilit\u00e4t und Leistung, perfekt f\u00fcr Familien oder schwere Fracht \u00fcber lange Strecken.","robots":{"index":"index","follow":"follow","max-snippet":"max-snippet:-1","max-image-preview":"max-image-preview:large","max-video-preview":"max-video-preview:-1"},"canonical":"https:\/\/yubabikes.eu\/de\/produkt\/mundo-ep801\/","og_locale":"de_DE","og_type":"article","og_title":"Mundo EP8 10S - Yuba Cargo Bikes","og_description":"Der Yuba Mundo EP8 mit Shimano-Motor und 250 kg Tragkraft kombiniert Stabilit\u00e4t und Leistung, perfekt f\u00fcr Familien oder schwere Fracht \u00fcber lange Strecken.","og_url":"https:\/\/yubabikes.eu\/de\/produkt\/mundo-ep801\/","og_site_name":"Yubabikes","article_modified_time":"2026-03-23T20:41:32+00:00","og_image":[{"width":960,"height":960,"url":"https:\/\/yubabikes.eu\/wp-content\/uploads\/2024\/10\/Mundo-EP8-Sand-No-BG.png","type":"image\/png"}],"twitter_card":"summary_large_image","twitter_misc":{"Gesch\u00e4tzte Lesezeit":"1\u00a0Minute"},"schema":{"@context":"https:\/\/schema.org","@graph":[{"@type":"WebPage","@id":"https:\/\/yubabikes.eu\/de\/produkt\/mundo-ep801\/","url":"https:\/\/yubabikes.eu\/de\/produkt\/mundo-ep801\/","name":"Mundo EP8 10S - Yuba Cargo Bikes","isPartOf":{"@id":"https:\/\/yubabikes.eu\/de\/#website"},"primaryImageOfPage":{"@id":"https:\/\/yubabikes.eu\/de\/produkt\/mundo-ep801\/#primaryimage"},"image":{"@id":"https:\/\/yubabikes.eu\/de\/produkt\/mundo-ep801\/#primaryimage"},"thumbnailUrl":"https:\/\/yubabikes.eu\/wp-content\/uploads\/2024\/10\/Mundo-EP8-Sand-No-BG.png","datePublished":"2024-10-14T14:33:09+00:00","dateModified":"2026-03-23T20:41:32+00:00","description":"Der Yuba Mundo EP8 mit Shimano-Motor und 250 kg Tragkraft kombiniert Stabilit\u00e4t und Leistung, perfekt f\u00fcr Familien oder schwere Fracht \u00fcber lange Strecken.","breadcrumb":{"@id":"https:\/\/yubabikes.eu\/de\/produkt\/mundo-ep801\/#breadcrumb"},"inLanguage":"de","potentialAction":[{"@type":"ReadAction","target":["https:\/\/yubabikes.eu\/de\/produkt\/mundo-ep801\/"]}]},{"@type":"ImageObject","inLanguage":"de","@id":"https:\/\/yubabikes.eu\/de\/produkt\/mundo-ep801\/#primaryimage","url":"https:\/\/yubabikes.eu\/wp-content\/uploads\/2024\/10\/Mundo-EP8-Sand-No-BG.png","contentUrl":"https:\/\/yubabikes.eu\/wp-content\/uploads\/2024\/10\/Mundo-EP8-Sand-No-BG.png","width":960,"height":960},{"@type":"BreadcrumbList","@id":"https:\/\/yubabikes.eu\/de\/produkt\/mundo-ep801\/#breadcrumb","itemListElement":[{"@type":"ListItem","position":1,"name":"Home","item":"https:\/\/yubabikes.eu\/de\/"},{"@type":"ListItem","position":2,"name":"Shop","item":"https:\/\/yubabikes.eu\/de\/shop\/"},{"@type":"ListItem","position":3,"name":"Mundo EP801"}]},{"@type":"WebSite","@id":"https:\/\/yubabikes.eu\/de\/#website","url":"https:\/\/yubabikes.eu\/de\/","name":"Yuba Cargo Bikes","description":"Yuba - Lastenr\u00e4der f\u00fcr Familien und Unternehmen","alternateName":"Yuba Bikes","potentialAction":[{"@type":"SearchAction","target":{"@type":"EntryPoint","urlTemplate":"https:\/\/yubabikes.eu\/de\/?s={search_term_string}"},"query-input":{"@type":"PropertyValueSpecification","valueRequired":true,"valueName":"search_term_string"}}],"inLanguage":"de"}]}},"_links":{"self":[{"href":"https:\/\/yubabikes.eu\/de\/wp-json\/wp\/v2\/product\/7460","targetHints":{"allow":["GET"]}}],"collection":[{"href":"https:\/\/yubabikes.eu\/de\/wp-json\/wp\/v2\/product"}],"about":[{"href":"https:\/\/yubabikes.eu\/de\/wp-json\/wp\/v2\/types\/product"}],"wp:featuredmedia":[{"embeddable":true,"href":"https:\/\/yubabikes.eu\/de\/wp-json\/wp\/v2\/media\/7461"}],"wp:attachment":[{"href":"https:\/\/yubabikes.eu\/de\/wp-json\/wp\/v2\/media?parent=7460"}],"wp:term":[{"taxonomy":"product_brand","embeddable":true,"href":"https:\/\/yubabikes.eu\/de\/wp-json\/wp\/v2\/product_brand?post=7460"},{"taxonomy":"product_cat","embeddable":true,"href":"https:\/\/yubabikes.eu\/de\/wp-json\/wp\/v2\/product_cat?post=7460"},{"taxonomy":"product_tag","embeddable":true,"href":"https:\/\/yubabikes.eu\/de\/wp-json\/wp\/v2\/product_tag?post=7460"}],"curies":[{"name":"wp","href":"https:\/\/api.w.org\/{rel}","templated":true}]}}