{"id":7256,"date":"2024-10-10T14:24:00","date_gmt":"2024-10-10T14:24:00","guid":{"rendered":"https:\/\/yubabikes.eu\/product\/d-r-s-bag\/"},"modified":"2025-03-05T15:16:54","modified_gmt":"2025-03-05T15:16:54","slug":"drs-bag","status":"publish","type":"product","link":"https:\/\/yubabikes.eu\/de\/produkt\/drs-bag\/","title":{"rendered":"DRS Bag"},"content":{"rendered":"","protected":false},"excerpt":{"rendered":"<p>Mehr als eine Cargotasche!<\/p>\n","protected":false},"featured_media":7257,"template":"","meta":{"_acf_changed":false,"om_disable_all_campaigns":false,"inline_featured_image":false},"product_brand":[],"product_cat":[246,247,248],"product_tag":[],"class_list":{"0":"post-7256","1":"product","2":"type-product","3":"status-publish","4":"has-post-thumbnail","6":"product_cat-add-ons-de","7":"product_cat-add-ons-lastenraeder-de","8":"product_cat-fastrack-de","10":"first","11":"instock","12":"taxable","13":"shipping-taxable","14":"purchasable","15":"product-type-simple"},"acf":[],"yoast_head":"<!-- This site is optimized with the Yoast SEO plugin v26.6 - https:\/\/yoast.com\/wordpress\/plugins\/seo\/ -->\n<title>D.R.S Bag - Add-Ons f\u00fcr Yuba Lastenr\u00e4der<\/title>\n<meta name=\"description\" content=\"Der DRS Bag wurde nach dem selben Konzept wie die Spicy Curry 2-Go-Tasche entwickelt, um den FastRack-Gep\u00e4cktr\u00e4ger zu \u00fcberspannen. Er wird direkt eingeschraubt und bietet Stabilit\u00e4t und Sicherheit bei jedem Wetter.\" \/>\n<meta name=\"robots\" content=\"index, follow, max-snippet:-1, max-image-preview:large, max-video-preview:-1\" \/>\n<link rel=\"canonical\" href=\"https:\/\/yubabikes.eu\/de\/produkt\/drs-bag\/\" \/>\n<meta property=\"og:locale\" content=\"de_DE\" \/>\n<meta property=\"og:type\" content=\"article\" \/>\n<meta property=\"og:title\" content=\"D.R.S Bag - Add-Ons f\u00fcr Yuba Lastenr\u00e4der\" \/>\n<meta property=\"og:description\" content=\"Der DRS Bag wurde nach dem selben Konzept wie die Spicy Curry 2-Go-Tasche entwickelt, um den FastRack-Gep\u00e4cktr\u00e4ger zu \u00fcberspannen. Er wird direkt eingeschraubt und bietet Stabilit\u00e4t und Sicherheit bei jedem Wetter.\" \/>\n<meta property=\"og:url\" content=\"https:\/\/yubabikes.eu\/de\/produkt\/drs-bag\/\" \/>\n<meta property=\"og:site_name\" content=\"Yubabikes\" \/>\n<meta property=\"article:modified_time\" content=\"2025-03-05T15:16:54+00:00\" \/>\n<meta property=\"og:image\" content=\"https:\/\/yubabikes.eu\/wp-content\/uploads\/2024\/10\/D.R.S-Bag_YubaBikes_AddOns_Studio_Without_Background.png\" \/>\n\t<meta property=\"og:image:width\" content=\"1080\" \/>\n\t<meta property=\"og:image:height\" content=\"1080\" \/>\n\t<meta property=\"og:image:type\" content=\"image\/png\" \/>\n<meta name=\"twitter:card\" content=\"summary_large_image\" \/>\n<meta name=\"twitter:label1\" content=\"Gesch\u00e4tzte Lesezeit\" \/>\n\t<meta name=\"twitter:data1\" content=\"1\u00a0Minute\" \/>\n<script type=\"application\/ld+json\" class=\"yoast-schema-graph\">{\"@context\":\"https:\/\/schema.org\",\"@graph\":[{\"@type\":\"WebPage\",\"@id\":\"https:\/\/yubabikes.eu\/de\/produkt\/drs-bag\/\",\"url\":\"https:\/\/yubabikes.eu\/de\/produkt\/drs-bag\/\",\"name\":\"D.R.S Bag - Add-Ons f\u00fcr Yuba Lastenr\u00e4der\",\"isPartOf\":{\"@id\":\"https:\/\/yubabikes.eu\/de\/#website\"},\"primaryImageOfPage\":{\"@id\":\"https:\/\/yubabikes.eu\/de\/produkt\/drs-bag\/#primaryimage\"},\"image\":{\"@id\":\"https:\/\/yubabikes.eu\/de\/produkt\/drs-bag\/#primaryimage\"},\"thumbnailUrl\":\"https:\/\/yubabikes.eu\/wp-content\/uploads\/2024\/10\/D.R.S-Bag_YubaBikes_AddOns_Studio_Without_Background.png\",\"datePublished\":\"2024-10-10T14:24:00+00:00\",\"dateModified\":\"2025-03-05T15:16:54+00:00\",\"description\":\"Der DRS Bag wurde nach dem selben Konzept wie die Spicy Curry 2-Go-Tasche entwickelt, um den FastRack-Gep\u00e4cktr\u00e4ger zu \u00fcberspannen. Er wird direkt eingeschraubt und bietet Stabilit\u00e4t und Sicherheit bei jedem Wetter.\",\"breadcrumb\":{\"@id\":\"https:\/\/yubabikes.eu\/de\/produkt\/drs-bag\/#breadcrumb\"},\"inLanguage\":\"de\",\"potentialAction\":[{\"@type\":\"ReadAction\",\"target\":[\"https:\/\/yubabikes.eu\/de\/produkt\/drs-bag\/\"]}]},{\"@type\":\"ImageObject\",\"inLanguage\":\"de\",\"@id\":\"https:\/\/yubabikes.eu\/de\/produkt\/drs-bag\/#primaryimage\",\"url\":\"https:\/\/yubabikes.eu\/wp-content\/uploads\/2024\/10\/D.R.S-Bag_YubaBikes_AddOns_Studio_Without_Background.png\",\"contentUrl\":\"https:\/\/yubabikes.eu\/wp-content\/uploads\/2024\/10\/D.R.S-Bag_YubaBikes_AddOns_Studio_Without_Background.png\",\"width\":1080,\"height\":1080},{\"@type\":\"BreadcrumbList\",\"@id\":\"https:\/\/yubabikes.eu\/de\/produkt\/drs-bag\/#breadcrumb\",\"itemListElement\":[{\"@type\":\"ListItem\",\"position\":1,\"name\":\"Home\",\"item\":\"https:\/\/yubabikes.eu\/de\/\"},{\"@type\":\"ListItem\",\"position\":2,\"name\":\"Shop\",\"item\":\"https:\/\/yubabikes.eu\/de\/shop\/\"},{\"@type\":\"ListItem\",\"position\":3,\"name\":\"DRS Bag\"}]},{\"@type\":\"WebSite\",\"@id\":\"https:\/\/yubabikes.eu\/de\/#website\",\"url\":\"https:\/\/yubabikes.eu\/de\/\",\"name\":\"Yuba Cargo Bikes\",\"description\":\"Yuba - Lastenr\u00e4der f\u00fcr Familien und Unternehmen\",\"alternateName\":\"Yuba Bikes\",\"potentialAction\":[{\"@type\":\"SearchAction\",\"target\":{\"@type\":\"EntryPoint\",\"urlTemplate\":\"https:\/\/yubabikes.eu\/de\/?s={search_term_string}\"},\"query-input\":{\"@type\":\"PropertyValueSpecification\",\"valueRequired\":true,\"valueName\":\"search_term_string\"}}],\"inLanguage\":\"de\"}]}<\/script>\n<!-- \/ Yoast SEO plugin. -->","yoast_head_json":{"title":"D.R.S Bag - Add-Ons f\u00fcr Yuba Lastenr\u00e4der","description":"Der DRS Bag wurde nach dem selben Konzept wie die Spicy Curry 2-Go-Tasche entwickelt, um den FastRack-Gep\u00e4cktr\u00e4ger zu \u00fcberspannen. Er wird direkt eingeschraubt und bietet Stabilit\u00e4t und Sicherheit bei jedem Wetter.","robots":{"index":"index","follow":"follow","max-snippet":"max-snippet:-1","max-image-preview":"max-image-preview:large","max-video-preview":"max-video-preview:-1"},"canonical":"https:\/\/yubabikes.eu\/de\/produkt\/drs-bag\/","og_locale":"de_DE","og_type":"article","og_title":"D.R.S Bag - Add-Ons f\u00fcr Yuba Lastenr\u00e4der","og_description":"Der DRS Bag wurde nach dem selben Konzept wie die Spicy Curry 2-Go-Tasche entwickelt, um den FastRack-Gep\u00e4cktr\u00e4ger zu \u00fcberspannen. Er wird direkt eingeschraubt und bietet Stabilit\u00e4t und Sicherheit bei jedem Wetter.","og_url":"https:\/\/yubabikes.eu\/de\/produkt\/drs-bag\/","og_site_name":"Yubabikes","article_modified_time":"2025-03-05T15:16:54+00:00","og_image":[{"width":1080,"height":1080,"url":"https:\/\/yubabikes.eu\/wp-content\/uploads\/2024\/10\/D.R.S-Bag_YubaBikes_AddOns_Studio_Without_Background.png","type":"image\/png"}],"twitter_card":"summary_large_image","twitter_misc":{"Gesch\u00e4tzte Lesezeit":"1\u00a0Minute"},"schema":{"@context":"https:\/\/schema.org","@graph":[{"@type":"WebPage","@id":"https:\/\/yubabikes.eu\/de\/produkt\/drs-bag\/","url":"https:\/\/yubabikes.eu\/de\/produkt\/drs-bag\/","name":"D.R.S Bag - Add-Ons f\u00fcr Yuba Lastenr\u00e4der","isPartOf":{"@id":"https:\/\/yubabikes.eu\/de\/#website"},"primaryImageOfPage":{"@id":"https:\/\/yubabikes.eu\/de\/produkt\/drs-bag\/#primaryimage"},"image":{"@id":"https:\/\/yubabikes.eu\/de\/produkt\/drs-bag\/#primaryimage"},"thumbnailUrl":"https:\/\/yubabikes.eu\/wp-content\/uploads\/2024\/10\/D.R.S-Bag_YubaBikes_AddOns_Studio_Without_Background.png","datePublished":"2024-10-10T14:24:00+00:00","dateModified":"2025-03-05T15:16:54+00:00","description":"Der DRS Bag wurde nach dem selben Konzept wie die Spicy Curry 2-Go-Tasche entwickelt, um den FastRack-Gep\u00e4cktr\u00e4ger zu \u00fcberspannen. Er wird direkt eingeschraubt und bietet Stabilit\u00e4t und Sicherheit bei jedem Wetter.","breadcrumb":{"@id":"https:\/\/yubabikes.eu\/de\/produkt\/drs-bag\/#breadcrumb"},"inLanguage":"de","potentialAction":[{"@type":"ReadAction","target":["https:\/\/yubabikes.eu\/de\/produkt\/drs-bag\/"]}]},{"@type":"ImageObject","inLanguage":"de","@id":"https:\/\/yubabikes.eu\/de\/produkt\/drs-bag\/#primaryimage","url":"https:\/\/yubabikes.eu\/wp-content\/uploads\/2024\/10\/D.R.S-Bag_YubaBikes_AddOns_Studio_Without_Background.png","contentUrl":"https:\/\/yubabikes.eu\/wp-content\/uploads\/2024\/10\/D.R.S-Bag_YubaBikes_AddOns_Studio_Without_Background.png","width":1080,"height":1080},{"@type":"BreadcrumbList","@id":"https:\/\/yubabikes.eu\/de\/produkt\/drs-bag\/#breadcrumb","itemListElement":[{"@type":"ListItem","position":1,"name":"Home","item":"https:\/\/yubabikes.eu\/de\/"},{"@type":"ListItem","position":2,"name":"Shop","item":"https:\/\/yubabikes.eu\/de\/shop\/"},{"@type":"ListItem","position":3,"name":"DRS Bag"}]},{"@type":"WebSite","@id":"https:\/\/yubabikes.eu\/de\/#website","url":"https:\/\/yubabikes.eu\/de\/","name":"Yuba Cargo Bikes","description":"Yuba - Lastenr\u00e4der f\u00fcr Familien und Unternehmen","alternateName":"Yuba Bikes","potentialAction":[{"@type":"SearchAction","target":{"@type":"EntryPoint","urlTemplate":"https:\/\/yubabikes.eu\/de\/?s={search_term_string}"},"query-input":{"@type":"PropertyValueSpecification","valueRequired":true,"valueName":"search_term_string"}}],"inLanguage":"de"}]}},"_links":{"self":[{"href":"https:\/\/yubabikes.eu\/de\/wp-json\/wp\/v2\/product\/7256","targetHints":{"allow":["GET"]}}],"collection":[{"href":"https:\/\/yubabikes.eu\/de\/wp-json\/wp\/v2\/product"}],"about":[{"href":"https:\/\/yubabikes.eu\/de\/wp-json\/wp\/v2\/types\/product"}],"wp:featuredmedia":[{"embeddable":true,"href":"https:\/\/yubabikes.eu\/de\/wp-json\/wp\/v2\/media\/7257"}],"wp:attachment":[{"href":"https:\/\/yubabikes.eu\/de\/wp-json\/wp\/v2\/media?parent=7256"}],"wp:term":[{"taxonomy":"product_brand","embeddable":true,"href":"https:\/\/yubabikes.eu\/de\/wp-json\/wp\/v2\/product_brand?post=7256"},{"taxonomy":"product_cat","embeddable":true,"href":"https:\/\/yubabikes.eu\/de\/wp-json\/wp\/v2\/product_cat?post=7256"},{"taxonomy":"product_tag","embeddable":true,"href":"https:\/\/yubabikes.eu\/de\/wp-json\/wp\/v2\/product_tag?post=7256"}],"curies":[{"name":"wp","href":"https:\/\/api.w.org\/{rel}","templated":true}]}}