{"id":7241,"date":"2024-10-10T14:24:00","date_gmt":"2024-10-10T14:24:00","guid":{"rendered":"https:\/\/yubabikes.eu\/product\/grab-go\/"},"modified":"2025-03-27T10:07:50","modified_gmt":"2025-03-27T10:07:50","slug":"grab-go","status":"publish","type":"product","link":"https:\/\/yubabikes.eu\/de\/produkt\/grab-go\/","title":{"rendered":"Grab &#038; Go"},"content":{"rendered":"","protected":false},"excerpt":{"rendered":"<p>Die Tasche, die dir \u00fcberallhin folgt<\/p>\n","protected":false},"featured_media":115375,"template":"","meta":{"_acf_changed":false,"om_disable_all_campaigns":false,"inline_featured_image":false},"product_brand":[],"product_cat":[246,247,252,248,249,250,251,409],"product_tag":[],"class_list":{"0":"post-7241","1":"product","2":"type-product","3":"status-publish","4":"has-post-thumbnail","6":"product_cat-add-ons-de","7":"product_cat-add-ons-lastenraeder-de","8":"product_cat-boda-boda-de","9":"product_cat-fastrack-de","10":"product_cat-kombi-de","11":"product_cat-mundo-de","12":"product_cat-spicy-curry-de","13":"product_cat-mini-boda-boda-de","15":"first","16":"outofstock","17":"sale","18":"taxable","19":"shipping-taxable","20":"purchasable","21":"product-type-simple"},"acf":[],"yoast_head":"<!-- This site is optimized with the Yoast SEO plugin v26.6 - https:\/\/yoast.com\/wordpress\/plugins\/seo\/ -->\n<title>Grab &amp; Go - Add-Ons f\u00fcr Yuba Lastenr\u00e4der<\/title>\n<meta name=\"description\" content=\"Die Grab &amp; Go Bag ist eine wettergesch\u00fctzte, vielseitige Tasche, die du einfach von deinem Bread Basket oder Base Rack abnehmen und als Schultertasche verwenden kannst.\" \/>\n<meta name=\"robots\" content=\"index, follow, max-snippet:-1, max-image-preview:large, max-video-preview:-1\" \/>\n<link rel=\"canonical\" href=\"https:\/\/yubabikes.eu\/de\/produkt\/grab-go\/\" \/>\n<meta property=\"og:locale\" content=\"de_DE\" \/>\n<meta property=\"og:type\" content=\"article\" \/>\n<meta property=\"og:title\" content=\"Grab &amp; Go - Add-Ons f\u00fcr Yuba Lastenr\u00e4der\" \/>\n<meta property=\"og:description\" content=\"Die Grab &amp; Go Bag ist eine wettergesch\u00fctzte, vielseitige Tasche, die du einfach von deinem Bread Basket oder Base Rack abnehmen und als Schultertasche verwenden kannst.\" \/>\n<meta property=\"og:url\" content=\"https:\/\/yubabikes.eu\/de\/produkt\/grab-go\/\" \/>\n<meta property=\"og:site_name\" content=\"Yubabikes\" \/>\n<meta property=\"article:modified_time\" content=\"2025-03-27T10:07:50+00:00\" \/>\n<meta property=\"og:image\" content=\"https:\/\/yubabikes.eu\/wp-content\/uploads\/2024\/10\/Grab-Go_YubaBikes_AddOns_Studio_Without_Background.png\" \/>\n\t<meta property=\"og:image:width\" content=\"945\" \/>\n\t<meta property=\"og:image:height\" content=\"945\" \/>\n\t<meta property=\"og:image:type\" content=\"image\/png\" \/>\n<meta name=\"twitter:card\" content=\"summary_large_image\" \/>\n<meta name=\"twitter:label1\" content=\"Gesch\u00e4tzte Lesezeit\" \/>\n\t<meta name=\"twitter:data1\" content=\"1\u00a0Minute\" \/>\n<script type=\"application\/ld+json\" class=\"yoast-schema-graph\">{\"@context\":\"https:\/\/schema.org\",\"@graph\":[{\"@type\":\"WebPage\",\"@id\":\"https:\/\/yubabikes.eu\/de\/produkt\/grab-go\/\",\"url\":\"https:\/\/yubabikes.eu\/de\/produkt\/grab-go\/\",\"name\":\"Grab & Go - Add-Ons f\u00fcr Yuba Lastenr\u00e4der\",\"isPartOf\":{\"@id\":\"https:\/\/yubabikes.eu\/de\/#website\"},\"primaryImageOfPage\":{\"@id\":\"https:\/\/yubabikes.eu\/de\/produkt\/grab-go\/#primaryimage\"},\"image\":{\"@id\":\"https:\/\/yubabikes.eu\/de\/produkt\/grab-go\/#primaryimage\"},\"thumbnailUrl\":\"https:\/\/yubabikes.eu\/wp-content\/uploads\/2024\/10\/2025-META-ADS-1080x1080-1-1.png\",\"datePublished\":\"2024-10-10T14:24:00+00:00\",\"dateModified\":\"2025-03-27T10:07:50+00:00\",\"description\":\"Die Grab & Go Bag ist eine wettergesch\u00fctzte, vielseitige Tasche, die du einfach von deinem Bread Basket oder Base Rack abnehmen und als Schultertasche verwenden kannst.\",\"breadcrumb\":{\"@id\":\"https:\/\/yubabikes.eu\/de\/produkt\/grab-go\/#breadcrumb\"},\"inLanguage\":\"de\",\"potentialAction\":[{\"@type\":\"ReadAction\",\"target\":[\"https:\/\/yubabikes.eu\/de\/produkt\/grab-go\/\"]}]},{\"@type\":\"ImageObject\",\"inLanguage\":\"de\",\"@id\":\"https:\/\/yubabikes.eu\/de\/produkt\/grab-go\/#primaryimage\",\"url\":\"https:\/\/yubabikes.eu\/wp-content\/uploads\/2024\/10\/2025-META-ADS-1080x1080-1-1.png\",\"contentUrl\":\"https:\/\/yubabikes.eu\/wp-content\/uploads\/2024\/10\/2025-META-ADS-1080x1080-1-1.png\",\"width\":1080,\"height\":1080},{\"@type\":\"BreadcrumbList\",\"@id\":\"https:\/\/yubabikes.eu\/de\/produkt\/grab-go\/#breadcrumb\",\"itemListElement\":[{\"@type\":\"ListItem\",\"position\":1,\"name\":\"Home\",\"item\":\"https:\/\/yubabikes.eu\/de\/\"},{\"@type\":\"ListItem\",\"position\":2,\"name\":\"Shop\",\"item\":\"https:\/\/yubabikes.eu\/de\/shop\/\"},{\"@type\":\"ListItem\",\"position\":3,\"name\":\"Grab &#038; Go\"}]},{\"@type\":\"WebSite\",\"@id\":\"https:\/\/yubabikes.eu\/de\/#website\",\"url\":\"https:\/\/yubabikes.eu\/de\/\",\"name\":\"Yuba Cargo Bikes\",\"description\":\"Yuba - Lastenr\u00e4der f\u00fcr Familien und Unternehmen\",\"alternateName\":\"Yuba Bikes\",\"potentialAction\":[{\"@type\":\"SearchAction\",\"target\":{\"@type\":\"EntryPoint\",\"urlTemplate\":\"https:\/\/yubabikes.eu\/de\/?s={search_term_string}\"},\"query-input\":{\"@type\":\"PropertyValueSpecification\",\"valueRequired\":true,\"valueName\":\"search_term_string\"}}],\"inLanguage\":\"de\"}]}<\/script>\n<!-- \/ Yoast SEO plugin. -->","yoast_head_json":{"title":"Grab & Go - Add-Ons f\u00fcr Yuba Lastenr\u00e4der","description":"Die Grab & Go Bag ist eine wettergesch\u00fctzte, vielseitige Tasche, die du einfach von deinem Bread Basket oder Base Rack abnehmen und als Schultertasche verwenden kannst.","robots":{"index":"index","follow":"follow","max-snippet":"max-snippet:-1","max-image-preview":"max-image-preview:large","max-video-preview":"max-video-preview:-1"},"canonical":"https:\/\/yubabikes.eu\/de\/produkt\/grab-go\/","og_locale":"de_DE","og_type":"article","og_title":"Grab & Go - Add-Ons f\u00fcr Yuba Lastenr\u00e4der","og_description":"Die Grab & Go Bag ist eine wettergesch\u00fctzte, vielseitige Tasche, die du einfach von deinem Bread Basket oder Base Rack abnehmen und als Schultertasche verwenden kannst.","og_url":"https:\/\/yubabikes.eu\/de\/produkt\/grab-go\/","og_site_name":"Yubabikes","article_modified_time":"2025-03-27T10:07:50+00:00","og_image":[{"width":945,"height":945,"url":"https:\/\/yubabikes.eu\/wp-content\/uploads\/2024\/10\/Grab-Go_YubaBikes_AddOns_Studio_Without_Background.png","type":"image\/png"}],"twitter_card":"summary_large_image","twitter_misc":{"Gesch\u00e4tzte Lesezeit":"1\u00a0Minute"},"schema":{"@context":"https:\/\/schema.org","@graph":[{"@type":"WebPage","@id":"https:\/\/yubabikes.eu\/de\/produkt\/grab-go\/","url":"https:\/\/yubabikes.eu\/de\/produkt\/grab-go\/","name":"Grab & Go - Add-Ons f\u00fcr Yuba Lastenr\u00e4der","isPartOf":{"@id":"https:\/\/yubabikes.eu\/de\/#website"},"primaryImageOfPage":{"@id":"https:\/\/yubabikes.eu\/de\/produkt\/grab-go\/#primaryimage"},"image":{"@id":"https:\/\/yubabikes.eu\/de\/produkt\/grab-go\/#primaryimage"},"thumbnailUrl":"https:\/\/yubabikes.eu\/wp-content\/uploads\/2024\/10\/2025-META-ADS-1080x1080-1-1.png","datePublished":"2024-10-10T14:24:00+00:00","dateModified":"2025-03-27T10:07:50+00:00","description":"Die Grab & Go Bag ist eine wettergesch\u00fctzte, vielseitige Tasche, die du einfach von deinem Bread Basket oder Base Rack abnehmen und als Schultertasche verwenden kannst.","breadcrumb":{"@id":"https:\/\/yubabikes.eu\/de\/produkt\/grab-go\/#breadcrumb"},"inLanguage":"de","potentialAction":[{"@type":"ReadAction","target":["https:\/\/yubabikes.eu\/de\/produkt\/grab-go\/"]}]},{"@type":"ImageObject","inLanguage":"de","@id":"https:\/\/yubabikes.eu\/de\/produkt\/grab-go\/#primaryimage","url":"https:\/\/yubabikes.eu\/wp-content\/uploads\/2024\/10\/2025-META-ADS-1080x1080-1-1.png","contentUrl":"https:\/\/yubabikes.eu\/wp-content\/uploads\/2024\/10\/2025-META-ADS-1080x1080-1-1.png","width":1080,"height":1080},{"@type":"BreadcrumbList","@id":"https:\/\/yubabikes.eu\/de\/produkt\/grab-go\/#breadcrumb","itemListElement":[{"@type":"ListItem","position":1,"name":"Home","item":"https:\/\/yubabikes.eu\/de\/"},{"@type":"ListItem","position":2,"name":"Shop","item":"https:\/\/yubabikes.eu\/de\/shop\/"},{"@type":"ListItem","position":3,"name":"Grab &#038; Go"}]},{"@type":"WebSite","@id":"https:\/\/yubabikes.eu\/de\/#website","url":"https:\/\/yubabikes.eu\/de\/","name":"Yuba Cargo Bikes","description":"Yuba - Lastenr\u00e4der f\u00fcr Familien und Unternehmen","alternateName":"Yuba Bikes","potentialAction":[{"@type":"SearchAction","target":{"@type":"EntryPoint","urlTemplate":"https:\/\/yubabikes.eu\/de\/?s={search_term_string}"},"query-input":{"@type":"PropertyValueSpecification","valueRequired":true,"valueName":"search_term_string"}}],"inLanguage":"de"}]}},"_links":{"self":[{"href":"https:\/\/yubabikes.eu\/de\/wp-json\/wp\/v2\/product\/7241","targetHints":{"allow":["GET"]}}],"collection":[{"href":"https:\/\/yubabikes.eu\/de\/wp-json\/wp\/v2\/product"}],"about":[{"href":"https:\/\/yubabikes.eu\/de\/wp-json\/wp\/v2\/types\/product"}],"wp:featuredmedia":[{"embeddable":true,"href":"https:\/\/yubabikes.eu\/de\/wp-json\/wp\/v2\/media\/115375"}],"wp:attachment":[{"href":"https:\/\/yubabikes.eu\/de\/wp-json\/wp\/v2\/media?parent=7241"}],"wp:term":[{"taxonomy":"product_brand","embeddable":true,"href":"https:\/\/yubabikes.eu\/de\/wp-json\/wp\/v2\/product_brand?post=7241"},{"taxonomy":"product_cat","embeddable":true,"href":"https:\/\/yubabikes.eu\/de\/wp-json\/wp\/v2\/product_cat?post=7241"},{"taxonomy":"product_tag","embeddable":true,"href":"https:\/\/yubabikes.eu\/de\/wp-json\/wp\/v2\/product_tag?post=7241"}],"curies":[{"name":"wp","href":"https:\/\/api.w.org\/{rel}","templated":true}]}}