{"id":5856,"date":"2024-10-10T14:24:00","date_gmt":"2024-10-10T14:24:00","guid":{"rendered":"https:\/\/yubabikes.eu\/product\/pop-top\/"},"modified":"2025-03-25T09:09:11","modified_gmt":"2025-03-25T09:09:11","slug":"eco-pop-top","status":"publish","type":"product","link":"https:\/\/yubabikes.eu\/de\/produkt\/eco-pop-top\/","title":{"rendered":"Eco Pop Top"},"content":{"rendered":"","protected":false},"excerpt":{"rendered":"<p>Sch\u00fctzen deine Passagiere vor Sonne und Regen, ohne ihnen die Sicht zu nehmen.<\/p>\n","protected":false},"featured_media":121726,"template":"","meta":{"_acf_changed":false,"om_disable_all_campaigns":false,"inline_featured_image":false},"product_brand":[],"product_cat":[246,247,252,248,249,250,251],"product_tag":[],"class_list":{"0":"post-5856","1":"product","2":"type-product","3":"status-publish","4":"has-post-thumbnail","6":"product_cat-add-ons-de","7":"product_cat-add-ons-lastenraeder-de","8":"product_cat-boda-boda-de","9":"product_cat-fastrack-de","10":"product_cat-kombi-de","11":"product_cat-mundo-de","12":"product_cat-spicy-curry-de","14":"first","15":"outofstock","16":"taxable","17":"shipping-taxable","18":"purchasable","19":"product-type-simple"},"acf":[],"yoast_head":"<!-- This site is optimized with the Yoast SEO plugin v26.6 - https:\/\/yoast.com\/wordpress\/plugins\/seo\/ -->\n<title>Eco Pop Top - Add-Ons f\u00fcr Yuba Lastenr\u00e4der<\/title>\n<meta name=\"description\" content=\"Das Eco Pop Top ist ein wasserdichtes, recyceltes Schutzdach, das Passagiere vor Regen, K\u00e4lte oder Sonne sch\u00fctzt, w\u00e4hrend sie die Aussicht durch Panoramafenster genie\u00dfen k\u00f6nnen.\" \/>\n<meta name=\"robots\" content=\"index, follow, max-snippet:-1, max-image-preview:large, max-video-preview:-1\" \/>\n<link rel=\"canonical\" href=\"https:\/\/yubabikes.eu\/de\/produkt\/eco-pop-top\/\" \/>\n<meta property=\"og:locale\" content=\"de_DE\" \/>\n<meta property=\"og:type\" content=\"article\" \/>\n<meta property=\"og:title\" content=\"Eco Pop Top - Add-Ons f\u00fcr Yuba Lastenr\u00e4der\" \/>\n<meta property=\"og:description\" content=\"Das Eco Pop Top ist ein wasserdichtes, recyceltes Schutzdach, das Passagiere vor Regen, K\u00e4lte oder Sonne sch\u00fctzt, w\u00e4hrend sie die Aussicht durch Panoramafenster genie\u00dfen k\u00f6nnen.\" \/>\n<meta property=\"og:url\" content=\"https:\/\/yubabikes.eu\/de\/produkt\/eco-pop-top\/\" \/>\n<meta property=\"og:site_name\" content=\"Yubabikes\" \/>\n<meta property=\"article:modified_time\" content=\"2025-03-25T09:09:11+00:00\" \/>\n<meta property=\"og:image\" content=\"https:\/\/yubabikes.eu\/wp-content\/uploads\/2024\/10\/Untitled-design-39.png\" \/>\n\t<meta property=\"og:image:width\" content=\"960\" \/>\n\t<meta property=\"og:image:height\" content=\"960\" \/>\n\t<meta property=\"og:image:type\" content=\"image\/png\" \/>\n<meta name=\"twitter:card\" content=\"summary_large_image\" \/>\n<meta name=\"twitter:label1\" content=\"Gesch\u00e4tzte Lesezeit\" \/>\n\t<meta name=\"twitter:data1\" content=\"1\u00a0Minute\" \/>\n<script type=\"application\/ld+json\" class=\"yoast-schema-graph\">{\"@context\":\"https:\/\/schema.org\",\"@graph\":[{\"@type\":\"WebPage\",\"@id\":\"https:\/\/yubabikes.eu\/de\/produkt\/eco-pop-top\/\",\"url\":\"https:\/\/yubabikes.eu\/de\/produkt\/eco-pop-top\/\",\"name\":\"Eco Pop Top - Add-Ons f\u00fcr Yuba Lastenr\u00e4der\",\"isPartOf\":{\"@id\":\"https:\/\/yubabikes.eu\/de\/#website\"},\"primaryImageOfPage\":{\"@id\":\"https:\/\/yubabikes.eu\/de\/produkt\/eco-pop-top\/#primaryimage\"},\"image\":{\"@id\":\"https:\/\/yubabikes.eu\/de\/produkt\/eco-pop-top\/#primaryimage\"},\"thumbnailUrl\":\"https:\/\/yubabikes.eu\/wp-content\/uploads\/2025\/11\/Yuba_Bikes_add-ons_eco-range-eco-pop-top.png\",\"datePublished\":\"2024-10-10T14:24:00+00:00\",\"dateModified\":\"2025-03-25T09:09:11+00:00\",\"description\":\"Das Eco Pop Top ist ein wasserdichtes, recyceltes Schutzdach, das Passagiere vor Regen, K\u00e4lte oder Sonne sch\u00fctzt, w\u00e4hrend sie die Aussicht durch Panoramafenster genie\u00dfen k\u00f6nnen.\",\"breadcrumb\":{\"@id\":\"https:\/\/yubabikes.eu\/de\/produkt\/eco-pop-top\/#breadcrumb\"},\"inLanguage\":\"de\",\"potentialAction\":[{\"@type\":\"ReadAction\",\"target\":[\"https:\/\/yubabikes.eu\/de\/produkt\/eco-pop-top\/\"]}]},{\"@type\":\"ImageObject\",\"inLanguage\":\"de\",\"@id\":\"https:\/\/yubabikes.eu\/de\/produkt\/eco-pop-top\/#primaryimage\",\"url\":\"https:\/\/yubabikes.eu\/wp-content\/uploads\/2025\/11\/Yuba_Bikes_add-ons_eco-range-eco-pop-top.png\",\"contentUrl\":\"https:\/\/yubabikes.eu\/wp-content\/uploads\/2025\/11\/Yuba_Bikes_add-ons_eco-range-eco-pop-top.png\",\"width\":1000,\"height\":1000},{\"@type\":\"BreadcrumbList\",\"@id\":\"https:\/\/yubabikes.eu\/de\/produkt\/eco-pop-top\/#breadcrumb\",\"itemListElement\":[{\"@type\":\"ListItem\",\"position\":1,\"name\":\"Home\",\"item\":\"https:\/\/yubabikes.eu\/de\/\"},{\"@type\":\"ListItem\",\"position\":2,\"name\":\"Shop\",\"item\":\"https:\/\/yubabikes.eu\/de\/shop\/\"},{\"@type\":\"ListItem\",\"position\":3,\"name\":\"Eco Pop Top\"}]},{\"@type\":\"WebSite\",\"@id\":\"https:\/\/yubabikes.eu\/de\/#website\",\"url\":\"https:\/\/yubabikes.eu\/de\/\",\"name\":\"Yuba Cargo Bikes\",\"description\":\"Yuba - Lastenr\u00e4der f\u00fcr Familien und Unternehmen\",\"alternateName\":\"Yuba Bikes\",\"potentialAction\":[{\"@type\":\"SearchAction\",\"target\":{\"@type\":\"EntryPoint\",\"urlTemplate\":\"https:\/\/yubabikes.eu\/de\/?s={search_term_string}\"},\"query-input\":{\"@type\":\"PropertyValueSpecification\",\"valueRequired\":true,\"valueName\":\"search_term_string\"}}],\"inLanguage\":\"de\"}]}<\/script>\n<!-- \/ Yoast SEO plugin. -->","yoast_head_json":{"title":"Eco Pop Top - Add-Ons f\u00fcr Yuba Lastenr\u00e4der","description":"Das Eco Pop Top ist ein wasserdichtes, recyceltes Schutzdach, das Passagiere vor Regen, K\u00e4lte oder Sonne sch\u00fctzt, w\u00e4hrend sie die Aussicht durch Panoramafenster genie\u00dfen k\u00f6nnen.","robots":{"index":"index","follow":"follow","max-snippet":"max-snippet:-1","max-image-preview":"max-image-preview:large","max-video-preview":"max-video-preview:-1"},"canonical":"https:\/\/yubabikes.eu\/de\/produkt\/eco-pop-top\/","og_locale":"de_DE","og_type":"article","og_title":"Eco Pop Top - Add-Ons f\u00fcr Yuba Lastenr\u00e4der","og_description":"Das Eco Pop Top ist ein wasserdichtes, recyceltes Schutzdach, das Passagiere vor Regen, K\u00e4lte oder Sonne sch\u00fctzt, w\u00e4hrend sie die Aussicht durch Panoramafenster genie\u00dfen k\u00f6nnen.","og_url":"https:\/\/yubabikes.eu\/de\/produkt\/eco-pop-top\/","og_site_name":"Yubabikes","article_modified_time":"2025-03-25T09:09:11+00:00","og_image":[{"width":960,"height":960,"url":"https:\/\/yubabikes.eu\/wp-content\/uploads\/2024\/10\/Untitled-design-39.png","type":"image\/png"}],"twitter_card":"summary_large_image","twitter_misc":{"Gesch\u00e4tzte Lesezeit":"1\u00a0Minute"},"schema":{"@context":"https:\/\/schema.org","@graph":[{"@type":"WebPage","@id":"https:\/\/yubabikes.eu\/de\/produkt\/eco-pop-top\/","url":"https:\/\/yubabikes.eu\/de\/produkt\/eco-pop-top\/","name":"Eco Pop Top - Add-Ons f\u00fcr Yuba Lastenr\u00e4der","isPartOf":{"@id":"https:\/\/yubabikes.eu\/de\/#website"},"primaryImageOfPage":{"@id":"https:\/\/yubabikes.eu\/de\/produkt\/eco-pop-top\/#primaryimage"},"image":{"@id":"https:\/\/yubabikes.eu\/de\/produkt\/eco-pop-top\/#primaryimage"},"thumbnailUrl":"https:\/\/yubabikes.eu\/wp-content\/uploads\/2025\/11\/Yuba_Bikes_add-ons_eco-range-eco-pop-top.png","datePublished":"2024-10-10T14:24:00+00:00","dateModified":"2025-03-25T09:09:11+00:00","description":"Das Eco Pop Top ist ein wasserdichtes, recyceltes Schutzdach, das Passagiere vor Regen, K\u00e4lte oder Sonne sch\u00fctzt, w\u00e4hrend sie die Aussicht durch Panoramafenster genie\u00dfen k\u00f6nnen.","breadcrumb":{"@id":"https:\/\/yubabikes.eu\/de\/produkt\/eco-pop-top\/#breadcrumb"},"inLanguage":"de","potentialAction":[{"@type":"ReadAction","target":["https:\/\/yubabikes.eu\/de\/produkt\/eco-pop-top\/"]}]},{"@type":"ImageObject","inLanguage":"de","@id":"https:\/\/yubabikes.eu\/de\/produkt\/eco-pop-top\/#primaryimage","url":"https:\/\/yubabikes.eu\/wp-content\/uploads\/2025\/11\/Yuba_Bikes_add-ons_eco-range-eco-pop-top.png","contentUrl":"https:\/\/yubabikes.eu\/wp-content\/uploads\/2025\/11\/Yuba_Bikes_add-ons_eco-range-eco-pop-top.png","width":1000,"height":1000},{"@type":"BreadcrumbList","@id":"https:\/\/yubabikes.eu\/de\/produkt\/eco-pop-top\/#breadcrumb","itemListElement":[{"@type":"ListItem","position":1,"name":"Home","item":"https:\/\/yubabikes.eu\/de\/"},{"@type":"ListItem","position":2,"name":"Shop","item":"https:\/\/yubabikes.eu\/de\/shop\/"},{"@type":"ListItem","position":3,"name":"Eco Pop Top"}]},{"@type":"WebSite","@id":"https:\/\/yubabikes.eu\/de\/#website","url":"https:\/\/yubabikes.eu\/de\/","name":"Yuba Cargo Bikes","description":"Yuba - Lastenr\u00e4der f\u00fcr Familien und Unternehmen","alternateName":"Yuba Bikes","potentialAction":[{"@type":"SearchAction","target":{"@type":"EntryPoint","urlTemplate":"https:\/\/yubabikes.eu\/de\/?s={search_term_string}"},"query-input":{"@type":"PropertyValueSpecification","valueRequired":true,"valueName":"search_term_string"}}],"inLanguage":"de"}]}},"_links":{"self":[{"href":"https:\/\/yubabikes.eu\/de\/wp-json\/wp\/v2\/product\/5856","targetHints":{"allow":["GET"]}}],"collection":[{"href":"https:\/\/yubabikes.eu\/de\/wp-json\/wp\/v2\/product"}],"about":[{"href":"https:\/\/yubabikes.eu\/de\/wp-json\/wp\/v2\/types\/product"}],"wp:featuredmedia":[{"embeddable":true,"href":"https:\/\/yubabikes.eu\/de\/wp-json\/wp\/v2\/media\/121726"}],"wp:attachment":[{"href":"https:\/\/yubabikes.eu\/de\/wp-json\/wp\/v2\/media?parent=5856"}],"wp:term":[{"taxonomy":"product_brand","embeddable":true,"href":"https:\/\/yubabikes.eu\/de\/wp-json\/wp\/v2\/product_brand?post=5856"},{"taxonomy":"product_cat","embeddable":true,"href":"https:\/\/yubabikes.eu\/de\/wp-json\/wp\/v2\/product_cat?post=5856"},{"taxonomy":"product_tag","embeddable":true,"href":"https:\/\/yubabikes.eu\/de\/wp-json\/wp\/v2\/product_tag?post=5856"}],"curies":[{"name":"wp","href":"https:\/\/api.w.org\/{rel}","templated":true}]}}