{"id":118234,"date":"2025-08-25T08:15:42","date_gmt":"2025-08-25T08:15:42","guid":{"rendered":"https:\/\/yubabikes.eu\/?post_type=product&#038;p=118234"},"modified":"2025-08-26T14:28:20","modified_gmt":"2025-08-26T14:28:20","slug":"mini-monkey-bars-kit","status":"publish","type":"product","link":"https:\/\/yubabikes.eu\/de\/produkt\/mini-monkey-bars-kit\/","title":{"rendered":"mini Monkey Bars kit"},"content":{"rendered":"","protected":false},"excerpt":{"rendered":"<p>Stabile Sicherheitsstreben f\u00fcr dein Mini Boda Boda.<\/p>\n","protected":false},"featured_media":118255,"template":"","meta":{"_acf_changed":false,"om_disable_all_campaigns":false,"inline_featured_image":false},"product_brand":[],"product_cat":[246,247,250,251,409],"product_tag":[],"class_list":{"0":"post-118234","1":"product","2":"type-product","3":"status-publish","4":"has-post-thumbnail","6":"product_cat-add-ons-de","7":"product_cat-add-ons-lastenraeder-de","8":"product_cat-mundo-de","9":"product_cat-spicy-curry-de","10":"product_cat-mini-boda-boda-de","12":"first","13":"instock","14":"taxable","15":"shipping-taxable","16":"purchasable","17":"product-type-simple"},"acf":[],"yoast_head":"<!-- This site is optimized with the Yoast SEO plugin v26.6 - https:\/\/yoast.com\/wordpress\/plugins\/seo\/ -->\n<title>Yuba Cargo Bikes | mini Monkey Bars Kit<\/title>\n<meta name=\"description\" content=\"Sichere und robuste Seitenstreben f\u00fcr das Mini Boda Boda \u2013 ideal f\u00fcr den sicheren Transport eines Kindes ab 22 kg. Eine clevere, mitwachsende L\u00f6sung f\u00fcr Familien mit kompaktem Lastenrad.\" \/>\n<meta name=\"robots\" content=\"index, follow, max-snippet:-1, max-image-preview:large, max-video-preview:-1\" \/>\n<link rel=\"canonical\" href=\"https:\/\/yubabikes.eu\/de\/produkt\/mini-monkey-bars-kit\/\" \/>\n<meta property=\"og:locale\" content=\"de_DE\" \/>\n<meta property=\"og:type\" content=\"article\" \/>\n<meta property=\"og:title\" content=\"Yuba Cargo Bikes | mini Monkey Bars Kit\" \/>\n<meta property=\"og:description\" content=\"Sichere und robuste Seitenstreben f\u00fcr das Mini Boda Boda \u2013 ideal f\u00fcr den sicheren Transport eines Kindes ab 22 kg. Eine clevere, mitwachsende L\u00f6sung f\u00fcr Familien mit kompaktem Lastenrad.\" \/>\n<meta property=\"og:url\" content=\"https:\/\/yubabikes.eu\/de\/produkt\/mini-monkey-bars-kit\/\" \/>\n<meta property=\"og:site_name\" content=\"Yubabikes\" \/>\n<meta property=\"article:modified_time\" content=\"2025-08-26T14:28:20+00:00\" \/>\n<meta property=\"og:image\" content=\"https:\/\/yubabikes.eu\/wp-content\/uploads\/2025\/08\/Yuba_Bikes_add_ons_mini_monkey_bars_kit_studio_hd_3.png\" \/>\n\t<meta property=\"og:image:width\" content=\"1000\" \/>\n\t<meta property=\"og:image:height\" content=\"1000\" \/>\n\t<meta property=\"og:image:type\" content=\"image\/png\" \/>\n<meta name=\"twitter:card\" content=\"summary_large_image\" \/>\n<meta name=\"twitter:label1\" content=\"Gesch\u00e4tzte Lesezeit\" \/>\n\t<meta name=\"twitter:data1\" content=\"1\u00a0Minute\" \/>\n<script type=\"application\/ld+json\" class=\"yoast-schema-graph\">{\"@context\":\"https:\/\/schema.org\",\"@graph\":[{\"@type\":\"WebPage\",\"@id\":\"https:\/\/yubabikes.eu\/de\/produkt\/mini-monkey-bars-kit\/\",\"url\":\"https:\/\/yubabikes.eu\/de\/produkt\/mini-monkey-bars-kit\/\",\"name\":\"Yuba Cargo Bikes | mini Monkey Bars Kit\",\"isPartOf\":{\"@id\":\"https:\/\/yubabikes.eu\/de\/#website\"},\"primaryImageOfPage\":{\"@id\":\"https:\/\/yubabikes.eu\/de\/produkt\/mini-monkey-bars-kit\/#primaryimage\"},\"image\":{\"@id\":\"https:\/\/yubabikes.eu\/de\/produkt\/mini-monkey-bars-kit\/#primaryimage\"},\"thumbnailUrl\":\"https:\/\/yubabikes.eu\/wp-content\/uploads\/2025\/08\/Yuba_Bikes_add_ons_mini_monkey_bars_kit_studio_hd_3.png\",\"datePublished\":\"2025-08-25T08:15:42+00:00\",\"dateModified\":\"2025-08-26T14:28:20+00:00\",\"description\":\"Sichere und robuste Seitenstreben f\u00fcr das Mini Boda Boda \u2013 ideal f\u00fcr den sicheren Transport eines Kindes ab 22 kg. Eine clevere, mitwachsende L\u00f6sung f\u00fcr Familien mit kompaktem Lastenrad.\",\"breadcrumb\":{\"@id\":\"https:\/\/yubabikes.eu\/de\/produkt\/mini-monkey-bars-kit\/#breadcrumb\"},\"inLanguage\":\"de\",\"potentialAction\":[{\"@type\":\"ReadAction\",\"target\":[\"https:\/\/yubabikes.eu\/de\/produkt\/mini-monkey-bars-kit\/\"]}]},{\"@type\":\"ImageObject\",\"inLanguage\":\"de\",\"@id\":\"https:\/\/yubabikes.eu\/de\/produkt\/mini-monkey-bars-kit\/#primaryimage\",\"url\":\"https:\/\/yubabikes.eu\/wp-content\/uploads\/2025\/08\/Yuba_Bikes_add_ons_mini_monkey_bars_kit_studio_hd_3.png\",\"contentUrl\":\"https:\/\/yubabikes.eu\/wp-content\/uploads\/2025\/08\/Yuba_Bikes_add_ons_mini_monkey_bars_kit_studio_hd_3.png\",\"width\":1000,\"height\":1000},{\"@type\":\"BreadcrumbList\",\"@id\":\"https:\/\/yubabikes.eu\/de\/produkt\/mini-monkey-bars-kit\/#breadcrumb\",\"itemListElement\":[{\"@type\":\"ListItem\",\"position\":1,\"name\":\"Home\",\"item\":\"https:\/\/yubabikes.eu\/de\/\"},{\"@type\":\"ListItem\",\"position\":2,\"name\":\"Shop\",\"item\":\"https:\/\/yubabikes.eu\/de\/shop\/\"},{\"@type\":\"ListItem\",\"position\":3,\"name\":\"mini Monkey Bars kit\"}]},{\"@type\":\"WebSite\",\"@id\":\"https:\/\/yubabikes.eu\/de\/#website\",\"url\":\"https:\/\/yubabikes.eu\/de\/\",\"name\":\"Yuba Cargo Bikes\",\"description\":\"Yuba - Lastenr\u00e4der f\u00fcr Familien und Unternehmen\",\"alternateName\":\"Yuba Bikes\",\"potentialAction\":[{\"@type\":\"SearchAction\",\"target\":{\"@type\":\"EntryPoint\",\"urlTemplate\":\"https:\/\/yubabikes.eu\/de\/?s={search_term_string}\"},\"query-input\":{\"@type\":\"PropertyValueSpecification\",\"valueRequired\":true,\"valueName\":\"search_term_string\"}}],\"inLanguage\":\"de\"}]}<\/script>\n<!-- \/ Yoast SEO plugin. -->","yoast_head_json":{"title":"Yuba Cargo Bikes | mini Monkey Bars Kit","description":"Sichere und robuste Seitenstreben f\u00fcr das Mini Boda Boda \u2013 ideal f\u00fcr den sicheren Transport eines Kindes ab 22 kg. Eine clevere, mitwachsende L\u00f6sung f\u00fcr Familien mit kompaktem Lastenrad.","robots":{"index":"index","follow":"follow","max-snippet":"max-snippet:-1","max-image-preview":"max-image-preview:large","max-video-preview":"max-video-preview:-1"},"canonical":"https:\/\/yubabikes.eu\/de\/produkt\/mini-monkey-bars-kit\/","og_locale":"de_DE","og_type":"article","og_title":"Yuba Cargo Bikes | mini Monkey Bars Kit","og_description":"Sichere und robuste Seitenstreben f\u00fcr das Mini Boda Boda \u2013 ideal f\u00fcr den sicheren Transport eines Kindes ab 22 kg. Eine clevere, mitwachsende L\u00f6sung f\u00fcr Familien mit kompaktem Lastenrad.","og_url":"https:\/\/yubabikes.eu\/de\/produkt\/mini-monkey-bars-kit\/","og_site_name":"Yubabikes","article_modified_time":"2025-08-26T14:28:20+00:00","og_image":[{"width":1000,"height":1000,"url":"https:\/\/yubabikes.eu\/wp-content\/uploads\/2025\/08\/Yuba_Bikes_add_ons_mini_monkey_bars_kit_studio_hd_3.png","type":"image\/png"}],"twitter_card":"summary_large_image","twitter_misc":{"Gesch\u00e4tzte Lesezeit":"1\u00a0Minute"},"schema":{"@context":"https:\/\/schema.org","@graph":[{"@type":"WebPage","@id":"https:\/\/yubabikes.eu\/de\/produkt\/mini-monkey-bars-kit\/","url":"https:\/\/yubabikes.eu\/de\/produkt\/mini-monkey-bars-kit\/","name":"Yuba Cargo Bikes | mini Monkey Bars Kit","isPartOf":{"@id":"https:\/\/yubabikes.eu\/de\/#website"},"primaryImageOfPage":{"@id":"https:\/\/yubabikes.eu\/de\/produkt\/mini-monkey-bars-kit\/#primaryimage"},"image":{"@id":"https:\/\/yubabikes.eu\/de\/produkt\/mini-monkey-bars-kit\/#primaryimage"},"thumbnailUrl":"https:\/\/yubabikes.eu\/wp-content\/uploads\/2025\/08\/Yuba_Bikes_add_ons_mini_monkey_bars_kit_studio_hd_3.png","datePublished":"2025-08-25T08:15:42+00:00","dateModified":"2025-08-26T14:28:20+00:00","description":"Sichere und robuste Seitenstreben f\u00fcr das Mini Boda Boda \u2013 ideal f\u00fcr den sicheren Transport eines Kindes ab 22 kg. Eine clevere, mitwachsende L\u00f6sung f\u00fcr Familien mit kompaktem Lastenrad.","breadcrumb":{"@id":"https:\/\/yubabikes.eu\/de\/produkt\/mini-monkey-bars-kit\/#breadcrumb"},"inLanguage":"de","potentialAction":[{"@type":"ReadAction","target":["https:\/\/yubabikes.eu\/de\/produkt\/mini-monkey-bars-kit\/"]}]},{"@type":"ImageObject","inLanguage":"de","@id":"https:\/\/yubabikes.eu\/de\/produkt\/mini-monkey-bars-kit\/#primaryimage","url":"https:\/\/yubabikes.eu\/wp-content\/uploads\/2025\/08\/Yuba_Bikes_add_ons_mini_monkey_bars_kit_studio_hd_3.png","contentUrl":"https:\/\/yubabikes.eu\/wp-content\/uploads\/2025\/08\/Yuba_Bikes_add_ons_mini_monkey_bars_kit_studio_hd_3.png","width":1000,"height":1000},{"@type":"BreadcrumbList","@id":"https:\/\/yubabikes.eu\/de\/produkt\/mini-monkey-bars-kit\/#breadcrumb","itemListElement":[{"@type":"ListItem","position":1,"name":"Home","item":"https:\/\/yubabikes.eu\/de\/"},{"@type":"ListItem","position":2,"name":"Shop","item":"https:\/\/yubabikes.eu\/de\/shop\/"},{"@type":"ListItem","position":3,"name":"mini Monkey Bars kit"}]},{"@type":"WebSite","@id":"https:\/\/yubabikes.eu\/de\/#website","url":"https:\/\/yubabikes.eu\/de\/","name":"Yuba Cargo Bikes","description":"Yuba - Lastenr\u00e4der f\u00fcr Familien und Unternehmen","alternateName":"Yuba Bikes","potentialAction":[{"@type":"SearchAction","target":{"@type":"EntryPoint","urlTemplate":"https:\/\/yubabikes.eu\/de\/?s={search_term_string}"},"query-input":{"@type":"PropertyValueSpecification","valueRequired":true,"valueName":"search_term_string"}}],"inLanguage":"de"}]}},"_links":{"self":[{"href":"https:\/\/yubabikes.eu\/de\/wp-json\/wp\/v2\/product\/118234","targetHints":{"allow":["GET"]}}],"collection":[{"href":"https:\/\/yubabikes.eu\/de\/wp-json\/wp\/v2\/product"}],"about":[{"href":"https:\/\/yubabikes.eu\/de\/wp-json\/wp\/v2\/types\/product"}],"wp:featuredmedia":[{"embeddable":true,"href":"https:\/\/yubabikes.eu\/de\/wp-json\/wp\/v2\/media\/118255"}],"wp:attachment":[{"href":"https:\/\/yubabikes.eu\/de\/wp-json\/wp\/v2\/media?parent=118234"}],"wp:term":[{"taxonomy":"product_brand","embeddable":true,"href":"https:\/\/yubabikes.eu\/de\/wp-json\/wp\/v2\/product_brand?post=118234"},{"taxonomy":"product_cat","embeddable":true,"href":"https:\/\/yubabikes.eu\/de\/wp-json\/wp\/v2\/product_cat?post=118234"},{"taxonomy":"product_tag","embeddable":true,"href":"https:\/\/yubabikes.eu\/de\/wp-json\/wp\/v2\/product_tag?post=118234"}],"curies":[{"name":"wp","href":"https:\/\/api.w.org\/{rel}","templated":true}]}}