{"id":116476,"date":"2025-05-22T13:54:29","date_gmt":"2025-05-22T13:54:29","guid":{"rendered":"https:\/\/yubabikes.eu\/?post_type=product&#038;p=116476"},"modified":"2025-06-05T08:16:56","modified_gmt":"2025-06-05T08:16:56","slug":"carry-all","status":"publish","type":"product","link":"https:\/\/yubabikes.eu\/de\/produkt\/carry-all\/","title":{"rendered":"Carry All"},"content":{"rendered":"","protected":false},"excerpt":{"rendered":"<p>Unglaublich viel Stauraum \u2013 und im Handumdrehen zur\u00fcck in den Passagiermodus.<\/p>\n","protected":false},"featured_media":115744,"template":"","meta":{"_acf_changed":false,"om_disable_all_campaigns":false,"inline_featured_image":false},"product_brand":[],"product_cat":[246,247,252,248,249,250,251],"product_tag":[],"class_list":{"0":"post-116476","1":"product","2":"type-product","3":"status-publish","4":"has-post-thumbnail","6":"product_cat-add-ons-de","7":"product_cat-add-ons-lastenraeder-de","8":"product_cat-boda-boda-de","9":"product_cat-fastrack-de","10":"product_cat-kombi-de","11":"product_cat-mundo-de","12":"product_cat-spicy-curry-de","14":"first","15":"instock","16":"taxable","17":"shipping-taxable","18":"purchasable","19":"product-type-simple"},"acf":[],"yoast_head":"<!-- This site is optimized with the Yoast SEO plugin v26.6 - https:\/\/yoast.com\/wordpress\/plugins\/seo\/ -->\n<title>Yuba Cargo Bikes | Carry All \u2013 Modulare Plattform f\u00fcr sperrige Ladung<\/title>\n<meta name=\"description\" content=\"Das Carry All ist die flexible Plattform f\u00fcr gro\u00dfe Lasten auf deinem Yuba-Longtail. Verstellbar, gurttauglich und im Handumdrehen bereit f\u00fcr den Passagierbetrieb.\" \/>\n<meta name=\"robots\" content=\"index, follow, max-snippet:-1, max-image-preview:large, max-video-preview:-1\" \/>\n<link rel=\"canonical\" href=\"https:\/\/yubabikes.eu\/de\/produkt\/carry-all\/\" \/>\n<meta property=\"og:locale\" content=\"de_DE\" \/>\n<meta property=\"og:type\" content=\"article\" \/>\n<meta property=\"og:title\" content=\"Yuba Cargo Bikes | Carry All \u2013 Modulare Plattform f\u00fcr sperrige Ladung\" \/>\n<meta property=\"og:description\" content=\"Das Carry All ist die flexible Plattform f\u00fcr gro\u00dfe Lasten auf deinem Yuba-Longtail. Verstellbar, gurttauglich und im Handumdrehen bereit f\u00fcr den Passagierbetrieb.\" \/>\n<meta property=\"og:url\" content=\"https:\/\/yubabikes.eu\/de\/produkt\/carry-all\/\" \/>\n<meta property=\"og:site_name\" content=\"Yubabikes\" \/>\n<meta property=\"article:modified_time\" content=\"2025-06-05T08:16:56+00:00\" \/>\n<meta property=\"og:image\" content=\"https:\/\/yubabikes.eu\/wp-content\/uploads\/2025\/04\/Yuba_bikes_add_ons_carry-all_long_on_bike.png\" \/>\n\t<meta property=\"og:image:width\" content=\"1000\" \/>\n\t<meta property=\"og:image:height\" content=\"999\" \/>\n\t<meta property=\"og:image:type\" content=\"image\/png\" \/>\n<meta name=\"twitter:card\" content=\"summary_large_image\" \/>\n<meta name=\"twitter:label1\" content=\"Gesch\u00e4tzte Lesezeit\" \/>\n\t<meta name=\"twitter:data1\" content=\"1\u00a0Minute\" \/>\n<script type=\"application\/ld+json\" class=\"yoast-schema-graph\">{\"@context\":\"https:\/\/schema.org\",\"@graph\":[{\"@type\":\"WebPage\",\"@id\":\"https:\/\/yubabikes.eu\/de\/produkt\/carry-all\/\",\"url\":\"https:\/\/yubabikes.eu\/de\/produkt\/carry-all\/\",\"name\":\"Yuba Cargo Bikes | Carry All \u2013 Modulare Plattform f\u00fcr sperrige Ladung\",\"isPartOf\":{\"@id\":\"https:\/\/yubabikes.eu\/de\/#website\"},\"primaryImageOfPage\":{\"@id\":\"https:\/\/yubabikes.eu\/de\/produkt\/carry-all\/#primaryimage\"},\"image\":{\"@id\":\"https:\/\/yubabikes.eu\/de\/produkt\/carry-all\/#primaryimage\"},\"thumbnailUrl\":\"https:\/\/yubabikes.eu\/wp-content\/uploads\/2025\/04\/Yuba_bikes_add_ons_carry-all_long_on_bike.png\",\"datePublished\":\"2025-05-22T13:54:29+00:00\",\"dateModified\":\"2025-06-05T08:16:56+00:00\",\"description\":\"Das Carry All ist die flexible Plattform f\u00fcr gro\u00dfe Lasten auf deinem Yuba-Longtail. Verstellbar, gurttauglich und im Handumdrehen bereit f\u00fcr den Passagierbetrieb.\",\"breadcrumb\":{\"@id\":\"https:\/\/yubabikes.eu\/de\/produkt\/carry-all\/#breadcrumb\"},\"inLanguage\":\"de\",\"potentialAction\":[{\"@type\":\"ReadAction\",\"target\":[\"https:\/\/yubabikes.eu\/de\/produkt\/carry-all\/\"]}]},{\"@type\":\"ImageObject\",\"inLanguage\":\"de\",\"@id\":\"https:\/\/yubabikes.eu\/de\/produkt\/carry-all\/#primaryimage\",\"url\":\"https:\/\/yubabikes.eu\/wp-content\/uploads\/2025\/04\/Yuba_bikes_add_ons_carry-all_long_on_bike.png\",\"contentUrl\":\"https:\/\/yubabikes.eu\/wp-content\/uploads\/2025\/04\/Yuba_bikes_add_ons_carry-all_long_on_bike.png\",\"width\":1000,\"height\":999},{\"@type\":\"BreadcrumbList\",\"@id\":\"https:\/\/yubabikes.eu\/de\/produkt\/carry-all\/#breadcrumb\",\"itemListElement\":[{\"@type\":\"ListItem\",\"position\":1,\"name\":\"Home\",\"item\":\"https:\/\/yubabikes.eu\/de\/\"},{\"@type\":\"ListItem\",\"position\":2,\"name\":\"Shop\",\"item\":\"https:\/\/yubabikes.eu\/de\/shop\/\"},{\"@type\":\"ListItem\",\"position\":3,\"name\":\"Carry All\"}]},{\"@type\":\"WebSite\",\"@id\":\"https:\/\/yubabikes.eu\/de\/#website\",\"url\":\"https:\/\/yubabikes.eu\/de\/\",\"name\":\"Yuba Cargo Bikes\",\"description\":\"Yuba - Lastenr\u00e4der f\u00fcr Familien und Unternehmen\",\"alternateName\":\"Yuba Bikes\",\"potentialAction\":[{\"@type\":\"SearchAction\",\"target\":{\"@type\":\"EntryPoint\",\"urlTemplate\":\"https:\/\/yubabikes.eu\/de\/?s={search_term_string}\"},\"query-input\":{\"@type\":\"PropertyValueSpecification\",\"valueRequired\":true,\"valueName\":\"search_term_string\"}}],\"inLanguage\":\"de\"}]}<\/script>\n<!-- \/ Yoast SEO plugin. -->","yoast_head_json":{"title":"Yuba Cargo Bikes | Carry All \u2013 Modulare Plattform f\u00fcr sperrige Ladung","description":"Das Carry All ist die flexible Plattform f\u00fcr gro\u00dfe Lasten auf deinem Yuba-Longtail. Verstellbar, gurttauglich und im Handumdrehen bereit f\u00fcr den Passagierbetrieb.","robots":{"index":"index","follow":"follow","max-snippet":"max-snippet:-1","max-image-preview":"max-image-preview:large","max-video-preview":"max-video-preview:-1"},"canonical":"https:\/\/yubabikes.eu\/de\/produkt\/carry-all\/","og_locale":"de_DE","og_type":"article","og_title":"Yuba Cargo Bikes | Carry All \u2013 Modulare Plattform f\u00fcr sperrige Ladung","og_description":"Das Carry All ist die flexible Plattform f\u00fcr gro\u00dfe Lasten auf deinem Yuba-Longtail. Verstellbar, gurttauglich und im Handumdrehen bereit f\u00fcr den Passagierbetrieb.","og_url":"https:\/\/yubabikes.eu\/de\/produkt\/carry-all\/","og_site_name":"Yubabikes","article_modified_time":"2025-06-05T08:16:56+00:00","og_image":[{"width":1000,"height":999,"url":"https:\/\/yubabikes.eu\/wp-content\/uploads\/2025\/04\/Yuba_bikes_add_ons_carry-all_long_on_bike.png","type":"image\/png"}],"twitter_card":"summary_large_image","twitter_misc":{"Gesch\u00e4tzte Lesezeit":"1\u00a0Minute"},"schema":{"@context":"https:\/\/schema.org","@graph":[{"@type":"WebPage","@id":"https:\/\/yubabikes.eu\/de\/produkt\/carry-all\/","url":"https:\/\/yubabikes.eu\/de\/produkt\/carry-all\/","name":"Yuba Cargo Bikes | Carry All \u2013 Modulare Plattform f\u00fcr sperrige Ladung","isPartOf":{"@id":"https:\/\/yubabikes.eu\/de\/#website"},"primaryImageOfPage":{"@id":"https:\/\/yubabikes.eu\/de\/produkt\/carry-all\/#primaryimage"},"image":{"@id":"https:\/\/yubabikes.eu\/de\/produkt\/carry-all\/#primaryimage"},"thumbnailUrl":"https:\/\/yubabikes.eu\/wp-content\/uploads\/2025\/04\/Yuba_bikes_add_ons_carry-all_long_on_bike.png","datePublished":"2025-05-22T13:54:29+00:00","dateModified":"2025-06-05T08:16:56+00:00","description":"Das Carry All ist die flexible Plattform f\u00fcr gro\u00dfe Lasten auf deinem Yuba-Longtail. Verstellbar, gurttauglich und im Handumdrehen bereit f\u00fcr den Passagierbetrieb.","breadcrumb":{"@id":"https:\/\/yubabikes.eu\/de\/produkt\/carry-all\/#breadcrumb"},"inLanguage":"de","potentialAction":[{"@type":"ReadAction","target":["https:\/\/yubabikes.eu\/de\/produkt\/carry-all\/"]}]},{"@type":"ImageObject","inLanguage":"de","@id":"https:\/\/yubabikes.eu\/de\/produkt\/carry-all\/#primaryimage","url":"https:\/\/yubabikes.eu\/wp-content\/uploads\/2025\/04\/Yuba_bikes_add_ons_carry-all_long_on_bike.png","contentUrl":"https:\/\/yubabikes.eu\/wp-content\/uploads\/2025\/04\/Yuba_bikes_add_ons_carry-all_long_on_bike.png","width":1000,"height":999},{"@type":"BreadcrumbList","@id":"https:\/\/yubabikes.eu\/de\/produkt\/carry-all\/#breadcrumb","itemListElement":[{"@type":"ListItem","position":1,"name":"Home","item":"https:\/\/yubabikes.eu\/de\/"},{"@type":"ListItem","position":2,"name":"Shop","item":"https:\/\/yubabikes.eu\/de\/shop\/"},{"@type":"ListItem","position":3,"name":"Carry All"}]},{"@type":"WebSite","@id":"https:\/\/yubabikes.eu\/de\/#website","url":"https:\/\/yubabikes.eu\/de\/","name":"Yuba Cargo Bikes","description":"Yuba - Lastenr\u00e4der f\u00fcr Familien und Unternehmen","alternateName":"Yuba Bikes","potentialAction":[{"@type":"SearchAction","target":{"@type":"EntryPoint","urlTemplate":"https:\/\/yubabikes.eu\/de\/?s={search_term_string}"},"query-input":{"@type":"PropertyValueSpecification","valueRequired":true,"valueName":"search_term_string"}}],"inLanguage":"de"}]}},"_links":{"self":[{"href":"https:\/\/yubabikes.eu\/de\/wp-json\/wp\/v2\/product\/116476","targetHints":{"allow":["GET"]}}],"collection":[{"href":"https:\/\/yubabikes.eu\/de\/wp-json\/wp\/v2\/product"}],"about":[{"href":"https:\/\/yubabikes.eu\/de\/wp-json\/wp\/v2\/types\/product"}],"wp:featuredmedia":[{"embeddable":true,"href":"https:\/\/yubabikes.eu\/de\/wp-json\/wp\/v2\/media\/115744"}],"wp:attachment":[{"href":"https:\/\/yubabikes.eu\/de\/wp-json\/wp\/v2\/media?parent=116476"}],"wp:term":[{"taxonomy":"product_brand","embeddable":true,"href":"https:\/\/yubabikes.eu\/de\/wp-json\/wp\/v2\/product_brand?post=116476"},{"taxonomy":"product_cat","embeddable":true,"href":"https:\/\/yubabikes.eu\/de\/wp-json\/wp\/v2\/product_cat?post=116476"},{"taxonomy":"product_tag","embeddable":true,"href":"https:\/\/yubabikes.eu\/de\/wp-json\/wp\/v2\/product_tag?post=116476"}],"curies":[{"name":"wp","href":"https:\/\/api.w.org\/{rel}","templated":true}]}}