{"id":7630,"date":"2024-11-25T11:29:26","date_gmt":"2024-11-25T11:29:26","guid":{"rendered":"https:\/\/yubabikes.eu\/try-in-shop\/"},"modified":"2026-01-20T15:01:35","modified_gmt":"2026-01-20T15:01:35","slug":"try-in-shop","status":"publish","type":"page","link":"https:\/\/yubabikes.eu\/de\/try-in-shop\/","title":{"rendered":"Vor Ort testen"},"content":{"rendered":"<p>https:\/\/yubabikes.eu\/de\/shop\/bikes-de\/<\/p>\n","protected":false},"excerpt":{"rendered":"<p>https:\/\/yubabikes.eu\/de\/shop\/bikes-de\/<\/p>\n","protected":false},"author":3,"featured_media":0,"parent":0,"menu_order":0,"comment_status":"closed","ping_status":"closed","template":"","meta":{"_acf_changed":false,"om_disable_all_campaigns":false,"inline_featured_image":false,"footnotes":""},"class_list":["post-7630","page","type-page","status-publish","hentry"],"acf":[],"yoast_head":"<!-- This site is optimized with the Yoast SEO plugin v26.6 - https:\/\/yoast.com\/wordpress\/plugins\/seo\/ -->\n<title>Finde einen Yuba H\u00e4ndler in deiner N\u00e4he und teste dein Wunsch-Yuba vor Ort!<\/title>\n<meta name=\"description\" content=\"Mach eine Probefahrt mit einem Yuba Lastenrad bei einem offiziellen H\u00e4ndler in deiner N\u00e4he. Hol dir professionelle Beratung und Unterst\u00fctzung, um das f\u00fcr dich perfekte Lastenrad auszuw\u00e4hlen. Hier findest du auch deinen Partner, der dir bei Wartung und Pflege deines Yubas hilft.\" \/>\n<meta name=\"robots\" content=\"index, follow, max-snippet:-1, max-image-preview:large, max-video-preview:-1\" \/>\n<link rel=\"canonical\" href=\"https:\/\/yubabikes.eu\/de\/try-in-shop\/\" \/>\n<meta property=\"og:locale\" content=\"de_DE\" \/>\n<meta property=\"og:type\" content=\"article\" \/>\n<meta property=\"og:title\" content=\"Finde einen Yuba H\u00e4ndler in deiner N\u00e4he und teste dein Wunsch-Yuba vor Ort!\" \/>\n<meta property=\"og:description\" content=\"Mach eine Probefahrt mit einem Yuba Lastenrad bei einem offiziellen H\u00e4ndler in deiner N\u00e4he. Hol dir professionelle Beratung und Unterst\u00fctzung, um das f\u00fcr dich perfekte Lastenrad auszuw\u00e4hlen. Hier findest du auch deinen Partner, der dir bei Wartung und Pflege deines Yubas hilft.\" \/>\n<meta property=\"og:url\" content=\"https:\/\/yubabikes.eu\/de\/try-in-shop\/\" \/>\n<meta property=\"og:site_name\" content=\"Yubabikes\" \/>\n<meta property=\"article:modified_time\" content=\"2026-01-20T15:01:35+00:00\" \/>\n<meta property=\"og:image\" content=\"https:\/\/yubabikes.eu\/wp-content\/uploads\/2025\/01\/social-graph-1200-x-675px-1.png\" \/>\n\t<meta property=\"og:image:width\" content=\"1200\" \/>\n\t<meta property=\"og:image:height\" content=\"675\" \/>\n\t<meta property=\"og:image:type\" content=\"image\/png\" \/>\n<meta name=\"twitter:card\" content=\"summary_large_image\" \/>\n<meta name=\"twitter:label1\" content=\"Gesch\u00e4tzte Lesezeit\" \/>\n\t<meta name=\"twitter:data1\" content=\"1\u00a0Minute\" \/>\n<script type=\"application\/ld+json\" class=\"yoast-schema-graph\">{\"@context\":\"https:\/\/schema.org\",\"@graph\":[{\"@type\":\"WebPage\",\"@id\":\"https:\/\/yubabikes.eu\/de\/try-in-shop\/\",\"url\":\"https:\/\/yubabikes.eu\/de\/try-in-shop\/\",\"name\":\"Finde einen Yuba H\u00e4ndler in deiner N\u00e4he und teste dein Wunsch-Yuba vor Ort!\",\"isPartOf\":{\"@id\":\"https:\/\/yubabikes.eu\/de\/#website\"},\"datePublished\":\"2024-11-25T11:29:26+00:00\",\"dateModified\":\"2026-01-20T15:01:35+00:00\",\"description\":\"Mach eine Probefahrt mit einem Yuba Lastenrad bei einem offiziellen H\u00e4ndler in deiner N\u00e4he. Hol dir professionelle Beratung und Unterst\u00fctzung, um das f\u00fcr dich perfekte Lastenrad auszuw\u00e4hlen. Hier findest du auch deinen Partner, der dir bei Wartung und Pflege deines Yubas hilft.\",\"breadcrumb\":{\"@id\":\"https:\/\/yubabikes.eu\/de\/try-in-shop\/#breadcrumb\"},\"inLanguage\":\"de\",\"potentialAction\":[{\"@type\":\"ReadAction\",\"target\":[\"https:\/\/yubabikes.eu\/de\/try-in-shop\/\"]}]},{\"@type\":\"BreadcrumbList\",\"@id\":\"https:\/\/yubabikes.eu\/de\/try-in-shop\/#breadcrumb\",\"itemListElement\":[{\"@type\":\"ListItem\",\"position\":1,\"name\":\"Home\",\"item\":\"https:\/\/yubabikes.eu\/de\/\"},{\"@type\":\"ListItem\",\"position\":2,\"name\":\"Vor Ort testen\"}]},{\"@type\":\"WebSite\",\"@id\":\"https:\/\/yubabikes.eu\/de\/#website\",\"url\":\"https:\/\/yubabikes.eu\/de\/\",\"name\":\"Yuba Cargo Bikes\",\"description\":\"Yuba - Lastenr\u00e4der f\u00fcr Familien und Unternehmen\",\"alternateName\":\"Yuba Bikes\",\"potentialAction\":[{\"@type\":\"SearchAction\",\"target\":{\"@type\":\"EntryPoint\",\"urlTemplate\":\"https:\/\/yubabikes.eu\/de\/?s={search_term_string}\"},\"query-input\":{\"@type\":\"PropertyValueSpecification\",\"valueRequired\":true,\"valueName\":\"search_term_string\"}}],\"inLanguage\":\"de\"}]}<\/script>\n<!-- \/ Yoast SEO plugin. -->","yoast_head_json":{"title":"Finde einen Yuba H\u00e4ndler in deiner N\u00e4he und teste dein Wunsch-Yuba vor Ort!","description":"Mach eine Probefahrt mit einem Yuba Lastenrad bei einem offiziellen H\u00e4ndler in deiner N\u00e4he. Hol dir professionelle Beratung und Unterst\u00fctzung, um das f\u00fcr dich perfekte Lastenrad auszuw\u00e4hlen. Hier findest du auch deinen Partner, der dir bei Wartung und Pflege deines Yubas hilft.","robots":{"index":"index","follow":"follow","max-snippet":"max-snippet:-1","max-image-preview":"max-image-preview:large","max-video-preview":"max-video-preview:-1"},"canonical":"https:\/\/yubabikes.eu\/de\/try-in-shop\/","og_locale":"de_DE","og_type":"article","og_title":"Finde einen Yuba H\u00e4ndler in deiner N\u00e4he und teste dein Wunsch-Yuba vor Ort!","og_description":"Mach eine Probefahrt mit einem Yuba Lastenrad bei einem offiziellen H\u00e4ndler in deiner N\u00e4he. Hol dir professionelle Beratung und Unterst\u00fctzung, um das f\u00fcr dich perfekte Lastenrad auszuw\u00e4hlen. Hier findest du auch deinen Partner, der dir bei Wartung und Pflege deines Yubas hilft.","og_url":"https:\/\/yubabikes.eu\/de\/try-in-shop\/","og_site_name":"Yubabikes","article_modified_time":"2026-01-20T15:01:35+00:00","og_image":[{"width":1200,"height":675,"url":"https:\/\/yubabikes.eu\/wp-content\/uploads\/2025\/01\/social-graph-1200-x-675px-1.png","type":"image\/png"}],"twitter_card":"summary_large_image","twitter_misc":{"Gesch\u00e4tzte Lesezeit":"1\u00a0Minute"},"schema":{"@context":"https:\/\/schema.org","@graph":[{"@type":"WebPage","@id":"https:\/\/yubabikes.eu\/de\/try-in-shop\/","url":"https:\/\/yubabikes.eu\/de\/try-in-shop\/","name":"Finde einen Yuba H\u00e4ndler in deiner N\u00e4he und teste dein Wunsch-Yuba vor Ort!","isPartOf":{"@id":"https:\/\/yubabikes.eu\/de\/#website"},"datePublished":"2024-11-25T11:29:26+00:00","dateModified":"2026-01-20T15:01:35+00:00","description":"Mach eine Probefahrt mit einem Yuba Lastenrad bei einem offiziellen H\u00e4ndler in deiner N\u00e4he. Hol dir professionelle Beratung und Unterst\u00fctzung, um das f\u00fcr dich perfekte Lastenrad auszuw\u00e4hlen. Hier findest du auch deinen Partner, der dir bei Wartung und Pflege deines Yubas hilft.","breadcrumb":{"@id":"https:\/\/yubabikes.eu\/de\/try-in-shop\/#breadcrumb"},"inLanguage":"de","potentialAction":[{"@type":"ReadAction","target":["https:\/\/yubabikes.eu\/de\/try-in-shop\/"]}]},{"@type":"BreadcrumbList","@id":"https:\/\/yubabikes.eu\/de\/try-in-shop\/#breadcrumb","itemListElement":[{"@type":"ListItem","position":1,"name":"Home","item":"https:\/\/yubabikes.eu\/de\/"},{"@type":"ListItem","position":2,"name":"Vor Ort testen"}]},{"@type":"WebSite","@id":"https:\/\/yubabikes.eu\/de\/#website","url":"https:\/\/yubabikes.eu\/de\/","name":"Yuba Cargo Bikes","description":"Yuba - Lastenr\u00e4der f\u00fcr Familien und Unternehmen","alternateName":"Yuba Bikes","potentialAction":[{"@type":"SearchAction","target":{"@type":"EntryPoint","urlTemplate":"https:\/\/yubabikes.eu\/de\/?s={search_term_string}"},"query-input":{"@type":"PropertyValueSpecification","valueRequired":true,"valueName":"search_term_string"}}],"inLanguage":"de"}]}},"_links":{"self":[{"href":"https:\/\/yubabikes.eu\/de\/wp-json\/wp\/v2\/pages\/7630","targetHints":{"allow":["GET"]}}],"collection":[{"href":"https:\/\/yubabikes.eu\/de\/wp-json\/wp\/v2\/pages"}],"about":[{"href":"https:\/\/yubabikes.eu\/de\/wp-json\/wp\/v2\/types\/page"}],"author":[{"embeddable":true,"href":"https:\/\/yubabikes.eu\/de\/wp-json\/wp\/v2\/users\/3"}],"replies":[{"embeddable":true,"href":"https:\/\/yubabikes.eu\/de\/wp-json\/wp\/v2\/comments?post=7630"}],"version-history":[{"count":8,"href":"https:\/\/yubabikes.eu\/de\/wp-json\/wp\/v2\/pages\/7630\/revisions"}],"predecessor-version":[{"id":124002,"href":"https:\/\/yubabikes.eu\/de\/wp-json\/wp\/v2\/pages\/7630\/revisions\/124002"}],"wp:attachment":[{"href":"https:\/\/yubabikes.eu\/de\/wp-json\/wp\/v2\/media?parent=7630"}],"curies":[{"name":"wp","href":"https:\/\/api.w.org\/{rel}","templated":true}]}}